{"id":74561,"date":"2023-08-08T19:19:27","date_gmt":"2023-08-08T18:19:27","guid":{"rendered":"https:\/\/lodzdesign.com\/uber-uns\/zglos-sie\/"},"modified":"2025-01-28T10:43:27","modified_gmt":"2025-01-28T09:43:27","slug":"bewerbung","status":"publish","type":"page","link":"https:\/\/lodzdesign.com\/de\/uber-uns\/bewerbung\/","title":{"rendered":"Bewerbung"},"content":{"rendered":"\n\n<div class=\"breadcrumbs container\" role=\"navigation\">\n\n                <p>\n                <span>\n                    <span>\n                                                    <a href=\"https:\/\/lodzdesign.com\/de\" target=\"\">\u0141DF<\/a>\n                            \/\n                                                    <a href=\"https:\/\/lodzdesign.com\/de\/uber-uns\" target=\"\">\u00dcber uns<\/a>\n                            \/\n                        \n                        <strong class=\"breadcrumb_last\" aria-current=\"page\"><\/strong>\n                    <\/span>\n                <\/span>\n            <\/p>\n    <\/div>\n\n\n\n<div class=\"left-content-background-image-block container\">\n\n    <div class=\"left-content-background-image-block__inner-part\">\n\n        <div class=\"left-content-background-image-block__left-part\">\n            <h1>\n                Bewerbung<br> f\u00fcr das \u0141\u00f3d\u017a Design Festival 2025<br>20-25.05.2025\n            <\/h1>\n            <span>\n                <h2>Entwerfen Sie, organisieren Sie Ausstellungen oder st\u00e4dtische Aktivit\u00e4ten? Wenn Sie in der Kreativbranche t\u00e4tig sind und sich auf dem \u0141\u00f3d\u017a Design Festival pr\u00e4sentieren m\u00f6chten, dann ist das gro\u00dfartig!<\/h2>\n<p>&nbsp;<\/p>\n<h2>Im Folgenden stellen wir Ihnen die M\u00f6glichkeiten vor, sich an der kommenden Ausgabe der Veranstaltung zu beteiligen.<\/h2>\n\n            <\/span>\n\n                    <\/div>\n\n        <div class=\"left-content-background-image-block__right-part\">\n            <img decoding=\"async\" src=\"https:\/\/lodzdesign.com\/app\/uploads\/2022\/12\/maziaj.png\">\n        <\/div>\n\n    <\/div>\n\n<\/div>\n\n\n\n<div class=\"ldf-registration-boxes container\">\n\n    <div class=\"ldf-heading\">\n        <div class=\"ldf-heading-left\">\n            <span class=\"ldf-yellow-part\"><\/span>\n            <h3>\u0141\u00f3d\u017a Design Festival &#8211; Anmeldung f\u00fcr Wettbewerbe und Ausstellungen<\/h3>\n        <\/div>\n    <\/div>\n\n    <div class=\"ldf-registration-boxes-wrapper\">\n\n                    <div class=\"single-registration-box\">\n                <div class=\"image-part\">\n                    <img decoding=\"async\" src=\"https:\/\/lodzdesign.com\/app\/uploads\/2023\/01\/LDF-logo-make-me-czarne-bez-tla.png\" alt=\"\">\n                <\/div>\n                <div class=\"content-part\">\n                    <div class=\"content-part-title\">\n                        <p>make me! &#8211; Wettbewerb f\u00fcr junge K\u00fcnstler<\/p>\n                    <\/div>\n                    <div class=\"content-part-text\">\n                        <p>Der internationale Designwettbewerb make me! ist eine der innovativsten Designveranstaltungen in Europa und ein wichtiger Bestandteil des \u0141\u00f3d\u017a Design Festivals. Das wichtigste Ziel von make me! ist die Vorhersage kommender Trends und die Unterst\u00fctzung junger Designer (20-35 Jahre), die bereit sind, in die Branche einzusteigen.<br><br>Die Finalisten fr\u00fcherer Ausgaben betonen die M\u00f6glichkeiten, die sich ihnen durch ihre Teilnahme am Wettbewerb er\u00f6ffnet haben: Bekanntheit in der Design-Community, F\u00f6rderung durch zahlreiche Ver\u00f6ffentlichungen oder anschlie\u00dfende Ausstellungen.<br><br>Die eingereichten Arbeiten werden in zwei Phasen von einer speziell ausgew\u00e4hlten Jury mit unterschiedlichen Interessen bewertet. Dank der Pr\u00e4sentation der Projekte auf der \u00f6ffentlich zug\u00e4nglichen Ausstellung und der Kontakte mit Experten kann make me! ein Sprungbrett f\u00fcr die weitere berufliche Entwicklung sein.<\/p>\n                    <\/div>\n                    <div class=\"content-part-buttons\">\n                                                    <a href=\"https:\/\/lodzdesign.com\/de\/makeme\/\" target=\"\" class=\"ldf-button\">Mehr<span class=\"ldf-chevron ldf-chevron-right\"><\/span><\/a>\n                        \n                                                    <a href=\"https:\/\/lodzdesign.com\/de\/makeme\/bewerbung\/\" target=\"\" class=\"ldf-button ldf-button-yellow\">Bewerbung<span class=\"ldf-chevron ldf-chevron-right\"><\/span><\/a>\n                                            <\/div>\n                <\/div>\n            <\/div>\n                    <div class=\"single-registration-box\">\n                <div class=\"image-part\">\n                    <img decoding=\"async\" src=\"https:\/\/lodzdesign.com\/app\/uploads\/2023\/01\/LDF-logo-must-have-czarne-bez-tla.png\" alt=\"\">\n                <\/div>\n                <div class=\"content-part\">\n                    <div class=\"content-part-title\">\n                        <p>must have &#8211; Plebiszit f\u00fcr Designer und Hersteller<\/p>\n                    <\/div>\n                    <div class=\"content-part-text\">\n                        <p>must have ist ein Plebiszit, das seit 2011 vom \u0141\u00f3d\u017a Design Festival organisiert wird und die besten Umsetzungen von polnischen Designern und Herstellern auszeichnet. Es handelt sich um ein kostenloses Qualit\u00e4tssiegel, das Unternehmen im In- und Ausland nutzen k\u00f6nnen.<br><br>Es wurde geschaffen, um gutes polnisches Design bekannt zu machen und so die heimische Wirtschaft und Designer zu f\u00f6rdern. must have ist eine einzigartige Verbraucherempfehlung und das medienwirksamste Ereignis im polnischen Design. Sein Ziel ist es, den kreativen Sektor durch eine breite F\u00f6rderung von Produkten zu unterst\u00fctzen, die aus der Zusammenarbeit zwischen einem Hersteller und einem Designer hervorgegangen sind.<br><br>Bewerbungen f\u00fcr das Plebiszit werden kostenlos \u00fcber das auf der Plebiszit-Website verf\u00fcgbare Formular entgegengenommen. Ihre eigenen Nominierungen, die auf einer Marktanalyse beruhen, werden auch vom Sachverst\u00e4ndigenrat vorgenommen, dessen Hauptaufgabe die abschlie\u00dfende Bewertung aller Beitr\u00e4ge ist.<\/p>\n                    <\/div>\n                    <div class=\"content-part-buttons\">\n                                                    <a href=\"https:\/\/lodzdesign.com\/de\/musthave\/\" target=\"\" class=\"ldf-button\">Mehr<span class=\"ldf-chevron ldf-chevron-right\"><\/span><\/a>\n                        \n                                                    <a href=\"https:\/\/lodzdesign.com\/de\/musthave\/bewerbung\/\" target=\"\" class=\"ldf-button ldf-button-yellow\">Bewerbung<span class=\"ldf-chevron ldf-chevron-right\"><\/span><\/a>\n                                            <\/div>\n                <\/div>\n            <\/div>\n                    <div class=\"single-registration-box\">\n                <div class=\"image-part\">\n                    <img decoding=\"async\" src=\"https:\/\/lodzdesign.com\/app\/uploads\/2023\/01\/LDF-logo-open-programme-czarne-bez-tla.png\" alt=\"\">\n                <\/div>\n                <div class=\"content-part\">\n                    <div class=\"content-part-title\">\n                        <p>open programme &#8211; offener Aufruf f\u00fcr das \u0141DF-Programm<\/p>\n                    <\/div>\n                    <div class=\"content-part-text\">\n                        <p>open programme richtet sich in erster Linie an Vertreter von Institutionen, Kuratoren, K\u00fcnstler, Designer usw. &#8211; an alle, die dem Festivalpublikum die Ergebnisse ihrer kreativen Arbeit zeigen wollen. Es ist ein Raum f\u00fcr interessante, originelle Aktivit\u00e4ten, die das Festivalprogramm bereichern werden.<br><br>Eingereicht werden k\u00f6nnen Aktivit\u00e4ten wie eine Ausstellung, eine k\u00fcnstlerische Installation, ein Workshop, ein Vortrag oder st\u00e4dtische Aktivit\u00e4ten (z. B. thematische Spazierg\u00e4nge, Spiele usw.). <\/p>\n                    <\/div>\n                    <div class=\"content-part-buttons\">\n                                                    <a href=\"https:\/\/lodzdesign.com\/de\/open-programme\/\" target=\"\" class=\"ldf-button\">Mehr<span class=\"ldf-chevron ldf-chevron-right\"><\/span><\/a>\n                        \n                                                    <a href=\"https:\/\/lodzdesign.com\/de\/open-programme\/bewerbung\/\" target=\"\" class=\"ldf-button ldf-button-yellow\">Bewerbung<span class=\"ldf-chevron ldf-chevron-right\"><\/span><\/a>\n                                            <\/div>\n                <\/div>\n            <\/div>\n        \n    <\/div>\n\n<\/div>\n\n\n\n<div class=\"ldf-button-block container\">\n            <a href=\"https:\/\/lodzdesign.com\/de\/uber-uns\/\" target=\"_blank\">\n            Sehen Sie, wie wir das Festivalprogramm aufbauen\n                            <span class=\"ldf-chevron ldf-chevron-right\"><\/span>\n                    <\/a>\n            <a href=\"https:\/\/www.flickr.com\/photos\/lodzdesignfestival\/albums\" target=\"_blank\">\n            Lassen Sie sich von unseren Fotostorys inspirieren\n                            <span class=\"ldf-chevron ldf-chevron-right\"><\/span>\n                    <\/a>\n    <\/div>","protected":false},"excerpt":{"rendered":"","protected":false},"author":3,"featured_media":66118,"parent":74508,"menu_order":0,"comment_status":"closed","ping_status":"closed","template":"","meta":{"inline_featured_image":false,"footnotes":""},"class_list":["post-74561","page","type-page","status-publish","has-post-thumbnail","hentry"],"acf":[],"yoast_head":"<!-- This site is optimized with the Yoast SEO plugin v25.0 - https:\/\/yoast.com\/wordpress\/plugins\/seo\/ -->\n<title>Bewerbung - \u0141\u00f3d\u017a Design Festival<\/title>\n<meta name=\"description\" content=\"Entwerfen Sie, organisieren Sie Ausstellungen oder leiten Sie vielleicht Workshops? Wir bringen Ihnen die M\u00f6glichkeiten n\u00e4her, sich zu engagieren und an der n\u00e4chsten Ausgabe der Veranstaltung teilzunehmen.\" \/>\n<meta name=\"robots\" content=\"index, follow, max-snippet:-1, max-image-preview:large, max-video-preview:-1\" \/>\n<link rel=\"canonical\" href=\"https:\/\/lodzdesign.com\/de\/uber-uns\/bewerbung\/\" \/>\n<meta property=\"og:locale\" content=\"de_DE\" \/>\n<meta property=\"og:type\" content=\"article\" \/>\n<meta property=\"og:title\" content=\"Bewerbung - \u0141\u00f3d\u017a Design Festival\" \/>\n<meta property=\"og:url\" content=\"https:\/\/lodzdesign.com\/de\/uber-uns\/bewerbung\/\" \/>\n<meta property=\"og:site_name\" content=\"\u0141\u00f3d\u017a Design Festival\" \/>\n<meta property=\"article:publisher\" content=\"https:\/\/www.facebook.com\/Lodz.Design\" \/>\n<meta property=\"article:modified_time\" content=\"2025-01-28T09:43:27+00:00\" \/>\n<meta property=\"og:image\" content=\"https:\/\/lodzdesign.com\/app\/uploads\/2023\/11\/LDF2023-wystawa-More-Less-zdjecie-z-filtrem_small-scaled.webp\" \/>\n\t<meta property=\"og:image:width\" content=\"2560\" \/>\n\t<meta property=\"og:image:height\" content=\"1707\" \/>\n\t<meta property=\"og:image:type\" content=\"image\/webp\" \/>\n<meta name=\"twitter:card\" content=\"summary_large_image\" \/>\n<meta name=\"twitter:image\" content=\"https:\/\/lodzdesign.com\/app\/uploads\/2023\/11\/LDF2023-wystawa-More-Less-zdjecie-z-filtrem_small-scaled.webp\" \/>\n<meta name=\"twitter:label1\" content=\"Est. reading time\" \/>\n\t<meta name=\"twitter:data1\" content=\"1 minute\" \/>\n<script type=\"application\/ld+json\" class=\"yoast-schema-graph\">{\"@context\":\"https:\/\/schema.org\",\"@graph\":[{\"@type\":\"WebPage\",\"@id\":\"https:\/\/lodzdesign.com\/de\/uber-uns\/bewerbung\/\",\"url\":\"https:\/\/lodzdesign.com\/de\/uber-uns\/bewerbung\/\",\"name\":\"Bewerbung - \u0141\u00f3d\u017a Design Festival\",\"isPartOf\":{\"@id\":\"https:\/\/lodzdesign.com\/#website\"},\"primaryImageOfPage\":{\"@id\":\"https:\/\/lodzdesign.com\/de\/uber-uns\/bewerbung\/#primaryimage\"},\"image\":{\"@id\":\"https:\/\/lodzdesign.com\/de\/uber-uns\/bewerbung\/#primaryimage\"},\"thumbnailUrl\":\"https:\/\/lodzdesign.com\/app\/uploads\/2023\/11\/LDF2023-wystawa-More-Less-zdjecie-z-filtrem_small-scaled.webp\",\"datePublished\":\"2023-08-08T18:19:27+00:00\",\"dateModified\":\"2025-01-28T09:43:27+00:00\",\"description\":\"Entwerfen Sie, organisieren Sie Ausstellungen oder leiten Sie vielleicht Workshops? Wir bringen Ihnen die M\u00f6glichkeiten n\u00e4her, sich zu engagieren und an der n\u00e4chsten Ausgabe der Veranstaltung teilzunehmen.\",\"breadcrumb\":{\"@id\":\"https:\/\/lodzdesign.com\/de\/uber-uns\/bewerbung\/#breadcrumb\"},\"inLanguage\":\"de-DE\",\"potentialAction\":[{\"@type\":\"ReadAction\",\"target\":[\"https:\/\/lodzdesign.com\/de\/uber-uns\/bewerbung\/\"]}]},{\"@type\":\"ImageObject\",\"inLanguage\":\"de-DE\",\"@id\":\"https:\/\/lodzdesign.com\/de\/uber-uns\/bewerbung\/#primaryimage\",\"url\":\"https:\/\/lodzdesign.com\/app\/uploads\/2023\/11\/LDF2023-wystawa-More-Less-zdjecie-z-filtrem_small-scaled.webp\",\"contentUrl\":\"https:\/\/lodzdesign.com\/app\/uploads\/2023\/11\/LDF2023-wystawa-More-Less-zdjecie-z-filtrem_small-scaled.webp\",\"width\":2560,\"height\":1707},{\"@type\":\"BreadcrumbList\",\"@id\":\"https:\/\/lodzdesign.com\/de\/uber-uns\/bewerbung\/#breadcrumb\",\"itemListElement\":[{\"@type\":\"ListItem\",\"position\":1,\"name\":\"\u0141DF\",\"item\":\"https:\/\/lodzdesign.com\/de\/\"},{\"@type\":\"ListItem\",\"position\":2,\"name\":\"\u00dcber uns\",\"item\":\"https:\/\/lodzdesign.com\/de\/uber-uns\/\"},{\"@type\":\"ListItem\",\"position\":3,\"name\":\"Bewerbung\"}]},{\"@type\":\"WebSite\",\"@id\":\"https:\/\/lodzdesign.com\/#website\",\"url\":\"https:\/\/lodzdesign.com\/\",\"name\":\"\u0141\u00f3d\u017a Design Festival\",\"description\":\"Z nami odnajdziesz najlepsze wzorce! Wejd\u017a na stron\u0119 i poznaj nasze podcasty, wirtualne wystawy, przewodniki, przyk\u0142ady najlepszego polskiego designu i wiele innych\",\"publisher\":{\"@id\":\"https:\/\/lodzdesign.com\/#organization\"},\"alternateName\":\"\u0141DF\",\"potentialAction\":[{\"@type\":\"SearchAction\",\"target\":{\"@type\":\"EntryPoint\",\"urlTemplate\":\"https:\/\/lodzdesign.com\/?s={search_term_string}\"},\"query-input\":{\"@type\":\"PropertyValueSpecification\",\"valueRequired\":true,\"valueName\":\"search_term_string\"}}],\"inLanguage\":\"de-DE\"},{\"@type\":\"Organization\",\"@id\":\"https:\/\/lodzdesign.com\/#organization\",\"name\":\"\u0141\u00f3d\u017a Design Festival\",\"url\":\"https:\/\/lodzdesign.com\/\",\"logo\":{\"@type\":\"ImageObject\",\"inLanguage\":\"de-DE\",\"@id\":\"https:\/\/lodzdesign.com\/#\/schema\/logo\/image\/\",\"url\":\"https:\/\/lodzdesign.com\/app\/uploads\/2023\/01\/ldf-logo-2-300x76-1.webp\",\"contentUrl\":\"https:\/\/lodzdesign.com\/app\/uploads\/2023\/01\/ldf-logo-2-300x76-1.webp\",\"width\":300,\"height\":76,\"caption\":\"\u0141\u00f3d\u017a Design Festival\"},\"image\":{\"@id\":\"https:\/\/lodzdesign.com\/#\/schema\/logo\/image\/\"},\"sameAs\":[\"https:\/\/www.facebook.com\/Lodz.Design\",\"https:\/\/instagram.com\/lodzdesign\/\",\"https:\/\/www.linkedin.com\/company\/lodz-design-festival\"]}]}<\/script>\n<!-- \/ Yoast SEO plugin. -->","yoast_head_json":{"title":"Bewerbung - \u0141\u00f3d\u017a Design Festival","description":"Entwerfen Sie, organisieren Sie Ausstellungen oder leiten Sie vielleicht Workshops? Wir bringen Ihnen die M\u00f6glichkeiten n\u00e4her, sich zu engagieren und an der n\u00e4chsten Ausgabe der Veranstaltung teilzunehmen.","robots":{"index":"index","follow":"follow","max-snippet":"max-snippet:-1","max-image-preview":"max-image-preview:large","max-video-preview":"max-video-preview:-1"},"canonical":"https:\/\/lodzdesign.com\/de\/uber-uns\/bewerbung\/","og_locale":"de_DE","og_type":"article","og_title":"Bewerbung - \u0141\u00f3d\u017a Design Festival","og_url":"https:\/\/lodzdesign.com\/de\/uber-uns\/bewerbung\/","og_site_name":"\u0141\u00f3d\u017a Design Festival","article_publisher":"https:\/\/www.facebook.com\/Lodz.Design","article_modified_time":"2025-01-28T09:43:27+00:00","og_image":[{"width":2560,"height":1707,"url":"https:\/\/lodzdesign.com\/app\/uploads\/2023\/11\/LDF2023-wystawa-More-Less-zdjecie-z-filtrem_small-scaled.webp","type":"image\/webp"}],"twitter_card":"summary_large_image","twitter_image":"https:\/\/lodzdesign.com\/app\/uploads\/2023\/11\/LDF2023-wystawa-More-Less-zdjecie-z-filtrem_small-scaled.webp","twitter_misc":{"Est. reading time":"1 minute"},"schema":{"@context":"https:\/\/schema.org","@graph":[{"@type":"WebPage","@id":"https:\/\/lodzdesign.com\/de\/uber-uns\/bewerbung\/","url":"https:\/\/lodzdesign.com\/de\/uber-uns\/bewerbung\/","name":"Bewerbung - \u0141\u00f3d\u017a Design Festival","isPartOf":{"@id":"https:\/\/lodzdesign.com\/#website"},"primaryImageOfPage":{"@id":"https:\/\/lodzdesign.com\/de\/uber-uns\/bewerbung\/#primaryimage"},"image":{"@id":"https:\/\/lodzdesign.com\/de\/uber-uns\/bewerbung\/#primaryimage"},"thumbnailUrl":"https:\/\/lodzdesign.com\/app\/uploads\/2023\/11\/LDF2023-wystawa-More-Less-zdjecie-z-filtrem_small-scaled.webp","datePublished":"2023-08-08T18:19:27+00:00","dateModified":"2025-01-28T09:43:27+00:00","description":"Entwerfen Sie, organisieren Sie Ausstellungen oder leiten Sie vielleicht Workshops? Wir bringen Ihnen die M\u00f6glichkeiten n\u00e4her, sich zu engagieren und an der n\u00e4chsten Ausgabe der Veranstaltung teilzunehmen.","breadcrumb":{"@id":"https:\/\/lodzdesign.com\/de\/uber-uns\/bewerbung\/#breadcrumb"},"inLanguage":"de-DE","potentialAction":[{"@type":"ReadAction","target":["https:\/\/lodzdesign.com\/de\/uber-uns\/bewerbung\/"]}]},{"@type":"ImageObject","inLanguage":"de-DE","@id":"https:\/\/lodzdesign.com\/de\/uber-uns\/bewerbung\/#primaryimage","url":"https:\/\/lodzdesign.com\/app\/uploads\/2023\/11\/LDF2023-wystawa-More-Less-zdjecie-z-filtrem_small-scaled.webp","contentUrl":"https:\/\/lodzdesign.com\/app\/uploads\/2023\/11\/LDF2023-wystawa-More-Less-zdjecie-z-filtrem_small-scaled.webp","width":2560,"height":1707},{"@type":"BreadcrumbList","@id":"https:\/\/lodzdesign.com\/de\/uber-uns\/bewerbung\/#breadcrumb","itemListElement":[{"@type":"ListItem","position":1,"name":"\u0141DF","item":"https:\/\/lodzdesign.com\/de\/"},{"@type":"ListItem","position":2,"name":"\u00dcber uns","item":"https:\/\/lodzdesign.com\/de\/uber-uns\/"},{"@type":"ListItem","position":3,"name":"Bewerbung"}]},{"@type":"WebSite","@id":"https:\/\/lodzdesign.com\/#website","url":"https:\/\/lodzdesign.com\/","name":"\u0141\u00f3d\u017a Design Festival","description":"Z nami odnajdziesz najlepsze wzorce! Wejd\u017a na stron\u0119 i poznaj nasze podcasty, wirtualne wystawy, przewodniki, przyk\u0142ady najlepszego polskiego designu i wiele innych","publisher":{"@id":"https:\/\/lodzdesign.com\/#organization"},"alternateName":"\u0141DF","potentialAction":[{"@type":"SearchAction","target":{"@type":"EntryPoint","urlTemplate":"https:\/\/lodzdesign.com\/?s={search_term_string}"},"query-input":{"@type":"PropertyValueSpecification","valueRequired":true,"valueName":"search_term_string"}}],"inLanguage":"de-DE"},{"@type":"Organization","@id":"https:\/\/lodzdesign.com\/#organization","name":"\u0141\u00f3d\u017a Design Festival","url":"https:\/\/lodzdesign.com\/","logo":{"@type":"ImageObject","inLanguage":"de-DE","@id":"https:\/\/lodzdesign.com\/#\/schema\/logo\/image\/","url":"https:\/\/lodzdesign.com\/app\/uploads\/2023\/01\/ldf-logo-2-300x76-1.webp","contentUrl":"https:\/\/lodzdesign.com\/app\/uploads\/2023\/01\/ldf-logo-2-300x76-1.webp","width":300,"height":76,"caption":"\u0141\u00f3d\u017a Design Festival"},"image":{"@id":"https:\/\/lodzdesign.com\/#\/schema\/logo\/image\/"},"sameAs":["https:\/\/www.facebook.com\/Lodz.Design","https:\/\/instagram.com\/lodzdesign\/","https:\/\/www.linkedin.com\/company\/lodz-design-festival"]}]}},"_links":{"self":[{"href":"https:\/\/lodzdesign.com\/de\/wp-json\/wp\/v2\/pages\/74561","targetHints":{"allow":["GET"]}}],"collection":[{"href":"https:\/\/lodzdesign.com\/de\/wp-json\/wp\/v2\/pages"}],"about":[{"href":"https:\/\/lodzdesign.com\/de\/wp-json\/wp\/v2\/types\/page"}],"author":[{"embeddable":true,"href":"https:\/\/lodzdesign.com\/de\/wp-json\/wp\/v2\/users\/3"}],"replies":[{"embeddable":true,"href":"https:\/\/lodzdesign.com\/de\/wp-json\/wp\/v2\/comments?post=74561"}],"version-history":[{"count":16,"href":"https:\/\/lodzdesign.com\/de\/wp-json\/wp\/v2\/pages\/74561\/revisions"}],"predecessor-version":[{"id":75919,"href":"https:\/\/lodzdesign.com\/de\/wp-json\/wp\/v2\/pages\/74561\/revisions\/75919"}],"up":[{"embeddable":true,"href":"https:\/\/lodzdesign.com\/de\/wp-json\/wp\/v2\/pages\/74508"}],"wp:featuredmedia":[{"embeddable":true,"href":"https:\/\/lodzdesign.com\/de\/wp-json\/wp\/v2\/media\/66118"}],"wp:attachment":[{"href":"https:\/\/lodzdesign.com\/de\/wp-json\/wp\/v2\/media?parent=74561"}],"curies":[{"name":"wp","href":"https:\/\/api.w.org\/{rel}","templated":true}]}}