{"id":76721,"date":"2022-11-26T09:51:43","date_gmt":"2022-11-26T08:51:43","guid":{"rendered":"https:\/\/lodzdesign.com\/harmonogram\/"},"modified":"2025-02-25T16:47:40","modified_gmt":"2025-02-25T15:47:40","slug":"zeitplan","status":"publish","type":"page","link":"https:\/\/lodzdesign.com\/de\/zeitplan\/","title":{"rendered":"Zeitplan"},"content":{"rendered":"\n\n<div class=\"breadcrumbs container\" role=\"navigation\">\n\n            <p><span><span><a href=\"https:\/\/lodzdesign.com\/de\/\">\u0141DF<\/a><\/span><\/span><\/p>\n    <\/div>\n\n\n\n<div class=\"ldf-heading-block container\">\n\n    <div class=\"ldf-heading-block__inner-part\">\n\n        <div class=\"ldf-heading-block__left-part\">\n            <h1>\n                Zeitplan die \u0141\u00f3d\u017a Design Festival 2025 | 20-25.05.2025\n            <\/h1>\n\n                    <\/div>\n\n    <\/div>\n\n<\/div>\n\n\n\n<div class=\"ldf-filters container \" style=\"display: block;\">\n    \t\t\n\t<div class=\"shedule-filters\">\n\t\t<div class=\"dateControl\">\n\t\t\t\n\t\t\t\n\t\t\t<button onclick=\"prevMonth()\" class=\"prevNextMonth\">\t\n\t\t\t\t<svg xmlns=\"http:\/\/www.w3.org\/2000\/svg\" height=\"24\" viewBox=\"0 -960 960 960\" width=\"24\"><path d=\"M560-280 360-480l200-200v400Z\"\/><\/svg>\n\t\t\t<\/button>\n\t\t\t\t\t\t\n\t\t\t\n\t\t\t<button class=\"chefron-down\">\n\t\t\t\t\t\t\t\t<span class=\"post-filters__calendar\">\n\t\t\t\t\t<svg xmlns=\"http:\/\/www.w3.org\/2000\/svg\" height=\"24\" viewBox=\"0 -960 960 960\" width=\"24\"><path d=\"M200-80q-33 0-56.5-23.5T120-160v-560q0-33 23.5-56.5T200-800h40v-80h80v80h320v-80h80v80h40q33 0 56.5 23.5T840-720v560q0 33-23.5 56.5T760-80H200Zm0-80h560v-400H200v400Zm0-480h560v-80H200v80Zm0 0v-80 80Zm280 240q-17 0-28.5-11.5T440-440q0-17 11.5-28.5T480-480q17 0 28.5 11.5T520-440q0 17-11.5 28.5T480-400Zm-160 0q-17 0-28.5-11.5T280-440q0-17 11.5-28.5T320-480q17 0 28.5 11.5T360-440q0 17-11.5 28.5T320-400Zm320 0q-17 0-28.5-11.5T600-440q0-17 11.5-28.5T640-480q17 0 28.5 11.5T680-440q0 17-11.5 28.5T640-400ZM480-240q-17 0-28.5-11.5T440-280q0-17 11.5-28.5T480-320q17 0 28.5 11.5T520-280q0 17-11.5 28.5T480-240Zm-160 0q-17 0-28.5-11.5T280-280q0-17 11.5-28.5T320-320q17 0 28.5 11.5T360-280q0 17-11.5 28.5T320-240Zm320 0q-17 0-28.5-11.5T600-280q0-17 11.5-28.5T640-320q17 0 28.5 11.5T680-280q0 17-11.5 28.5T640-240Z\"\/><\/svg>\n\t\t\t\t<\/span>\n\t\t\t\n\t\t\t\t<svg xmlns=\"http:\/\/www.w3.org\/2000\/svg\" height=\"24\" viewBox=\"0 -960 960 960\" width=\"24\"><path d=\"M480-344 240-584l56-56 184 184 184-184 56 56-240 240Z\"\/><\/svg>\n\t\t\t<\/button>\n\t\t\t<span class=\"aktuDate\"><\/span>\n\t\t\t<button onclick=\"nextMonth()\" class=\"prevNextMonth\">\n\t\t\t\t<svg xmlns=\"http:\/\/www.w3.org\/2000\/svg\" height=\"24\" viewBox=\"0 -960 960 960\" width=\"24\"><path d=\"M400-280v-400l200 200-200 200Z\"\/><\/svg>\n\t\t\t<\/button>\n\t\t<\/div>\n\t\n\t\t<table id=\"calendar\">\n\t\t\t<thead>\n\t\t\t  <tr>\n\t\t\t\t\n\t\t\t\t<td >\n\t\t\t\t\t\t\t\t\tMon\n\t\t\t\t\t\t\t\t<\/td>\n\t\t\t\t<td>\n\t\t\t\t\t\t\t\t\tTue\n\t\t\t\t\t\t\t\t \n\t\t\t\t\n\t\t\t\t<\/td>\n\t\t\t\t<td>\n\t\t\t\t\n\t\t\t\t\t\t\t\t\tWed\n\t\t\t\t\t\t\t\t \n\t\t\t\t\n\t\t\t\t<\/td>\n\t\t\t\t<td>\n\t\t\t\t\n\t\t\t\t\t\t\t\t\tThu\n\t\t\t\t\t\t\t\t\n\t\t\t\t\n\t\t\t\t\n\t\t\t\t\n\t\t\t\t\n\t\t\t\t<\/td>\n\t\t\t\t<td>\t\t\t\t\tFr\n\t\t\t\t<\/td>\n\t\t\t\t<td>\t\t\t\t\tSat\n\t\t\t\t<\/td>\n\t\t\t\t<td>\n\t\t\t\t\t\t\t\t\tSun\n\t\t\t\t\t\t\t\t<\/td>\n\t\t\t\t\n\t\t\t  <\/tr>\n\t\t\t<\/thead>\n\t\t\t<tbody id=\"calendar-body\"><\/tbody>\n\t\t<\/table>\n\t\t<\/div>\n        \n    \n\n    <div class=\"active-filters\" data-page=\"1\" data-type=\"schedule\"><\/div>\n<\/div>\n\n\n\n\n\n<div class=\"ldf-posts container\nldf-posts-events\">\n\n    <style>\n        .ldf-posts-number {\n            font-size: 16px;\n            letter-spacing: 1.11px;\n            color: var(--dark);\n            display: inline-block;\n            margin-bottom: 20px;\n        }\n    <\/style>\n\n\n    <!-- https:\/\/add-to-calendar-button.com\/#demo -->\n<script src=\"https:\/\/cdn.jsdelivr.net\/npm\/add-to-calendar-button@2\" async defer><\/script>\n        <div class=\"ldf-posts-events-list\">\n\t\t\n\t\t<div class=\"no-events\">\n\t\t\t\t\t\t\tNo events set for this day\n\t\t\t\t\t<\/div>\n\t\t\t\t\n\t\t\n\t\t\n\t\t\n\t\t\n        <\/div>\n\n    \n\n\n    \n<\/div>\n\n","protected":false},"excerpt":{"rendered":"","protected":false},"author":3,"featured_media":50489,"parent":0,"menu_order":0,"comment_status":"closed","ping_status":"closed","template":"","meta":{"inline_featured_image":false,"footnotes":""},"class_list":["post-76721","page","type-page","status-publish","has-post-thumbnail","hentry"],"acf":[],"yoast_head":"<!-- This site is optimized with the Yoast SEO plugin v25.0 - https:\/\/yoast.com\/wordpress\/plugins\/seo\/ -->\n<title>Zeitplan - \u0141\u00f3d\u017a Design Festival<\/title>\n<meta name=\"robots\" content=\"index, follow, max-snippet:-1, max-image-preview:large, max-video-preview:-1\" \/>\n<link rel=\"canonical\" href=\"https:\/\/lodzdesign.com\/de\/zeitplan\/\" \/>\n<meta property=\"og:locale\" content=\"de_DE\" \/>\n<meta property=\"og:type\" content=\"article\" \/>\n<meta property=\"og:title\" content=\"Zeitplan - \u0141\u00f3d\u017a Design Festival\" \/>\n<meta property=\"og:url\" content=\"https:\/\/lodzdesign.com\/de\/zeitplan\/\" \/>\n<meta property=\"og:site_name\" content=\"\u0141\u00f3d\u017a Design Festival\" \/>\n<meta property=\"article:publisher\" content=\"https:\/\/www.facebook.com\/Lodz.Design\" \/>\n<meta property=\"article:modified_time\" content=\"2025-02-25T15:47:40+00:00\" \/>\n<meta property=\"og:image\" content=\"https:\/\/lodzdesign.com\/app\/uploads\/2023\/02\/LDF-uniwersanel-Glass-Room-fot.-Oswiecony.png\" \/>\n\t<meta property=\"og:image:width\" content=\"2500\" \/>\n\t<meta property=\"og:image:height\" content=\"1308\" \/>\n\t<meta property=\"og:image:type\" content=\"image\/png\" \/>\n<meta name=\"twitter:card\" content=\"summary_large_image\" \/>\n<meta name=\"twitter:image\" content=\"https:\/\/lodzdesign.com\/app\/uploads\/2023\/02\/LDF-uniwersanel-Glass-Room-fot.-Oswiecony.png\" \/>\n<meta name=\"twitter:label1\" content=\"Est. reading time\" \/>\n\t<meta name=\"twitter:data1\" content=\"1 minute\" \/>\n<script type=\"application\/ld+json\" class=\"yoast-schema-graph\">{\"@context\":\"https:\/\/schema.org\",\"@graph\":[{\"@type\":\"WebPage\",\"@id\":\"https:\/\/lodzdesign.com\/de\/zeitplan\/\",\"url\":\"https:\/\/lodzdesign.com\/de\/zeitplan\/\",\"name\":\"Zeitplan - \u0141\u00f3d\u017a Design Festival\",\"isPartOf\":{\"@id\":\"https:\/\/lodzdesign.com\/#website\"},\"primaryImageOfPage\":{\"@id\":\"https:\/\/lodzdesign.com\/de\/zeitplan\/#primaryimage\"},\"image\":{\"@id\":\"https:\/\/lodzdesign.com\/de\/zeitplan\/#primaryimage\"},\"thumbnailUrl\":\"https:\/\/lodzdesign.com\/app\/uploads\/2023\/02\/LDF-uniwersanel-Glass-Room-fot.-Oswiecony.png\",\"datePublished\":\"2022-11-26T08:51:43+00:00\",\"dateModified\":\"2025-02-25T15:47:40+00:00\",\"breadcrumb\":{\"@id\":\"https:\/\/lodzdesign.com\/de\/zeitplan\/#breadcrumb\"},\"inLanguage\":\"de-DE\",\"potentialAction\":[{\"@type\":\"ReadAction\",\"target\":[\"https:\/\/lodzdesign.com\/de\/zeitplan\/\"]}]},{\"@type\":\"ImageObject\",\"inLanguage\":\"de-DE\",\"@id\":\"https:\/\/lodzdesign.com\/de\/zeitplan\/#primaryimage\",\"url\":\"https:\/\/lodzdesign.com\/app\/uploads\/2023\/02\/LDF-uniwersanel-Glass-Room-fot.-Oswiecony.png\",\"contentUrl\":\"https:\/\/lodzdesign.com\/app\/uploads\/2023\/02\/LDF-uniwersanel-Glass-Room-fot.-Oswiecony.png\",\"width\":5760,\"height\":3840},{\"@type\":\"BreadcrumbList\",\"@id\":\"https:\/\/lodzdesign.com\/de\/zeitplan\/#breadcrumb\",\"itemListElement\":[{\"@type\":\"ListItem\",\"position\":1,\"name\":\"\u0141DF\",\"item\":\"https:\/\/lodzdesign.com\/de\/\"},{\"@type\":\"ListItem\",\"position\":2,\"name\":\"Zeitplan\"}]},{\"@type\":\"WebSite\",\"@id\":\"https:\/\/lodzdesign.com\/#website\",\"url\":\"https:\/\/lodzdesign.com\/\",\"name\":\"\u0141\u00f3d\u017a Design Festival\",\"description\":\"Z nami odnajdziesz najlepsze wzorce! Wejd\u017a na stron\u0119 i poznaj nasze podcasty, wirtualne wystawy, przewodniki, przyk\u0142ady najlepszego polskiego designu i wiele innych\",\"publisher\":{\"@id\":\"https:\/\/lodzdesign.com\/#organization\"},\"alternateName\":\"\u0141DF\",\"potentialAction\":[{\"@type\":\"SearchAction\",\"target\":{\"@type\":\"EntryPoint\",\"urlTemplate\":\"https:\/\/lodzdesign.com\/?s={search_term_string}\"},\"query-input\":{\"@type\":\"PropertyValueSpecification\",\"valueRequired\":true,\"valueName\":\"search_term_string\"}}],\"inLanguage\":\"de-DE\"},{\"@type\":\"Organization\",\"@id\":\"https:\/\/lodzdesign.com\/#organization\",\"name\":\"\u0141\u00f3d\u017a Design Festival\",\"url\":\"https:\/\/lodzdesign.com\/\",\"logo\":{\"@type\":\"ImageObject\",\"inLanguage\":\"de-DE\",\"@id\":\"https:\/\/lodzdesign.com\/#\/schema\/logo\/image\/\",\"url\":\"https:\/\/lodzdesign.com\/app\/uploads\/2023\/01\/ldf-logo-2-300x76-1.webp\",\"contentUrl\":\"https:\/\/lodzdesign.com\/app\/uploads\/2023\/01\/ldf-logo-2-300x76-1.webp\",\"width\":300,\"height\":76,\"caption\":\"\u0141\u00f3d\u017a Design Festival\"},\"image\":{\"@id\":\"https:\/\/lodzdesign.com\/#\/schema\/logo\/image\/\"},\"sameAs\":[\"https:\/\/www.facebook.com\/Lodz.Design\",\"https:\/\/instagram.com\/lodzdesign\/\",\"https:\/\/www.linkedin.com\/company\/lodz-design-festival\"]}]}<\/script>\n<!-- \/ Yoast SEO plugin. -->","yoast_head_json":{"title":"Zeitplan - \u0141\u00f3d\u017a Design Festival","robots":{"index":"index","follow":"follow","max-snippet":"max-snippet:-1","max-image-preview":"max-image-preview:large","max-video-preview":"max-video-preview:-1"},"canonical":"https:\/\/lodzdesign.com\/de\/zeitplan\/","og_locale":"de_DE","og_type":"article","og_title":"Zeitplan - \u0141\u00f3d\u017a Design Festival","og_url":"https:\/\/lodzdesign.com\/de\/zeitplan\/","og_site_name":"\u0141\u00f3d\u017a Design Festival","article_publisher":"https:\/\/www.facebook.com\/Lodz.Design","article_modified_time":"2025-02-25T15:47:40+00:00","og_image":[{"width":2500,"height":1308,"url":"https:\/\/lodzdesign.com\/app\/uploads\/2023\/02\/LDF-uniwersanel-Glass-Room-fot.-Oswiecony.png","type":"image\/png"}],"twitter_card":"summary_large_image","twitter_image":"https:\/\/lodzdesign.com\/app\/uploads\/2023\/02\/LDF-uniwersanel-Glass-Room-fot.-Oswiecony.png","twitter_misc":{"Est. reading time":"1 minute"},"schema":{"@context":"https:\/\/schema.org","@graph":[{"@type":"WebPage","@id":"https:\/\/lodzdesign.com\/de\/zeitplan\/","url":"https:\/\/lodzdesign.com\/de\/zeitplan\/","name":"Zeitplan - \u0141\u00f3d\u017a Design Festival","isPartOf":{"@id":"https:\/\/lodzdesign.com\/#website"},"primaryImageOfPage":{"@id":"https:\/\/lodzdesign.com\/de\/zeitplan\/#primaryimage"},"image":{"@id":"https:\/\/lodzdesign.com\/de\/zeitplan\/#primaryimage"},"thumbnailUrl":"https:\/\/lodzdesign.com\/app\/uploads\/2023\/02\/LDF-uniwersanel-Glass-Room-fot.-Oswiecony.png","datePublished":"2022-11-26T08:51:43+00:00","dateModified":"2025-02-25T15:47:40+00:00","breadcrumb":{"@id":"https:\/\/lodzdesign.com\/de\/zeitplan\/#breadcrumb"},"inLanguage":"de-DE","potentialAction":[{"@type":"ReadAction","target":["https:\/\/lodzdesign.com\/de\/zeitplan\/"]}]},{"@type":"ImageObject","inLanguage":"de-DE","@id":"https:\/\/lodzdesign.com\/de\/zeitplan\/#primaryimage","url":"https:\/\/lodzdesign.com\/app\/uploads\/2023\/02\/LDF-uniwersanel-Glass-Room-fot.-Oswiecony.png","contentUrl":"https:\/\/lodzdesign.com\/app\/uploads\/2023\/02\/LDF-uniwersanel-Glass-Room-fot.-Oswiecony.png","width":5760,"height":3840},{"@type":"BreadcrumbList","@id":"https:\/\/lodzdesign.com\/de\/zeitplan\/#breadcrumb","itemListElement":[{"@type":"ListItem","position":1,"name":"\u0141DF","item":"https:\/\/lodzdesign.com\/de\/"},{"@type":"ListItem","position":2,"name":"Zeitplan"}]},{"@type":"WebSite","@id":"https:\/\/lodzdesign.com\/#website","url":"https:\/\/lodzdesign.com\/","name":"\u0141\u00f3d\u017a Design Festival","description":"Z nami odnajdziesz najlepsze wzorce! Wejd\u017a na stron\u0119 i poznaj nasze podcasty, wirtualne wystawy, przewodniki, przyk\u0142ady najlepszego polskiego designu i wiele innych","publisher":{"@id":"https:\/\/lodzdesign.com\/#organization"},"alternateName":"\u0141DF","potentialAction":[{"@type":"SearchAction","target":{"@type":"EntryPoint","urlTemplate":"https:\/\/lodzdesign.com\/?s={search_term_string}"},"query-input":{"@type":"PropertyValueSpecification","valueRequired":true,"valueName":"search_term_string"}}],"inLanguage":"de-DE"},{"@type":"Organization","@id":"https:\/\/lodzdesign.com\/#organization","name":"\u0141\u00f3d\u017a Design Festival","url":"https:\/\/lodzdesign.com\/","logo":{"@type":"ImageObject","inLanguage":"de-DE","@id":"https:\/\/lodzdesign.com\/#\/schema\/logo\/image\/","url":"https:\/\/lodzdesign.com\/app\/uploads\/2023\/01\/ldf-logo-2-300x76-1.webp","contentUrl":"https:\/\/lodzdesign.com\/app\/uploads\/2023\/01\/ldf-logo-2-300x76-1.webp","width":300,"height":76,"caption":"\u0141\u00f3d\u017a Design Festival"},"image":{"@id":"https:\/\/lodzdesign.com\/#\/schema\/logo\/image\/"},"sameAs":["https:\/\/www.facebook.com\/Lodz.Design","https:\/\/instagram.com\/lodzdesign\/","https:\/\/www.linkedin.com\/company\/lodz-design-festival"]}]}},"_links":{"self":[{"href":"https:\/\/lodzdesign.com\/de\/wp-json\/wp\/v2\/pages\/76721","targetHints":{"allow":["GET"]}}],"collection":[{"href":"https:\/\/lodzdesign.com\/de\/wp-json\/wp\/v2\/pages"}],"about":[{"href":"https:\/\/lodzdesign.com\/de\/wp-json\/wp\/v2\/types\/page"}],"author":[{"embeddable":true,"href":"https:\/\/lodzdesign.com\/de\/wp-json\/wp\/v2\/users\/3"}],"replies":[{"embeddable":true,"href":"https:\/\/lodzdesign.com\/de\/wp-json\/wp\/v2\/comments?post=76721"}],"version-history":[{"count":2,"href":"https:\/\/lodzdesign.com\/de\/wp-json\/wp\/v2\/pages\/76721\/revisions"}],"predecessor-version":[{"id":76727,"href":"https:\/\/lodzdesign.com\/de\/wp-json\/wp\/v2\/pages\/76721\/revisions\/76727"}],"wp:featuredmedia":[{"embeddable":true,"href":"https:\/\/lodzdesign.com\/de\/wp-json\/wp\/v2\/media\/50489"}],"wp:attachment":[{"href":"https:\/\/lodzdesign.com\/de\/wp-json\/wp\/v2\/media?parent=76721"}],"curies":[{"name":"wp","href":"https:\/\/api.w.org\/{rel}","templated":true}]}}