{"id":76766,"date":"2023-08-10T20:29:25","date_gmt":"2023-08-10T19:29:25","guid":{"rendered":"https:\/\/lodzdesign.com\/aktualnosci\/"},"modified":"2025-02-26T12:48:42","modified_gmt":"2025-02-26T11:48:42","slug":"aktuelles","status":"publish","type":"page","link":"https:\/\/lodzdesign.com\/de\/aktuelles\/","title":{"rendered":"Aktuelles"},"content":{"rendered":"\n\n<div class=\"ldf-heading-block container\">\n\n    <div class=\"ldf-heading-block__inner-part\">\n\n        <div class=\"ldf-heading-block__left-part\">\n            <h1>\n                Aktuelles\n            <\/h1>\n\n                            <div>\n                    <div class=\"post-filters\">\n                        <span class=\"post-filters__filter\"><\/span>\n                        <span class=\"post-filters__arrow filter-active\"><\/span>\n                        <span class=\"post-filters__indicator\" style=\"display:none;\"><\/span>\n                    <\/div>\n                    <p class=\"filters-desc\">Filters<\/p>\n                <\/div>\n                    <\/div>\n\n    <\/div>\n\n<\/div>\n\n\n\n<div class=\"ldf-filters container ldf-filters-hide\" style=\"display: block;\">\n    \n        <div class=\"ldf-filters__news\">\n            <div class=\"ldf-filters__news__wrapper\">\n            <\/div>\n\n            <div class=\"ldf-filters__news__wrapper\">\n                <div class=\"ldf-filters__news__single\">\n                    <p>Sort by<\/p>\n                    <div class=\"filter-select\">\n                        <p class=\"selected-filter filter-sort\" data-filter=\"DESC\">From the newest to the oldest<\/p>\n                        <span class=\"filter-arrow\"><\/span>\n                        <div class=\"filters\" style=\"display:none;\" data-method=\"sort\">\n                            <p data-filter=\"DESC\">From the newest to the oldest<\/p>\n                            <p data-filter=\"ASC\">From the oldest to the newest<\/p>\n                        <\/div>\n                    <\/div>\n                <\/div>\n            <\/div>\n        <\/div>\n\n    \n\n    <div class=\"active-filters\" data-page=\"1\" data-type=\"news\"><\/div>\n<\/div>\n\n\n\n\n\n<div class=\"ldf-posts container\n\">\n\n    <style>\n        .ldf-posts-number {\n            font-size: 16px;\n            letter-spacing: 1.11px;\n            color: var(--dark);\n            display: inline-block;\n            margin-bottom: 20px;\n        }\n    <\/style>\n\n\n    \n        <div class=\"ldf-posts-list\">\n            <img decoding=\"async\" class=\"ldf-posts-list-loader\" style=\"display: none;\" src=\"\" alt=\"\">\n\n                    <\/div>\n    \n\n\n            <div class=\"load-more\" >\n            <img decoding=\"async\" class=\"load-more-loader\" style=\"display: none;\" src=\"\" alt=\"\">\n            <a href=\"#\" target=\"\" class=\"ldf-button\">Show more <span class=\"ldf-chevron ldf-chevron-right\"><\/span><\/a>\n        <\/div>\n    \n<\/div>\n\n","protected":false},"excerpt":{"rendered":"","protected":false},"author":3,"featured_media":0,"parent":0,"menu_order":0,"comment_status":"closed","ping_status":"closed","template":"","meta":{"inline_featured_image":false,"footnotes":""},"class_list":["post-76766","page","type-page","status-publish","hentry"],"acf":[],"yoast_head":"<!-- This site is optimized with the Yoast SEO plugin v25.0 - https:\/\/yoast.com\/wordpress\/plugins\/seo\/ -->\n<title>Aktuelles - \u0141\u00f3d\u017a Design Festival<\/title>\n<meta name=\"description\" content=\"Seit 2007 unterst\u00fctzen wir die Entwicklung des polnischen Kreativsektors und bringen sowohl Branchenf\u00fchrer als auch Empf\u00e4nger zusammen, die sich nicht beruflich mit diesem Thema befassen, aber gutes Design lieben. Das \u0141DF-Programm ist ein j\u00e4hrlicher \u00dcberblick \u00fcber globale Designtrends sowie eine Pr\u00e4sentation von Konzepten und Zukunftsvisionen.\" \/>\n<meta name=\"robots\" content=\"index, follow, max-snippet:-1, max-image-preview:large, max-video-preview:-1\" \/>\n<link rel=\"canonical\" href=\"https:\/\/lodzdesign.com\/de\/aktuelles\/\" \/>\n<meta property=\"og:locale\" content=\"de_DE\" \/>\n<meta property=\"og:type\" content=\"article\" \/>\n<meta property=\"og:title\" content=\"Aktuelles - \u0141\u00f3d\u017a Design Festival\" \/>\n<meta property=\"og:url\" content=\"https:\/\/lodzdesign.com\/de\/aktuelles\/\" \/>\n<meta property=\"og:site_name\" content=\"\u0141\u00f3d\u017a Design Festival\" \/>\n<meta property=\"article:publisher\" content=\"https:\/\/www.facebook.com\/Lodz.Design\" \/>\n<meta property=\"article:modified_time\" content=\"2025-02-26T11:48:42+00:00\" \/>\n<meta property=\"og:image\" content=\"https:\/\/lodzdesign.com\/app\/uploads\/2023\/11\/LDF2023-wystawa-More-Less-zdjecie-z-filtrem_small-scaled.webp\" \/>\n\t<meta property=\"og:image:width\" content=\"1024\" \/>\n\t<meta property=\"og:image:height\" content=\"683\" \/>\n\t<meta property=\"og:image:type\" content=\"image\/png\" \/>\n<meta name=\"twitter:card\" content=\"summary_large_image\" \/>\n<meta name=\"twitter:image\" content=\"https:\/\/lodzdesign.com\/app\/uploads\/2023\/11\/LDF2023-wystawa-More-Less-zdjecie-z-filtrem_small-scaled.webp\" \/>\n<script type=\"application\/ld+json\" class=\"yoast-schema-graph\">{\"@context\":\"https:\/\/schema.org\",\"@graph\":[{\"@type\":\"WebPage\",\"@id\":\"https:\/\/lodzdesign.com\/de\/aktuelles\/\",\"url\":\"https:\/\/lodzdesign.com\/de\/aktuelles\/\",\"name\":\"Aktuelles - \u0141\u00f3d\u017a Design Festival\",\"isPartOf\":{\"@id\":\"https:\/\/lodzdesign.com\/#website\"},\"datePublished\":\"2023-08-10T19:29:25+00:00\",\"dateModified\":\"2025-02-26T11:48:42+00:00\",\"description\":\"Seit 2007 unterst\u00fctzen wir die Entwicklung des polnischen Kreativsektors und bringen sowohl Branchenf\u00fchrer als auch Empf\u00e4nger zusammen, die sich nicht beruflich mit diesem Thema befassen, aber gutes Design lieben. Das \u0141DF-Programm ist ein j\u00e4hrlicher \u00dcberblick \u00fcber globale Designtrends sowie eine Pr\u00e4sentation von Konzepten und Zukunftsvisionen.\",\"breadcrumb\":{\"@id\":\"https:\/\/lodzdesign.com\/de\/aktuelles\/#breadcrumb\"},\"inLanguage\":\"de-DE\",\"potentialAction\":[{\"@type\":\"ReadAction\",\"target\":[\"https:\/\/lodzdesign.com\/de\/aktuelles\/\"]}]},{\"@type\":\"BreadcrumbList\",\"@id\":\"https:\/\/lodzdesign.com\/de\/aktuelles\/#breadcrumb\",\"itemListElement\":[{\"@type\":\"ListItem\",\"position\":1,\"name\":\"\u0141DF\",\"item\":\"https:\/\/lodzdesign.com\/de\/\"},{\"@type\":\"ListItem\",\"position\":2,\"name\":\"Aktuelles\"}]},{\"@type\":\"WebSite\",\"@id\":\"https:\/\/lodzdesign.com\/#website\",\"url\":\"https:\/\/lodzdesign.com\/\",\"name\":\"\u0141\u00f3d\u017a Design Festival\",\"description\":\"Z nami odnajdziesz najlepsze wzorce! Wejd\u017a na stron\u0119 i poznaj nasze podcasty, wirtualne wystawy, przewodniki, przyk\u0142ady najlepszego polskiego designu i wiele innych\",\"publisher\":{\"@id\":\"https:\/\/lodzdesign.com\/#organization\"},\"alternateName\":\"\u0141DF\",\"potentialAction\":[{\"@type\":\"SearchAction\",\"target\":{\"@type\":\"EntryPoint\",\"urlTemplate\":\"https:\/\/lodzdesign.com\/?s={search_term_string}\"},\"query-input\":{\"@type\":\"PropertyValueSpecification\",\"valueRequired\":true,\"valueName\":\"search_term_string\"}}],\"inLanguage\":\"de-DE\"},{\"@type\":\"Organization\",\"@id\":\"https:\/\/lodzdesign.com\/#organization\",\"name\":\"\u0141\u00f3d\u017a Design Festival\",\"url\":\"https:\/\/lodzdesign.com\/\",\"logo\":{\"@type\":\"ImageObject\",\"inLanguage\":\"de-DE\",\"@id\":\"https:\/\/lodzdesign.com\/#\/schema\/logo\/image\/\",\"url\":\"https:\/\/lodzdesign.com\/app\/uploads\/2023\/01\/ldf-logo-2-300x76-1.webp\",\"contentUrl\":\"https:\/\/lodzdesign.com\/app\/uploads\/2023\/01\/ldf-logo-2-300x76-1.webp\",\"width\":300,\"height\":76,\"caption\":\"\u0141\u00f3d\u017a Design Festival\"},\"image\":{\"@id\":\"https:\/\/lodzdesign.com\/#\/schema\/logo\/image\/\"},\"sameAs\":[\"https:\/\/www.facebook.com\/Lodz.Design\",\"https:\/\/instagram.com\/lodzdesign\/\",\"https:\/\/www.linkedin.com\/company\/lodz-design-festival\"]}]}<\/script>\n<!-- \/ Yoast SEO plugin. -->","yoast_head_json":{"title":"Aktuelles - \u0141\u00f3d\u017a Design Festival","description":"Seit 2007 unterst\u00fctzen wir die Entwicklung des polnischen Kreativsektors und bringen sowohl Branchenf\u00fchrer als auch Empf\u00e4nger zusammen, die sich nicht beruflich mit diesem Thema befassen, aber gutes Design lieben. Das \u0141DF-Programm ist ein j\u00e4hrlicher \u00dcberblick \u00fcber globale Designtrends sowie eine Pr\u00e4sentation von Konzepten und Zukunftsvisionen.","robots":{"index":"index","follow":"follow","max-snippet":"max-snippet:-1","max-image-preview":"max-image-preview:large","max-video-preview":"max-video-preview:-1"},"canonical":"https:\/\/lodzdesign.com\/de\/aktuelles\/","og_locale":"de_DE","og_type":"article","og_title":"Aktuelles - \u0141\u00f3d\u017a Design Festival","og_url":"https:\/\/lodzdesign.com\/de\/aktuelles\/","og_site_name":"\u0141\u00f3d\u017a Design Festival","article_publisher":"https:\/\/www.facebook.com\/Lodz.Design","article_modified_time":"2025-02-26T11:48:42+00:00","og_image":[{"width":1024,"height":683,"url":"https:\/\/lodzdesign.com\/app\/uploads\/2023\/11\/LDF2023-wystawa-More-Less-zdjecie-z-filtrem_small-scaled.webp","type":"image\/png"}],"twitter_card":"summary_large_image","twitter_image":"https:\/\/lodzdesign.com\/app\/uploads\/2023\/11\/LDF2023-wystawa-More-Less-zdjecie-z-filtrem_small-scaled.webp","schema":{"@context":"https:\/\/schema.org","@graph":[{"@type":"WebPage","@id":"https:\/\/lodzdesign.com\/de\/aktuelles\/","url":"https:\/\/lodzdesign.com\/de\/aktuelles\/","name":"Aktuelles - \u0141\u00f3d\u017a Design Festival","isPartOf":{"@id":"https:\/\/lodzdesign.com\/#website"},"datePublished":"2023-08-10T19:29:25+00:00","dateModified":"2025-02-26T11:48:42+00:00","description":"Seit 2007 unterst\u00fctzen wir die Entwicklung des polnischen Kreativsektors und bringen sowohl Branchenf\u00fchrer als auch Empf\u00e4nger zusammen, die sich nicht beruflich mit diesem Thema befassen, aber gutes Design lieben. Das \u0141DF-Programm ist ein j\u00e4hrlicher \u00dcberblick \u00fcber globale Designtrends sowie eine Pr\u00e4sentation von Konzepten und Zukunftsvisionen.","breadcrumb":{"@id":"https:\/\/lodzdesign.com\/de\/aktuelles\/#breadcrumb"},"inLanguage":"de-DE","potentialAction":[{"@type":"ReadAction","target":["https:\/\/lodzdesign.com\/de\/aktuelles\/"]}]},{"@type":"BreadcrumbList","@id":"https:\/\/lodzdesign.com\/de\/aktuelles\/#breadcrumb","itemListElement":[{"@type":"ListItem","position":1,"name":"\u0141DF","item":"https:\/\/lodzdesign.com\/de\/"},{"@type":"ListItem","position":2,"name":"Aktuelles"}]},{"@type":"WebSite","@id":"https:\/\/lodzdesign.com\/#website","url":"https:\/\/lodzdesign.com\/","name":"\u0141\u00f3d\u017a Design Festival","description":"Z nami odnajdziesz najlepsze wzorce! Wejd\u017a na stron\u0119 i poznaj nasze podcasty, wirtualne wystawy, przewodniki, przyk\u0142ady najlepszego polskiego designu i wiele innych","publisher":{"@id":"https:\/\/lodzdesign.com\/#organization"},"alternateName":"\u0141DF","potentialAction":[{"@type":"SearchAction","target":{"@type":"EntryPoint","urlTemplate":"https:\/\/lodzdesign.com\/?s={search_term_string}"},"query-input":{"@type":"PropertyValueSpecification","valueRequired":true,"valueName":"search_term_string"}}],"inLanguage":"de-DE"},{"@type":"Organization","@id":"https:\/\/lodzdesign.com\/#organization","name":"\u0141\u00f3d\u017a Design Festival","url":"https:\/\/lodzdesign.com\/","logo":{"@type":"ImageObject","inLanguage":"de-DE","@id":"https:\/\/lodzdesign.com\/#\/schema\/logo\/image\/","url":"https:\/\/lodzdesign.com\/app\/uploads\/2023\/01\/ldf-logo-2-300x76-1.webp","contentUrl":"https:\/\/lodzdesign.com\/app\/uploads\/2023\/01\/ldf-logo-2-300x76-1.webp","width":300,"height":76,"caption":"\u0141\u00f3d\u017a Design Festival"},"image":{"@id":"https:\/\/lodzdesign.com\/#\/schema\/logo\/image\/"},"sameAs":["https:\/\/www.facebook.com\/Lodz.Design","https:\/\/instagram.com\/lodzdesign\/","https:\/\/www.linkedin.com\/company\/lodz-design-festival"]}]}},"_links":{"self":[{"href":"https:\/\/lodzdesign.com\/de\/wp-json\/wp\/v2\/pages\/76766","targetHints":{"allow":["GET"]}}],"collection":[{"href":"https:\/\/lodzdesign.com\/de\/wp-json\/wp\/v2\/pages"}],"about":[{"href":"https:\/\/lodzdesign.com\/de\/wp-json\/wp\/v2\/types\/page"}],"author":[{"embeddable":true,"href":"https:\/\/lodzdesign.com\/de\/wp-json\/wp\/v2\/users\/3"}],"replies":[{"embeddable":true,"href":"https:\/\/lodzdesign.com\/de\/wp-json\/wp\/v2\/comments?post=76766"}],"version-history":[{"count":2,"href":"https:\/\/lodzdesign.com\/de\/wp-json\/wp\/v2\/pages\/76766\/revisions"}],"predecessor-version":[{"id":76772,"href":"https:\/\/lodzdesign.com\/de\/wp-json\/wp\/v2\/pages\/76766\/revisions\/76772"}],"wp:attachment":[{"href":"https:\/\/lodzdesign.com\/de\/wp-json\/wp\/v2\/media?parent=76766"}],"curies":[{"name":"wp","href":"https:\/\/api.w.org\/{rel}","templated":true}]}}