{"id":77264,"date":"2025-02-17T16:31:35","date_gmt":"2025-02-17T15:31:35","guid":{"rendered":"https:\/\/lodzdesign.com\/?page_id=77264"},"modified":"2025-03-11T16:21:46","modified_gmt":"2025-03-11T15:21:46","slug":"edition-2025","status":"publish","type":"page","link":"https:\/\/lodzdesign.com\/de\/edition-2025\/","title":{"rendered":"Edition 2025"},"content":{"rendered":"\n\n<div class=\"breadcrumbs container\" role=\"navigation\">\n\n                <p>\n                <span>\n                    <span>\n                                                    <a href=\"https:\/\/lodzdesign.com\/de\/\" target=\"\">\u0141DF<\/a>\n                            \/\n                        \n                        <strong class=\"breadcrumb_last\" aria-current=\"page\"><\/strong>\n                    <\/span>\n                <\/span>\n            <\/p>\n    <\/div>\n\n\n\n<div class=\"ldf-heading-block container\">\n\n    <div class=\"ldf-heading-block__inner-part\">\n\n        <div class=\"ldf-heading-block__left-part\">\n            <h1>\n                Edition 2025\n            <\/h1>\n\n                    <\/div>\n\n    <\/div>\n\n<\/div>\n\n\n\n<div class=\"ldf-content-block container\">\n    <p><strong>Zum neunzehnten Mal wird das \u0141\u00f3d\u017a Design Festival zu einem Raum f\u00fcr den Dialog zwischen der individuellen Perspektive von Kreativen und einem breiten Blick auf globale und lokale Probleme. Angesichts der dynamischen Ver\u00e4nderungen im Alltag ? von den technologischen Herausforderungen \u00fcber die Klimakrise bis hin zu den Ver\u00e4nderungen in den zwischenmenschlichen Beziehungen ? zeigt das \u0141DF Diskussionsfelder auf, die zur Erkundung anregen und Raum zum Nachdenken \u00fcber die Rolle des zeitgen\u00f6ssischen Designs schaffen. <\/strong><\/p>\n\n<\/div>\n\n\n\n<div class=\"left-image-right-content-block container\">\n\n    <div class=\"left-image-right-content-block__inner-part\">\n\n        <div class=\"left-image-right-content-block__left-part\" >\n            <img decoding=\"async\" src=\"https:\/\/lodzdesign.com\/app\/uploads\/2025\/02\/LDF2025-nie_koniec-plakat.png\" alt=\"\">\n        <\/div>\n\n        <div class=\"left-image-right-content-block__right-part\" >\n            \n            <p>\n                <br><br><br><br>\r\nDer Slogan <b>nie_koniec \/ un_end<\/b> definiert den Charakter des \u0141\u00f3d\u017a Design Festivals 2025 und unterstreicht die st\u00e4ndige Neugier und Wissbegierde im Design. Sein offenes Konzept f\u00f6rdert alternative, anpassungsf\u00e4hige Wege f\u00fcr Design und Architektur in einer sich wandelnden Welt. <b>nie_koniec \/ un_end<\/b> spricht auch von der unendlichen Beziehung zwischen dem Individuum, wie der Rolle des Designers in kreativen Prozessen, und dem Sozialen ? den lebendigen \u00d6kosystemen der St\u00e4dte, dem sich wandelnden Ansatz zur Definition von Gemeinschaft, Normen oder Werten.\r\n<br><br><br><br><br><br><br><br>\r\n\n            <\/p>\n\n                    <\/div>\n\n    <\/div>\n\n<\/div>\n\n\n\n<div class=\"ldf-content-block container\">\n    <p><strong>Innovation Lab: make me!<\/strong><\/p>\n<p>&nbsp;<\/p>\n<p><strong>nie_koniec \/ un_end<\/strong> steht f\u00fcr den zyklischen Charakter des Designprozesses und der Erkundung in der kreativen Arbeit ? von der Idee \u00fcber die Phasen der Kreation ? des Testens ? der \u00dcberarbeitung\/\u00dcberarbeitung der Idee bis hin zur Transformation der urspr\u00fcnglichen Vision. Das j\u00e4hrlich stattfindende <strong>?Innovation Lab: make me!?<\/strong> des Festivals zeigt, wie sich junge Designer mit wiederkehrenden Fragen zu Materialien, Funktionalit\u00e4t und der Wirksamkeit ihrer Arbeit auseinandersetzen, aber auch mit neuen Fragen, die durch das zeitgen\u00f6ssische Wissen \u00fcber die Welt und sich ver\u00e4ndernde Forschungsans\u00e4tze diktiert werden. <strong>nie_koniec \/ un_end<\/strong> ist daher ein Synonym f\u00fcr kontinuierliche Entdeckungen, oft ein neuer Blick auf vertraute Objekte oder Themen. Die Objekte der jungen K\u00fcnstlerinnen und K\u00fcnstler stellen oft einen Prototyp dar, ein noch offenes Werk. Die innovativen Designl\u00f6sungen, die im Rahmen des Wettbewerbs ausgezeichnet wurden, verbinden ebenfalls k\u00fcnstlerischen Ausdruck mit praktischer Anwendung und sind das Ergebnis von \u00dcberlegungen der jungen Designergenerationen von heute zu Ideen, die f\u00fcr Neuinterpretationen, Anpassungen und Entwicklungen offen sind.<\/p>\n\n<\/div>\n\n\n\n<div class=\"ldf-button-block container\">\n            <a href=\"https:\/\/lodzdesign.com\/de\/makeme\" target=\"\">\n            Lesen Sie mehr \u00fcber die make me!\n                            <span class=\"ldf-chevron ldf-chevron-right\"><\/span>\n                    <\/a>\n            <a href=\"https:\/\/lodzdesign.com\/de\/makeme\/bewerbung\/\" target=\"\">\n            Bewerbung an make me!\n                            <span class=\"ldf-chevron ldf-chevron-right\"><\/span>\n                    <\/a>\n    <\/div>\n\n\n\n<div class=\"ldf-content-block container\">\n    <p><strong>EverCity ? eine Stadt f\u00fcr die Ewigkeit<\/strong><\/p>\n<p>&nbsp;<\/p>\n<p><strong>nie_koniec \/ un_end<\/strong> ist nicht-linearer Natur, begleitet von einer st\u00e4ndigen Reflexion \u00fcber das menschliche Alltagsleben. Der st\u00e4ndige Wunsch, die Bedingungen der menschlichen Existenz zu verbessern, der Kampf gegen ung\u00fcnstige Ver\u00e4nderungen, Versuche und Experimente und die Rekonstruktion von Ideen beeinflussen die Art und Weise, wie wir unsere Umgebung gestalten. Die Wendungen in der Erz\u00e4hlung betreffen oft das Funktionieren und die Struktur von St\u00e4dten, um den Anforderungen der Nachhaltigkeit, der systemischen Widerstandsf\u00e4higkeit und der langfristigen Stabilit\u00e4t gerecht zu werden. Design, Architektur und Urbanismus lassen sich nicht in bestimmte Kategorien einordnen, sondern entwickeln sich in einem dynamischen Dialog zwischen Vergangenheit, Gegenwart und Zukunft. <strong>?EverCity ? eine Stadt f\u00fcr die Ewigkeit? ? die Hauptausstellung des Programms<\/strong> <strong>?<\/strong> wird das Publikum durch die Entwicklung architektonischer Ideen zur Schaffung einladender Lebensr\u00e4ume f\u00fchren. Sie wird die verschiedenen Ver\u00e4nderungen in den Ans\u00e4tzen des Stadtmanagements und der Schaffung von Architektur, die unser Wohlbefinden unterst\u00fctzt und unsere Lebensqualit\u00e4t verbessert, beleuchten.<\/p>\n<p>&nbsp;<\/p>\n<p><strong>15. Jahrestag des must have Plebiszits<\/strong><\/p>\n<p>&nbsp;<\/p>\n<p><strong>nie_koniec \/ un_end<\/strong> ist auch ein Prozess der st\u00e4ndigen Evolution des polnischen Designs, der sich seit 15 Jahren im must have plebiscite und der dazugeh\u00f6rigen Ausstellung widerspiegelt. Jedes Jahr zeigt die Ausstellung Umsetzungen, die den Wandel im Design aufzeigen ? von Funktionalit\u00e4t, Effizienz und Standardisierung bis hin zur Freiheit des k\u00fcnstlerischen Ausdrucks, dem Spiel mit Formen und sogar frivolem Glamour. Zu sehen sind auch R\u00fcckbesinnungen auf alte Ideen und Neuinterpretationen traditioneller Materialien wie Keramik oder Glas, die immer wieder neue Generationen von Designern inspirieren. Der polnische Designmarkt ist nach wie vor offen und dynamisch und wird von Herstellern, Designern und Verbrauchern st\u00e4ndig beeinflusst, was Raum f\u00fcr Ver\u00e4nderungen schafft. Die must have Ausstellung ist eine Aufzeichnung dieser Prozesse ? sie zeigt den Wandel des Marktes und verdeutlicht, wie Innovation und Handwerkskunst ineinandergreifen, um einen endlosen Rhythmus des Designs zu schaffen.<\/p>\n\n<\/div>\n\n\n\n<div class=\"ldf-button-block container\">\n            <a href=\"https:\/\/lodzdesign.com\/de\/musthave\/\" target=\"\">\n            Mehr \u00fcber die must have Plebiszit\n                            <span class=\"ldf-chevron ldf-chevron-right\"><\/span>\n                    <\/a>\n            <a href=\"https:\/\/lodzdesign.com\/de\/musthave\/bewerbung\/\" target=\"\">\n            Bewerbung an must have\n                            <span class=\"ldf-chevron ldf-chevron-right\"><\/span>\n                    <\/a>\n    <\/div>\n\n\n\n<div class=\"ldf-button-block container\">\n            <a href=\"https:\/\/lodzdesign.com\/de\/open-programme\/\" target=\"\">\n            Mehr \u00fcber die open programme\n                            <span class=\"ldf-chevron ldf-chevron-right\"><\/span>\n                    <\/a>\n            <a href=\"https:\/\/lodzdesign.com\/de\/open-programme\/bewerbung\/\" target=\"\">\n            Bewerbung an open programme\n                            <span class=\"ldf-chevron ldf-chevron-right\"><\/span>\n                    <\/a>\n    <\/div>\n\n\n\n<div class=\"ldf-content-block container\">\n    <p>Auch das \u0141\u00f3d\u017a Design Festival versucht in einem zyklischen Modus, das Wissen \u00fcber Design, Raumgestaltung und Materialien zu synthetisieren, indem es verschiedene Disziplinen, Medien und Perspektiven kombiniert. Die Pr\u00e4sentation kultureller Initiativen im weitesten Sinne des Wortes ist selten auf ein einziges Ziel oder eine spezifische L\u00f6sung beschr\u00e4nkt, sondern er\u00f6ffnet vielmehr einen Raum f\u00fcr Reflexion, eine regelm\u00e4\u00dfige Analyse der Kreativwirtschaft, ihrer M\u00f6glichkeiten und der Herausforderungen, denen sie sich stellen muss. Im Rahmen des Festivals wird <strong>nie_koniec \/ un_end<\/strong> auch zu einem mobilisierenden Slogan, der die Rolle der Kreativit\u00e4t als Instrument zur L\u00f6sung zentraler systemischer Probleme durch st\u00e4ndiges Experimentieren und Testen verschiedener L\u00f6sungen, einen offenen Ansatz f\u00fcr Vielfalt und innovative Formen der Zusammenarbeit hervorhebt.<\/p>\n<hr \/>\n<p>&nbsp;<\/p>\n<p>Die Autorin der Identifizierung ist Katarzyna Ludwisiak.<\/p>\n<p>&nbsp;<\/p>\n<hr \/>\n<p>&nbsp;<\/p>\n<p>Das \u0141\u00f3d\u017a Design Festival wurde dank der Unterst\u00fctzung des \u0141\u00f3dzkie Centrum Wydarze\u0144 und der Stadt \u0141\u00f3d\u017a erm\u00f6glicht. Es wird vom Ministerium f\u00fcr Kultur und Nationales Erbe im Rahmen des Kulturprogramms der polnischen Pr\u00e4sidentschaft des Rates der Europ\u00e4ischen Union 2025 kofinanziert. <em>Die Veranstaltung wird mitorganisiert von\u00a0Narodowe Centrum Kultury<\/em>.<\/p>\n\n<\/div>\n\n\n\n\n        \n\n\n<div class=\"ldf-images container\n            \"\n>\n                        <img decoding=\"async\" data-fancybox=\"gallery-428740216\" data-src=\"https:\/\/lodzdesign.com\/app\/uploads\/2025\/02\/LDF2025-nie_koniec-belka-dofinansowanie-www.png\" src=\"https:\/\/lodzdesign.com\/app\/uploads\/2025\/02\/LDF2025-nie_koniec-belka-dofinansowanie-www.png\" alt=\"\"\n                                            style=\"width: 100%;\"\n                                >\n                        <\/div>","protected":false},"excerpt":{"rendered":"","protected":false},"author":4,"featured_media":76203,"parent":0,"menu_order":0,"comment_status":"closed","ping_status":"closed","template":"","meta":{"inline_featured_image":false,"footnotes":""},"class_list":["post-77264","page","type-page","status-publish","has-post-thumbnail","hentry"],"acf":[],"yoast_head":"<!-- This site is optimized with the Yoast SEO plugin v25.0 - https:\/\/yoast.com\/wordpress\/plugins\/seo\/ -->\n<title>Edition 2025 - \u0141\u00f3d\u017a Design Festival<\/title>\n<meta name=\"description\" content=\"Dies ist das Motto des \u0141DF, das zum 19. Mal ein Raum f\u00fcr den Dialog zwischen der individuellen Perspektive der Macher und dem Ausblick auf globale und lokale Themen sein wird.\" \/>\n<meta name=\"robots\" content=\"index, follow, max-snippet:-1, max-image-preview:large, max-video-preview:-1\" \/>\n<link rel=\"canonical\" href=\"https:\/\/lodzdesign.com\/de\/edition-2025\/\" \/>\n<meta property=\"og:locale\" content=\"de_DE\" \/>\n<meta property=\"og:type\" content=\"article\" \/>\n<meta property=\"og:title\" content=\"Edition 2025 - \u0141\u00f3d\u017a Design Festival\" \/>\n<meta property=\"og:url\" content=\"https:\/\/lodzdesign.com\/de\/edition-2025\/\" \/>\n<meta property=\"og:site_name\" content=\"\u0141\u00f3d\u017a Design Festival\" \/>\n<meta property=\"article:publisher\" content=\"https:\/\/www.facebook.com\/Lodz.Design\" \/>\n<meta property=\"article:modified_time\" content=\"2025-03-11T15:21:46+00:00\" \/>\n<meta property=\"og:image\" content=\"https:\/\/lodzdesign.com\/app\/uploads\/2025\/02\/LDF2025-nie_koniec-kafelek-www.png\" \/>\n\t<meta property=\"og:image:width\" content=\"2250\" \/>\n\t<meta property=\"og:image:height\" content=\"2250\" \/>\n\t<meta property=\"og:image:type\" content=\"image\/png\" \/>\n<meta name=\"twitter:card\" content=\"summary_large_image\" \/>\n<meta name=\"twitter:image\" content=\"https:\/\/lodzdesign.com\/app\/uploads\/2025\/02\/LDF2025-nie_koniec-kafelek-www.png\" \/>\n<meta name=\"twitter:label1\" content=\"Est. reading time\" \/>\n\t<meta name=\"twitter:data1\" content=\"1 minute\" \/>\n<script type=\"application\/ld+json\" class=\"yoast-schema-graph\">{\"@context\":\"https:\/\/schema.org\",\"@graph\":[{\"@type\":\"WebPage\",\"@id\":\"https:\/\/lodzdesign.com\/de\/edition-2025\/\",\"url\":\"https:\/\/lodzdesign.com\/de\/edition-2025\/\",\"name\":\"Edition 2025 - \u0141\u00f3d\u017a Design Festival\",\"isPartOf\":{\"@id\":\"https:\/\/lodzdesign.com\/#website\"},\"primaryImageOfPage\":{\"@id\":\"https:\/\/lodzdesign.com\/de\/edition-2025\/#primaryimage\"},\"image\":{\"@id\":\"https:\/\/lodzdesign.com\/de\/edition-2025\/#primaryimage\"},\"thumbnailUrl\":\"https:\/\/lodzdesign.com\/app\/uploads\/2025\/02\/LDF2025-nie_koniec-kafelek-www.png\",\"datePublished\":\"2025-02-17T15:31:35+00:00\",\"dateModified\":\"2025-03-11T15:21:46+00:00\",\"description\":\"Dies ist das Motto des \u0141DF, das zum 19. Mal ein Raum f\u00fcr den Dialog zwischen der individuellen Perspektive der Macher und dem Ausblick auf globale und lokale Themen sein wird.\",\"breadcrumb\":{\"@id\":\"https:\/\/lodzdesign.com\/de\/edition-2025\/#breadcrumb\"},\"inLanguage\":\"de-DE\",\"potentialAction\":[{\"@type\":\"ReadAction\",\"target\":[\"https:\/\/lodzdesign.com\/de\/edition-2025\/\"]}]},{\"@type\":\"ImageObject\",\"inLanguage\":\"de-DE\",\"@id\":\"https:\/\/lodzdesign.com\/de\/edition-2025\/#primaryimage\",\"url\":\"https:\/\/lodzdesign.com\/app\/uploads\/2025\/02\/LDF2025-nie_koniec-kafelek-www.png\",\"contentUrl\":\"https:\/\/lodzdesign.com\/app\/uploads\/2025\/02\/LDF2025-nie_koniec-kafelek-www.png\",\"width\":2250,\"height\":2250},{\"@type\":\"BreadcrumbList\",\"@id\":\"https:\/\/lodzdesign.com\/de\/edition-2025\/#breadcrumb\",\"itemListElement\":[{\"@type\":\"ListItem\",\"position\":1,\"name\":\"\u0141DF\",\"item\":\"https:\/\/lodzdesign.com\/de\/\"},{\"@type\":\"ListItem\",\"position\":2,\"name\":\"Edition 2025\"}]},{\"@type\":\"WebSite\",\"@id\":\"https:\/\/lodzdesign.com\/#website\",\"url\":\"https:\/\/lodzdesign.com\/\",\"name\":\"\u0141\u00f3d\u017a Design Festival\",\"description\":\"Z nami odnajdziesz najlepsze wzorce! Wejd\u017a na stron\u0119 i poznaj nasze podcasty, wirtualne wystawy, przewodniki, przyk\u0142ady najlepszego polskiego designu i wiele innych\",\"publisher\":{\"@id\":\"https:\/\/lodzdesign.com\/#organization\"},\"alternateName\":\"\u0141DF\",\"potentialAction\":[{\"@type\":\"SearchAction\",\"target\":{\"@type\":\"EntryPoint\",\"urlTemplate\":\"https:\/\/lodzdesign.com\/?s={search_term_string}\"},\"query-input\":{\"@type\":\"PropertyValueSpecification\",\"valueRequired\":true,\"valueName\":\"search_term_string\"}}],\"inLanguage\":\"de-DE\"},{\"@type\":\"Organization\",\"@id\":\"https:\/\/lodzdesign.com\/#organization\",\"name\":\"\u0141\u00f3d\u017a Design Festival\",\"url\":\"https:\/\/lodzdesign.com\/\",\"logo\":{\"@type\":\"ImageObject\",\"inLanguage\":\"de-DE\",\"@id\":\"https:\/\/lodzdesign.com\/#\/schema\/logo\/image\/\",\"url\":\"https:\/\/lodzdesign.com\/app\/uploads\/2023\/01\/ldf-logo-2-300x76-1.webp\",\"contentUrl\":\"https:\/\/lodzdesign.com\/app\/uploads\/2023\/01\/ldf-logo-2-300x76-1.webp\",\"width\":300,\"height\":76,\"caption\":\"\u0141\u00f3d\u017a Design Festival\"},\"image\":{\"@id\":\"https:\/\/lodzdesign.com\/#\/schema\/logo\/image\/\"},\"sameAs\":[\"https:\/\/www.facebook.com\/Lodz.Design\",\"https:\/\/instagram.com\/lodzdesign\/\",\"https:\/\/www.linkedin.com\/company\/lodz-design-festival\"]}]}<\/script>\n<!-- \/ Yoast SEO plugin. -->","yoast_head_json":{"title":"Edition 2025 - \u0141\u00f3d\u017a Design Festival","description":"Dies ist das Motto des \u0141DF, das zum 19. Mal ein Raum f\u00fcr den Dialog zwischen der individuellen Perspektive der Macher und dem Ausblick auf globale und lokale Themen sein wird.","robots":{"index":"index","follow":"follow","max-snippet":"max-snippet:-1","max-image-preview":"max-image-preview:large","max-video-preview":"max-video-preview:-1"},"canonical":"https:\/\/lodzdesign.com\/de\/edition-2025\/","og_locale":"de_DE","og_type":"article","og_title":"Edition 2025 - \u0141\u00f3d\u017a Design Festival","og_url":"https:\/\/lodzdesign.com\/de\/edition-2025\/","og_site_name":"\u0141\u00f3d\u017a Design Festival","article_publisher":"https:\/\/www.facebook.com\/Lodz.Design","article_modified_time":"2025-03-11T15:21:46+00:00","og_image":[{"width":2250,"height":2250,"url":"https:\/\/lodzdesign.com\/app\/uploads\/2025\/02\/LDF2025-nie_koniec-kafelek-www.png","type":"image\/png"}],"twitter_card":"summary_large_image","twitter_image":"https:\/\/lodzdesign.com\/app\/uploads\/2025\/02\/LDF2025-nie_koniec-kafelek-www.png","twitter_misc":{"Est. reading time":"1 minute"},"schema":{"@context":"https:\/\/schema.org","@graph":[{"@type":"WebPage","@id":"https:\/\/lodzdesign.com\/de\/edition-2025\/","url":"https:\/\/lodzdesign.com\/de\/edition-2025\/","name":"Edition 2025 - \u0141\u00f3d\u017a Design Festival","isPartOf":{"@id":"https:\/\/lodzdesign.com\/#website"},"primaryImageOfPage":{"@id":"https:\/\/lodzdesign.com\/de\/edition-2025\/#primaryimage"},"image":{"@id":"https:\/\/lodzdesign.com\/de\/edition-2025\/#primaryimage"},"thumbnailUrl":"https:\/\/lodzdesign.com\/app\/uploads\/2025\/02\/LDF2025-nie_koniec-kafelek-www.png","datePublished":"2025-02-17T15:31:35+00:00","dateModified":"2025-03-11T15:21:46+00:00","description":"Dies ist das Motto des \u0141DF, das zum 19. Mal ein Raum f\u00fcr den Dialog zwischen der individuellen Perspektive der Macher und dem Ausblick auf globale und lokale Themen sein wird.","breadcrumb":{"@id":"https:\/\/lodzdesign.com\/de\/edition-2025\/#breadcrumb"},"inLanguage":"de-DE","potentialAction":[{"@type":"ReadAction","target":["https:\/\/lodzdesign.com\/de\/edition-2025\/"]}]},{"@type":"ImageObject","inLanguage":"de-DE","@id":"https:\/\/lodzdesign.com\/de\/edition-2025\/#primaryimage","url":"https:\/\/lodzdesign.com\/app\/uploads\/2025\/02\/LDF2025-nie_koniec-kafelek-www.png","contentUrl":"https:\/\/lodzdesign.com\/app\/uploads\/2025\/02\/LDF2025-nie_koniec-kafelek-www.png","width":2250,"height":2250},{"@type":"BreadcrumbList","@id":"https:\/\/lodzdesign.com\/de\/edition-2025\/#breadcrumb","itemListElement":[{"@type":"ListItem","position":1,"name":"\u0141DF","item":"https:\/\/lodzdesign.com\/de\/"},{"@type":"ListItem","position":2,"name":"Edition 2025"}]},{"@type":"WebSite","@id":"https:\/\/lodzdesign.com\/#website","url":"https:\/\/lodzdesign.com\/","name":"\u0141\u00f3d\u017a Design Festival","description":"Z nami odnajdziesz najlepsze wzorce! Wejd\u017a na stron\u0119 i poznaj nasze podcasty, wirtualne wystawy, przewodniki, przyk\u0142ady najlepszego polskiego designu i wiele innych","publisher":{"@id":"https:\/\/lodzdesign.com\/#organization"},"alternateName":"\u0141DF","potentialAction":[{"@type":"SearchAction","target":{"@type":"EntryPoint","urlTemplate":"https:\/\/lodzdesign.com\/?s={search_term_string}"},"query-input":{"@type":"PropertyValueSpecification","valueRequired":true,"valueName":"search_term_string"}}],"inLanguage":"de-DE"},{"@type":"Organization","@id":"https:\/\/lodzdesign.com\/#organization","name":"\u0141\u00f3d\u017a Design Festival","url":"https:\/\/lodzdesign.com\/","logo":{"@type":"ImageObject","inLanguage":"de-DE","@id":"https:\/\/lodzdesign.com\/#\/schema\/logo\/image\/","url":"https:\/\/lodzdesign.com\/app\/uploads\/2023\/01\/ldf-logo-2-300x76-1.webp","contentUrl":"https:\/\/lodzdesign.com\/app\/uploads\/2023\/01\/ldf-logo-2-300x76-1.webp","width":300,"height":76,"caption":"\u0141\u00f3d\u017a Design Festival"},"image":{"@id":"https:\/\/lodzdesign.com\/#\/schema\/logo\/image\/"},"sameAs":["https:\/\/www.facebook.com\/Lodz.Design","https:\/\/instagram.com\/lodzdesign\/","https:\/\/www.linkedin.com\/company\/lodz-design-festival"]}]}},"_links":{"self":[{"href":"https:\/\/lodzdesign.com\/de\/wp-json\/wp\/v2\/pages\/77264","targetHints":{"allow":["GET"]}}],"collection":[{"href":"https:\/\/lodzdesign.com\/de\/wp-json\/wp\/v2\/pages"}],"about":[{"href":"https:\/\/lodzdesign.com\/de\/wp-json\/wp\/v2\/types\/page"}],"author":[{"embeddable":true,"href":"https:\/\/lodzdesign.com\/de\/wp-json\/wp\/v2\/users\/4"}],"replies":[{"embeddable":true,"href":"https:\/\/lodzdesign.com\/de\/wp-json\/wp\/v2\/comments?post=77264"}],"version-history":[{"count":3,"href":"https:\/\/lodzdesign.com\/de\/wp-json\/wp\/v2\/pages\/77264\/revisions"}],"predecessor-version":[{"id":77269,"href":"https:\/\/lodzdesign.com\/de\/wp-json\/wp\/v2\/pages\/77264\/revisions\/77269"}],"wp:featuredmedia":[{"embeddable":true,"href":"https:\/\/lodzdesign.com\/de\/wp-json\/wp\/v2\/media\/76203"}],"wp:attachment":[{"href":"https:\/\/lodzdesign.com\/de\/wp-json\/wp\/v2\/media?parent=77264"}],"curies":[{"name":"wp","href":"https:\/\/api.w.org\/{rel}","templated":true}]}}