{"id":78145,"date":"2025-03-07T16:32:18","date_gmt":"2025-03-07T15:32:18","guid":{"rendered":"https:\/\/lodzdesign.com\/edition-2025\/informacje\/"},"modified":"2025-04-28T14:38:21","modified_gmt":"2025-04-28T13:38:21","slug":"information","status":"publish","type":"page","link":"https:\/\/lodzdesign.com\/de\/edition-2025\/information\/","title":{"rendered":"Information"},"content":{"rendered":"\n\n<div class=\"breadcrumbs container\" role=\"navigation\">\n\n                <p>\n                <span>\n                    <span>\n                                                    <a href=\"https:\/\/lodzdesign.comde\/\" target=\"\">\u0141DF<\/a>\n                            \/\n                                                    <a href=\"https:\/\/lodzdesign.com\/de\/edition-2025\/\" target=\"\">Edition 2025<\/a>\n                            \/\n                        \n                        <strong class=\"breadcrumb_last\" aria-current=\"page\"><\/strong>\n                    <\/span>\n                <\/span>\n            <\/p>\n    <\/div>\n\n\n\n<div class=\"ldf-heading-block container\">\n\n    <div class=\"ldf-heading-block__inner-part\">\n\n        <div class=\"ldf-heading-block__left-part\">\n            <h1>\n                Information\n            <\/h1>\n\n                    <\/div>\n\n    <\/div>\n\n<\/div>\n\n\n\n<div class=\"right-image-left-content-block container\">\n\n    <div class=\"right-image-left-content-block__inner-part\">\n\n        <div class=\"right-image-left-content-block__left-part\" >\n                            <h2>\n                    FESTIVALZENTRUM\n                <\/h2>\n            \n            <p>\n                <br>Die wichtigsten Ausstellungen und Veranstaltungen finden im Festivalzentrum am Tymienieckiego 3 in \u0141\u00f3d\u017a statt.\r\n<br><br><br>\r\n<b>\u00d6ffnungszeiten des Festivalzentrums:<\/b>\r\n<br>20.05. | 12:00?21:00 \r\n<br>21.-23.05 | 12:00?20:00\r\n<br>24.-25.05 | 10:00?20:00\r\n<br><br><br>\r\n<br>Letzter Einlass zu den Ausstellungen ist 30 Minuten vor Schlie\u00dfung des Festivalzentrums m\u00f6glich.\r\n<br><br><br>\r\n\n            <\/p>\n\n                            <a href=\"https:\/\/lodzdesign.com\/de\/edition-2025\/programm\/\" target=\"\" class=\"ldf-button\">Siehe das Programm von \u0141DF2025 <span class=\"ldf-chevron ldf-chevron-right\"><\/span><\/a>\n                    <\/div>\n\n        <div class=\"right-image-left-content-block__right-part\" >\n            <img decoding=\"async\" src=\"https:\/\/lodzdesign.com\/app\/uploads\/2025\/02\/LDF2025-nie_koniec-kafelek-www.png\" alt=\"\">\n        <\/div>\n\n    <\/div>\n\n<\/div>\n\n\n\n<div class=\"ldf-heading ldf-form-heading\">\n    <div class=\"ldf-heading-left\">\n        <span class=\"ldf-yellow-part\"><\/span>\n        <h3>EINF\u00dcHRUNG<\/h3>\n    <\/div>\n<\/div>\n\n<div class=\"ldf-form-block container\">\n    <div class=\"ldf-form-block__form\" id=\"block-362424918\">\n        <style>\n            #block-362424918 iframe {\n                height:  !important;\n            }\n\n            #block-362424918 .supernova {\n                height:  !important;\n            }\n        <\/style>\n\n        \n    <\/div>\n<\/div>\n\n\n\n<div class=\"ldf-content-block container\">\n    <p>Der Eintritt zum \u0141\u00f3d\u017a Design Festival 2025 ist kostenpflichtig* &#8211; es gelten Einzeltageskarten oder P\u00e4sse:<\/p>\n<ul>\n<li><strong>10 PLN<\/strong> &#8211; Tageskarte f\u00fcr eine Person (Erwachsener, Kind)<\/li>\n<li><strong>30 PLN<\/strong> &#8211; ein Pass f\u00fcr das gesamte Festival<\/li>\n<li><strong>5 PLN<\/strong> &#8211; Tageskarte f\u00fcr eine Person in einer Gruppe (Gruppe von 15-30 Personen + 1 Betreuer [Betreuer freier Eintritt]. Die Gruppenkarte ist f\u00fcr Schul- und Hochschulgruppen g\u00fcltig)<\/li>\n<\/ul>\n<p>Eintrittskarten und P\u00e4sse k\u00f6nnen online und im Festivalb\u00fcro erworben werden.<\/p>\n<p>&nbsp;<\/p>\n<p>* Der freie Eintritt zum Festival ist g\u00fcltig f\u00fcr:<\/p>\n<ul>\n<li>20.05.2025 (Er\u00f6ffnung des Festivals)<\/li>\n<li>bis zu 12 Jahre alt und Senioren<\/li>\n<\/ul>\n<p>Der Eintritt zur <strong>EverCity-Ausstellung<\/strong> (die Hauptausstellung des LDF im Festivalzentrum in A22) ist frei.<\/p>\n\n<\/div>\n\n\n<div style=\"height:100px\" aria-hidden=\"true\" class=\"wp-block-spacer\"><\/div>\n\n\n\n\n<div class=\"ldf-heading ldf-form-heading\">\n    <div class=\"ldf-heading-left\">\n        <span class=\"ldf-yellow-part\"><\/span>\n        <h3>ACCESS<\/h3>\n    <\/div>\n<\/div>\n\n<div class=\"ldf-form-block container\">\n    <div class=\"ldf-form-block__form\" id=\"block-968323749\">\n        <style>\n            #block-968323749 iframe {\n                height:  !important;\n            }\n\n            #block-968323749 .supernova {\n                height:  !important;\n            }\n        <\/style>\n\n        \n    <\/div>\n<\/div>\n\n\n\n<div class=\"ldf-content-block container\">\n    <p><strong>Wegbeschreibung zum Festivalzentrum:<\/strong><\/p>\n<ul>\n<li>\n<p class=\"p1\"><span class=\"s1\"><span data-contrast=\"auto\">Stra\u00dfenbahnen: 2, 3, 6, 7, 11, 19<\/span><\/span><\/p>\n<\/li>\n<li>\n<p class=\"p1\"><span class=\"s1\"><span data-contrast=\"auto\">Tagesbus: 55, 57<\/span><\/span><\/p>\n<\/li>\n<li>\n<p class=\"p1\"><span class=\"s1\"><span data-contrast=\"auto\">Nachtbusse: N3A, N3B, N6<\/span><\/span><\/p>\n<\/li>\n<\/ul>\n<p>&nbsp;<\/p>\n<p><strong>Eine Einfahrt mit dem Auto zum Festivalzentrum ist nicht m\u00f6glich.<\/strong><\/p>\n<p>&nbsp;<\/p>\n<p>St\u00e4dtischer Parkplatz entlang der Stra\u00dfe. Tymienieckiego oder angrenzende ul. Piotrkowska zahlte montags bis freitags von 08:00 bis 18:00 Uhr. Der kostenlose Parkplatz beginnt an der Kreuzung mit der Ul. Sienkiewicz.<\/p>\n<p>&nbsp;<\/p>\n<p>Der n\u00e4chste bewachte Parkplatz: ul. Piotrkowska 270 (Eingang von der Tymienieckiego-Stra\u00dfe).<\/p>\n\n<\/div>\n\n\n<div style=\"height:100px\" aria-hidden=\"true\" class=\"wp-block-spacer\"><\/div>\n\n\n\n\n<div class=\"ldf-heading ldf-form-heading\">\n    <div class=\"ldf-heading-left\">\n        <span class=\"ldf-yellow-part\"><\/span>\n        <h3>FESTIVALORTE<\/h3>\n    <\/div>\n<\/div>\n\n<div class=\"ldf-form-block container\">\n    <div class=\"ldf-form-block__form\" id=\"block-978092936\">\n        <style>\n            #block-978092936 iframe {\n                height:  !important;\n            }\n\n            #block-978092936 .supernova {\n                height:  !important;\n            }\n        <\/style>\n\n        \n    <\/div>\n<\/div>\n\n\n<div class=\"ldf-locations-gmap-block ldf-content-block\">\n\n\t<script>\n\t\t  (g=>{var h,a,k,p=\"The Google Maps JavaScript API\",c=\"google\",l=\"importLibrary\",q=\"__ib__\",m=document,b=window;b=b[c]||(b[c]={});var d=b.maps||(b.maps={}),r=new Set,e=new URLSearchParams,u=()=>h||(h=new Promise(async(f,n)=>{await (a=m.createElement(\"script\"));e.set(\"libraries\",[...r]+\"\");for(k in g)e.set(k.replace(\/[A-Z]\/g,t=>\"_\"+t[0].toLowerCase()),g[k]);e.set(\"callback\",c+\".maps.\"+q);a.src=`https:\/\/maps.${c}apis.com\/maps\/api\/js?`+e;d[q]=f;a.onerror=()=>h=n(Error(p+\" could not load.\"));a.nonce=m.querySelector(\"script[nonce]\")?.nonce||\"\";m.head.append(a)}));d[l]?console.warn(p+\" only loads once. Ignoring:\",g):d[l]=(f,...n)=>r.add(f)&&u().then(()=>d[l](f,...n))})({\n\t\t\tkey: \"AIzaSyB-RNpiThEY_TdHMCfked6FHLLUQriZM9Q\",\n\t\t\tv: \"weekly\",\n\t\t\t\/\/ Use the 'v' parameter to indicate the version to use (weekly, beta, alpha, etc.).\n\t\t\t\/\/ Add other bootstrap parameters as needed, using camel case.\n\t\t  });\n\n\t<\/script>\n\t<script src=\"https:\/\/unpkg.com\/@googlemaps\/markerclusterer\/dist\/index.min.js\"><\/script>\n\t\n\t<div id=\"map\"><\/div>\n\t<div class=\"locations_places\">\n\t\t\t<\/div>\n\n\t<script>\n\t\n\t\tif(document.querySelector(\"body\").classList.contains(\"wp-admin\") == false){\n\t\t\t\n\t\t} else {\n\t\t\tdocument.querySelector(\".ldf-locations-gmap-block\").style.display = \"none\"\n\t\t\tdocument.querySelector(\".ldf-locations-gmap-block-is-admin\").style.display = \"block\"\n\t   }\n<\/script>\n\n\n\n<\/div>\n<div class=\"ldf-locations-gmap-block-is-admin\" style=\"display: none\">\n\tBlok: Locations google maps\n<\/div>","protected":false},"excerpt":{"rendered":"","protected":false},"author":4,"featured_media":76203,"parent":77264,"menu_order":0,"comment_status":"closed","ping_status":"closed","template":"","meta":{"inline_featured_image":false,"footnotes":""},"class_list":["post-78145","page","type-page","status-publish","has-post-thumbnail","hentry"],"acf":[],"yoast_head":"<!-- This site is optimized with the Yoast SEO plugin v25.0 - https:\/\/yoast.com\/wordpress\/plugins\/seo\/ -->\n<title>Information - \u0141\u00f3d\u017a Design Festival<\/title>\n<meta name=\"description\" content=\"Praktische Informationen \u00fcber die kommende Ausgabe des \u0141\u00f3d\u017a Design Festivals.\" \/>\n<meta name=\"robots\" content=\"index, follow, max-snippet:-1, max-image-preview:large, max-video-preview:-1\" \/>\n<link rel=\"canonical\" href=\"https:\/\/lodzdesign.com\/de\/edition-2025\/information\/\" \/>\n<meta property=\"og:locale\" content=\"de_DE\" \/>\n<meta property=\"og:type\" content=\"article\" \/>\n<meta property=\"og:title\" content=\"Information - \u0141\u00f3d\u017a Design Festival\" \/>\n<meta property=\"og:url\" content=\"https:\/\/lodzdesign.com\/de\/edition-2025\/information\/\" \/>\n<meta property=\"og:site_name\" content=\"\u0141\u00f3d\u017a Design Festival\" \/>\n<meta property=\"article:publisher\" content=\"https:\/\/www.facebook.com\/Lodz.Design\" \/>\n<meta property=\"article:modified_time\" content=\"2025-04-28T13:38:21+00:00\" \/>\n<meta property=\"og:image\" content=\"https:\/\/lodzdesign.com\/app\/uploads\/2025\/02\/LDF2025-nie_koniec-kafelek-www.png\" \/>\n\t<meta property=\"og:image:width\" content=\"2250\" \/>\n\t<meta property=\"og:image:height\" content=\"2250\" \/>\n\t<meta property=\"og:image:type\" content=\"image\/png\" \/>\n<meta name=\"twitter:card\" content=\"summary_large_image\" \/>\n<meta name=\"twitter:image\" content=\"https:\/\/lodzdesign.com\/app\/uploads\/2025\/02\/LDF2025-nie_koniec-kafelek-www.png\" \/>\n<meta name=\"twitter:label1\" content=\"Est. reading time\" \/>\n\t<meta name=\"twitter:data1\" content=\"1 minute\" \/>\n<script type=\"application\/ld+json\" class=\"yoast-schema-graph\">{\"@context\":\"https:\/\/schema.org\",\"@graph\":[{\"@type\":\"WebPage\",\"@id\":\"https:\/\/lodzdesign.com\/de\/edition-2025\/information\/\",\"url\":\"https:\/\/lodzdesign.com\/de\/edition-2025\/information\/\",\"name\":\"Information - \u0141\u00f3d\u017a Design Festival\",\"isPartOf\":{\"@id\":\"https:\/\/lodzdesign.com\/#website\"},\"primaryImageOfPage\":{\"@id\":\"https:\/\/lodzdesign.com\/de\/edition-2025\/information\/#primaryimage\"},\"image\":{\"@id\":\"https:\/\/lodzdesign.com\/de\/edition-2025\/information\/#primaryimage\"},\"thumbnailUrl\":\"https:\/\/lodzdesign.com\/app\/uploads\/2025\/02\/LDF2025-nie_koniec-kafelek-www.png\",\"datePublished\":\"2025-03-07T15:32:18+00:00\",\"dateModified\":\"2025-04-28T13:38:21+00:00\",\"description\":\"Praktische Informationen \u00fcber die kommende Ausgabe des \u0141\u00f3d\u017a Design Festivals.\",\"breadcrumb\":{\"@id\":\"https:\/\/lodzdesign.com\/de\/edition-2025\/information\/#breadcrumb\"},\"inLanguage\":\"de-DE\",\"potentialAction\":[{\"@type\":\"ReadAction\",\"target\":[\"https:\/\/lodzdesign.com\/de\/edition-2025\/information\/\"]}]},{\"@type\":\"ImageObject\",\"inLanguage\":\"de-DE\",\"@id\":\"https:\/\/lodzdesign.com\/de\/edition-2025\/information\/#primaryimage\",\"url\":\"https:\/\/lodzdesign.com\/app\/uploads\/2025\/02\/LDF2025-nie_koniec-kafelek-www.png\",\"contentUrl\":\"https:\/\/lodzdesign.com\/app\/uploads\/2025\/02\/LDF2025-nie_koniec-kafelek-www.png\",\"width\":2250,\"height\":2250},{\"@type\":\"BreadcrumbList\",\"@id\":\"https:\/\/lodzdesign.com\/de\/edition-2025\/information\/#breadcrumb\",\"itemListElement\":[{\"@type\":\"ListItem\",\"position\":1,\"name\":\"\u0141DF\",\"item\":\"https:\/\/lodzdesign.com\/de\/\"},{\"@type\":\"ListItem\",\"position\":2,\"name\":\"Edition 2025\",\"item\":\"https:\/\/lodzdesign.com\/de\/edition-2025\/\"},{\"@type\":\"ListItem\",\"position\":3,\"name\":\"Information\"}]},{\"@type\":\"WebSite\",\"@id\":\"https:\/\/lodzdesign.com\/#website\",\"url\":\"https:\/\/lodzdesign.com\/\",\"name\":\"\u0141\u00f3d\u017a Design Festival\",\"description\":\"Z nami odnajdziesz najlepsze wzorce! Wejd\u017a na stron\u0119 i poznaj nasze podcasty, wirtualne wystawy, przewodniki, przyk\u0142ady najlepszego polskiego designu i wiele innych\",\"publisher\":{\"@id\":\"https:\/\/lodzdesign.com\/#organization\"},\"alternateName\":\"\u0141DF\",\"potentialAction\":[{\"@type\":\"SearchAction\",\"target\":{\"@type\":\"EntryPoint\",\"urlTemplate\":\"https:\/\/lodzdesign.com\/?s={search_term_string}\"},\"query-input\":{\"@type\":\"PropertyValueSpecification\",\"valueRequired\":true,\"valueName\":\"search_term_string\"}}],\"inLanguage\":\"de-DE\"},{\"@type\":\"Organization\",\"@id\":\"https:\/\/lodzdesign.com\/#organization\",\"name\":\"\u0141\u00f3d\u017a Design Festival\",\"url\":\"https:\/\/lodzdesign.com\/\",\"logo\":{\"@type\":\"ImageObject\",\"inLanguage\":\"de-DE\",\"@id\":\"https:\/\/lodzdesign.com\/#\/schema\/logo\/image\/\",\"url\":\"https:\/\/lodzdesign.com\/app\/uploads\/2023\/01\/ldf-logo-2-300x76-1.webp\",\"contentUrl\":\"https:\/\/lodzdesign.com\/app\/uploads\/2023\/01\/ldf-logo-2-300x76-1.webp\",\"width\":300,\"height\":76,\"caption\":\"\u0141\u00f3d\u017a Design Festival\"},\"image\":{\"@id\":\"https:\/\/lodzdesign.com\/#\/schema\/logo\/image\/\"},\"sameAs\":[\"https:\/\/www.facebook.com\/Lodz.Design\",\"https:\/\/instagram.com\/lodzdesign\/\",\"https:\/\/www.linkedin.com\/company\/lodz-design-festival\"]}]}<\/script>\n<!-- \/ Yoast SEO plugin. -->","yoast_head_json":{"title":"Information - \u0141\u00f3d\u017a Design Festival","description":"Praktische Informationen \u00fcber die kommende Ausgabe des \u0141\u00f3d\u017a Design Festivals.","robots":{"index":"index","follow":"follow","max-snippet":"max-snippet:-1","max-image-preview":"max-image-preview:large","max-video-preview":"max-video-preview:-1"},"canonical":"https:\/\/lodzdesign.com\/de\/edition-2025\/information\/","og_locale":"de_DE","og_type":"article","og_title":"Information - \u0141\u00f3d\u017a Design Festival","og_url":"https:\/\/lodzdesign.com\/de\/edition-2025\/information\/","og_site_name":"\u0141\u00f3d\u017a Design Festival","article_publisher":"https:\/\/www.facebook.com\/Lodz.Design","article_modified_time":"2025-04-28T13:38:21+00:00","og_image":[{"width":2250,"height":2250,"url":"https:\/\/lodzdesign.com\/app\/uploads\/2025\/02\/LDF2025-nie_koniec-kafelek-www.png","type":"image\/png"}],"twitter_card":"summary_large_image","twitter_image":"https:\/\/lodzdesign.com\/app\/uploads\/2025\/02\/LDF2025-nie_koniec-kafelek-www.png","twitter_misc":{"Est. reading time":"1 minute"},"schema":{"@context":"https:\/\/schema.org","@graph":[{"@type":"WebPage","@id":"https:\/\/lodzdesign.com\/de\/edition-2025\/information\/","url":"https:\/\/lodzdesign.com\/de\/edition-2025\/information\/","name":"Information - \u0141\u00f3d\u017a Design Festival","isPartOf":{"@id":"https:\/\/lodzdesign.com\/#website"},"primaryImageOfPage":{"@id":"https:\/\/lodzdesign.com\/de\/edition-2025\/information\/#primaryimage"},"image":{"@id":"https:\/\/lodzdesign.com\/de\/edition-2025\/information\/#primaryimage"},"thumbnailUrl":"https:\/\/lodzdesign.com\/app\/uploads\/2025\/02\/LDF2025-nie_koniec-kafelek-www.png","datePublished":"2025-03-07T15:32:18+00:00","dateModified":"2025-04-28T13:38:21+00:00","description":"Praktische Informationen \u00fcber die kommende Ausgabe des \u0141\u00f3d\u017a Design Festivals.","breadcrumb":{"@id":"https:\/\/lodzdesign.com\/de\/edition-2025\/information\/#breadcrumb"},"inLanguage":"de-DE","potentialAction":[{"@type":"ReadAction","target":["https:\/\/lodzdesign.com\/de\/edition-2025\/information\/"]}]},{"@type":"ImageObject","inLanguage":"de-DE","@id":"https:\/\/lodzdesign.com\/de\/edition-2025\/information\/#primaryimage","url":"https:\/\/lodzdesign.com\/app\/uploads\/2025\/02\/LDF2025-nie_koniec-kafelek-www.png","contentUrl":"https:\/\/lodzdesign.com\/app\/uploads\/2025\/02\/LDF2025-nie_koniec-kafelek-www.png","width":2250,"height":2250},{"@type":"BreadcrumbList","@id":"https:\/\/lodzdesign.com\/de\/edition-2025\/information\/#breadcrumb","itemListElement":[{"@type":"ListItem","position":1,"name":"\u0141DF","item":"https:\/\/lodzdesign.com\/de\/"},{"@type":"ListItem","position":2,"name":"Edition 2025","item":"https:\/\/lodzdesign.com\/de\/edition-2025\/"},{"@type":"ListItem","position":3,"name":"Information"}]},{"@type":"WebSite","@id":"https:\/\/lodzdesign.com\/#website","url":"https:\/\/lodzdesign.com\/","name":"\u0141\u00f3d\u017a Design Festival","description":"Z nami odnajdziesz najlepsze wzorce! Wejd\u017a na stron\u0119 i poznaj nasze podcasty, wirtualne wystawy, przewodniki, przyk\u0142ady najlepszego polskiego designu i wiele innych","publisher":{"@id":"https:\/\/lodzdesign.com\/#organization"},"alternateName":"\u0141DF","potentialAction":[{"@type":"SearchAction","target":{"@type":"EntryPoint","urlTemplate":"https:\/\/lodzdesign.com\/?s={search_term_string}"},"query-input":{"@type":"PropertyValueSpecification","valueRequired":true,"valueName":"search_term_string"}}],"inLanguage":"de-DE"},{"@type":"Organization","@id":"https:\/\/lodzdesign.com\/#organization","name":"\u0141\u00f3d\u017a Design Festival","url":"https:\/\/lodzdesign.com\/","logo":{"@type":"ImageObject","inLanguage":"de-DE","@id":"https:\/\/lodzdesign.com\/#\/schema\/logo\/image\/","url":"https:\/\/lodzdesign.com\/app\/uploads\/2023\/01\/ldf-logo-2-300x76-1.webp","contentUrl":"https:\/\/lodzdesign.com\/app\/uploads\/2023\/01\/ldf-logo-2-300x76-1.webp","width":300,"height":76,"caption":"\u0141\u00f3d\u017a Design Festival"},"image":{"@id":"https:\/\/lodzdesign.com\/#\/schema\/logo\/image\/"},"sameAs":["https:\/\/www.facebook.com\/Lodz.Design","https:\/\/instagram.com\/lodzdesign\/","https:\/\/www.linkedin.com\/company\/lodz-design-festival"]}]}},"_links":{"self":[{"href":"https:\/\/lodzdesign.com\/de\/wp-json\/wp\/v2\/pages\/78145","targetHints":{"allow":["GET"]}}],"collection":[{"href":"https:\/\/lodzdesign.com\/de\/wp-json\/wp\/v2\/pages"}],"about":[{"href":"https:\/\/lodzdesign.com\/de\/wp-json\/wp\/v2\/types\/page"}],"author":[{"embeddable":true,"href":"https:\/\/lodzdesign.com\/de\/wp-json\/wp\/v2\/users\/4"}],"replies":[{"embeddable":true,"href":"https:\/\/lodzdesign.com\/de\/wp-json\/wp\/v2\/comments?post=78145"}],"version-history":[{"count":12,"href":"https:\/\/lodzdesign.com\/de\/wp-json\/wp\/v2\/pages\/78145\/revisions"}],"predecessor-version":[{"id":81088,"href":"https:\/\/lodzdesign.com\/de\/wp-json\/wp\/v2\/pages\/78145\/revisions\/81088"}],"up":[{"embeddable":true,"href":"https:\/\/lodzdesign.com\/de\/wp-json\/wp\/v2\/pages\/77264"}],"wp:featuredmedia":[{"embeddable":true,"href":"https:\/\/lodzdesign.com\/de\/wp-json\/wp\/v2\/media\/76203"}],"wp:attachment":[{"href":"https:\/\/lodzdesign.com\/de\/wp-json\/wp\/v2\/media?parent=78145"}],"curies":[{"name":"wp","href":"https:\/\/api.w.org\/{rel}","templated":true}]}}