{"id":78486,"date":"2025-02-27T17:01:35","date_gmt":"2025-02-27T16:01:35","guid":{"rendered":"https:\/\/lodzdesign.com\/edition-2025\/partnerzy\/"},"modified":"2025-04-10T14:21:14","modified_gmt":"2025-04-10T13:21:14","slug":"partner","status":"publish","type":"page","link":"https:\/\/lodzdesign.com\/de\/edition-2025\/partner\/","title":{"rendered":"Partner"},"content":{"rendered":"\n\n<div class=\"breadcrumbs container\" role=\"navigation\">\n\n                <p>\n                <span>\n                    <span>\n                                                    <a href=\"https:\/\/lodzdesign.com\/de\/\" target=\"\">\u0141DF<\/a>\n                            \/\n                                                    <a href=\"https:\/\/lodzdesign.com\/de\/edition-2025\/\" target=\"\">Edition 2025<\/a>\n                            \/\n                        \n                        <strong class=\"breadcrumb_last\" aria-current=\"page\"><\/strong>\n                    <\/span>\n                <\/span>\n            <\/p>\n    <\/div>\n\n\n\n<div class=\"partner-logos-block container\">\n    <div class=\"ldf-heading\">\n        <div class=\"ldf-heading-left\">\n            <span class=\"ldf-yellow-part\" role=\"presentation\"><\/span>\n            <h3>EHRENPATRONAT<\/h3>\n        <\/div>\n    <\/div>\n\n    <div class=\"partner-logos-block__inner-part\">\n\n                <div class=\"partner-logos-block__inner-part__single-part\">\n            <div class=\"partner-logos-block__inner-part__single-part-heading\">\n                <p><\/p>\n            <\/div>\n            <div class=\"partner-logos-block__inner-part__single-part-logos\">\n                                    <a href=\"https:\/\/www.gov.pl\/web\/kultura\" target=\"_blank\">\n                        <img decoding=\"async\" src=\"https:\/\/lodzdesign.com\/app\/uploads\/2025\/02\/LDF-www-Ministerstwo-Kultury-i-Dziedzictwa-Narodowego.png\" alt=\"\">\n                    <\/a>\n                            <\/div>\n        <\/div>\n        \n\n    <\/div>\n\n\n<\/div>\n\n\n\n<div class=\"partner-logos-block container\">\n    <div class=\"ldf-heading\">\n        <div class=\"ldf-heading-left\">\n            <span class=\"ldf-yellow-part\" role=\"presentation\"><\/span>\n            <h3>FUNDING<\/h3>\n        <\/div>\n    <\/div>\n\n    <div class=\"partner-logos-block__inner-part\">\n\n                <div class=\"partner-logos-block__inner-part__single-part\">\n            <div class=\"partner-logos-block__inner-part__single-part-heading\">\n                <p><\/p>\n            <\/div>\n            <div class=\"partner-logos-block__inner-part__single-part-logos\">\n                                    <a href=\"https:\/\/www.gov.pl\/web\/kultura \" target=\"_blank\">\n                        <img decoding=\"async\" src=\"https:\/\/lodzdesign.com\/app\/uploads\/2025\/02\/LDF-www-MKiDN-dopisek-dofinansowanie.png\" alt=\"\">\n                    <\/a>\n                                    <a href=\"https:\/\/www.gov.pl\/web\/kultura\" target=\"_blank\">\n                        <img decoding=\"async\" src=\"https:\/\/lodzdesign.com\/app\/uploads\/2025\/02\/LDF-www-Ministerstwo-Kultury-i-Dziedzictwa-Narodowego.png\" alt=\"\">\n                    <\/a>\n                                    <a href=\"https:\/\/nck.pl\/\" target=\"_blank\">\n                        <img decoding=\"async\" src=\"https:\/\/lodzdesign.com\/app\/uploads\/2025\/02\/LDF-www-NCK-logo-do-pr.png\" alt=\"\">\n                    <\/a>\n                                    <a href=\"https:\/\/polish-presidency.consilium.europa.eu\/pl\/\" target=\"_blank\">\n                        <img decoding=\"async\" src=\"https:\/\/lodzdesign.com\/app\/uploads\/2025\/02\/LDF-www-EU-logo-do-prawej-1.png\" alt=\"\">\n                    <\/a>\n                                    <a href=\"https:\/\/polish-presidency.consilium.europa.eu\/pl\/\" target=\"_blank\">\n                        <img decoding=\"async\" src=\"https:\/\/lodzdesign.com\/app\/uploads\/2025\/02\/LDF-www-EU-logo-2.png\" alt=\"\">\n                    <\/a>\n                            <\/div>\n        <\/div>\n        \n\n    <\/div>\n\n\n<\/div>\n\n\n\n<div class=\"partner-logos-block container\">\n    <div class=\"ldf-heading\">\n        <div class=\"ldf-heading-left\">\n            <span class=\"ldf-yellow-part\" role=\"presentation\"><\/span>\n            <h3>PARTNER<\/h3>\n        <\/div>\n    <\/div>\n\n    <div class=\"partner-logos-block__inner-part\">\n\n                <div class=\"partner-logos-block__inner-part__single-part\">\n            <div class=\"partner-logos-block__inner-part__single-part-heading\">\n                <p>ORGANISATOR<\/p>\n            <\/div>\n            <div class=\"partner-logos-block__inner-part__single-part-logos\">\n                                    <a href=\"https:\/\/lodzdesign.com\/\" target=\"_blank\">\n                        <img decoding=\"async\" src=\"https:\/\/lodzdesign.com\/app\/uploads\/2024\/06\/LDF-logo-LDF-mniejsze.png\" alt=\"\">\n                    <\/a>\n                                    <a href=\"https:\/\/lodz.pl\/\" target=\"_blank\">\n                        <img decoding=\"async\" src=\"https:\/\/lodzdesign.com\/app\/uploads\/2024\/03\/LDF-www-Lodz-Kreuje-pion.png\" alt=\"\">\n                    <\/a>\n                            <\/div>\n        <\/div>\n                <div class=\"partner-logos-block__inner-part__single-part\">\n            <div class=\"partner-logos-block__inner-part__single-part-heading\">\n                <p>CO-ORGANISATOREN<\/p>\n            <\/div>\n            <div class=\"partner-logos-block__inner-part__single-part-logos\">\n                                    <a href=\"https:\/\/lcw.lodz.pl\/\" target=\"_blank\">\n                        <img decoding=\"async\" src=\"https:\/\/lodzdesign.com\/app\/uploads\/2023\/02\/LDF23_www_LCW.png\" alt=\"\">\n                    <\/a>\n                            <\/div>\n        <\/div>\n        \n\n    <\/div>\n\n\n<\/div>\n\n\n\n<div class=\"partner-logos-block container\">\n    <div class=\"ldf-heading\">\n        <div class=\"ldf-heading-left\">\n            <span class=\"ldf-yellow-part\" role=\"presentation\"><\/span>\n            <h3>MEDIENPARTNER<\/h3>\n        <\/div>\n    <\/div>\n\n    <div class=\"partner-logos-block__inner-part\">\n\n                <div class=\"partner-logos-block__inner-part__single-part\">\n            <div class=\"partner-logos-block__inner-part__single-part-heading\">\n                <p><\/p>\n            <\/div>\n            <div class=\"partner-logos-block__inner-part__single-part-logos\">\n                                    <a href=\"https:\/\/architektura.muratorplus.pl\/\" target=\"_blank\">\n                        <img decoding=\"async\" src=\"https:\/\/lodzdesign.com\/app\/uploads\/2024\/04\/LDF-www-Architektura-Murator-nowe24.png\" alt=\"\">\n                    <\/a>\n                                    <a href=\"https:\/\/biznes.meble.pl\/\" target=\"_blank\">\n                        <img decoding=\"async\" src=\"https:\/\/lodzdesign.com\/app\/uploads\/2023\/03\/LDF2023-www-Biznes-meble.png\" alt=\"\">\n                    <\/a>\n                                    <a href=\"https:\/\/czasnawnetrze.pl\/\" target=\"_blank\">\n                        <img decoding=\"async\" src=\"https:\/\/lodzdesign.com\/app\/uploads\/2023\/03\/LDF2023-www-Czas-na-wnetrze.png\" alt=\"\">\n                    <\/a>\n                                    <a href=\"https:\/\/www.designdoc.pl\/\" target=\"_blank\">\n                        <img decoding=\"async\" src=\"https:\/\/lodzdesign.com\/app\/uploads\/2025\/04\/LDF-www-Design-doc.png\" alt=\"\">\n                    <\/a>\n                                    <a href=\"https:\/\/dom.wprost.pl\/\" target=\"_blank\">\n                        <img decoding=\"async\" src=\"https:\/\/lodzdesign.com\/app\/uploads\/2025\/04\/LDF-www-DomWprost.png\" alt=\"\">\n                    <\/a>\n                                    <a href=\"https:\/\/decoration.elle.pl\/\" target=\"_blank\">\n                        <img decoding=\"async\" src=\"https:\/\/lodzdesign.com\/app\/uploads\/2023\/03\/LDF2023-www-Elle-Decoration.png\" alt=\"\">\n                    <\/a>\n                                    <a href=\"https:\/\/www.urzadzamy.pl\/\" target=\"_blank\">\n                        <img decoding=\"async\" src=\"https:\/\/lodzdesign.com\/app\/uploads\/2024\/04\/LDF-www-Urzadzamypl.png\" alt=\"\">\n                    <\/a>\n                                    <a href=\"https:\/\/www.weranda.pl\/\" target=\"_blank\">\n                        <img decoding=\"async\" src=\"https:\/\/lodzdesign.com\/app\/uploads\/2025\/04\/LDF-www-Weranda.png\" alt=\"\">\n                    <\/a>\n                                    <a href=\"https:\/\/www.whitemad.pl\/\" target=\"_blank\">\n                        <img decoding=\"async\" src=\"https:\/\/lodzdesign.com\/app\/uploads\/2023\/03\/LDF2023-www-WhiteMad.png\" alt=\"\">\n                    <\/a>\n                            <\/div>\n        <\/div>\n        \n\n    <\/div>\n\n\n<\/div>","protected":false},"excerpt":{"rendered":"","protected":false},"author":4,"featured_media":76203,"parent":77264,"menu_order":0,"comment_status":"closed","ping_status":"closed","template":"","meta":{"inline_featured_image":false,"footnotes":""},"class_list":["post-78486","page","type-page","status-publish","has-post-thumbnail","hentry"],"acf":[],"yoast_head":"<!-- This site is optimized with the Yoast SEO plugin v25.0 - https:\/\/yoast.com\/wordpress\/plugins\/seo\/ -->\n<title>Partner - \u0141\u00f3d\u017a Design Festival<\/title>\n<meta name=\"description\" content=\"Partner des Lodz Design Festivals 2025\" \/>\n<meta name=\"robots\" content=\"index, follow, max-snippet:-1, max-image-preview:large, max-video-preview:-1\" \/>\n<link rel=\"canonical\" href=\"https:\/\/lodzdesign.com\/de\/edition-2025\/partner\/\" \/>\n<meta property=\"og:locale\" content=\"de_DE\" \/>\n<meta property=\"og:type\" content=\"article\" \/>\n<meta property=\"og:title\" content=\"Partner - \u0141\u00f3d\u017a Design Festival\" \/>\n<meta property=\"og:url\" content=\"https:\/\/lodzdesign.com\/de\/edition-2025\/partner\/\" \/>\n<meta property=\"og:site_name\" content=\"\u0141\u00f3d\u017a Design Festival\" \/>\n<meta property=\"article:publisher\" content=\"https:\/\/www.facebook.com\/Lodz.Design\" \/>\n<meta property=\"article:modified_time\" content=\"2025-04-10T13:21:14+00:00\" \/>\n<meta property=\"og:image\" content=\"https:\/\/lodzdesign.com\/app\/uploads\/2025\/02\/LDF2025-nie_koniec-kafelek-www.png\" \/>\n\t<meta property=\"og:image:width\" content=\"2250\" \/>\n\t<meta property=\"og:image:height\" content=\"2250\" \/>\n\t<meta property=\"og:image:type\" content=\"image\/png\" \/>\n<meta name=\"twitter:card\" content=\"summary_large_image\" \/>\n<meta name=\"twitter:image\" content=\"https:\/\/lodzdesign.com\/app\/uploads\/2025\/02\/LDF2025-nie_koniec-kafelek-www.png\" \/>\n<meta name=\"twitter:label1\" content=\"Est. reading time\" \/>\n\t<meta name=\"twitter:data1\" content=\"1 minute\" \/>\n<script type=\"application\/ld+json\" class=\"yoast-schema-graph\">{\"@context\":\"https:\/\/schema.org\",\"@graph\":[{\"@type\":\"WebPage\",\"@id\":\"https:\/\/lodzdesign.com\/de\/edition-2025\/partner\/\",\"url\":\"https:\/\/lodzdesign.com\/de\/edition-2025\/partner\/\",\"name\":\"Partner - \u0141\u00f3d\u017a Design Festival\",\"isPartOf\":{\"@id\":\"https:\/\/lodzdesign.com\/#website\"},\"primaryImageOfPage\":{\"@id\":\"https:\/\/lodzdesign.com\/de\/edition-2025\/partner\/#primaryimage\"},\"image\":{\"@id\":\"https:\/\/lodzdesign.com\/de\/edition-2025\/partner\/#primaryimage\"},\"thumbnailUrl\":\"https:\/\/lodzdesign.com\/app\/uploads\/2025\/02\/LDF2025-nie_koniec-kafelek-www.png\",\"datePublished\":\"2025-02-27T16:01:35+00:00\",\"dateModified\":\"2025-04-10T13:21:14+00:00\",\"description\":\"Partner des Lodz Design Festivals 2025\",\"breadcrumb\":{\"@id\":\"https:\/\/lodzdesign.com\/de\/edition-2025\/partner\/#breadcrumb\"},\"inLanguage\":\"de-DE\",\"potentialAction\":[{\"@type\":\"ReadAction\",\"target\":[\"https:\/\/lodzdesign.com\/de\/edition-2025\/partner\/\"]}]},{\"@type\":\"ImageObject\",\"inLanguage\":\"de-DE\",\"@id\":\"https:\/\/lodzdesign.com\/de\/edition-2025\/partner\/#primaryimage\",\"url\":\"https:\/\/lodzdesign.com\/app\/uploads\/2025\/02\/LDF2025-nie_koniec-kafelek-www.png\",\"contentUrl\":\"https:\/\/lodzdesign.com\/app\/uploads\/2025\/02\/LDF2025-nie_koniec-kafelek-www.png\",\"width\":2250,\"height\":2250},{\"@type\":\"BreadcrumbList\",\"@id\":\"https:\/\/lodzdesign.com\/de\/edition-2025\/partner\/#breadcrumb\",\"itemListElement\":[{\"@type\":\"ListItem\",\"position\":1,\"name\":\"\u0141DF\",\"item\":\"https:\/\/lodzdesign.com\/de\/\"},{\"@type\":\"ListItem\",\"position\":2,\"name\":\"Edition 2025\",\"item\":\"https:\/\/lodzdesign.com\/de\/edition-2025\/\"},{\"@type\":\"ListItem\",\"position\":3,\"name\":\"Partner\"}]},{\"@type\":\"WebSite\",\"@id\":\"https:\/\/lodzdesign.com\/#website\",\"url\":\"https:\/\/lodzdesign.com\/\",\"name\":\"\u0141\u00f3d\u017a Design Festival\",\"description\":\"Z nami odnajdziesz najlepsze wzorce! Wejd\u017a na stron\u0119 i poznaj nasze podcasty, wirtualne wystawy, przewodniki, przyk\u0142ady najlepszego polskiego designu i wiele innych\",\"publisher\":{\"@id\":\"https:\/\/lodzdesign.com\/#organization\"},\"alternateName\":\"\u0141DF\",\"potentialAction\":[{\"@type\":\"SearchAction\",\"target\":{\"@type\":\"EntryPoint\",\"urlTemplate\":\"https:\/\/lodzdesign.com\/?s={search_term_string}\"},\"query-input\":{\"@type\":\"PropertyValueSpecification\",\"valueRequired\":true,\"valueName\":\"search_term_string\"}}],\"inLanguage\":\"de-DE\"},{\"@type\":\"Organization\",\"@id\":\"https:\/\/lodzdesign.com\/#organization\",\"name\":\"\u0141\u00f3d\u017a Design Festival\",\"url\":\"https:\/\/lodzdesign.com\/\",\"logo\":{\"@type\":\"ImageObject\",\"inLanguage\":\"de-DE\",\"@id\":\"https:\/\/lodzdesign.com\/#\/schema\/logo\/image\/\",\"url\":\"https:\/\/lodzdesign.com\/app\/uploads\/2023\/01\/ldf-logo-2-300x76-1.webp\",\"contentUrl\":\"https:\/\/lodzdesign.com\/app\/uploads\/2023\/01\/ldf-logo-2-300x76-1.webp\",\"width\":300,\"height\":76,\"caption\":\"\u0141\u00f3d\u017a Design Festival\"},\"image\":{\"@id\":\"https:\/\/lodzdesign.com\/#\/schema\/logo\/image\/\"},\"sameAs\":[\"https:\/\/www.facebook.com\/Lodz.Design\",\"https:\/\/instagram.com\/lodzdesign\/\",\"https:\/\/www.linkedin.com\/company\/lodz-design-festival\"]}]}<\/script>\n<!-- \/ Yoast SEO plugin. -->","yoast_head_json":{"title":"Partner - \u0141\u00f3d\u017a Design Festival","description":"Partner des Lodz Design Festivals 2025","robots":{"index":"index","follow":"follow","max-snippet":"max-snippet:-1","max-image-preview":"max-image-preview:large","max-video-preview":"max-video-preview:-1"},"canonical":"https:\/\/lodzdesign.com\/de\/edition-2025\/partner\/","og_locale":"de_DE","og_type":"article","og_title":"Partner - \u0141\u00f3d\u017a Design Festival","og_url":"https:\/\/lodzdesign.com\/de\/edition-2025\/partner\/","og_site_name":"\u0141\u00f3d\u017a Design Festival","article_publisher":"https:\/\/www.facebook.com\/Lodz.Design","article_modified_time":"2025-04-10T13:21:14+00:00","og_image":[{"width":2250,"height":2250,"url":"https:\/\/lodzdesign.com\/app\/uploads\/2025\/02\/LDF2025-nie_koniec-kafelek-www.png","type":"image\/png"}],"twitter_card":"summary_large_image","twitter_image":"https:\/\/lodzdesign.com\/app\/uploads\/2025\/02\/LDF2025-nie_koniec-kafelek-www.png","twitter_misc":{"Est. reading time":"1 minute"},"schema":{"@context":"https:\/\/schema.org","@graph":[{"@type":"WebPage","@id":"https:\/\/lodzdesign.com\/de\/edition-2025\/partner\/","url":"https:\/\/lodzdesign.com\/de\/edition-2025\/partner\/","name":"Partner - \u0141\u00f3d\u017a Design Festival","isPartOf":{"@id":"https:\/\/lodzdesign.com\/#website"},"primaryImageOfPage":{"@id":"https:\/\/lodzdesign.com\/de\/edition-2025\/partner\/#primaryimage"},"image":{"@id":"https:\/\/lodzdesign.com\/de\/edition-2025\/partner\/#primaryimage"},"thumbnailUrl":"https:\/\/lodzdesign.com\/app\/uploads\/2025\/02\/LDF2025-nie_koniec-kafelek-www.png","datePublished":"2025-02-27T16:01:35+00:00","dateModified":"2025-04-10T13:21:14+00:00","description":"Partner des Lodz Design Festivals 2025","breadcrumb":{"@id":"https:\/\/lodzdesign.com\/de\/edition-2025\/partner\/#breadcrumb"},"inLanguage":"de-DE","potentialAction":[{"@type":"ReadAction","target":["https:\/\/lodzdesign.com\/de\/edition-2025\/partner\/"]}]},{"@type":"ImageObject","inLanguage":"de-DE","@id":"https:\/\/lodzdesign.com\/de\/edition-2025\/partner\/#primaryimage","url":"https:\/\/lodzdesign.com\/app\/uploads\/2025\/02\/LDF2025-nie_koniec-kafelek-www.png","contentUrl":"https:\/\/lodzdesign.com\/app\/uploads\/2025\/02\/LDF2025-nie_koniec-kafelek-www.png","width":2250,"height":2250},{"@type":"BreadcrumbList","@id":"https:\/\/lodzdesign.com\/de\/edition-2025\/partner\/#breadcrumb","itemListElement":[{"@type":"ListItem","position":1,"name":"\u0141DF","item":"https:\/\/lodzdesign.com\/de\/"},{"@type":"ListItem","position":2,"name":"Edition 2025","item":"https:\/\/lodzdesign.com\/de\/edition-2025\/"},{"@type":"ListItem","position":3,"name":"Partner"}]},{"@type":"WebSite","@id":"https:\/\/lodzdesign.com\/#website","url":"https:\/\/lodzdesign.com\/","name":"\u0141\u00f3d\u017a Design Festival","description":"Z nami odnajdziesz najlepsze wzorce! Wejd\u017a na stron\u0119 i poznaj nasze podcasty, wirtualne wystawy, przewodniki, przyk\u0142ady najlepszego polskiego designu i wiele innych","publisher":{"@id":"https:\/\/lodzdesign.com\/#organization"},"alternateName":"\u0141DF","potentialAction":[{"@type":"SearchAction","target":{"@type":"EntryPoint","urlTemplate":"https:\/\/lodzdesign.com\/?s={search_term_string}"},"query-input":{"@type":"PropertyValueSpecification","valueRequired":true,"valueName":"search_term_string"}}],"inLanguage":"de-DE"},{"@type":"Organization","@id":"https:\/\/lodzdesign.com\/#organization","name":"\u0141\u00f3d\u017a Design Festival","url":"https:\/\/lodzdesign.com\/","logo":{"@type":"ImageObject","inLanguage":"de-DE","@id":"https:\/\/lodzdesign.com\/#\/schema\/logo\/image\/","url":"https:\/\/lodzdesign.com\/app\/uploads\/2023\/01\/ldf-logo-2-300x76-1.webp","contentUrl":"https:\/\/lodzdesign.com\/app\/uploads\/2023\/01\/ldf-logo-2-300x76-1.webp","width":300,"height":76,"caption":"\u0141\u00f3d\u017a Design Festival"},"image":{"@id":"https:\/\/lodzdesign.com\/#\/schema\/logo\/image\/"},"sameAs":["https:\/\/www.facebook.com\/Lodz.Design","https:\/\/instagram.com\/lodzdesign\/","https:\/\/www.linkedin.com\/company\/lodz-design-festival"]}]}},"_links":{"self":[{"href":"https:\/\/lodzdesign.com\/de\/wp-json\/wp\/v2\/pages\/78486","targetHints":{"allow":["GET"]}}],"collection":[{"href":"https:\/\/lodzdesign.com\/de\/wp-json\/wp\/v2\/pages"}],"about":[{"href":"https:\/\/lodzdesign.com\/de\/wp-json\/wp\/v2\/types\/page"}],"author":[{"embeddable":true,"href":"https:\/\/lodzdesign.com\/de\/wp-json\/wp\/v2\/users\/4"}],"replies":[{"embeddable":true,"href":"https:\/\/lodzdesign.com\/de\/wp-json\/wp\/v2\/comments?post=78486"}],"version-history":[{"count":8,"href":"https:\/\/lodzdesign.com\/de\/wp-json\/wp\/v2\/pages\/78486\/revisions"}],"predecessor-version":[{"id":78537,"href":"https:\/\/lodzdesign.com\/de\/wp-json\/wp\/v2\/pages\/78486\/revisions\/78537"}],"up":[{"embeddable":true,"href":"https:\/\/lodzdesign.com\/de\/wp-json\/wp\/v2\/pages\/77264"}],"wp:featuredmedia":[{"embeddable":true,"href":"https:\/\/lodzdesign.com\/de\/wp-json\/wp\/v2\/media\/76203"}],"wp:attachment":[{"href":"https:\/\/lodzdesign.com\/de\/wp-json\/wp\/v2\/media?parent=78486"}],"curies":[{"name":"wp","href":"https:\/\/api.w.org\/{rel}","templated":true}]}}