{"id":35303,"date":"2024-03-28T11:33:52","date_gmt":"2024-03-28T10:33:52","guid":{"rendered":"https:\/\/lodzdesign.com\/?page_id=35303"},"modified":"2024-05-21T13:41:32","modified_gmt":"2024-05-21T12:41:32","slug":"info","status":"publish","type":"page","link":"https:\/\/lodzdesign.com\/en\/edition-2024\/info\/","title":{"rendered":"Info"},"content":{"rendered":"\n\n<div class=\"breadcrumbs container\" role=\"navigation\">\n\n                <p>\n                <span>\n                    <span>\n                                                    <a href=\"https:\/\/lodzdesign.com\/en\/\" target=\"\">\u0141DF<\/a>\n                            \/\n                                                    <a href=\"https:\/\/lodzdesign.com\/en\/edition-2024\/\" target=\"\">Edition 2024<\/a>\n                            \/\n                        \n                        <strong class=\"breadcrumb_last\" aria-current=\"page\"><\/strong>\n                    <\/span>\n                <\/span>\n            <\/p>\n    <\/div>\n\n\n\n<div class=\"ldf-heading-block container\">\n\n    <div class=\"ldf-heading-block__inner-part\">\n\n        <div class=\"ldf-heading-block__left-part\">\n            <h1>\n                Info\n            <\/h1>\n\n                    <\/div>\n\n    <\/div>\n\n<\/div>\n\n\n\n<div class=\"right-image-left-content-block container\">\n\n    <div class=\"right-image-left-content-block__inner-part\">\n\n        <div class=\"right-image-left-content-block__left-part\" >\n                            <h2>\n                    FESTIVAL CENTER\n                <\/h2>\n            \n            <p>\n                <br>The main exhibitions and events will take place at the Festival Center at Tymienieckiego 3 in \u0141\u00f3d\u017a. The workshops will be located in Art_Inkubator (Building A) and City Space Fuzja, as well as at partners cooperating with \u0141DF.\r\n<br><br>Admission to all events and most workshops at the Festival Center is free.\r\n<br>Registration is required for the workshops (information in the program).\r\n<br><br><br>\r\n<b>Opening hours of the Festival Center:<\/b>\r\n<br>21\/05 | 12:00?21:00\r\n<br>22\/05?26\/05 | 10:00?21:00\r\n<br><br>Last entry to exhibitions possible 30 minutes before the closing of the Festival Center.\n            <\/p>\n\n                            <a href=\"https:\/\/lodzdesign.com\/en\/edition-2024\/programme\/\" target=\"\" class=\"ldf-button\">See the programme of \u0141DF2024 <span class=\"ldf-chevron ldf-chevron-right\"><\/span><\/a>\n                    <\/div>\n\n        <div class=\"right-image-left-content-block__right-part\" >\n            <img decoding=\"async\" src=\"https:\/\/lodzdesign.com\/app\/uploads\/2024\/01\/LDF2024-Komfrot-feed-1.png\" alt=\"\">\n        <\/div>\n\n    <\/div>\n\n<\/div>\n\n\n\n<div class=\"ldf-content-block container\">\n    <p class=\"p1\"><strong><span class=\"s1\">Getting to the Festival Center:<\/span><\/strong><\/p>\n<ul>\n<li>\n<p class=\"p1\"><span class=\"s1\"><span data-contrast=\"auto\">trams: 2, 3, 6, 11, 19<\/span><\/span><\/p>\n<\/li>\n<li>\n<p class=\"p1\"><span class=\"s1\"><span data-contrast=\"auto\">buses: 55, 57<\/span><\/span><\/p>\n<\/li>\n<li>\n<p class=\"p1\"><span class=\"s1\"><span data-contrast=\"auto\">night bus: N3A, N3B, N6<\/span><\/span><\/p>\n<\/li>\n<\/ul>\n<p>&nbsp;<\/p>\n<p class=\"p1\"><strong><span class=\"s1\">It is not possible to enter the Festival Center by car.<\/span><\/strong><\/p>\n<p>&nbsp;<\/p>\n<p class=\"p1\"><span class=\"s1\">City car park along Tymienieckiego Str or the neighboring Piotrkowska Str payable Mon.?Fri. 8:00 a.m. &#8211; 6:00 p.m.. The free parking area starts at the intersection with Sienkiewicz Str.<\/span><\/p>\n<p>&nbsp;<\/p>\n<p class=\"p3\"><span class=\"s2\">The nearest guarded car park: Piotrkowska 270 Str. (entrance from Tymienieckiego Str.).<\/span><\/p>\n<p>&nbsp;<\/p>\n<hr \/>\n<p>&nbsp;<\/p>\n<h3>FESTIVAL VENUES<\/h3>\n\n<\/div>\n\n\n<div class=\"ldf-locations-gmap-block ldf-content-block\">\n\n\t<script>\n\t\t  (g=>{var h,a,k,p=\"The Google Maps JavaScript API\",c=\"google\",l=\"importLibrary\",q=\"__ib__\",m=document,b=window;b=b[c]||(b[c]={});var d=b.maps||(b.maps={}),r=new Set,e=new URLSearchParams,u=()=>h||(h=new Promise(async(f,n)=>{await (a=m.createElement(\"script\"));e.set(\"libraries\",[...r]+\"\");for(k in g)e.set(k.replace(\/[A-Z]\/g,t=>\"_\"+t[0].toLowerCase()),g[k]);e.set(\"callback\",c+\".maps.\"+q);a.src=`https:\/\/maps.${c}apis.com\/maps\/api\/js?`+e;d[q]=f;a.onerror=()=>h=n(Error(p+\" could not load.\"));a.nonce=m.querySelector(\"script[nonce]\")?.nonce||\"\";m.head.append(a)}));d[l]?console.warn(p+\" only loads once. Ignoring:\",g):d[l]=(f,...n)=>r.add(f)&&u().then(()=>d[l](f,...n))})({\n\t\t\tkey: \"AIzaSyB-RNpiThEY_TdHMCfked6FHLLUQriZM9Q\",\n\t\t\tv: \"weekly\",\n\t\t\t\/\/ Use the 'v' parameter to indicate the version to use (weekly, beta, alpha, etc.).\n\t\t\t\/\/ Add other bootstrap parameters as needed, using camel case.\n\t\t  });\n\n\t<\/script>\n\t<script src=\"https:\/\/unpkg.com\/@googlemaps\/markerclusterer\/dist\/index.min.js\"><\/script>\n\t\n\t<div id=\"map\"><\/div>\n\t<div class=\"locations_places\">\n\t\t\t<\/div>\n\n\t<script>\n\t\n\t\tif(document.querySelector(\"body\").classList.contains(\"wp-admin\") == false){\n\t\t\t\n\t\t} else {\n\t\t\tdocument.querySelector(\".ldf-locations-gmap-block\").style.display = \"none\"\n\t\t\tdocument.querySelector(\".ldf-locations-gmap-block-is-admin\").style.display = \"block\"\n\t   }\n<\/script>\n\n\n\n<\/div>\n<div class=\"ldf-locations-gmap-block-is-admin\" style=\"display: none\">\n\tBlok: Locations google maps\n<\/div>\n\n\n\n\n<div class=\"ldf-tabs container\">\n            <div class=\"single-tab\">\n            <h3>FESTIVAL BISTRO: NIEWINNI\n                <img decoding=\"async\" class=\"down-arrow\" src=\"\" alt=\"Down arrow\">\n            <\/h3>\n            <span class=\"single-tab-content\" style=\"display: none;\">\n                <p>Traditionally, the <b>NieWinni bistro<\/b> (Festival Center, Art_Inkubator, Building A) will be open throughout the LDF, serving suggestions from a special <b>festival menu<\/b> during this time!<\/p>\n<p>&nbsp;<\/p>\n<p>In addition, <b>at special prices<\/b>, only during the LDF will be available:<\/p>\n<ul>\n<li><b>festival drink <span data-contrast=\"auto\">?<\/span><\/b> 25 PLN<\/li>\n<li><b>a glass of frizzante wine<\/b> <span data-contrast=\"auto\">? <\/span>12 PLN<\/li>\n<\/ul>\n\n            <\/span>\n        <\/div>\n            <div class=\"single-tab\">\n            <h3>DO DZIE\u0141A BOOKSTORE\n                <img decoding=\"async\" class=\"down-arrow\" src=\"\" alt=\"Down arrow\">\n            <\/h3>\n            <span class=\"single-tab-content\" style=\"display: none;\">\n                <p><strong>We are pleased to announce that the well-known and well-liked Do Dzie\u0142a Bookstore will be with us at the Festival Center during the festival weekend (25-26.05)!<\/strong><\/p>\n<p><strong>#bookstore<\/strong><\/p>\n<p>Do Dzie\u0142a Bookstore was established in July 2020 as an intimate place in the heart of Lodz. It&#8217;s a space where you can chat about literature in the company of books and coffee. DD is not just a book store, but a microcenter of culture, where something is constantly happening. Author meetings, lectures and workshops inspired by literature are organized. Titles available in the bookstore are selected in an author&#8217;s manner, on the shelves you will find good prose and non-fiction, but also essays, poetry, comics and picturebooks. DD also has a wide selection of children&#8217;s and young adult books, as well as novelties and literary classics, published by niche outlets and big players. Definitely a place that boosts the literary life of the city!<\/p>\n\n            <\/span>\n        <\/div>\n            <div class=\"single-tab\">\n            <h3>FESTIVAL HOTELS\n                <img decoding=\"async\" class=\"down-arrow\" src=\"\" alt=\"Down arrow\">\n            <\/h3>\n            <span class=\"single-tab-content\" style=\"display: none;\">\n                <p class=\"p1\"><span class=\"s1\">We invite you to book accommodation in one of our festival hotels.<\/span><\/p>\n<p>&nbsp;<\/p>\n<p class=\"p1\"><span class=\"s1\">Discounts on the <strong>KOMFORT<\/strong> password are valid for individual bookings in the period May 17-27, 2024.<\/span><\/p>\n<p>&nbsp;<\/p>\n<hr \/>\n<p>&nbsp;<\/p>\n<p><strong>Novotel \u0141\u00f3d\u017a Centrum<\/strong><\/p>\n<p>offer with breakfast, check-in from 15:00, check-out until 12:00<\/p>\n<p>15% discount from the published price of the day<\/p>\n<p>parking services for PLN 40\/car\/day<\/p>\n<p>Reservation requests should be sent to: <a href=\"mailto:H7830-RE@accor.com\">H7830-RE@accor.com<\/a>.<\/p>\n<p>The message title must contain the password.<\/p>\n<p><a href=\"https:\/\/all.accor.com\/hotel\/7830\/index.pl.shtml\" target=\"_blank\" rel=\"noopener\">www.novotel.accor.com<\/a><\/p>\n<p>&nbsp;<\/p>\n<p><strong>ibis \u0141\u00f3d\u017a Centrum<\/strong><\/p>\n<p>offer with breakfast, check-in from 15:00, check-out until 12:00<\/p>\n<p>15% discount from the published price of the day<\/p>\n<p>parking services for PLN 40\/car\/day<\/p>\n<p>Reservation requests should be sent to: <a href=\"mailto:H3096-RE@accor.com\">H3096-RE@accor.com<\/a>.<\/p>\n<p>The title of the message must contain the slogan.<\/p>\n<p><a href=\"https:\/\/all.accor.com\/hotel\/3096\/index.pl.shtml\" target=\"_blank\" rel=\"noopener\">www.ibis.accor.com<\/a><\/p>\n\n            <\/span>\n        <\/div>\n            <div class=\"single-tab\">\n            <h3>#\u0141DF_IN_THE_CITY\n                <img decoding=\"async\" class=\"down-arrow\" src=\"\" alt=\"Down arrow\">\n            <\/h3>\n            <span class=\"single-tab-content\" style=\"display: none;\">\n                <p>Can you already feel the festival climate in the air? As part of Lodz Design Festival we have prepared for you not only inspiring exhibitions and events, but also some attractions&#8230; on the city ? We invite you to enjoy!<\/p>\n<p>&nbsp;<\/p>\n<p><strong>SHLAGART, Sienkiewicza 79\/8 Str., \u0141\u00f3d\u017a<\/strong><\/p>\n<ul>\n<li>Come to the opening of the &#8220;<a href=\"https:\/\/lodzdesign.com\/en\/events\/white-on-white\/\">White on White<\/a>&#8221; exhibition on 24.05 at 19:00 and tour the new Shlagart studio on 25.05 from 10:00 to 21:00.<\/li>\n<\/ul>\n<p>&nbsp;<\/p>\n<p><strong>Craft Me Out &#8211; jewelry, Nawrot 2 Str., \u0141\u00f3d\u017a<\/strong><\/p>\n<ul>\n<li>Use the 15% discount on the entire assortment from 21.05 until the end of the month. Promo code: KOMFORT<\/li>\n<\/ul>\n<p>&nbsp;<\/p>\n<p><strong>Ukryte Rzeki Restaurant, Lodz 295A Piotrkowska Str., \u0141\u00f3d\u017a<\/strong><\/p>\n<p>Experience fusion flavors that will surprise even the most demanding palates<\/p>\n<ul>\n<li>Discount of 10% on the entire bill on the days of the festival after giving the password KOMFORT.<\/li>\n<\/ul>\n<p>&nbsp;<\/p>\n<p><strong>Hot Air Cafe, Lodz, 217 Piotrkowska Str., \u0141\u00f3d\u017a<\/strong><\/p>\n<p>Enjoy aromatic coffee and delicious cakes in an atmospheric cafe!<\/p>\n<ul>\n<li>Discount 10% on each coffee and 15% on coffee + cake set for the password KOMFORT during LDF!<\/li>\n<\/ul>\n\n            <\/span>\n        <\/div>\n            <div class=\"single-tab\">\n            <h3>OM THAI SPA\n                <img decoding=\"async\" class=\"down-arrow\" src=\"\" alt=\"Down arrow\">\n            <\/h3>\n            <span class=\"single-tab-content\" style=\"display: none;\">\n                <p class=\"p1\">Thai and Balinese massages<\/p>\n<p>&nbsp;<\/p>\n<p class=\"p1\">Combined with modern design and the best quality Polish, ecological cosmetics. Come, feel and experience COMFORT at Om Thai Spa.<\/p>\n<p>&nbsp;<\/p>\n<p class=\"p3\"><span class=\"s1\">Discounts on the <b>KOMFORT<\/b> password<\/span>, -10% on the first visit, for each massage on offer. The offer is valid on May 21-26, 2024<\/p>\n\n            <\/span>\n        <\/div>\n    <\/div>\n\n<script type=\"application\/ld+json\">{\"@context\":\"https:\\\/\\\/schema.org\",\"@type\":\"FAQPage\",\"mainEntity\":[{\"@type\":\"Question\",\"name\":\"FESTIVAL BISTRO: NIEWINNI\",\"acceptedAnswer\":{\"@type\":\"Answer\",\"text\":\"Traditionally, the NieWinni bistro (Festival Center, Art_Inkubator, Building A) will be open throughout the LDF, serving suggestions from a special festival menu during this time!\\n&nbsp;\\nIn addition, at special prices, only during the LDF will be available:\\n\\nfestival drink ? 25 PLN\\na glass of frizzante wine ? 12 PLN\\n\\n\"}},{\"@type\":\"Question\",\"name\":\"DO DZIE\\u0141A BOOKSTORE\",\"acceptedAnswer\":{\"@type\":\"Answer\",\"text\":\"We are pleased to announce that the well-known and well-liked Do Dzie\\u0142a Bookstore will be with us at the Festival Center during the festival weekend (25-26.05)!\\n#bookstore\\nDo Dzie\\u0142a Bookstore was established in July 2020 as an intimate place in the heart of Lodz. It&#8217;s a space where you can chat about literature in the company of books and coffee. DD is not just a book store, but a microcenter of culture, where something is constantly happening. Author meetings, lectures and workshops inspired by literature are organized. Titles available in the bookstore are selected in an author&#8217;s manner, on the shelves you will find good prose and non-fiction, but also essays, poetry, comics and picturebooks. DD also has a wide selection of children&#8217;s and young adult books, as well as novelties and literary classics, published by niche outlets and big players. Definitely a place that boosts the literary life of the city!\\n\"}},{\"@type\":\"Question\",\"name\":\"FESTIVAL HOTELS\",\"acceptedAnswer\":{\"@type\":\"Answer\",\"text\":\"We invite you to book accommodation in one of our festival hotels.\\n&nbsp;\\nDiscounts on the KOMFORT password are valid for individual bookings in the period May 17-27, 2024.\\n&nbsp;\\n\\n&nbsp;\\nNovotel \\u0141\\u00f3d\\u017a Centrum\\noffer with breakfast, check-in from 15:00, check-out until 12:00\\n15% discount from the published price of the day\\nparking services for PLN 40\\\/car\\\/day\\nReservation requests should be sent to: H7830-RE@accor.com.\\nThe message title must contain the password.\\nwww.novotel.accor.com\\n&nbsp;\\nibis \\u0141\\u00f3d\\u017a Centrum\\noffer with breakfast, check-in from 15:00, check-out until 12:00\\n15% discount from the published price of the day\\nparking services for PLN 40\\\/car\\\/day\\nReservation requests should be sent to: H3096-RE@accor.com.\\nThe title of the message must contain the slogan.\\nwww.ibis.accor.com\\n\"}},{\"@type\":\"Question\",\"name\":\"#\\u0141DF_IN_THE_CITY\",\"acceptedAnswer\":{\"@type\":\"Answer\",\"text\":\"Can you already feel the festival climate in the air? As part of Lodz Design Festival we have prepared for you not only inspiring exhibitions and events, but also some attractions&#8230; on the city ? We invite you to enjoy!\\n&nbsp;\\nSHLAGART, Sienkiewicza 79\\\/8 Str., \\u0141\\u00f3d\\u017a\\n\\nCome to the opening of the &#8220;White on White&#8221; exhibition on 24.05 at 19:00 and tour the new Shlagart studio on 25.05 from 10:00 to 21:00.\\n\\n&nbsp;\\nCraft Me Out &#8211; jewelry, Nawrot 2 Str., \\u0141\\u00f3d\\u017a\\n\\nUse the 15% discount on the entire assortment from 21.05 until the end of the month. Promo code: KOMFORT\\n\\n&nbsp;\\nUkryte Rzeki Restaurant, Lodz 295A Piotrkowska Str., \\u0141\\u00f3d\\u017a\\nExperience fusion flavors that will surprise even the most demanding palates\\n\\nDiscount of 10% on the entire bill on the days of the festival after giving the password KOMFORT.\\n\\n&nbsp;\\nHot Air Cafe, Lodz, 217 Piotrkowska Str., \\u0141\\u00f3d\\u017a\\nEnjoy aromatic coffee and delicious cakes in an atmospheric cafe!\\n\\nDiscount 10% on each coffee and 15% on coffee + cake set for the password KOMFORT during LDF!\\n\\n\"}},{\"@type\":\"Question\",\"name\":\"OM THAI SPA\",\"acceptedAnswer\":{\"@type\":\"Answer\",\"text\":\"Thai and Balinese massages\\n&nbsp;\\nCombined with modern design and the best quality Polish, ecological cosmetics. Come, feel and experience COMFORT at Om Thai Spa.\\n&nbsp;\\nDiscounts on the KOMFORT password, -10% on the first visit, for each massage on offer. The offer is valid on May 21-26, 2024\\n\"}}]}<\/script>","protected":false},"excerpt":{"rendered":"","protected":false},"author":4,"featured_media":32243,"parent":31346,"menu_order":0,"comment_status":"closed","ping_status":"closed","template":"","meta":{"inline_featured_image":false,"footnotes":""},"class_list":["post-35303","page","type-page","status-publish","has-post-thumbnail","hentry"],"acf":[],"yoast_head":"<!-- This site is optimized with the Yoast SEO plugin v25.0 - https:\/\/yoast.com\/wordpress\/plugins\/seo\/ -->\n<title>Info - \u0141\u00f3d\u017a Design Festival<\/title>\n<meta name=\"description\" content=\"Practical information about the upcoming edition of \u0141\u00f3d\u017a Design Festival.\" \/>\n<meta name=\"robots\" content=\"index, follow, max-snippet:-1, max-image-preview:large, max-video-preview:-1\" \/>\n<link rel=\"canonical\" href=\"https:\/\/lodzdesign.com\/en\/edition-2024\/info\/\" \/>\n<meta property=\"og:locale\" content=\"en_US\" \/>\n<meta property=\"og:type\" content=\"article\" \/>\n<meta property=\"og:title\" content=\"Info - \u0141\u00f3d\u017a Design Festival\" \/>\n<meta property=\"og:url\" content=\"https:\/\/lodzdesign.com\/en\/edition-2024\/info\/\" \/>\n<meta property=\"og:site_name\" content=\"\u0141\u00f3d\u017a Design Festival\" \/>\n<meta property=\"article:publisher\" content=\"https:\/\/www.facebook.com\/Lodz.Design\" \/>\n<meta property=\"article:modified_time\" content=\"2024-05-21T12:41:32+00:00\" \/>\n<meta property=\"og:image\" content=\"https:\/\/lodzdesign.com\/app\/uploads\/2024\/01\/LDF2024-Komfrot-feed-1.png\" \/>\n\t<meta property=\"og:image:width\" content=\"1688\" \/>\n\t<meta property=\"og:image:height\" content=\"1688\" \/>\n\t<meta property=\"og:image:type\" content=\"image\/png\" \/>\n<meta name=\"twitter:card\" content=\"summary_large_image\" \/>\n<meta name=\"twitter:image\" content=\"https:\/\/lodzdesign.com\/app\/uploads\/2024\/01\/LDF2024-Komfrot-feed-1.png\" \/>\n<script type=\"application\/ld+json\" class=\"yoast-schema-graph\">{\"@context\":\"https:\/\/schema.org\",\"@graph\":[{\"@type\":\"WebPage\",\"@id\":\"https:\/\/lodzdesign.com\/en\/edition-2024\/info\/\",\"url\":\"https:\/\/lodzdesign.com\/en\/edition-2024\/info\/\",\"name\":\"Info - \u0141\u00f3d\u017a Design Festival\",\"isPartOf\":{\"@id\":\"https:\/\/lodzdesign.com\/#website\"},\"primaryImageOfPage\":{\"@id\":\"https:\/\/lodzdesign.com\/en\/edition-2024\/info\/#primaryimage\"},\"image\":{\"@id\":\"https:\/\/lodzdesign.com\/en\/edition-2024\/info\/#primaryimage\"},\"thumbnailUrl\":\"https:\/\/lodzdesign.com\/app\/uploads\/2024\/01\/LDF2024-Komfrot-feed-1.png\",\"datePublished\":\"2024-03-28T10:33:52+00:00\",\"dateModified\":\"2024-05-21T12:41:32+00:00\",\"description\":\"Practical information about the upcoming edition of \u0141\u00f3d\u017a Design Festival.\",\"breadcrumb\":{\"@id\":\"https:\/\/lodzdesign.com\/en\/edition-2024\/info\/#breadcrumb\"},\"inLanguage\":\"en-US\",\"potentialAction\":[{\"@type\":\"ReadAction\",\"target\":[\"https:\/\/lodzdesign.com\/en\/edition-2024\/info\/\"]}]},{\"@type\":\"ImageObject\",\"inLanguage\":\"en-US\",\"@id\":\"https:\/\/lodzdesign.com\/en\/edition-2024\/info\/#primaryimage\",\"url\":\"https:\/\/lodzdesign.com\/app\/uploads\/2024\/01\/LDF2024-Komfrot-feed-1.png\",\"contentUrl\":\"https:\/\/lodzdesign.com\/app\/uploads\/2024\/01\/LDF2024-Komfrot-feed-1.png\",\"width\":1688,\"height\":1688},{\"@type\":\"BreadcrumbList\",\"@id\":\"https:\/\/lodzdesign.com\/en\/edition-2024\/info\/#breadcrumb\",\"itemListElement\":[{\"@type\":\"ListItem\",\"position\":1,\"name\":\"\u0141DF\",\"item\":\"https:\/\/lodzdesign.com\/en\/\"},{\"@type\":\"ListItem\",\"position\":2,\"name\":\"Edition 2024\",\"item\":\"https:\/\/lodzdesign.com\/en\/edition-2024\/\"},{\"@type\":\"ListItem\",\"position\":3,\"name\":\"Info\"}]},{\"@type\":\"WebSite\",\"@id\":\"https:\/\/lodzdesign.com\/#website\",\"url\":\"https:\/\/lodzdesign.com\/\",\"name\":\"\u0141\u00f3d\u017a Design Festival\",\"description\":\"Z nami odnajdziesz najlepsze wzorce! Wejd\u017a na stron\u0119 i poznaj nasze podcasty, wirtualne wystawy, przewodniki, przyk\u0142ady najlepszego polskiego designu i wiele innych\",\"publisher\":{\"@id\":\"https:\/\/lodzdesign.com\/#organization\"},\"alternateName\":\"\u0141DF\",\"potentialAction\":[{\"@type\":\"SearchAction\",\"target\":{\"@type\":\"EntryPoint\",\"urlTemplate\":\"https:\/\/lodzdesign.com\/?s={search_term_string}\"},\"query-input\":{\"@type\":\"PropertyValueSpecification\",\"valueRequired\":true,\"valueName\":\"search_term_string\"}}],\"inLanguage\":\"en-US\"},{\"@type\":\"Organization\",\"@id\":\"https:\/\/lodzdesign.com\/#organization\",\"name\":\"\u0141\u00f3d\u017a Design Festival\",\"url\":\"https:\/\/lodzdesign.com\/\",\"logo\":{\"@type\":\"ImageObject\",\"inLanguage\":\"en-US\",\"@id\":\"https:\/\/lodzdesign.com\/#\/schema\/logo\/image\/\",\"url\":\"https:\/\/lodzdesign.com\/app\/uploads\/2023\/01\/ldf-logo-2-300x76-1.webp\",\"contentUrl\":\"https:\/\/lodzdesign.com\/app\/uploads\/2023\/01\/ldf-logo-2-300x76-1.webp\",\"width\":300,\"height\":76,\"caption\":\"\u0141\u00f3d\u017a Design Festival\"},\"image\":{\"@id\":\"https:\/\/lodzdesign.com\/#\/schema\/logo\/image\/\"},\"sameAs\":[\"https:\/\/www.facebook.com\/Lodz.Design\",\"https:\/\/instagram.com\/lodzdesign\/\",\"https:\/\/www.linkedin.com\/company\/lodz-design-festival\"]}]}<\/script>\n<!-- \/ Yoast SEO plugin. -->","yoast_head_json":{"title":"Info - \u0141\u00f3d\u017a Design Festival","description":"Practical information about the upcoming edition of \u0141\u00f3d\u017a Design Festival.","robots":{"index":"index","follow":"follow","max-snippet":"max-snippet:-1","max-image-preview":"max-image-preview:large","max-video-preview":"max-video-preview:-1"},"canonical":"https:\/\/lodzdesign.com\/en\/edition-2024\/info\/","og_locale":"en_US","og_type":"article","og_title":"Info - \u0141\u00f3d\u017a Design Festival","og_url":"https:\/\/lodzdesign.com\/en\/edition-2024\/info\/","og_site_name":"\u0141\u00f3d\u017a Design Festival","article_publisher":"https:\/\/www.facebook.com\/Lodz.Design","article_modified_time":"2024-05-21T12:41:32+00:00","og_image":[{"width":1688,"height":1688,"url":"https:\/\/lodzdesign.com\/app\/uploads\/2024\/01\/LDF2024-Komfrot-feed-1.png","type":"image\/png"}],"twitter_card":"summary_large_image","twitter_image":"https:\/\/lodzdesign.com\/app\/uploads\/2024\/01\/LDF2024-Komfrot-feed-1.png","schema":{"@context":"https:\/\/schema.org","@graph":[{"@type":"WebPage","@id":"https:\/\/lodzdesign.com\/en\/edition-2024\/info\/","url":"https:\/\/lodzdesign.com\/en\/edition-2024\/info\/","name":"Info - \u0141\u00f3d\u017a Design Festival","isPartOf":{"@id":"https:\/\/lodzdesign.com\/#website"},"primaryImageOfPage":{"@id":"https:\/\/lodzdesign.com\/en\/edition-2024\/info\/#primaryimage"},"image":{"@id":"https:\/\/lodzdesign.com\/en\/edition-2024\/info\/#primaryimage"},"thumbnailUrl":"https:\/\/lodzdesign.com\/app\/uploads\/2024\/01\/LDF2024-Komfrot-feed-1.png","datePublished":"2024-03-28T10:33:52+00:00","dateModified":"2024-05-21T12:41:32+00:00","description":"Practical information about the upcoming edition of \u0141\u00f3d\u017a Design Festival.","breadcrumb":{"@id":"https:\/\/lodzdesign.com\/en\/edition-2024\/info\/#breadcrumb"},"inLanguage":"en-US","potentialAction":[{"@type":"ReadAction","target":["https:\/\/lodzdesign.com\/en\/edition-2024\/info\/"]}]},{"@type":"ImageObject","inLanguage":"en-US","@id":"https:\/\/lodzdesign.com\/en\/edition-2024\/info\/#primaryimage","url":"https:\/\/lodzdesign.com\/app\/uploads\/2024\/01\/LDF2024-Komfrot-feed-1.png","contentUrl":"https:\/\/lodzdesign.com\/app\/uploads\/2024\/01\/LDF2024-Komfrot-feed-1.png","width":1688,"height":1688},{"@type":"BreadcrumbList","@id":"https:\/\/lodzdesign.com\/en\/edition-2024\/info\/#breadcrumb","itemListElement":[{"@type":"ListItem","position":1,"name":"\u0141DF","item":"https:\/\/lodzdesign.com\/en\/"},{"@type":"ListItem","position":2,"name":"Edition 2024","item":"https:\/\/lodzdesign.com\/en\/edition-2024\/"},{"@type":"ListItem","position":3,"name":"Info"}]},{"@type":"WebSite","@id":"https:\/\/lodzdesign.com\/#website","url":"https:\/\/lodzdesign.com\/","name":"\u0141\u00f3d\u017a Design Festival","description":"Z nami odnajdziesz najlepsze wzorce! Wejd\u017a na stron\u0119 i poznaj nasze podcasty, wirtualne wystawy, przewodniki, przyk\u0142ady najlepszego polskiego designu i wiele innych","publisher":{"@id":"https:\/\/lodzdesign.com\/#organization"},"alternateName":"\u0141DF","potentialAction":[{"@type":"SearchAction","target":{"@type":"EntryPoint","urlTemplate":"https:\/\/lodzdesign.com\/?s={search_term_string}"},"query-input":{"@type":"PropertyValueSpecification","valueRequired":true,"valueName":"search_term_string"}}],"inLanguage":"en-US"},{"@type":"Organization","@id":"https:\/\/lodzdesign.com\/#organization","name":"\u0141\u00f3d\u017a Design Festival","url":"https:\/\/lodzdesign.com\/","logo":{"@type":"ImageObject","inLanguage":"en-US","@id":"https:\/\/lodzdesign.com\/#\/schema\/logo\/image\/","url":"https:\/\/lodzdesign.com\/app\/uploads\/2023\/01\/ldf-logo-2-300x76-1.webp","contentUrl":"https:\/\/lodzdesign.com\/app\/uploads\/2023\/01\/ldf-logo-2-300x76-1.webp","width":300,"height":76,"caption":"\u0141\u00f3d\u017a Design Festival"},"image":{"@id":"https:\/\/lodzdesign.com\/#\/schema\/logo\/image\/"},"sameAs":["https:\/\/www.facebook.com\/Lodz.Design","https:\/\/instagram.com\/lodzdesign\/","https:\/\/www.linkedin.com\/company\/lodz-design-festival"]}]}},"_links":{"self":[{"href":"https:\/\/lodzdesign.com\/en\/wp-json\/wp\/v2\/pages\/35303","targetHints":{"allow":["GET"]}}],"collection":[{"href":"https:\/\/lodzdesign.com\/en\/wp-json\/wp\/v2\/pages"}],"about":[{"href":"https:\/\/lodzdesign.com\/en\/wp-json\/wp\/v2\/types\/page"}],"author":[{"embeddable":true,"href":"https:\/\/lodzdesign.com\/en\/wp-json\/wp\/v2\/users\/4"}],"replies":[{"embeddable":true,"href":"https:\/\/lodzdesign.com\/en\/wp-json\/wp\/v2\/comments?post=35303"}],"version-history":[{"count":26,"href":"https:\/\/lodzdesign.com\/en\/wp-json\/wp\/v2\/pages\/35303\/revisions"}],"predecessor-version":[{"id":40706,"href":"https:\/\/lodzdesign.com\/en\/wp-json\/wp\/v2\/pages\/35303\/revisions\/40706"}],"up":[{"embeddable":true,"href":"https:\/\/lodzdesign.com\/en\/wp-json\/wp\/v2\/pages\/31346"}],"wp:featuredmedia":[{"embeddable":true,"href":"https:\/\/lodzdesign.com\/en\/wp-json\/wp\/v2\/media\/32243"}],"wp:attachment":[{"href":"https:\/\/lodzdesign.com\/en\/wp-json\/wp\/v2\/media?parent=35303"}],"curies":[{"name":"wp","href":"https:\/\/api.w.org\/{rel}","templated":true}]}}