{"id":3980,"date":"2025-01-17T18:44:06","date_gmt":"2025-01-17T17:44:06","guid":{"rendered":"https:\/\/lodzdesign.com\/for-press\/"},"modified":"2025-01-22T11:56:30","modified_gmt":"2025-01-22T10:56:30","slug":"for-press","status":"publish","type":"page","link":"https:\/\/lodzdesign.com\/en\/about-us\/for-press\/","title":{"rendered":"For Press"},"content":{"rendered":"\n\n<div class=\"breadcrumbs container\" role=\"navigation\">\n\n                <p>\n                <span>\n                    <span>\n                                                    <a href=\"https:\/\/lodzdesign.com\/en\/\" target=\"\">\u0141DF<\/a>\n                            \/\n                                                    <a href=\"https:\/\/lodzdesign.com\/en\/about-us\/\" target=\"\">About us<\/a>\n                            \/\n                        \n                        <strong class=\"breadcrumb_last\" aria-current=\"page\"><\/strong>\n                    <\/span>\n                <\/span>\n            <\/p>\n    <\/div>\n\n\n\n<div class=\"ldf-heading-block container\">\n\n    <div class=\"ldf-heading-block__inner-part\">\n\n        <div class=\"ldf-heading-block__left-part\">\n            <h1>\n                For Press\n            <\/h1>\n\n                    <\/div>\n\n    <\/div>\n\n<\/div>\n\n\n\n<div class=\"ldf-contact-block container\">\n    <div class=\"single-contact-row\">\n                    <a href=\"mailto:a.kietla@lodzdesign.com\" target=\"_blank\" class=\"single-contact single-contact-active\">\n                <div>\n                    <span class=\"thin-arrow\"><\/span>\n                    <h3>Aleksandra Kietla<\/h3>\n                <\/div>\n                <div>\n                    <p>\n                        spokesperson \u0141DF<br>\r\n693 860 022<br>\r\na.kietla@lodzdesign.com\n                    <\/p>\n                <\/div>\n            <\/a>\n                        <\/div>\n<\/div>\n\n\n\n<div class=\"ldf-content-block container\">\n    <p>&nbsp;<\/p>\n<hr \/>\n<p>&nbsp;<\/p>\n<h3><strong>\u0141\u00d3D\u0179 DESIGN FESTIVAL<\/strong><\/h3>\n<h3><strong>20-25.05.2025<\/strong><\/h3>\n<p>&nbsp;<\/p>\n<p>We have officially launched <strong>applications<\/strong> <strong>for<\/strong> three flagship projects of <strong>\u0141\u00f3d\u017a Design Festival 2025<\/strong> ? <strong>make me!<\/strong>, <strong>must have<\/strong>, and <strong>open programme<\/strong>. This is a unique opportunity to showcase your ideas to an international audience during the <strong>19th edition of \u0141DF<\/strong>, which will take place <strong>from May 20 to May 25<\/strong>, 2025, in \u0141\u00f3d\u017a, <strong>Poland<\/strong>.<\/p>\n<p>&nbsp;<\/p>\n<p><strong>Key dates:<\/strong><\/p>\n<ul>\n<li><strong>open programme:<\/strong> Apply by February 15, 2025<\/li>\n<li><strong>must have plebiscite:<\/strong> Apply by February 28, 2025<\/li>\n<li><strong>make me! competition:<\/strong> Apply by April 1, 2025<\/li>\n<li><strong>\u0141\u00f3d\u017a Design Festival:<\/strong> May 20?25, 2025<\/li>\n<\/ul>\n<p>&nbsp;<\/p>\n<p><strong>Downloadable materials:<\/strong><\/p>\n<ul>\n<li><strong>press release<\/strong> with details about each project <a href=\"https:\/\/lodzdesign.com\/app\/uploads\/2025\/01\/LDF2025-?-Apply-Now-and-Showcase-Your-Work_press-release.docx\">DOWNLOAD<\/a><\/li>\n<li><strong>Graphics<\/strong> illustrating each of the projects <a href=\"https:\/\/lodzdesign.com\/app\/uploads\/2025\/01\/LDF2025-?-Apply-Now-and-Showcase-Your-Work_graphis.zip\">DOWNLOAD<\/a><\/li>\n<li><strong>Photo gallery<\/strong> from past editions of \u0141\u00f3d\u017a Design Festival <a href=\"https:\/\/www.flickr.com\/photos\/lodzdesignfestival\/albums\/\">DOWNLOAD<\/a><\/li>\n<\/ul>\n<p>&nbsp;<\/p>\n<hr \/>\n<p>&nbsp;<\/p>\n<h3><strong>ARCHIVE<\/strong><\/h3>\n<p>&nbsp;<\/p>\n<p>Explore previous editions and highlights of \u0141\u00f3d\u017a Design Festival.<\/p>\n<ul>\n<li>Polish Job 2.0 exhibition at Dutch Design Week: press release <a href=\"https:\/\/lodzdesign.com\/app\/uploads\/2024\/09\/Polish-Job-2.0-press-release_EN-1.docx\">DOWNLOAD<\/a>, list of objects <a href=\"https:\/\/lodzdesign.com\/app\/uploads\/2024\/09\/Polish-Job-2.0-list-of-objects-1.docx\">DOWNLOAD<\/a>, graphics <a href=\"https:\/\/lodzdesign.com\/app\/uploads\/2024\/10\/Polish-Job-2.0_graphics-1.zip\">DOWNLOAD <\/a>(13,27 MB), photos <a href=\"https:\/\/lodzdesign.com\/app\/uploads\/2024\/09\/Polish-Job-2.0_zdjecia-produktow_compressed.zip\">DOWNLOAD<\/a> (23,19 MB)<\/li>\n<li><span class=\"s1\">?Nitka? ? art installation: press release <a href=\"https:\/\/lodzdesign.com\/app\/uploads\/2024\/09\/Nitka-?-art-installation_press-release.docx\">DOWNLOAD<\/a>, vertical visualization <a href=\"https:\/\/lodzdesign.com\/app\/uploads\/2024\/08\/nitka_wizualizacja_3375x6000-px.png\">DOWNLOAD<\/a> (12.53 MB) and square <a href=\"https:\/\/lodzdesign.com\/app\/uploads\/2024\/08\/nitka_wizualizacja_3375x3375-px.png\">DOWNLOAD<\/a> (8,5 MB)<\/span><\/li>\n<\/ul>\n<p>&nbsp;<\/p>\n<p><strong>\u0141\u00d3D\u0179 DESIGN FESTIVAL | 21-26.05.2024 | COMFORT<\/strong><\/p>\n<ul>\n<li>Rediscovering comfort. Dates and motto of \u0141DF2024 <span class=\"s1\">?<\/span> press release (22.01.2024) <a href=\"https:\/\/lodzdesign.com\/app\/uploads\/2024\/02\/LDF2024_Rediscovering-comfort_dates-and-motto.docx\">DOWNLOAD<\/a><\/li>\n<li>poster of \u0141DF2024 (0,5 MB) <a href=\"https:\/\/lodzdesign.com\/app\/uploads\/2024\/01\/LDF24_KOMFORT_plakat.zip\">DOWNLOAD<\/a><\/li>\n<li>video 30 s of \u0141DF2024, horizontal (31,3 MB) <a href=\"https:\/\/lodzdesign.com\/app\/uploads\/2024\/01\/LDF2024_wideo-30s_poziom_light.mp4\">DOWNLOAD<\/a> | <a href=\"https:\/\/youtu.be\/kmvmWEXp4u4?feature=shared\">WATCH<\/a><\/li>\n<li>video 30 s of \u0141DF2024, vertical (31,2 MB) <a href=\"https:\/\/lodzdesign.com\/app\/uploads\/2024\/01\/LDF2024_wideo-30s_pion_light.mp4\">DOWNLOAD<\/a> | <a href=\"https:\/\/youtube.com\/shorts\/aQqIW2WpMB4?feature=shared\">WATCH<\/a><\/li>\n<li>make me! contest <span class=\"s1\">?<\/span> open call till 05.04.2024 <a href=\"https:\/\/lodzdesign.com\/en\/open-call-to-make-me-2024\/\">MORE<\/a><\/li>\n<li>make me! contest <span class=\"s1\">?<\/span> grahics (24,5 MB) <a href=\"https:\/\/lodzdesign.com\/app\/uploads\/2024\/02\/LDF2024_make-me_graphics.zip\">DOWNLOAD<\/a><\/li>\n<li>must have plebiscyte <span class=\"s1\">?<\/span> open call till 15.02.2024 <a href=\"https:\/\/lodzdesign.com\/en\/last-days-for-applications-for-must-have-2024\/\">MORE<\/a><\/li>\n<li>must have plebiscyte <span class=\"s1\">?<\/span> graphic (29,5 MB) <a href=\"https:\/\/lodzdesign.com\/app\/uploads\/2024\/02\/LDF2024_must-have_graphics.zip\">DOWNLOAD<\/a><\/li>\n<li>open programme\u00a0 <span class=\"s1\">?<\/span> open call till 15.03.2024 <a href=\"https:\/\/lodzdesign.com\/open-programme-2024\/\">MORE<\/a><\/li>\n<li>open programme <span class=\"s1\">?<\/span> graphics (25,4 MB) <a href=\"https:\/\/lodzdesign.com\/app\/uploads\/2024\/02\/LDF2024_open-programme_graphics.zip\">DOWNLOAD<\/a><\/li>\n<\/ul>\n<p>&nbsp;<\/p>\n\n<\/div>\n\n\n\n<div class=\"ldf-content-block container\">\n    <p>&nbsp;<\/p>\n<hr \/>\n<p>&nbsp;<\/p>\n<h3><strong>GENERAL INFORMATION ABOUT \u0141\u00d3D\u0179 DESIGN FESTIVAL<\/strong><\/h3>\n<p>&nbsp;<\/p>\n<p class=\"p2\"><span class=\"s1\">\u0141\u00f3d\u017a Design Festival (LDF) is an idea, people, action. The festival was created in 2007, adopting at its beginning a formula for reviewing the achievements of Polish design. Thanks to the dialogue with recipients from the very beginning, the festival program was enriched with new elements until it reached the current shape, which includes: make me! &#8211; competition for young designers; &#8216;must have&#8217; plebiscite &#8211; selection of the best Polish implementations; Educreation &#8211; an educational zone for children.<\/span><\/p>\n<p>&nbsp;<\/p>\n<p class=\"p2\"><span class=\"s1\">\u0141DF is currently the most important design-related event in Central and Eastern Europe. It presents design in its various guises &#8211; from industrial design, through art and craft design, graphic design, architecture, service design, to fashion. It brings together people who, thanks to an open mind and commitment, take up various challenges, who have the courage to design and change the environment for the better.<\/span><\/p>\n<p>&nbsp;<\/p>\n<blockquote>\n<h3 class=\"p1\"><em><span class=\"s1\">During the previous editions, the Festival was visited by over 660.000 people from all over the world (data for the period 2007-2023).<\/span><\/em><\/h3>\n<p>&nbsp;<\/p><\/blockquote>\n<p class=\"p1\"><strong><span class=\"s1\">19th edition of the \u0141\u00f3d\u017a Design Festival will take place on May 20-25, 2025.<\/span><\/strong><\/p>\n\n<\/div>\n\n\n\n<div class=\"ldf-button-block container\">\n            <a href=\"https:\/\/lodzdesign.com\/en\/about-us\/\" target=\"\">\n            HISTORY OF THE FESTIVAL\n                            <span class=\"ldf-chevron ldf-chevron-right\"><\/span>\n                    <\/a>\n            <a href=\"https:\/\/www.flickr.com\/photos\/lodzdesignfestival\/albums\" target=\"_blank\">\n            PHOTO REPORTS FROM LAST EDITIONS\n                            <span class=\"ldf-chevron ldf-chevron-right\"><\/span>\n                    <\/a>\n    <\/div>\n\n\n\n<div class=\"ldf-content-block container\">\n    <hr \/>\n<p>&nbsp;<\/p>\n<p><strong>GENERAL INFORMATION ABOUT MAKE ME! COMPETITION<\/strong><\/p>\n<p>&nbsp;<\/p>\n<p class=\"p2\"><span class=\"s1\">The international make me! competition is one of the most influential and innovative events in the field of product design in Europe and a key event of the \u0141\u00f3d\u017a Design Festival. The key purpose of the contest is to identify new trends, brave ideas and support those young people(25-30 years old) who are ready to compete and come up with interesting ideas. The finalists of previous editions emphasize the new opportunities opened to them: presence at additional exhibitions and mentions in publications. Consequently, they get better recognition and an easier start in the design community. The competition, which has been carried out since 2008, is addressed to designers, makers, students and graduates, especially from art and design disciplines. To all those that are impulsively triggered to design when noticing a need or problem. In make me! projects that experiment with material or seek new interpretations of existing functions are also awarded. Submitted works are evaluated in two stages by a specially-selected jury with diversified interests. Thanks to the presentation of projects at the exhibition open to the public and contacts with experts, make me! can be a springboard for further professional development.<\/span><\/p>\n<p>&nbsp;<\/p>\n<p class=\"p2\"><strong>Applications are now open for the 18th edition of the make me! competition, with submissions accepted until April 1, 2025. Winners will be announced during the 19th edition of the \u0141\u00f3d\u017a Design Festival, taking place from May 20 to May 25, 2025. The prize pool for the make me! Design Awards 2025 is an impressive PLN 50,000!<\/strong><\/p>\n<p>&nbsp;<\/p>\n<p class=\"p2\"><span class=\"s1\">Information about the prizes, the Jury, awarded so far, the application form and others can be found on the competition website.<\/span><\/p>\n\n<\/div>\n\n\n\n<div class=\"ldf-button-block container\">\n            <a href=\"https:\/\/lodzdesign.com\/en\/makeme\/\" target=\"\">\n            LEARN MORE ABOUT MAKE ME!\n                            <span class=\"ldf-chevron ldf-chevron-right\"><\/span>\n                    <\/a>\n    <\/div>\n\n\n\n<div class=\"ldf-content-block container\">\n    <hr \/>\n<p>&nbsp;<\/p>\n<p><strong>GENERAL INFORMATION ABOUT MUST HAVE PLEBISCITE<\/strong><\/p>\n<p>&nbsp;<\/p>\n<p class=\"p1\"><span class=\"s1\">must have plebiscite has been organized by \u0141\u00f3d\u017a Design Festival since 2011 to honor the best innovations by Polish designers and manufactures. It is a free-of-charge quality mark that can be used by Polish companies in Poland and abroad. It was established to raise awareness of quality Polish design and to promote the best businesses and designers at the top of the Polish design field. must have is a unique consumer endorsement and the most popular media event in the Polish creative sector. must have is the leading independent quality mark awarded to superior Polish products each year. Its goal is to support the creative sector through comprehensive promotion of products based on cooperation between leading manufacturers and designers. Applications for the plebiscite can be submitted free of charge via the form available at plebiscite website. Nominations based on a market review are also made by the Board of Experts, whose main task is to carry out the final evaluation of all submissions.<\/span><\/p>\n<p>&nbsp;<\/p>\n<p><strong>Applications are now open for the 15th edition of the must have plebiscite, with submissions accepted until February 28, 2025. The accompanying exhibition will be showcased during the 19th edition of the \u0141\u00f3d\u017a Design Festival, taking place from May 20 to May 25, 2025.<\/strong><\/p>\n<p>&nbsp;<\/p>\n<p class=\"p1\"><span class=\"s1\">Information on the rules of recruitment, the Board of Experts, the distinguished list, application form and others can be found on the plebiscite&#8217;s website.<\/span><\/p>\n\n<\/div>\n\n\n\n<div class=\"ldf-button-block container\">\n            <a href=\"https:\/\/lodzdesign.com\/en\/musthave\/\" target=\"\">\n            LEARN MORE ABOUT MUST HAVE\n                            <span class=\"ldf-chevron ldf-chevron-right\"><\/span>\n                    <\/a>\n    <\/div>\n\n\n\n<div class=\"ldf-content-block container\">\n    <hr \/>\n<p>&nbsp;<\/p>\n<p class=\"p1\"><strong>GENERAL INFORMATION ABOUT OPEN PROGRAM &#8211; RECRUITMENT TO THE \u0141DF PROGRAMME<\/strong><\/p>\n<p>&nbsp;<\/p>\n<p class=\"p1\"><span class=\"s1\">The recruitment is directed primarily to representatives of institutions, curators, artists and designers, as well as design studios and companies &#8211; to anyone who wants to show the effects of their creative work to the festival audience. open program is a place for interesting, original activities that will enrich the festival program; Here you can submit activities such as: exhibition, art installation, product premiere, workshop, lecture, meeting with authors, city activities (e.g. theme walks, games, outdoor film screenings), competition proposals and others. We will carry out selected activities together at the Festival Center or in accompanying spaces (museums, galleries, showrooms, institutions supporting culture&#8230;).<\/span><\/p>\n<p>&nbsp;<\/p>\n<p class=\"p1\"><strong>Applications for the open programme are open year-round, but if you want to participate in the upcoming 19th edition of the \u0141\u00f3d\u017a Design Festival, taking place from May 20 to May 25, 2025, be sure to submit your application by February 15, 2025<\/strong>.<\/p>\n<p>&nbsp;<\/p>\n<p class=\"p1\"><span class=\"s1\">Information on the rules of recruitment and the application form are available on our website<\/span><\/p>\n\n<\/div>\n\n\n\n<div class=\"ldf-button-block container\">\n            <a href=\"https:\/\/lodzdesign.com\/en\/open-programme\/\" target=\"\">\n            LEARN MORE ABOUT OPEN PROGRAMME\n                            <span class=\"ldf-chevron ldf-chevron-right\"><\/span>\n                    <\/a>\n    <\/div>\n\n\n\n<div class=\"ldf-content-block container\">\n    <h3><\/h3>\n<hr \/>\n<p>&nbsp;<\/p>\n<h3>DO YOU WANNA BE UP TO DATE? SUBSCRIBE TO OUR NEWSLETTER FOR JOURNALISTS<\/h3>\n<p><script type=\"text\/javascript\" src=\"https:\/\/app.getresponse.com\/view_webform_v2.js?u=tupYS&#038;webforms_id=G36SF\" data-webform-id=\"G36SF\"><\/script><\/p>\n\n<\/div>","protected":false},"excerpt":{"rendered":"","protected":false},"author":3,"featured_media":75631,"parent":3965,"menu_order":0,"comment_status":"closed","ping_status":"closed","template":"","meta":{"inline_featured_image":false,"footnotes":""},"class_list":["post-3980","page","type-page","status-publish","has-post-thumbnail","hentry"],"acf":[],"yoast_head":"<!-- This site is optimized with the Yoast SEO plugin v25.0 - https:\/\/yoast.com\/wordpress\/plugins\/seo\/ -->\n<title>For Press - \u0141\u00f3d\u017a Design Festival<\/title>\n<meta name=\"description\" content=\"Media Materials: Press releases, graphics, and information about \u0141\u00f3d\u017a Design Festival 2025 all in one place!\" \/>\n<meta name=\"robots\" content=\"index, follow, max-snippet:-1, max-image-preview:large, max-video-preview:-1\" \/>\n<link rel=\"canonical\" href=\"https:\/\/lodzdesign.com\/en\/about-us\/for-press\/\" \/>\n<meta property=\"og:locale\" content=\"en_US\" \/>\n<meta property=\"og:type\" content=\"article\" \/>\n<meta property=\"og:title\" content=\"For Press - \u0141\u00f3d\u017a Design Festival\" \/>\n<meta property=\"og:url\" content=\"https:\/\/lodzdesign.com\/en\/about-us\/for-press\/\" \/>\n<meta property=\"og:site_name\" content=\"\u0141\u00f3d\u017a Design Festival\" \/>\n<meta property=\"article:publisher\" content=\"https:\/\/www.facebook.com\/Lodz.Design\" \/>\n<meta property=\"article:modified_time\" content=\"2025-01-22T10:56:30+00:00\" \/>\n<meta property=\"og:image\" content=\"https:\/\/lodzdesign.com\/app\/uploads\/2025\/01\/LDF2025-save-the-date.png\" \/>\n\t<meta property=\"og:image:width\" content=\"800\" \/>\n\t<meta property=\"og:image:height\" content=\"800\" \/>\n\t<meta property=\"og:image:type\" content=\"image\/jpeg\" \/>\n<meta name=\"twitter:card\" content=\"summary_large_image\" \/>\n<meta name=\"twitter:image\" content=\"https:\/\/lodzdesign.com\/app\/uploads\/2025\/01\/LDF2025-save-the-date.png\" \/>\n<meta name=\"twitter:label1\" content=\"Est. reading time\" \/>\n\t<meta name=\"twitter:data1\" content=\"1 minute\" \/>\n<script type=\"application\/ld+json\" class=\"yoast-schema-graph\">{\"@context\":\"https:\/\/schema.org\",\"@graph\":[{\"@type\":\"WebPage\",\"@id\":\"https:\/\/lodzdesign.com\/en\/about-us\/for-press\/\",\"url\":\"https:\/\/lodzdesign.com\/en\/about-us\/for-press\/\",\"name\":\"For Press - \u0141\u00f3d\u017a Design Festival\",\"isPartOf\":{\"@id\":\"https:\/\/lodzdesign.com\/#website\"},\"primaryImageOfPage\":{\"@id\":\"https:\/\/lodzdesign.com\/en\/about-us\/for-press\/#primaryimage\"},\"image\":{\"@id\":\"https:\/\/lodzdesign.com\/en\/about-us\/for-press\/#primaryimage\"},\"thumbnailUrl\":\"https:\/\/lodzdesign.com\/app\/uploads\/2025\/01\/LDF2025-save-the-date.png\",\"datePublished\":\"2025-01-17T17:44:06+00:00\",\"dateModified\":\"2025-01-22T10:56:30+00:00\",\"description\":\"Media Materials: Press releases, graphics, and information about \u0141\u00f3d\u017a Design Festival 2025 all in one place!\",\"breadcrumb\":{\"@id\":\"https:\/\/lodzdesign.com\/en\/about-us\/for-press\/#breadcrumb\"},\"inLanguage\":\"en-US\",\"potentialAction\":[{\"@type\":\"ReadAction\",\"target\":[\"https:\/\/lodzdesign.com\/en\/about-us\/for-press\/\"]}]},{\"@type\":\"ImageObject\",\"inLanguage\":\"en-US\",\"@id\":\"https:\/\/lodzdesign.com\/en\/about-us\/for-press\/#primaryimage\",\"url\":\"https:\/\/lodzdesign.com\/app\/uploads\/2025\/01\/LDF2025-save-the-date.png\",\"contentUrl\":\"https:\/\/lodzdesign.com\/app\/uploads\/2025\/01\/LDF2025-save-the-date.png\",\"width\":2500,\"height\":1308},{\"@type\":\"BreadcrumbList\",\"@id\":\"https:\/\/lodzdesign.com\/en\/about-us\/for-press\/#breadcrumb\",\"itemListElement\":[{\"@type\":\"ListItem\",\"position\":1,\"name\":\"\u0141DF\",\"item\":\"https:\/\/lodzdesign.com\/en\/\"},{\"@type\":\"ListItem\",\"position\":2,\"name\":\"About us\",\"item\":\"https:\/\/lodzdesign.com\/en\/about-us\/\"},{\"@type\":\"ListItem\",\"position\":3,\"name\":\"For Press\"}]},{\"@type\":\"WebSite\",\"@id\":\"https:\/\/lodzdesign.com\/#website\",\"url\":\"https:\/\/lodzdesign.com\/\",\"name\":\"\u0141\u00f3d\u017a Design Festival\",\"description\":\"Z nami odnajdziesz najlepsze wzorce! Wejd\u017a na stron\u0119 i poznaj nasze podcasty, wirtualne wystawy, przewodniki, przyk\u0142ady najlepszego polskiego designu i wiele innych\",\"publisher\":{\"@id\":\"https:\/\/lodzdesign.com\/#organization\"},\"alternateName\":\"\u0141DF\",\"potentialAction\":[{\"@type\":\"SearchAction\",\"target\":{\"@type\":\"EntryPoint\",\"urlTemplate\":\"https:\/\/lodzdesign.com\/?s={search_term_string}\"},\"query-input\":{\"@type\":\"PropertyValueSpecification\",\"valueRequired\":true,\"valueName\":\"search_term_string\"}}],\"inLanguage\":\"en-US\"},{\"@type\":\"Organization\",\"@id\":\"https:\/\/lodzdesign.com\/#organization\",\"name\":\"\u0141\u00f3d\u017a Design Festival\",\"url\":\"https:\/\/lodzdesign.com\/\",\"logo\":{\"@type\":\"ImageObject\",\"inLanguage\":\"en-US\",\"@id\":\"https:\/\/lodzdesign.com\/#\/schema\/logo\/image\/\",\"url\":\"https:\/\/lodzdesign.com\/app\/uploads\/2023\/01\/ldf-logo-2-300x76-1.webp\",\"contentUrl\":\"https:\/\/lodzdesign.com\/app\/uploads\/2023\/01\/ldf-logo-2-300x76-1.webp\",\"width\":300,\"height\":76,\"caption\":\"\u0141\u00f3d\u017a Design Festival\"},\"image\":{\"@id\":\"https:\/\/lodzdesign.com\/#\/schema\/logo\/image\/\"},\"sameAs\":[\"https:\/\/www.facebook.com\/Lodz.Design\",\"https:\/\/instagram.com\/lodzdesign\/\",\"https:\/\/www.linkedin.com\/company\/lodz-design-festival\"]}]}<\/script>\n<!-- \/ Yoast SEO plugin. -->","yoast_head_json":{"title":"For Press - \u0141\u00f3d\u017a Design Festival","description":"Media Materials: Press releases, graphics, and information about \u0141\u00f3d\u017a Design Festival 2025 all in one place!","robots":{"index":"index","follow":"follow","max-snippet":"max-snippet:-1","max-image-preview":"max-image-preview:large","max-video-preview":"max-video-preview:-1"},"canonical":"https:\/\/lodzdesign.com\/en\/about-us\/for-press\/","og_locale":"en_US","og_type":"article","og_title":"For Press - \u0141\u00f3d\u017a Design Festival","og_url":"https:\/\/lodzdesign.com\/en\/about-us\/for-press\/","og_site_name":"\u0141\u00f3d\u017a Design Festival","article_publisher":"https:\/\/www.facebook.com\/Lodz.Design","article_modified_time":"2025-01-22T10:56:30+00:00","og_image":[{"width":800,"height":800,"url":"https:\/\/lodzdesign.com\/app\/uploads\/2025\/01\/LDF2025-save-the-date.png","type":"image\/jpeg"}],"twitter_card":"summary_large_image","twitter_image":"https:\/\/lodzdesign.com\/app\/uploads\/2025\/01\/LDF2025-save-the-date.png","twitter_misc":{"Est. reading time":"1 minute"},"schema":{"@context":"https:\/\/schema.org","@graph":[{"@type":"WebPage","@id":"https:\/\/lodzdesign.com\/en\/about-us\/for-press\/","url":"https:\/\/lodzdesign.com\/en\/about-us\/for-press\/","name":"For Press - \u0141\u00f3d\u017a Design Festival","isPartOf":{"@id":"https:\/\/lodzdesign.com\/#website"},"primaryImageOfPage":{"@id":"https:\/\/lodzdesign.com\/en\/about-us\/for-press\/#primaryimage"},"image":{"@id":"https:\/\/lodzdesign.com\/en\/about-us\/for-press\/#primaryimage"},"thumbnailUrl":"https:\/\/lodzdesign.com\/app\/uploads\/2025\/01\/LDF2025-save-the-date.png","datePublished":"2025-01-17T17:44:06+00:00","dateModified":"2025-01-22T10:56:30+00:00","description":"Media Materials: Press releases, graphics, and information about \u0141\u00f3d\u017a Design Festival 2025 all in one place!","breadcrumb":{"@id":"https:\/\/lodzdesign.com\/en\/about-us\/for-press\/#breadcrumb"},"inLanguage":"en-US","potentialAction":[{"@type":"ReadAction","target":["https:\/\/lodzdesign.com\/en\/about-us\/for-press\/"]}]},{"@type":"ImageObject","inLanguage":"en-US","@id":"https:\/\/lodzdesign.com\/en\/about-us\/for-press\/#primaryimage","url":"https:\/\/lodzdesign.com\/app\/uploads\/2025\/01\/LDF2025-save-the-date.png","contentUrl":"https:\/\/lodzdesign.com\/app\/uploads\/2025\/01\/LDF2025-save-the-date.png","width":2500,"height":1308},{"@type":"BreadcrumbList","@id":"https:\/\/lodzdesign.com\/en\/about-us\/for-press\/#breadcrumb","itemListElement":[{"@type":"ListItem","position":1,"name":"\u0141DF","item":"https:\/\/lodzdesign.com\/en\/"},{"@type":"ListItem","position":2,"name":"About us","item":"https:\/\/lodzdesign.com\/en\/about-us\/"},{"@type":"ListItem","position":3,"name":"For Press"}]},{"@type":"WebSite","@id":"https:\/\/lodzdesign.com\/#website","url":"https:\/\/lodzdesign.com\/","name":"\u0141\u00f3d\u017a Design Festival","description":"Z nami odnajdziesz najlepsze wzorce! Wejd\u017a na stron\u0119 i poznaj nasze podcasty, wirtualne wystawy, przewodniki, przyk\u0142ady najlepszego polskiego designu i wiele innych","publisher":{"@id":"https:\/\/lodzdesign.com\/#organization"},"alternateName":"\u0141DF","potentialAction":[{"@type":"SearchAction","target":{"@type":"EntryPoint","urlTemplate":"https:\/\/lodzdesign.com\/?s={search_term_string}"},"query-input":{"@type":"PropertyValueSpecification","valueRequired":true,"valueName":"search_term_string"}}],"inLanguage":"en-US"},{"@type":"Organization","@id":"https:\/\/lodzdesign.com\/#organization","name":"\u0141\u00f3d\u017a Design Festival","url":"https:\/\/lodzdesign.com\/","logo":{"@type":"ImageObject","inLanguage":"en-US","@id":"https:\/\/lodzdesign.com\/#\/schema\/logo\/image\/","url":"https:\/\/lodzdesign.com\/app\/uploads\/2023\/01\/ldf-logo-2-300x76-1.webp","contentUrl":"https:\/\/lodzdesign.com\/app\/uploads\/2023\/01\/ldf-logo-2-300x76-1.webp","width":300,"height":76,"caption":"\u0141\u00f3d\u017a Design Festival"},"image":{"@id":"https:\/\/lodzdesign.com\/#\/schema\/logo\/image\/"},"sameAs":["https:\/\/www.facebook.com\/Lodz.Design","https:\/\/instagram.com\/lodzdesign\/","https:\/\/www.linkedin.com\/company\/lodz-design-festival"]}]}},"_links":{"self":[{"href":"https:\/\/lodzdesign.com\/en\/wp-json\/wp\/v2\/pages\/3980","targetHints":{"allow":["GET"]}}],"collection":[{"href":"https:\/\/lodzdesign.com\/en\/wp-json\/wp\/v2\/pages"}],"about":[{"href":"https:\/\/lodzdesign.com\/en\/wp-json\/wp\/v2\/types\/page"}],"author":[{"embeddable":true,"href":"https:\/\/lodzdesign.com\/en\/wp-json\/wp\/v2\/users\/3"}],"replies":[{"embeddable":true,"href":"https:\/\/lodzdesign.com\/en\/wp-json\/wp\/v2\/comments?post=3980"}],"version-history":[{"count":114,"href":"https:\/\/lodzdesign.com\/en\/wp-json\/wp\/v2\/pages\/3980\/revisions"}],"predecessor-version":[{"id":75781,"href":"https:\/\/lodzdesign.com\/en\/wp-json\/wp\/v2\/pages\/3980\/revisions\/75781"}],"up":[{"embeddable":true,"href":"https:\/\/lodzdesign.com\/en\/wp-json\/wp\/v2\/pages\/3965"}],"wp:featuredmedia":[{"embeddable":true,"href":"https:\/\/lodzdesign.com\/en\/wp-json\/wp\/v2\/media\/75631"}],"wp:attachment":[{"href":"https:\/\/lodzdesign.com\/en\/wp-json\/wp\/v2\/media?parent=3980"}],"curies":[{"name":"wp","href":"https:\/\/api.w.org\/{rel}","templated":true}]}}