{"id":3986,"date":"2023-01-23T16:48:28","date_gmt":"2023-01-23T15:48:28","guid":{"rendered":"https:\/\/lodzdesign.com\/edition-2023\/"},"modified":"2023-03-22T11:45:46","modified_gmt":"2023-03-22T10:45:46","slug":"edition-2023","status":"publish","type":"page","link":"https:\/\/lodzdesign.com\/en\/edition-2023\/","title":{"rendered":"Edition 2023"},"content":{"rendered":"\n\n<div class=\"breadcrumbs container\" role=\"navigation\">\n\n                <p>\n                <span>\n                    <span>\n                                                    <a href=\"https:\/\/lodzdesign.com\/en\/\" target=\"\">\u0141DF<\/a>\n                            \/\n                        \n                        <strong class=\"breadcrumb_last\" aria-current=\"page\"><\/strong>\n                    <\/span>\n                <\/span>\n            <\/p>\n    <\/div>\n\n\n\n<div class=\"ldf-heading-block container\">\n\n    <div class=\"ldf-heading-block__inner-part\">\n\n        <div class=\"ldf-heading-block__left-part\">\n            <h1>\n                Edition 2023\n            <\/h1>\n\n                    <\/div>\n\n    <\/div>\n\n<\/div>\n\n\n\n<div class=\"ldf-content-block container\">\n    <p class=\"p3\"><b>Instead of just predicting the future, can we try to design it? And how can visions of the future change our present? &#8211; These are the questions that we will ask during this year&#8217;s edition of \u0141\u00f3d\u017a Design Festival, which will be held from May 18-28. The motto of the upcoming edition of \u0141DF is &#8220;Future Perfect&#8221;!<\/b><\/p>\n<p>&nbsp;<\/p>\n<p class=\"p5\">\u0141\u00f3d\u017a Design Festival is a unique event that brings together designers and manufacturers associated with the creative industry, as well as all lovers of good design. Organized since 2007, it creates a forum for designers and companies to exchange experiences and aims to discover and promote young talents and present the directions of design development to a wide audience. It includes such competitions as must have, which recognizes the best Polish products, and make me!, which aims to promote young, talented designers from all around the world. A regular part of the festival is also Archiblok, during which architecture and urban planning experts present the most interesting aspects of their professional work, to be later joined in a captivating discussion. Lodz Design Festival is also an opportunity to submit your own proposals to the festival program. It is given by the open programme, thanks to which individual artists, but also institutions, associations, foundations, schools, galleries etc. can send their own ideas.<\/p>\n<p>&nbsp;<\/p>\n<p class=\"p5\">These regular program elements which already became a trademarks of \u0141DF will also be a part of this year&#8217;s edition of the event. In addition to them, the idea behind each edition of Lodz Design Festival and the exhibitions presented during it is expressed by the motto announced each year. This year it is &#8220;Future Perfect&#8221;!<\/p>\n<p>&nbsp;<\/p>\n<p class=\"p5\"><b>&#8220;Future Perfect&#8221; &#8211; the motto of this year&#8217;s \u0141DF<\/b><\/p>\n<p>&nbsp;<\/p>\n<p class=\"p5\"><i>There is probably no one who does not wonder what the future will look like. We live in a time full of uncertainty, yet at the same time with increasingly new possibilities and immeasurable opportunities. Thanks to technological and scientific advances, we have hope for a better tomorrow &#8211; we believe that in the near future we will find effective solutions to global problems, such as climate change or social conflicts<\/i> &#8211; says Michal Piernikowski, director of the festival. <i>UNESCO points out that &#8220;Future Literacy,&#8221; that is, competencies related to thinking about the future, are extremely important skills. The organization calls for using the future to fix the present. Discussions and ideas about such a possibility will be the main topic of exhibitions and conversations during \u0141\u00f3d\u017a Design Festival 2023. Together with invited artists and viewers, we will consider various scenarios for the fate of the world on a macro scale, but also on the level of designing our cities, our closest relations or creating a better reality for future generations. During the upcoming edition of the \u0141DF, we will ask the question whether instead of predicting we can try to design our common future.<\/i><\/p>\n<p>&nbsp;<\/p>\n<p class=\"p5\">&#8220;Future Perfect&#8221; is a slogan referring to the vision of a world in which both individuals and whole societies take actions with the awareness of their consequences afterwards. This year&#8217;s festival will become a tool that will allow everyone to choose one (or maybe several?) of the visions presented, but also to build their own positive futures. The activities of \u0141DF 2023 will be designed to present the real impact we have on life and the world in the future, taking into account potential changes and challenges that we can&#8217;t foresee now. However, thanks to the interdisciplinary cooperation of experts from different fields, such as science, art, technology, business, sociology and design, we have a chance to create a future that is sustainable in terms of caring for the environment and adapted to existing needs. And perhaps one that will live up to our dreams?<\/p>\n<p>&nbsp;<\/p>\n<p class=\"p1\"><b>Is the future already here and is the ideal city possible? The themes of the festival&#8217;s main exhibitions<\/b><\/p>\n<p>&nbsp;<\/p>\n<p class=\"p1\">The main exhibitions will also revolve around the festival&#8217;s theme and will focus on our ideas about life in the future. &#8220;The Future is Here,&#8221; the first of the exhibitions, points out how our ideas about the future influence the design of the solutions we use today. How do we design our future of working, taking care of ourselves, traveling or spending leisure time? How do our visions of the future determine the present? The second project, on the other hand, is devoted to our ideas about creating the perfect city &#8211; a reflection on the changes taking place in modern metropolises. What will be the ideal cities &#8211; a garden city, a smartcity or perhaps a 15-minute city?<\/p>\n<p>&nbsp;<\/p>\n<hr \/>\n<p>&nbsp;<\/p>\n<p>The author of this year&#8217;s visual identification is Katarzyna Ludwisiak.<\/p>\n<p>&nbsp;<\/p>\n<hr \/>\n<p>&nbsp;<\/p>\n\n<\/div>\n\n\n\n<div class=\"ldf-slider container\">\n    <div class=\"ldf-slider-desktop\">\n        <span class=\"thin-arrow left-thin-arrow left-thin-arrow-\"\n\t\t\trole=\"button\"\n\t\t\ttabindex=\"0\"\n\t\t\tdata-move-class=\"carousel-control-previous-\">\n\t\t<div style=\"display: none\">slide left<\/div>\n\t\t<\/span>\n        <div class=\"carousel carousel-\"><\/div>\n\t\t\n        <span class=\"thin-arrow right-thin-arrow right-thin-arrow-\"\n\t\t\trole=\"button\"\n\t\t\ttabindex=\"0\"\n\t\t\tdata-move-class=\"carousel-control-next-\">\n\t\t\t<div style=\"display: none\">slide left<\/div>\n\t\t<\/span>\n\t\t\n\t\t<div class=\"alt-text\"><\/div>\n    <\/div>\n    <div class=\"ldf-slider-mobile\" style=\"display: none;\">\n            <\/div>\n\t\n<\/div>\n\n\t\n<script>\nlet exampleCarousel\n    jQuery( document ).ready(function() {\n        \/\/ Create a new carousel object\n        exampleCarousel = new Carousel( document.querySelector( '.carousel-' ), );\n        \/\/ Setup carousel and methods\n        exampleCarousel.mounted();\n\n        var alreadyGalleryArray = [];\n\n        jQuery('.ldf-slider-desktop .carousel- .carousel-item').each(function( index ) {\n\t\t\n            var src = jQuery(this).attr('src');\n\n            if ( jQuery.inArray(src, alreadyGalleryArray) === -1 ) {\n                alreadyGalleryArray.push(src);\n                jQuery(this).attr('data-fancybox', '');\n            }\n        });\n\n    });\n\n    jQuery( document ).ready(\n        function(){\n            var maxHeight = 0;\n\n            jQuery('.carousel-container-' + carousel_number + ' img').each(function(){\n\n                jQuery(this).on('load', function(){\n                    var thisH = jQuery(this).height();\n\n                    if (thisH > maxHeight) {\n                        maxHeight = thisH;\n\n                        jQuery('.ldf-slider .carousel-' + carousel_number).css('height', maxHeight);\n                        jQuery('.ldf-slider .carousel-container-' + carousel_number).css('height', maxHeight);\n\t\t\t\t\t\texampleCarousel.altText()\n                    }\n                });\n            });\n        }\n    );\n\n    jQuery('body').on('click', '.ldf-slider-desktop img', function() {\n        var isFancybox = jQuery(this).attr('data-fancybox');\n\n        if ( isFancybox === undefined || isFancybox === '' ) {\n            var clickedSrc = jQuery(this).attr('src');\n\n            jQuery('.ldf-slider-desktop img[data-fancybox=\"\"]').each(function(){\n               if ( jQuery(this).attr('src') === clickedSrc ) {\n                   jQuery(this).attr('data-fancybox', '');\n               }\n            });\n\n            jQuery(this).attr('data-fancybox', '');\n\n        }\n    });\n\n    jQuery('body').on('click', '.ldf-slider-mobile img', function() {\n       var src = jQuery(this).attr('src');\n       var currentSrc = '';\n\n        jQuery('.carousel-container img[data-fancybox=\"\"]').each(function(){\n            currentSrc = jQuery(this).attr('src');\n\n            if ( currentSrc === src ) {\n                jQuery(this).click();\n            }\n        });\n\n    });\n\n<\/script>\n\n\n\n<div class=\"ldf-content-block container\">\n    <hr \/>\n<p>&nbsp;<\/p>\n<p>The organization of the \u0141\u00f3d\u017a Design Festival 2023 is possible thanks to the support of the \u0141\u00f3dzkie Centrum Wydarze\u0144 and the City of \u0141\u00f3d\u017a. LDF was co-financed by the Minister of Culture and National Heritage from the Culture Promotion Fund.<\/p>\n\n<\/div>","protected":false},"excerpt":{"rendered":"","protected":false},"author":4,"featured_media":12251,"parent":0,"menu_order":0,"comment_status":"closed","ping_status":"closed","template":"","meta":{"inline_featured_image":false,"footnotes":""},"class_list":["post-3986","page","type-page","status-publish","has-post-thumbnail","hentry"],"acf":[],"yoast_head":"<!-- This site is optimized with the Yoast SEO plugin v25.0 - https:\/\/yoast.com\/wordpress\/plugins\/seo\/ -->\n<title>Edition 2023 - \u0141\u00f3d\u017a Design Festival<\/title>\n<meta name=\"description\" content=\"We invite you to \u0141\u00f3d\u017a Design Festival 2023, which will take place on May 18-28, 2023. The theme of this year&#039;s edition is &quot;Future Perfect&quot;.\" \/>\n<meta name=\"robots\" content=\"index, follow, max-snippet:-1, max-image-preview:large, max-video-preview:-1\" \/>\n<link rel=\"canonical\" href=\"https:\/\/lodzdesign.com\/en\/edition-2023\/\" \/>\n<meta property=\"og:locale\" content=\"en_US\" \/>\n<meta property=\"og:type\" content=\"article\" \/>\n<meta property=\"og:title\" content=\"Edition 2023 - \u0141\u00f3d\u017a Design Festival\" \/>\n<meta property=\"og:url\" content=\"https:\/\/lodzdesign.com\/en\/edition-2023\/\" \/>\n<meta property=\"og:site_name\" content=\"\u0141\u00f3d\u017a Design Festival\" \/>\n<meta property=\"article:publisher\" content=\"https:\/\/www.facebook.com\/Lodz.Design\" \/>\n<meta property=\"article:modified_time\" content=\"2023-03-22T10:45:46+00:00\" \/>\n<meta property=\"og:image\" content=\"https:\/\/lodzdesign.com\/app\/uploads\/2023\/02\/LDF2023-Future-Perfect-kafelek-czerwony.png\" \/>\n\t<meta property=\"og:image:width\" content=\"3749\" \/>\n\t<meta property=\"og:image:height\" content=\"3749\" \/>\n\t<meta property=\"og:image:type\" content=\"image\/png\" \/>\n<meta name=\"twitter:card\" content=\"summary_large_image\" \/>\n<meta name=\"twitter:image\" content=\"https:\/\/lodzdesign.com\/app\/uploads\/2023\/02\/LDF2023-Future-Perfect-kafelek-czerwony.png\" \/>\n<script type=\"application\/ld+json\" class=\"yoast-schema-graph\">{\"@context\":\"https:\/\/schema.org\",\"@graph\":[{\"@type\":\"WebPage\",\"@id\":\"https:\/\/lodzdesign.com\/en\/edition-2023\/\",\"url\":\"https:\/\/lodzdesign.com\/en\/edition-2023\/\",\"name\":\"Edition 2023 - \u0141\u00f3d\u017a Design Festival\",\"isPartOf\":{\"@id\":\"https:\/\/lodzdesign.com\/#website\"},\"primaryImageOfPage\":{\"@id\":\"https:\/\/lodzdesign.com\/en\/edition-2023\/#primaryimage\"},\"image\":{\"@id\":\"https:\/\/lodzdesign.com\/en\/edition-2023\/#primaryimage\"},\"thumbnailUrl\":\"https:\/\/lodzdesign.com\/app\/uploads\/2023\/02\/LDF2023-Future-Perfect-kafelek-czerwony.png\",\"datePublished\":\"2023-01-23T15:48:28+00:00\",\"dateModified\":\"2023-03-22T10:45:46+00:00\",\"description\":\"We invite you to \u0141\u00f3d\u017a Design Festival 2023, which will take place on May 18-28, 2023. The theme of this year's edition is \\\"Future Perfect\\\".\",\"breadcrumb\":{\"@id\":\"https:\/\/lodzdesign.com\/en\/edition-2023\/#breadcrumb\"},\"inLanguage\":\"en-US\",\"potentialAction\":[{\"@type\":\"ReadAction\",\"target\":[\"https:\/\/lodzdesign.com\/en\/edition-2023\/\"]}]},{\"@type\":\"ImageObject\",\"inLanguage\":\"en-US\",\"@id\":\"https:\/\/lodzdesign.com\/en\/edition-2023\/#primaryimage\",\"url\":\"https:\/\/lodzdesign.com\/app\/uploads\/2023\/02\/LDF2023-Future-Perfect-kafelek-czerwony.png\",\"contentUrl\":\"https:\/\/lodzdesign.com\/app\/uploads\/2023\/02\/LDF2023-Future-Perfect-kafelek-czerwony.png\",\"width\":3749,\"height\":3749},{\"@type\":\"BreadcrumbList\",\"@id\":\"https:\/\/lodzdesign.com\/en\/edition-2023\/#breadcrumb\",\"itemListElement\":[{\"@type\":\"ListItem\",\"position\":1,\"name\":\"\u0141DF\",\"item\":\"https:\/\/lodzdesign.com\/en\/\"},{\"@type\":\"ListItem\",\"position\":2,\"name\":\"Edition 2023\"}]},{\"@type\":\"WebSite\",\"@id\":\"https:\/\/lodzdesign.com\/#website\",\"url\":\"https:\/\/lodzdesign.com\/\",\"name\":\"\u0141\u00f3d\u017a Design Festival\",\"description\":\"Z nami odnajdziesz najlepsze wzorce! Wejd\u017a na stron\u0119 i poznaj nasze podcasty, wirtualne wystawy, przewodniki, przyk\u0142ady najlepszego polskiego designu i wiele innych\",\"publisher\":{\"@id\":\"https:\/\/lodzdesign.com\/#organization\"},\"alternateName\":\"\u0141DF\",\"potentialAction\":[{\"@type\":\"SearchAction\",\"target\":{\"@type\":\"EntryPoint\",\"urlTemplate\":\"https:\/\/lodzdesign.com\/?s={search_term_string}\"},\"query-input\":{\"@type\":\"PropertyValueSpecification\",\"valueRequired\":true,\"valueName\":\"search_term_string\"}}],\"inLanguage\":\"en-US\"},{\"@type\":\"Organization\",\"@id\":\"https:\/\/lodzdesign.com\/#organization\",\"name\":\"\u0141\u00f3d\u017a Design Festival\",\"url\":\"https:\/\/lodzdesign.com\/\",\"logo\":{\"@type\":\"ImageObject\",\"inLanguage\":\"en-US\",\"@id\":\"https:\/\/lodzdesign.com\/#\/schema\/logo\/image\/\",\"url\":\"https:\/\/lodzdesign.com\/app\/uploads\/2023\/01\/ldf-logo-2-300x76-1.webp\",\"contentUrl\":\"https:\/\/lodzdesign.com\/app\/uploads\/2023\/01\/ldf-logo-2-300x76-1.webp\",\"width\":300,\"height\":76,\"caption\":\"\u0141\u00f3d\u017a Design Festival\"},\"image\":{\"@id\":\"https:\/\/lodzdesign.com\/#\/schema\/logo\/image\/\"},\"sameAs\":[\"https:\/\/www.facebook.com\/Lodz.Design\",\"https:\/\/instagram.com\/lodzdesign\/\",\"https:\/\/www.linkedin.com\/company\/lodz-design-festival\"]}]}<\/script>\n<!-- \/ Yoast SEO plugin. -->","yoast_head_json":{"title":"Edition 2023 - \u0141\u00f3d\u017a Design Festival","description":"We invite you to \u0141\u00f3d\u017a Design Festival 2023, which will take place on May 18-28, 2023. The theme of this year's edition is \"Future Perfect\".","robots":{"index":"index","follow":"follow","max-snippet":"max-snippet:-1","max-image-preview":"max-image-preview:large","max-video-preview":"max-video-preview:-1"},"canonical":"https:\/\/lodzdesign.com\/en\/edition-2023\/","og_locale":"en_US","og_type":"article","og_title":"Edition 2023 - \u0141\u00f3d\u017a Design Festival","og_url":"https:\/\/lodzdesign.com\/en\/edition-2023\/","og_site_name":"\u0141\u00f3d\u017a Design Festival","article_publisher":"https:\/\/www.facebook.com\/Lodz.Design","article_modified_time":"2023-03-22T10:45:46+00:00","og_image":[{"width":3749,"height":3749,"url":"https:\/\/lodzdesign.com\/app\/uploads\/2023\/02\/LDF2023-Future-Perfect-kafelek-czerwony.png","type":"image\/png"}],"twitter_card":"summary_large_image","twitter_image":"https:\/\/lodzdesign.com\/app\/uploads\/2023\/02\/LDF2023-Future-Perfect-kafelek-czerwony.png","schema":{"@context":"https:\/\/schema.org","@graph":[{"@type":"WebPage","@id":"https:\/\/lodzdesign.com\/en\/edition-2023\/","url":"https:\/\/lodzdesign.com\/en\/edition-2023\/","name":"Edition 2023 - \u0141\u00f3d\u017a Design Festival","isPartOf":{"@id":"https:\/\/lodzdesign.com\/#website"},"primaryImageOfPage":{"@id":"https:\/\/lodzdesign.com\/en\/edition-2023\/#primaryimage"},"image":{"@id":"https:\/\/lodzdesign.com\/en\/edition-2023\/#primaryimage"},"thumbnailUrl":"https:\/\/lodzdesign.com\/app\/uploads\/2023\/02\/LDF2023-Future-Perfect-kafelek-czerwony.png","datePublished":"2023-01-23T15:48:28+00:00","dateModified":"2023-03-22T10:45:46+00:00","description":"We invite you to \u0141\u00f3d\u017a Design Festival 2023, which will take place on May 18-28, 2023. The theme of this year's edition is \"Future Perfect\".","breadcrumb":{"@id":"https:\/\/lodzdesign.com\/en\/edition-2023\/#breadcrumb"},"inLanguage":"en-US","potentialAction":[{"@type":"ReadAction","target":["https:\/\/lodzdesign.com\/en\/edition-2023\/"]}]},{"@type":"ImageObject","inLanguage":"en-US","@id":"https:\/\/lodzdesign.com\/en\/edition-2023\/#primaryimage","url":"https:\/\/lodzdesign.com\/app\/uploads\/2023\/02\/LDF2023-Future-Perfect-kafelek-czerwony.png","contentUrl":"https:\/\/lodzdesign.com\/app\/uploads\/2023\/02\/LDF2023-Future-Perfect-kafelek-czerwony.png","width":3749,"height":3749},{"@type":"BreadcrumbList","@id":"https:\/\/lodzdesign.com\/en\/edition-2023\/#breadcrumb","itemListElement":[{"@type":"ListItem","position":1,"name":"\u0141DF","item":"https:\/\/lodzdesign.com\/en\/"},{"@type":"ListItem","position":2,"name":"Edition 2023"}]},{"@type":"WebSite","@id":"https:\/\/lodzdesign.com\/#website","url":"https:\/\/lodzdesign.com\/","name":"\u0141\u00f3d\u017a Design Festival","description":"Z nami odnajdziesz najlepsze wzorce! Wejd\u017a na stron\u0119 i poznaj nasze podcasty, wirtualne wystawy, przewodniki, przyk\u0142ady najlepszego polskiego designu i wiele innych","publisher":{"@id":"https:\/\/lodzdesign.com\/#organization"},"alternateName":"\u0141DF","potentialAction":[{"@type":"SearchAction","target":{"@type":"EntryPoint","urlTemplate":"https:\/\/lodzdesign.com\/?s={search_term_string}"},"query-input":{"@type":"PropertyValueSpecification","valueRequired":true,"valueName":"search_term_string"}}],"inLanguage":"en-US"},{"@type":"Organization","@id":"https:\/\/lodzdesign.com\/#organization","name":"\u0141\u00f3d\u017a Design Festival","url":"https:\/\/lodzdesign.com\/","logo":{"@type":"ImageObject","inLanguage":"en-US","@id":"https:\/\/lodzdesign.com\/#\/schema\/logo\/image\/","url":"https:\/\/lodzdesign.com\/app\/uploads\/2023\/01\/ldf-logo-2-300x76-1.webp","contentUrl":"https:\/\/lodzdesign.com\/app\/uploads\/2023\/01\/ldf-logo-2-300x76-1.webp","width":300,"height":76,"caption":"\u0141\u00f3d\u017a Design Festival"},"image":{"@id":"https:\/\/lodzdesign.com\/#\/schema\/logo\/image\/"},"sameAs":["https:\/\/www.facebook.com\/Lodz.Design","https:\/\/instagram.com\/lodzdesign\/","https:\/\/www.linkedin.com\/company\/lodz-design-festival"]}]}},"_links":{"self":[{"href":"https:\/\/lodzdesign.com\/en\/wp-json\/wp\/v2\/pages\/3986","targetHints":{"allow":["GET"]}}],"collection":[{"href":"https:\/\/lodzdesign.com\/en\/wp-json\/wp\/v2\/pages"}],"about":[{"href":"https:\/\/lodzdesign.com\/en\/wp-json\/wp\/v2\/types\/page"}],"author":[{"embeddable":true,"href":"https:\/\/lodzdesign.com\/en\/wp-json\/wp\/v2\/users\/4"}],"replies":[{"embeddable":true,"href":"https:\/\/lodzdesign.com\/en\/wp-json\/wp\/v2\/comments?post=3986"}],"version-history":[{"count":2,"href":"https:\/\/lodzdesign.com\/en\/wp-json\/wp\/v2\/pages\/3986\/revisions"}],"predecessor-version":[{"id":13092,"href":"https:\/\/lodzdesign.com\/en\/wp-json\/wp\/v2\/pages\/3986\/revisions\/13092"}],"wp:featuredmedia":[{"embeddable":true,"href":"https:\/\/lodzdesign.com\/en\/wp-json\/wp\/v2\/media\/12251"}],"wp:attachment":[{"href":"https:\/\/lodzdesign.com\/en\/wp-json\/wp\/v2\/media?parent=3986"}],"curies":[{"name":"wp","href":"https:\/\/api.w.org\/{rel}","templated":true}]}}