{"id":4041,"date":"2023-01-09T15:15:12","date_gmt":"2023-01-09T14:15:12","guid":{"rendered":"https:\/\/lodzdesign.com\/about-contest\/"},"modified":"2026-03-25T11:42:04","modified_gmt":"2026-03-25T10:42:04","slug":"makeme","status":"publish","type":"page","link":"https:\/\/lodzdesign.com\/en\/makeme\/","title":{"rendered":"make me!"},"content":{"rendered":"\n\n<div class=\"breadcrumbs container\" role=\"navigation\">\n\n            <p><span><span><a href=\"https:\/\/lodzdesign.com\/en\/\">\u0141DF<\/a><\/span><\/span><\/p>\n    <\/div>\n\n\n\n<div class=\"right-image-left-content-block container\">\n\n    <div class=\"right-image-left-content-block__inner-part\">\n\n        <div class=\"right-image-left-content-block__left-part\" >\n                            <h2>\n                    make me!\n                <\/h2>\n            \n            <p>\n                The international make me! competition is one of the most innovative design events in Europe and a key part of the \u0141\u00f3d\u017a Design Festival. The most important goal of make me! is to<b> forecast upcoming trends and support young designers (aged 20-35)<\/b> who are ready to enter the industry.\r\n<br><br>The finalists of past editions emphasize the opportunities that have opened up for them through their presence in the competition, including: becoming known in the design community, promotion through numerous publications or subsequent exhibitions.\r\n<br><br>\r\n<b>Edition make me! will not take place in May 2026.<\/b>\r\n<br><br>\n            <\/p>\n\n                    <\/div>\n\n        <div class=\"right-image-left-content-block__right-part\" >\n            <img decoding=\"async\" src=\"https:\/\/lodzdesign.com\/app\/uploads\/2023\/04\/LDF-make-me-fot-Aleksandra-Pawlowska-1024x683-1.png\" alt=\"\">\n        <\/div>\n\n    <\/div>\n\n<\/div>\n\n\n\n<div class=\"ldf-content-block container\">\n    <p class=\"whitespace-pre-wrap break-words\"><strong>The competition is not only aimed at people who have completed industry studies.<\/strong> It is designed for anyone who is inspired by the creative process of identifying and solving a need or problem. make me! also recognizes projects that experiment with materials or explore new interpretations of existing functions.<\/p>\n<p>&nbsp;<\/p>\n<p class=\"whitespace-pre-wrap break-words\">Submitted works are evaluated in a two-stage process by a specially selected, <a href=\"https:\/\/lodzdesign.com\/en\/makeme\/jury\/\">diverse jury<\/a>. Thanks to the public exhibition of the projects and contact with industry experts, make me! can be a springboard for further professional development.<\/p>\n\n<\/div>\n\n\n\n<div class=\"ldf-slider container\">\n    <div class=\"ldf-slider-desktop\">\n        <span class=\"thin-arrow left-thin-arrow left-thin-arrow-\"\n\t\t\trole=\"button\"\n\t\t\ttabindex=\"0\"\n\t\t\tdata-move-class=\"carousel-control-previous-\">\n\t\t<div style=\"display: none\">slide left<\/div>\n\t\t<\/span>\n        <div class=\"carousel carousel-\"><\/div>\n\t\t\n        <span class=\"thin-arrow right-thin-arrow right-thin-arrow-\"\n\t\t\trole=\"button\"\n\t\t\ttabindex=\"0\"\n\t\t\tdata-move-class=\"carousel-control-next-\">\n\t\t\t<div style=\"display: none\">slide left<\/div>\n\t\t<\/span>\n\t\t\n\t\t<div class=\"alt-text\"><\/div>\n    <\/div>\n    <div class=\"ldf-slider-mobile\" style=\"display: none;\">\n            <\/div>\n\t\n<\/div>\n\n\t\n<script>\nlet exampleCarousel\n    jQuery( document ).ready(function() {\n        \/\/ Create a new carousel object\n        exampleCarousel = new Carousel( document.querySelector( '.carousel-' ), );\n        \/\/ Setup carousel and methods\n        exampleCarousel.mounted();\n\n        var alreadyGalleryArray = [];\n\n        jQuery('.ldf-slider-desktop .carousel- .carousel-item').each(function( index ) {\n\t\t\n            var src = jQuery(this).attr('src');\n\n            if ( jQuery.inArray(src, alreadyGalleryArray) === -1 ) {\n                alreadyGalleryArray.push(src);\n                jQuery(this).attr('data-fancybox', '');\n            }\n        });\n\n    });\n\n    jQuery( document ).ready(\n        function(){\n            var maxHeight = 0;\n\n            jQuery('.carousel-container-' + carousel_number + ' img').each(function(){\n\n                jQuery(this).on('load', function(){\n                    var thisH = jQuery(this).height();\n\n                    if (thisH > maxHeight) {\n                        maxHeight = thisH;\n\n                        jQuery('.ldf-slider .carousel-' + carousel_number).css('height', maxHeight);\n                        jQuery('.ldf-slider .carousel-container-' + carousel_number).css('height', maxHeight);\n\t\t\t\t\t\texampleCarousel.altText()\n                    }\n                });\n            });\n        }\n    );\n\n    jQuery('body').on('click', '.ldf-slider-desktop img', function() {\n        var isFancybox = jQuery(this).attr('data-fancybox');\n\n        if ( isFancybox === undefined || isFancybox === '' ) {\n            var clickedSrc = jQuery(this).attr('src');\n\n            jQuery('.ldf-slider-desktop img[data-fancybox=\"\"]').each(function(){\n               if ( jQuery(this).attr('src') === clickedSrc ) {\n                   jQuery(this).attr('data-fancybox', '');\n               }\n            });\n\n            jQuery(this).attr('data-fancybox', '');\n\n        }\n    });\n\n    jQuery('body').on('click', '.ldf-slider-mobile img', function() {\n       var src = jQuery(this).attr('src');\n       var currentSrc = '';\n\n        jQuery('.carousel-container img[data-fancybox=\"\"]').each(function(){\n            currentSrc = jQuery(this).attr('src');\n\n            if ( currentSrc === src ) {\n                jQuery(this).click();\n            }\n        });\n\n    });\n\n<\/script>\n\n\n\n<div class=\"left-image-right-content-block container\">\n\n    <div class=\"left-image-right-content-block__inner-part\">\n\n        <div class=\"left-image-right-content-block__left-part\" style=\"width: 40%;\">\n            <img decoding=\"async\" src=\"https:\/\/lodzdesign.com\/app\/uploads\/2024\/02\/LDF-make-me-kafelek-uni.png\" alt=\"\">\n        <\/div>\n\n        <div class=\"left-image-right-content-block__right-part\" style=\"width: 60%;\">\n                            <h2>\n                    ABOUT THE COMPETITION\n                <\/h2>\n            \n            <p>\n                <br><br>\r\n\u0141\u00f3d\u017a Design Festival is looking for make me! innovative ideas and projects that have a chance to bring a good change! make me! is a competition open to designers of the young generation, allowing for great creative freedom. Dedicated to all those who are inspired by the impulse caused by noticing a need or a problem to the design process.\r\n<br><br>\n            <\/p>\n\n                    <\/div>\n\n    <\/div>\n\n<\/div>\n\n\n<div style=\"height:100px\" aria-hidden=\"true\" class=\"wp-block-spacer\"><\/div>\n\n\n\n\n<div class=\"ldf-heading ldf-form-heading\">\n    <div class=\"ldf-heading-left\">\n        <span class=\"ldf-yellow-part\"><\/span>\n        <h3>MAKE ME! IN SHORT<\/h3>\n    <\/div>\n<\/div>\n\n<div class=\"ldf-form-block container\">\n    <div class=\"ldf-form-block__form\" id=\"block-563346089\">\n        <style>\n            #block-563346089 iframe {\n                height:  !important;\n            }\n\n            #block-563346089 .supernova {\n                height:  !important;\n            }\n        <\/style>\n\n        \n    <\/div>\n<\/div>\n\n\n\n<div class=\"ldf-button-block container\">\n            <a href=\"https:\/\/lodzdesign.com\/en\/makeme\/schedule\/\" target=\"_blank\">\n            Schedule\n                            <span class=\"ldf-chevron ldf-chevron-right\"><\/span>\n                    <\/a>\n            <a href=\"https:\/\/lodzdesign.com\/en\/makeme\/rules\/\" target=\"_blank\">\n            Rules\n                            <span class=\"ldf-chevron ldf-chevron-right\"><\/span>\n                    <\/a>\n            <a href=\"https:\/\/lodzdesign.com\/en\/makeme\/faq\/\" target=\"\">\n            FAQ\n                            <span class=\"ldf-chevron ldf-chevron-right\"><\/span>\n                    <\/a>\n            <a href=\"https:\/\/lodzdesign.com\/en\/makeme\/jury\/\" target=\"_blank\">\n            Jury\n                            <span class=\"ldf-chevron ldf-chevron-right\"><\/span>\n                    <\/a>\n    <\/div>\n\n\n\n<div class=\"ldf-button-block container\">\n            <a href=\"https:\/\/lodzdesign.com\/en\/makeme\/catalog\/\" target=\"_blank\">\n            Project catalog\n                            <span class=\"ldf-chevron ldf-chevron-right\"><\/span>\n                    <\/a>\n            <a href=\"https:\/\/lodzdesign.com\/en\/makeme\/recommendations\/\" target=\"_blank\">\n            Participant recommendations\n                            <span class=\"ldf-chevron ldf-chevron-right\"><\/span>\n                    <\/a>\n            <a href=\"https:\/\/lodzdesign.com\/app\/uploads\/2025\/01\/make-me_Portfolio_PL-EN-16.12.2024.pdf\" target=\"_blank\">\n            make me! portfolio\n                            <span class=\"ldf-chevron ldf-chevron-right\"><\/span>\n                    <\/a>\n    <\/div>\n\n\n\n<div class=\"ldf-heading ldf-form-heading\">\n    <div class=\"ldf-heading-left\">\n        <span class=\"ldf-yellow-part\"><\/span>\n        <h3>NEWS<\/h3>\n    <\/div>\n<\/div>\n\n<div class=\"ldf-form-block container\">\n    <div class=\"ldf-form-block__form\" id=\"block-160638161\">\n        <style>\n            #block-160638161 iframe {\n                height:  !important;\n            }\n\n            #block-160638161 .supernova {\n                height:  !important;\n            }\n        <\/style>\n\n        \n    <\/div>\n<\/div>\n\n\n\n<div class=\"ldf-posts ldf-news container\"\n         data-taxonomy=\"177\"         >\n\n    <div class=\"ldf-posts-list\" data-order-by=\"rand\">\n                <img decoding=\"async\" class=\"ldf-posts-list-loader\" style=\"display: none;\" src=\"\" alt=\"\">\n    <\/div>\n\n\n\n\n    <div class=\"load-more\" >\n        <img decoding=\"async\" class=\"load-more-loader\" style=\"display: none;\" src=\"\" alt=\"\">\n        <a href=\"#\" target=\"\" class=\"ldf-button\">Show more <span class=\"ldf-chevron ldf-chevron-right\"><\/span><\/a>\n    <\/div>\n\n<\/div>\n\n","protected":false},"excerpt":{"rendered":"","protected":false},"author":4,"featured_media":885,"parent":0,"menu_order":0,"comment_status":"closed","ping_status":"closed","template":"","meta":{"inline_featured_image":false,"footnotes":""},"class_list":["post-4041","page","type-page","status-publish","has-post-thumbnail","hentry"],"acf":[],"yoast_head":"<!-- This site is optimized with the Yoast SEO plugin v25.0 - https:\/\/yoast.com\/wordpress\/plugins\/seo\/ -->\n<title>make me! - \u0141\u00f3d\u017a Design Festival<\/title>\n<meta name=\"description\" content=\"Realizowany od 2008 roku, mi\u0119dzynarodowy konkurs wzorniczy make me!, to jedno z najbardziej innowacyjnych wydarze\u0144 w dziedzinie projektowania w Europie.\" \/>\n<meta name=\"robots\" content=\"index, follow, max-snippet:-1, max-image-preview:large, max-video-preview:-1\" \/>\n<link rel=\"canonical\" href=\"https:\/\/lodzdesign.com\/en\/makeme\/\" \/>\n<meta property=\"og:locale\" content=\"en_US\" \/>\n<meta property=\"og:type\" content=\"article\" \/>\n<meta property=\"og:title\" content=\"make me! - \u0141\u00f3d\u017a Design Festival\" \/>\n<meta property=\"og:url\" content=\"https:\/\/lodzdesign.com\/en\/makeme\/\" \/>\n<meta property=\"og:site_name\" content=\"\u0141\u00f3d\u017a Design Festival\" \/>\n<meta property=\"article:publisher\" content=\"https:\/\/www.facebook.com\/Lodz.Design\" \/>\n<meta property=\"article:modified_time\" content=\"2026-03-25T10:42:04+00:00\" \/>\n<meta property=\"og:image\" content=\"https:\/\/lodzdesign.com\/app\/uploads\/2022\/12\/2021-fot.-Aleksandra-Pawlowska-scaled.jpg\" \/>\n\t<meta property=\"og:image:width\" content=\"2560\" \/>\n\t<meta property=\"og:image:height\" content=\"1707\" \/>\n\t<meta property=\"og:image:type\" content=\"image\/jpeg\" \/>\n<meta name=\"twitter:card\" content=\"summary_large_image\" \/>\n<meta name=\"twitter:image\" content=\"https:\/\/lodzdesign.com\/app\/uploads\/2022\/12\/2021-fot.-Aleksandra-Pawlowska-scaled.jpg\" \/>\n<meta name=\"twitter:label1\" content=\"Est. reading time\" \/>\n\t<meta name=\"twitter:data1\" content=\"1 minute\" \/>\n<script type=\"application\/ld+json\" class=\"yoast-schema-graph\">{\"@context\":\"https:\/\/schema.org\",\"@graph\":[{\"@type\":\"WebPage\",\"@id\":\"https:\/\/lodzdesign.com\/en\/makeme\/\",\"url\":\"https:\/\/lodzdesign.com\/en\/makeme\/\",\"name\":\"make me! - \u0141\u00f3d\u017a Design Festival\",\"isPartOf\":{\"@id\":\"https:\/\/lodzdesign.com\/#website\"},\"primaryImageOfPage\":{\"@id\":\"https:\/\/lodzdesign.com\/en\/makeme\/#primaryimage\"},\"image\":{\"@id\":\"https:\/\/lodzdesign.com\/en\/makeme\/#primaryimage\"},\"thumbnailUrl\":\"https:\/\/lodzdesign.com\/app\/uploads\/2022\/12\/2021-fot.-Aleksandra-Pawlowska-scaled.jpg\",\"datePublished\":\"2023-01-09T14:15:12+00:00\",\"dateModified\":\"2026-03-25T10:42:04+00:00\",\"description\":\"Realizowany od 2008 roku, mi\u0119dzynarodowy konkurs wzorniczy make me!, to jedno z najbardziej innowacyjnych wydarze\u0144 w dziedzinie projektowania w Europie.\",\"breadcrumb\":{\"@id\":\"https:\/\/lodzdesign.com\/en\/makeme\/#breadcrumb\"},\"inLanguage\":\"en-US\",\"potentialAction\":[{\"@type\":\"ReadAction\",\"target\":[\"https:\/\/lodzdesign.com\/en\/makeme\/\"]}]},{\"@type\":\"ImageObject\",\"inLanguage\":\"en-US\",\"@id\":\"https:\/\/lodzdesign.com\/en\/makeme\/#primaryimage\",\"url\":\"https:\/\/lodzdesign.com\/app\/uploads\/2022\/12\/2021-fot.-Aleksandra-Pawlowska-scaled.jpg\",\"contentUrl\":\"https:\/\/lodzdesign.com\/app\/uploads\/2022\/12\/2021-fot.-Aleksandra-Pawlowska-scaled.jpg\",\"width\":2560,\"height\":1707},{\"@type\":\"BreadcrumbList\",\"@id\":\"https:\/\/lodzdesign.com\/en\/makeme\/#breadcrumb\",\"itemListElement\":[{\"@type\":\"ListItem\",\"position\":1,\"name\":\"\u0141DF\",\"item\":\"https:\/\/lodzdesign.com\/en\/\"},{\"@type\":\"ListItem\",\"position\":2,\"name\":\"make me!\"}]},{\"@type\":\"WebSite\",\"@id\":\"https:\/\/lodzdesign.com\/#website\",\"url\":\"https:\/\/lodzdesign.com\/\",\"name\":\"\u0141\u00f3d\u017a Design Festival\",\"description\":\"Z nami odnajdziesz najlepsze wzorce! Wejd\u017a na stron\u0119 i poznaj nasze podcasty, wirtualne wystawy, przewodniki, przyk\u0142ady najlepszego polskiego designu i wiele innych\",\"publisher\":{\"@id\":\"https:\/\/lodzdesign.com\/#organization\"},\"alternateName\":\"\u0141DF\",\"potentialAction\":[{\"@type\":\"SearchAction\",\"target\":{\"@type\":\"EntryPoint\",\"urlTemplate\":\"https:\/\/lodzdesign.com\/?s={search_term_string}\"},\"query-input\":{\"@type\":\"PropertyValueSpecification\",\"valueRequired\":true,\"valueName\":\"search_term_string\"}}],\"inLanguage\":\"en-US\"},{\"@type\":\"Organization\",\"@id\":\"https:\/\/lodzdesign.com\/#organization\",\"name\":\"\u0141\u00f3d\u017a Design Festival\",\"url\":\"https:\/\/lodzdesign.com\/\",\"logo\":{\"@type\":\"ImageObject\",\"inLanguage\":\"en-US\",\"@id\":\"https:\/\/lodzdesign.com\/#\/schema\/logo\/image\/\",\"url\":\"https:\/\/lodzdesign.com\/app\/uploads\/2023\/01\/ldf-logo-2-300x76-1.webp\",\"contentUrl\":\"https:\/\/lodzdesign.com\/app\/uploads\/2023\/01\/ldf-logo-2-300x76-1.webp\",\"width\":300,\"height\":76,\"caption\":\"\u0141\u00f3d\u017a Design Festival\"},\"image\":{\"@id\":\"https:\/\/lodzdesign.com\/#\/schema\/logo\/image\/\"},\"sameAs\":[\"https:\/\/www.facebook.com\/Lodz.Design\",\"https:\/\/instagram.com\/lodzdesign\/\",\"https:\/\/www.linkedin.com\/company\/lodz-design-festival\"]}]}<\/script>\n<!-- \/ Yoast SEO plugin. -->","yoast_head_json":{"title":"make me! - \u0141\u00f3d\u017a Design Festival","description":"Realizowany od 2008 roku, mi\u0119dzynarodowy konkurs wzorniczy make me!, to jedno z najbardziej innowacyjnych wydarze\u0144 w dziedzinie projektowania w Europie.","robots":{"index":"index","follow":"follow","max-snippet":"max-snippet:-1","max-image-preview":"max-image-preview:large","max-video-preview":"max-video-preview:-1"},"canonical":"https:\/\/lodzdesign.com\/en\/makeme\/","og_locale":"en_US","og_type":"article","og_title":"make me! - \u0141\u00f3d\u017a Design Festival","og_url":"https:\/\/lodzdesign.com\/en\/makeme\/","og_site_name":"\u0141\u00f3d\u017a Design Festival","article_publisher":"https:\/\/www.facebook.com\/Lodz.Design","article_modified_time":"2026-03-25T10:42:04+00:00","og_image":[{"width":2560,"height":1707,"url":"https:\/\/lodzdesign.com\/app\/uploads\/2022\/12\/2021-fot.-Aleksandra-Pawlowska-scaled.jpg","type":"image\/jpeg"}],"twitter_card":"summary_large_image","twitter_image":"https:\/\/lodzdesign.com\/app\/uploads\/2022\/12\/2021-fot.-Aleksandra-Pawlowska-scaled.jpg","twitter_misc":{"Est. reading time":"1 minute"},"schema":{"@context":"https:\/\/schema.org","@graph":[{"@type":"WebPage","@id":"https:\/\/lodzdesign.com\/en\/makeme\/","url":"https:\/\/lodzdesign.com\/en\/makeme\/","name":"make me! - \u0141\u00f3d\u017a Design Festival","isPartOf":{"@id":"https:\/\/lodzdesign.com\/#website"},"primaryImageOfPage":{"@id":"https:\/\/lodzdesign.com\/en\/makeme\/#primaryimage"},"image":{"@id":"https:\/\/lodzdesign.com\/en\/makeme\/#primaryimage"},"thumbnailUrl":"https:\/\/lodzdesign.com\/app\/uploads\/2022\/12\/2021-fot.-Aleksandra-Pawlowska-scaled.jpg","datePublished":"2023-01-09T14:15:12+00:00","dateModified":"2026-03-25T10:42:04+00:00","description":"Realizowany od 2008 roku, mi\u0119dzynarodowy konkurs wzorniczy make me!, to jedno z najbardziej innowacyjnych wydarze\u0144 w dziedzinie projektowania w Europie.","breadcrumb":{"@id":"https:\/\/lodzdesign.com\/en\/makeme\/#breadcrumb"},"inLanguage":"en-US","potentialAction":[{"@type":"ReadAction","target":["https:\/\/lodzdesign.com\/en\/makeme\/"]}]},{"@type":"ImageObject","inLanguage":"en-US","@id":"https:\/\/lodzdesign.com\/en\/makeme\/#primaryimage","url":"https:\/\/lodzdesign.com\/app\/uploads\/2022\/12\/2021-fot.-Aleksandra-Pawlowska-scaled.jpg","contentUrl":"https:\/\/lodzdesign.com\/app\/uploads\/2022\/12\/2021-fot.-Aleksandra-Pawlowska-scaled.jpg","width":2560,"height":1707},{"@type":"BreadcrumbList","@id":"https:\/\/lodzdesign.com\/en\/makeme\/#breadcrumb","itemListElement":[{"@type":"ListItem","position":1,"name":"\u0141DF","item":"https:\/\/lodzdesign.com\/en\/"},{"@type":"ListItem","position":2,"name":"make me!"}]},{"@type":"WebSite","@id":"https:\/\/lodzdesign.com\/#website","url":"https:\/\/lodzdesign.com\/","name":"\u0141\u00f3d\u017a Design Festival","description":"Z nami odnajdziesz najlepsze wzorce! Wejd\u017a na stron\u0119 i poznaj nasze podcasty, wirtualne wystawy, przewodniki, przyk\u0142ady najlepszego polskiego designu i wiele innych","publisher":{"@id":"https:\/\/lodzdesign.com\/#organization"},"alternateName":"\u0141DF","potentialAction":[{"@type":"SearchAction","target":{"@type":"EntryPoint","urlTemplate":"https:\/\/lodzdesign.com\/?s={search_term_string}"},"query-input":{"@type":"PropertyValueSpecification","valueRequired":true,"valueName":"search_term_string"}}],"inLanguage":"en-US"},{"@type":"Organization","@id":"https:\/\/lodzdesign.com\/#organization","name":"\u0141\u00f3d\u017a Design Festival","url":"https:\/\/lodzdesign.com\/","logo":{"@type":"ImageObject","inLanguage":"en-US","@id":"https:\/\/lodzdesign.com\/#\/schema\/logo\/image\/","url":"https:\/\/lodzdesign.com\/app\/uploads\/2023\/01\/ldf-logo-2-300x76-1.webp","contentUrl":"https:\/\/lodzdesign.com\/app\/uploads\/2023\/01\/ldf-logo-2-300x76-1.webp","width":300,"height":76,"caption":"\u0141\u00f3d\u017a Design Festival"},"image":{"@id":"https:\/\/lodzdesign.com\/#\/schema\/logo\/image\/"},"sameAs":["https:\/\/www.facebook.com\/Lodz.Design","https:\/\/instagram.com\/lodzdesign\/","https:\/\/www.linkedin.com\/company\/lodz-design-festival"]}]}},"_links":{"self":[{"href":"https:\/\/lodzdesign.com\/en\/wp-json\/wp\/v2\/pages\/4041","targetHints":{"allow":["GET"]}}],"collection":[{"href":"https:\/\/lodzdesign.com\/en\/wp-json\/wp\/v2\/pages"}],"about":[{"href":"https:\/\/lodzdesign.com\/en\/wp-json\/wp\/v2\/types\/page"}],"author":[{"embeddable":true,"href":"https:\/\/lodzdesign.com\/en\/wp-json\/wp\/v2\/users\/4"}],"replies":[{"embeddable":true,"href":"https:\/\/lodzdesign.com\/en\/wp-json\/wp\/v2\/comments?post=4041"}],"version-history":[{"count":86,"href":"https:\/\/lodzdesign.com\/en\/wp-json\/wp\/v2\/pages\/4041\/revisions"}],"predecessor-version":[{"id":97308,"href":"https:\/\/lodzdesign.com\/en\/wp-json\/wp\/v2\/pages\/4041\/revisions\/97308"}],"wp:featuredmedia":[{"embeddable":true,"href":"https:\/\/lodzdesign.com\/en\/wp-json\/wp\/v2\/media\/885"}],"wp:attachment":[{"href":"https:\/\/lodzdesign.com\/en\/wp-json\/wp\/v2\/media?parent=4041"}],"curies":[{"name":"wp","href":"https:\/\/api.w.org\/{rel}","templated":true}]}}