{"id":4043,"date":"2023-01-09T16:51:20","date_gmt":"2023-01-09T15:51:20","guid":{"rendered":"https:\/\/lodzdesign.com\/about-the-plebiscite\/"},"modified":"2026-03-25T11:41:43","modified_gmt":"2026-03-25T10:41:43","slug":"musthave","status":"publish","type":"page","link":"https:\/\/lodzdesign.com\/en\/musthave\/","title":{"rendered":"must have"},"content":{"rendered":"\n\n<div class=\"breadcrumbs container\" role=\"navigation\">\n\n                <p>\n                <span>\n                    <span>\n                                                    <a href=\"https:\/\/lodzdesign.com\/en\" target=\"\">\u0141DF <\/a>\n                            \/\n                        \n                        <strong class=\"breadcrumb_last\" aria-current=\"page\"><\/strong>\n                    <\/span>\n                <\/span>\n            <\/p>\n    <\/div>\n\n\n\n<div class=\"right-image-left-content-block container\">\n\n    <div class=\"right-image-left-content-block__inner-part\">\n\n        <div class=\"right-image-left-content-block__left-part\" >\n                            <h2>\n                    must have\n                <\/h2>\n            \n            <p>\n                must have is a plebiscite organized since 2011 by the \u0141\u00f3d\u017a Design Festival, <b>distinguishing the best implementations from Polish designers and manufacturers<\/b>. It&#8217;s a free quality mark that companies can use in the country and abroad.\r\n<br><br>\r\nIt was created to popularize good design and thus promote domestic business and designers. must have is also a unique consumer recommendation and the most media event in Polish design.\r\n<br><br>\r\n<b>Edition must have will not take place in May 2026.<\/b>\r\n<br><br>\n            <\/p>\n\n                    <\/div>\n\n        <div class=\"right-image-left-content-block__right-part\" >\n            <img decoding=\"async\" src=\"https:\/\/lodzdesign.com\/app\/uploads\/2023\/02\/2022-fot.-Oswiecony.png\" alt=\"\">\n        <\/div>\n\n    <\/div>\n\n<\/div>\n\n\n\n<div class=\"ldf-content-block container\">\n    <p class=\"p1\"><span class=\"s1\">The aim of must have is to support the creative sector through the extensive promotion of products that are the result of cooperation between the manufacturer and the designer. Applications for the plebiscite are accepted free of charge via the form in the &#8220;Participate&#8221; tab. Own nominations, based on a market review, are also made by the Board of Experts, whose main task is the final assessment of all applications. In the 15-year history of the plebiscite, 1037 products were awarded.<\/span><\/p>\n<p>&nbsp;<\/p>\n<p><strong>_participation in the plebiscite is:<\/strong><\/p>\n<ul>\n<li>\n<p class=\"p1\"><span class=\"s1\">free, indefinite and territorially unlimited license to use <strong>the must have quality mark<\/strong>, recognizable among Polish and foreign consumers,<\/span><\/p>\n<\/li>\n<li>\n<p class=\"p1\"><span class=\"s1\">limited <strong>must have statuette<\/strong> for exhibition participants designed by Bartek Mejor, a leading Polish ceramics designer, produced by Porcelana Krzysztof,<\/span><\/p>\n<\/li>\n<li>\n<p class=\"p1\"><span class=\"s1\">the opportunity to <strong>participate in the exhibition<\/strong> accompanying the \u0141\u00f3d\u017a Design Festival,<\/span><\/p>\n<\/li>\n<li>\n<p class=\"p1\"><span class=\"s1\"><strong>promotional activities<\/strong> \u2013 cyclical presentation of the awarded products, companies and designers, carried out in the form of various posts in \u0141DF channels (FB ~ 62 thousand followers, IG ~ 22,2 thousand followers), permanent columns in the press and on the Internet, and other forms of year-round cooperation with the most important industry media,<\/span><\/p>\n<\/li>\n<li>\n<p class=\"p1\"><span class=\"s1\"><strong>B2B activities<\/strong> \u2013 presentations of products and brands during industry meetings for architects, designers and investors,<\/span><\/p>\n<\/li>\n<li>\n<p class=\"p1\"><strong><span class=\"TextRun MacChromeBold SCXW187843824 BCX0\" lang=\"PL-PL\" xml:lang=\"PL-PL\" data-contrast=\"auto\"><span class=\"NormalTextRun SCXW187843824 BCX0\">online <\/span><span class=\"NormalTextRun SpellingErrorV2Themed SCXW187843824 BCX0\">catalog<\/span><\/span><\/strong><span class=\"TextRun SCXW187843824 BCX0\" lang=\"PL-PL\" xml:lang=\"PL-PL\" data-contrast=\"auto\"><span class=\"NormalTextRun SCXW187843824 BCX0\">, <\/span><span class=\"NormalTextRun SpellingErrorV2Themed SCXW187843824 BCX0\">where<\/span><span class=\"NormalTextRun SCXW187843824 BCX0\"> the <\/span><span class=\"NormalTextRun SpellingErrorV2Themed SCXW187843824 BCX0\">awarded<\/span><span class=\"NormalTextRun SCXW187843824 BCX0\"> products <\/span><span class=\"NormalTextRun SpellingErrorV2Themed SCXW187843824 BCX0\">are<\/span> <span class=\"NormalTextRun SpellingErrorV2Themed SCXW187843824 BCX0\">presented<\/span><\/span><span class=\"EOP SCXW187843824 BCX0\" data-ccp-props=\"{&quot;201341983&quot;:0,&quot;335551550&quot;:6,&quot;335551620&quot;:6,&quot;335559739&quot;:0,&quot;335559740&quot;:240}\">\u00a0<\/span><\/p>\n<\/li>\n<li>\n<p class=\"p1\"><span class=\"s1\"><strong>strengthening the brand image<\/strong> among industry experts (architects, designers, journalists and influencers operating in the field of design),<\/span><\/p>\n<\/li>\n<li>\n<p class=\"p1\"><span class=\"s1\"><strong>increase in product recognition<\/strong> and support in reaching end customers with the offer.<\/span><\/p>\n<\/li>\n<\/ul>\n\n<\/div>\n\n\n\n<div class=\"ldf-heading ldf-form-heading\">\n    <div class=\"ldf-heading-left\">\n        <span class=\"ldf-yellow-part\"><\/span>\n        <h3>MUST HAVE IN SHORT<\/h3>\n    <\/div>\n<\/div>\n\n<div class=\"ldf-form-block container\">\n    <div class=\"ldf-form-block__form\" id=\"block-848691846\">\n        <style>\n            #block-848691846 iframe {\n                height:  !important;\n            }\n\n            #block-848691846 .supernova {\n                height:  !important;\n            }\n        <\/style>\n\n        \n    <\/div>\n<\/div>\n\n\n\n<div class=\"ldf-button-block container\">\n            <a href=\"https:\/\/lodzdesign.com\/en\/musthave\/schedule\/\" target=\"\">\n            Schedule\n                            <span class=\"ldf-chevron ldf-chevron-right\"><\/span>\n                    <\/a>\n            <a href=\"https:\/\/lodzdesign.com\/en\/musthave\/rules\/\" target=\"\">\n            Rules\n                            <span class=\"ldf-chevron ldf-chevron-right\"><\/span>\n                    <\/a>\n            <a href=\"https:\/\/lodzdesign.com\/musthave\/faq\/\" target=\"\">\n            FAQ\n                            <span class=\"ldf-chevron ldf-chevron-right\"><\/span>\n                    <\/a>\n    <\/div>\n\n\n\n<div class=\"ldf-button-block container\">\n            <a href=\"https:\/\/lodzdesign.com\/en\/musthave\/board-of-experts\/\" target=\"\">\n            Board of Experts\n                            <span class=\"ldf-chevron ldf-chevron-right\"><\/span>\n                    <\/a>\n            <a href=\"https:\/\/lodzdesign.com\/en\/musthave\/catalog\/\" target=\"\">\n            Catalog of products\n                            <span class=\"ldf-chevron ldf-chevron-right\"><\/span>\n                    <\/a>\n    <\/div>\n\n\n\n<div class=\"ldf-heading ldf-form-heading\">\n    <div class=\"ldf-heading-left\">\n        <span class=\"ldf-yellow-part\"><\/span>\n        <h3>NEWS<\/h3>\n    <\/div>\n<\/div>\n\n<div class=\"ldf-form-block container\">\n    <div class=\"ldf-form-block__form\" id=\"block-38284146\">\n        <style>\n            #block-38284146 iframe {\n                height:  !important;\n            }\n\n            #block-38284146 .supernova {\n                height:  !important;\n            }\n        <\/style>\n\n        \n    <\/div>\n<\/div>\n\n\n\n<div class=\"ldf-posts ldf-news container\"\n         data-taxonomy=\"179\"         >\n\n    <div class=\"ldf-posts-list\" data-order-by=\"rand\">\n                <img decoding=\"async\" class=\"ldf-posts-list-loader\" style=\"display: none;\" src=\"\" alt=\"\">\n    <\/div>\n\n\n\n\n    <div class=\"load-more\" >\n        <img decoding=\"async\" class=\"load-more-loader\" style=\"display: none;\" src=\"\" alt=\"\">\n        <a href=\"#\" target=\"\" class=\"ldf-button\">Show more <span class=\"ldf-chevron ldf-chevron-right\"><\/span><\/a>\n    <\/div>\n\n<\/div>\n\n","protected":false},"excerpt":{"rendered":"","protected":false},"author":4,"featured_media":31151,"parent":0,"menu_order":0,"comment_status":"closed","ping_status":"closed","template":"","meta":{"inline_featured_image":false,"footnotes":""},"class_list":["post-4043","page","type-page","status-publish","has-post-thumbnail","hentry"],"acf":[],"yoast_head":"<!-- This site is optimized with the Yoast SEO plugin v25.0 - https:\/\/yoast.com\/wordpress\/plugins\/seo\/ -->\n<title>must have - \u0141\u00f3d\u017a Design Festival<\/title>\n<meta name=\"description\" content=\"A plebiscite organized since 2011 by the \u0141\u00f3d\u017a Design Festival, distinguishing the best implementations from Polish designers and manufacturers.\" \/>\n<meta name=\"robots\" content=\"index, follow, max-snippet:-1, max-image-preview:large, max-video-preview:-1\" \/>\n<link rel=\"canonical\" href=\"https:\/\/lodzdesign.com\/en\/musthave\/\" \/>\n<meta property=\"og:locale\" content=\"en_US\" \/>\n<meta property=\"og:type\" content=\"article\" \/>\n<meta property=\"og:title\" content=\"must have - \u0141\u00f3d\u017a Design Festival\" \/>\n<meta property=\"og:url\" content=\"https:\/\/lodzdesign.com\/en\/musthave\/\" \/>\n<meta property=\"og:site_name\" content=\"\u0141\u00f3d\u017a Design Festival\" \/>\n<meta property=\"article:publisher\" content=\"https:\/\/www.facebook.com\/Lodz.Design\" \/>\n<meta property=\"article:modified_time\" content=\"2026-03-25T10:41:43+00:00\" \/>\n<meta property=\"og:image\" content=\"https:\/\/lodzdesign.com\/app\/uploads\/2023\/11\/must-have_obrazek-wyrozniajacy-scaled.webp\" \/>\n\t<meta property=\"og:image:width\" content=\"2560\" \/>\n\t<meta property=\"og:image:height\" content=\"1707\" \/>\n\t<meta property=\"og:image:type\" content=\"image\/webp\" \/>\n<meta name=\"twitter:card\" content=\"summary_large_image\" \/>\n<meta name=\"twitter:image\" content=\"https:\/\/lodzdesign.com\/app\/uploads\/2023\/11\/must-have_obrazek-wyrozniajacy-scaled.webp\" \/>\n<meta name=\"twitter:label1\" content=\"Est. reading time\" \/>\n\t<meta name=\"twitter:data1\" content=\"1 minute\" \/>\n<script type=\"application\/ld+json\" class=\"yoast-schema-graph\">{\"@context\":\"https:\/\/schema.org\",\"@graph\":[{\"@type\":\"WebPage\",\"@id\":\"https:\/\/lodzdesign.com\/en\/musthave\/\",\"url\":\"https:\/\/lodzdesign.com\/en\/musthave\/\",\"name\":\"must have - \u0141\u00f3d\u017a Design Festival\",\"isPartOf\":{\"@id\":\"https:\/\/lodzdesign.com\/#website\"},\"primaryImageOfPage\":{\"@id\":\"https:\/\/lodzdesign.com\/en\/musthave\/#primaryimage\"},\"image\":{\"@id\":\"https:\/\/lodzdesign.com\/en\/musthave\/#primaryimage\"},\"thumbnailUrl\":\"https:\/\/lodzdesign.com\/app\/uploads\/2023\/11\/must-have_obrazek-wyrozniajacy-scaled.webp\",\"datePublished\":\"2023-01-09T15:51:20+00:00\",\"dateModified\":\"2026-03-25T10:41:43+00:00\",\"description\":\"A plebiscite organized since 2011 by the \u0141\u00f3d\u017a Design Festival, distinguishing the best implementations from Polish designers and manufacturers.\",\"breadcrumb\":{\"@id\":\"https:\/\/lodzdesign.com\/en\/musthave\/#breadcrumb\"},\"inLanguage\":\"en-US\",\"potentialAction\":[{\"@type\":\"ReadAction\",\"target\":[\"https:\/\/lodzdesign.com\/en\/musthave\/\"]}]},{\"@type\":\"ImageObject\",\"inLanguage\":\"en-US\",\"@id\":\"https:\/\/lodzdesign.com\/en\/musthave\/#primaryimage\",\"url\":\"https:\/\/lodzdesign.com\/app\/uploads\/2023\/11\/must-have_obrazek-wyrozniajacy-scaled.webp\",\"contentUrl\":\"https:\/\/lodzdesign.com\/app\/uploads\/2023\/11\/must-have_obrazek-wyrozniajacy-scaled.webp\",\"width\":2560,\"height\":1707},{\"@type\":\"BreadcrumbList\",\"@id\":\"https:\/\/lodzdesign.com\/en\/musthave\/#breadcrumb\",\"itemListElement\":[{\"@type\":\"ListItem\",\"position\":1,\"name\":\"\u0141DF\",\"item\":\"https:\/\/lodzdesign.com\/en\/\"},{\"@type\":\"ListItem\",\"position\":2,\"name\":\"must have\"}]},{\"@type\":\"WebSite\",\"@id\":\"https:\/\/lodzdesign.com\/#website\",\"url\":\"https:\/\/lodzdesign.com\/\",\"name\":\"\u0141\u00f3d\u017a Design Festival\",\"description\":\"Z nami odnajdziesz najlepsze wzorce! Wejd\u017a na stron\u0119 i poznaj nasze podcasty, wirtualne wystawy, przewodniki, przyk\u0142ady najlepszego polskiego designu i wiele innych\",\"publisher\":{\"@id\":\"https:\/\/lodzdesign.com\/#organization\"},\"alternateName\":\"\u0141DF\",\"potentialAction\":[{\"@type\":\"SearchAction\",\"target\":{\"@type\":\"EntryPoint\",\"urlTemplate\":\"https:\/\/lodzdesign.com\/?s={search_term_string}\"},\"query-input\":{\"@type\":\"PropertyValueSpecification\",\"valueRequired\":true,\"valueName\":\"search_term_string\"}}],\"inLanguage\":\"en-US\"},{\"@type\":\"Organization\",\"@id\":\"https:\/\/lodzdesign.com\/#organization\",\"name\":\"\u0141\u00f3d\u017a Design Festival\",\"url\":\"https:\/\/lodzdesign.com\/\",\"logo\":{\"@type\":\"ImageObject\",\"inLanguage\":\"en-US\",\"@id\":\"https:\/\/lodzdesign.com\/#\/schema\/logo\/image\/\",\"url\":\"https:\/\/lodzdesign.com\/app\/uploads\/2023\/01\/ldf-logo-2-300x76-1.webp\",\"contentUrl\":\"https:\/\/lodzdesign.com\/app\/uploads\/2023\/01\/ldf-logo-2-300x76-1.webp\",\"width\":300,\"height\":76,\"caption\":\"\u0141\u00f3d\u017a Design Festival\"},\"image\":{\"@id\":\"https:\/\/lodzdesign.com\/#\/schema\/logo\/image\/\"},\"sameAs\":[\"https:\/\/www.facebook.com\/Lodz.Design\",\"https:\/\/instagram.com\/lodzdesign\/\",\"https:\/\/www.linkedin.com\/company\/lodz-design-festival\"]}]}<\/script>\n<!-- \/ Yoast SEO plugin. -->","yoast_head_json":{"title":"must have - \u0141\u00f3d\u017a Design Festival","description":"A plebiscite organized since 2011 by the \u0141\u00f3d\u017a Design Festival, distinguishing the best implementations from Polish designers and manufacturers.","robots":{"index":"index","follow":"follow","max-snippet":"max-snippet:-1","max-image-preview":"max-image-preview:large","max-video-preview":"max-video-preview:-1"},"canonical":"https:\/\/lodzdesign.com\/en\/musthave\/","og_locale":"en_US","og_type":"article","og_title":"must have - \u0141\u00f3d\u017a Design Festival","og_url":"https:\/\/lodzdesign.com\/en\/musthave\/","og_site_name":"\u0141\u00f3d\u017a Design Festival","article_publisher":"https:\/\/www.facebook.com\/Lodz.Design","article_modified_time":"2026-03-25T10:41:43+00:00","og_image":[{"width":2560,"height":1707,"url":"https:\/\/lodzdesign.com\/app\/uploads\/2023\/11\/must-have_obrazek-wyrozniajacy-scaled.webp","type":"image\/webp"}],"twitter_card":"summary_large_image","twitter_image":"https:\/\/lodzdesign.com\/app\/uploads\/2023\/11\/must-have_obrazek-wyrozniajacy-scaled.webp","twitter_misc":{"Est. reading time":"1 minute"},"schema":{"@context":"https:\/\/schema.org","@graph":[{"@type":"WebPage","@id":"https:\/\/lodzdesign.com\/en\/musthave\/","url":"https:\/\/lodzdesign.com\/en\/musthave\/","name":"must have - \u0141\u00f3d\u017a Design Festival","isPartOf":{"@id":"https:\/\/lodzdesign.com\/#website"},"primaryImageOfPage":{"@id":"https:\/\/lodzdesign.com\/en\/musthave\/#primaryimage"},"image":{"@id":"https:\/\/lodzdesign.com\/en\/musthave\/#primaryimage"},"thumbnailUrl":"https:\/\/lodzdesign.com\/app\/uploads\/2023\/11\/must-have_obrazek-wyrozniajacy-scaled.webp","datePublished":"2023-01-09T15:51:20+00:00","dateModified":"2026-03-25T10:41:43+00:00","description":"A plebiscite organized since 2011 by the \u0141\u00f3d\u017a Design Festival, distinguishing the best implementations from Polish designers and manufacturers.","breadcrumb":{"@id":"https:\/\/lodzdesign.com\/en\/musthave\/#breadcrumb"},"inLanguage":"en-US","potentialAction":[{"@type":"ReadAction","target":["https:\/\/lodzdesign.com\/en\/musthave\/"]}]},{"@type":"ImageObject","inLanguage":"en-US","@id":"https:\/\/lodzdesign.com\/en\/musthave\/#primaryimage","url":"https:\/\/lodzdesign.com\/app\/uploads\/2023\/11\/must-have_obrazek-wyrozniajacy-scaled.webp","contentUrl":"https:\/\/lodzdesign.com\/app\/uploads\/2023\/11\/must-have_obrazek-wyrozniajacy-scaled.webp","width":2560,"height":1707},{"@type":"BreadcrumbList","@id":"https:\/\/lodzdesign.com\/en\/musthave\/#breadcrumb","itemListElement":[{"@type":"ListItem","position":1,"name":"\u0141DF","item":"https:\/\/lodzdesign.com\/en\/"},{"@type":"ListItem","position":2,"name":"must have"}]},{"@type":"WebSite","@id":"https:\/\/lodzdesign.com\/#website","url":"https:\/\/lodzdesign.com\/","name":"\u0141\u00f3d\u017a Design Festival","description":"Z nami odnajdziesz najlepsze wzorce! Wejd\u017a na stron\u0119 i poznaj nasze podcasty, wirtualne wystawy, przewodniki, przyk\u0142ady najlepszego polskiego designu i wiele innych","publisher":{"@id":"https:\/\/lodzdesign.com\/#organization"},"alternateName":"\u0141DF","potentialAction":[{"@type":"SearchAction","target":{"@type":"EntryPoint","urlTemplate":"https:\/\/lodzdesign.com\/?s={search_term_string}"},"query-input":{"@type":"PropertyValueSpecification","valueRequired":true,"valueName":"search_term_string"}}],"inLanguage":"en-US"},{"@type":"Organization","@id":"https:\/\/lodzdesign.com\/#organization","name":"\u0141\u00f3d\u017a Design Festival","url":"https:\/\/lodzdesign.com\/","logo":{"@type":"ImageObject","inLanguage":"en-US","@id":"https:\/\/lodzdesign.com\/#\/schema\/logo\/image\/","url":"https:\/\/lodzdesign.com\/app\/uploads\/2023\/01\/ldf-logo-2-300x76-1.webp","contentUrl":"https:\/\/lodzdesign.com\/app\/uploads\/2023\/01\/ldf-logo-2-300x76-1.webp","width":300,"height":76,"caption":"\u0141\u00f3d\u017a Design Festival"},"image":{"@id":"https:\/\/lodzdesign.com\/#\/schema\/logo\/image\/"},"sameAs":["https:\/\/www.facebook.com\/Lodz.Design","https:\/\/instagram.com\/lodzdesign\/","https:\/\/www.linkedin.com\/company\/lodz-design-festival"]}]}},"_links":{"self":[{"href":"https:\/\/lodzdesign.com\/en\/wp-json\/wp\/v2\/pages\/4043","targetHints":{"allow":["GET"]}}],"collection":[{"href":"https:\/\/lodzdesign.com\/en\/wp-json\/wp\/v2\/pages"}],"about":[{"href":"https:\/\/lodzdesign.com\/en\/wp-json\/wp\/v2\/types\/page"}],"author":[{"embeddable":true,"href":"https:\/\/lodzdesign.com\/en\/wp-json\/wp\/v2\/users\/4"}],"replies":[{"embeddable":true,"href":"https:\/\/lodzdesign.com\/en\/wp-json\/wp\/v2\/comments?post=4043"}],"version-history":[{"count":97,"href":"https:\/\/lodzdesign.com\/en\/wp-json\/wp\/v2\/pages\/4043\/revisions"}],"predecessor-version":[{"id":97306,"href":"https:\/\/lodzdesign.com\/en\/wp-json\/wp\/v2\/pages\/4043\/revisions\/97306"}],"wp:featuredmedia":[{"embeddable":true,"href":"https:\/\/lodzdesign.com\/en\/wp-json\/wp\/v2\/media\/31151"}],"wp:attachment":[{"href":"https:\/\/lodzdesign.com\/en\/wp-json\/wp\/v2\/media?parent=4043"}],"curies":[{"name":"wp","href":"https:\/\/api.w.org\/{rel}","templated":true}]}}