{"id":6054,"date":"2023-01-02T11:59:54","date_gmt":"2023-01-02T10:59:54","guid":{"rendered":"https:\/\/lodzdesign.com\/open-programme\/"},"modified":"2026-03-25T11:41:17","modified_gmt":"2026-03-25T10:41:17","slug":"open-programme","status":"publish","type":"page","link":"https:\/\/lodzdesign.com\/en\/open-programme\/","title":{"rendered":"open programme"},"content":{"rendered":"\n\n<div class=\"breadcrumbs container\" role=\"navigation\">\n\n            <p><span><span><a href=\"https:\/\/lodzdesign.com\/en\/\">\u0141DF<\/a><\/span><\/span><\/p>\n    <\/div>\n\n\n\n<div class=\"ldf-heading-block container\">\n\n    <div class=\"ldf-heading-block__inner-part\">\n\n        <div class=\"ldf-heading-block__left-part\">\n            <h1>\n                open programme\n            <\/h1>\n\n                    <\/div>\n\n    <\/div>\n\n<\/div>\n\n\n\n<div class=\"ldf-content-block container\">\n    <p>Do you have ready-made projects that you can present to a wide audience? Do you want to convey something socially important, share your knowledge, inspire your audience? Or maybe you are planning to implement an interesting activity in the urban space?<\/p>\n<p>&nbsp;<\/p>\n<p><strong>Send a proposal and get a chance to include your idea in the \u0141\u00f3d\u017a Design Festival program, which will take place on May 20-25, 2025!<\/strong><\/p>\n<p>&nbsp;<\/p>\n<p><strong>open programme <\/strong>is an open call to \u0141\u00f3d\u017a Design Festival, which allows students, designers, producers, creators, artists, researchers, innovators, educators, activists to submit their own proposals to the festival program. Individual creators, but also institutions, associations, foundations, schools\/student groups, galleries, etc. can submit their ideas.<\/p>\n<p>&nbsp;<\/p>\n<p>The call for entries for this year&#8217;s edition of \u0141\u00f3d\u017a Design Festival will last:<\/p>\n<ul>\n<li>I stage of recruitment: from 15.01 to 15.02.2025<\/li>\n<li>II stage of recruitment: from 17.02 to 15.03.2025<\/li>\n<\/ul>\n<p>&nbsp;<\/p>\n<p><b>APPLICATION CATEGORIES:<\/b><\/p>\n<ul>\n<li>\n<p class=\"p1\">exhibition\/presentation\/installation at the Festival Center<\/p>\n<\/li>\n<li>\n<p class=\"p1\">urban activity (tour, walk, field game)<\/p>\n<\/li>\n<li>\n<p class=\"p1\">\u0141DF accompanying event outside the Festival Center (exhibition, workshop, meeting, lecture) * organization on the side of the applicant *<\/p>\n<\/li>\n<\/ul>\n<p>&nbsp;<\/p>\n<p><strong>MAIN RULES:<\/strong><\/p>\n<ul>\n<li>\n<p class=\"p1\">open programme cooperation is carried out free of charge.<\/p>\n<\/li>\n<li>\n<p class=\"p1\">Each applicant can send a maximum of 2 proposals.<\/p>\n<\/li>\n<li>\n<p class=\"p1\">Proposals can be either individual or from a design\/creative\/artistic group or, for example, an entire yearbook from an art school or other university.<\/p>\n<\/li>\n<li>\n<p class=\"p1\">Submitted ideas must have a ready-made presentation\/performance formula, and in the case of exhibitions\/presentations\/installations also have a Polish-English narrative.<\/p>\n<\/li>\n<li>\n<p class=\"p1\">The planned number of realizations accepted under the open program is a maximum of 10 proposals.<\/p>\n<\/li>\n<li>\n<p class=\"p1\">The call for the 2025 edition will last until March 15, 2025 at 11:59 pm (CET) or until the availability of space proposals from the open call is exhausted.<\/p>\n<\/li>\n<li>\n<p class=\"p1\">Transportation, installation, dismantling, visual identification and handling of the exhibition\/presentation\/installation are the responsibility of the applicant.<\/p>\n<\/li>\n<li>Information on qualification\/non-qualification for this year&#8217;s selection will be sent no later than 28.02 or 28.03.2025, depending on the stage in which the application was sent.<\/li>\n<\/ul>\n<p>&nbsp;<\/p>\n<p><strong>WHAT WE OFFER?<\/strong><\/p>\n<ul>\n<li>\n<p class=\"p1\">space for the realization of the idea [*does not apply to the urban activity and the accompanying event].<\/p>\n<\/li>\n<li>\n<p class=\"p1\">necessary connections (as agreed) [*does not apply to urban activity and accompanying event].<\/p>\n<\/li>\n<li>\n<p class=\"p1\">promotion as part of activities related to the \u0141DF program<\/p>\n<\/li>\n<\/ul>\n<p>&nbsp;<\/p>\n<p><strong>Edition open programme will not take place in May 2026.<\/strong><\/p>\n\n<\/div>\n\n\n\n<div class=\"ldf-button-block container\">\n            <a href=\"https:\/\/lodzdesign.com\/en\/open-programme\/participate\/\" target=\"\">\n            Participate\n                            <span class=\"ldf-chevron ldf-chevron-right\"><\/span>\n                    <\/a>\n    <\/div>\n\n\n\n<div class=\"ldf-heading ldf-form-heading\">\n    <div class=\"ldf-heading-left\">\n        <span class=\"ldf-yellow-part\"><\/span>\n        <h3>RECRUITMENT SCHEDULE<\/h3>\n    <\/div>\n<\/div>\n\n<div class=\"ldf-form-block container\">\n    <div class=\"ldf-form-block__form\" id=\"block-825755166\">\n        <style>\n            #block-825755166 iframe {\n                height:  !important;\n            }\n\n            #block-825755166 .supernova {\n                height:  !important;\n            }\n        <\/style>\n\n        \n    <\/div>\n<\/div>\n\n\n\n\n<div class=\"ldf-tabs container\">\n            <div class=\"single-tab\">\n            <h3>15 January 2025\n                <img decoding=\"async\" class=\"down-arrow\" src=\"\" alt=\"Down arrow\">\n            <\/h3>\n            <span class=\"single-tab-content\" style=\"display: none;\">\n                <p>start of I stage recruitment for open programme 2025<\/p>\n\n            <\/span>\n        <\/div>\n            <div class=\"single-tab\">\n            <h3>15 February 2025\n                <img decoding=\"async\" class=\"down-arrow\" src=\"\" alt=\"Down arrow\">\n            <\/h3>\n            <span class=\"single-tab-content\" style=\"display: none;\">\n                <p>Completion of the collection of applications for the I stage of the open programme 2025 call for applications<\/p>\n\n            <\/span>\n        <\/div>\n            <div class=\"single-tab\">\n            <h3>17 February 2025\n                <img decoding=\"async\" class=\"down-arrow\" src=\"\" alt=\"Down arrow\">\n            <\/h3>\n            <span class=\"single-tab-content\" style=\"display: none;\">\n                <p>start of the II stage of recruitment for open programme 2025<\/p>\n\n            <\/span>\n        <\/div>\n            <div class=\"single-tab\">\n            <h3>by 28 February 2025\n                <img decoding=\"async\" class=\"down-arrow\" src=\"\" alt=\"Down arrow\">\n            <\/h3>\n            <span class=\"single-tab-content\" style=\"display: none;\">\n                <p>information on qualification\/non-qualification for open programme 2025 applications from the I stage of recruitment<\/p>\n\n            <\/span>\n        <\/div>\n            <div class=\"single-tab\">\n            <h3>15 March 2025\n                <img decoding=\"async\" class=\"down-arrow\" src=\"\" alt=\"Down arrow\">\n            <\/h3>\n            <span class=\"single-tab-content\" style=\"display: none;\">\n                <p>completion of the collection of applications for the II stage of the open program 2025 call for applications<\/p>\n\n            <\/span>\n        <\/div>\n            <div class=\"single-tab\">\n            <h3>by 28 March 2025\n                <img decoding=\"async\" class=\"down-arrow\" src=\"\" alt=\"Down arrow\">\n            <\/h3>\n            <span class=\"single-tab-content\" style=\"display: none;\">\n                <p>information on qualification\/non-qualification for open programme 2025 applications from the II stage of recruitment<\/p>\n\n            <\/span>\n        <\/div>\n            <div class=\"single-tab\">\n            <h3>by 18 May 2025\n                <img decoding=\"async\" class=\"down-arrow\" src=\"\" alt=\"Down arrow\">\n            <\/h3>\n            <span class=\"single-tab-content\" style=\"display: none;\">\n                <p>exhibition\/installation montages<\/p>\n\n            <\/span>\n        <\/div>\n            <div class=\"single-tab\">\n            <h3>20?25 may 2025\n                <img decoding=\"async\" class=\"down-arrow\" src=\"\" alt=\"Down arrow\">\n            <\/h3>\n            <span class=\"single-tab-content\" style=\"display: none;\">\n                <p>presentation of the selection during \u0141\u00f3d\u017a Design Festival 2025<\/p>\n\n            <\/span>\n        <\/div>\n            <div class=\"single-tab\">\n            <h3>by 27 May 2025\n                <img decoding=\"async\" class=\"down-arrow\" src=\"\" alt=\"Down arrow\">\n            <\/h3>\n            <span class=\"single-tab-content\" style=\"display: none;\">\n                <p>dismantling of exhibitions\/installations<\/p>\n\n            <\/span>\n        <\/div>\n    <\/div>\n\n<script type=\"application\/ld+json\">{\"@context\":\"https:\\\/\\\/schema.org\",\"@type\":\"FAQPage\",\"mainEntity\":[{\"@type\":\"Question\",\"name\":\"15 January 2025\",\"acceptedAnswer\":{\"@type\":\"Answer\",\"text\":\"start of I stage recruitment for open programme 2025\\n\"}},{\"@type\":\"Question\",\"name\":\"15 February 2025\",\"acceptedAnswer\":{\"@type\":\"Answer\",\"text\":\"Completion of the collection of applications for the I stage of the open programme 2025 call for applications\\n\"}},{\"@type\":\"Question\",\"name\":\"17 February 2025\",\"acceptedAnswer\":{\"@type\":\"Answer\",\"text\":\"start of the II stage of recruitment for open programme 2025\\n\"}},{\"@type\":\"Question\",\"name\":\"by 28 February 2025\",\"acceptedAnswer\":{\"@type\":\"Answer\",\"text\":\"information on qualification\\\/non-qualification for open programme 2025 applications from the I stage of recruitment\\n\"}},{\"@type\":\"Question\",\"name\":\"15 March 2025\",\"acceptedAnswer\":{\"@type\":\"Answer\",\"text\":\"completion of the collection of applications for the II stage of the open program 2025 call for applications\\n\"}},{\"@type\":\"Question\",\"name\":\"by 28 March 2025\",\"acceptedAnswer\":{\"@type\":\"Answer\",\"text\":\"information on qualification\\\/non-qualification for open programme 2025 applications from the II stage of recruitment\\n\"}},{\"@type\":\"Question\",\"name\":\"by 18 May 2025\",\"acceptedAnswer\":{\"@type\":\"Answer\",\"text\":\"exhibition\\\/installation montages\\n\"}},{\"@type\":\"Question\",\"name\":\"20?25 may 2025\",\"acceptedAnswer\":{\"@type\":\"Answer\",\"text\":\"presentation of the selection during \\u0141\\u00f3d\\u017a Design Festival 2025\\n\"}},{\"@type\":\"Question\",\"name\":\"by 27 May 2025\",\"acceptedAnswer\":{\"@type\":\"Answer\",\"text\":\"dismantling of exhibitions\\\/installations\\n\"}}]}<\/script>\n\n\n\n<div class=\"ldf-heading ldf-form-heading\">\n    <div class=\"ldf-heading-left\">\n        <span class=\"ldf-yellow-part\"><\/span>\n        <h3>IF YOUR IDEA GOES BEYOND THE OPEN PROGRAMME CATEGORIES,<br>PLEASE CONTACT US BY EMAIL:<\/h3>\n    <\/div>\n<\/div>\n\n<div class=\"ldf-form-block container\">\n    <div class=\"ldf-form-block__form\" id=\"block-895373386\">\n        <style>\n            #block-895373386 iframe {\n                height:  !important;\n            }\n\n            #block-895373386 .supernova {\n                height:  !important;\n            }\n        <\/style>\n\n        \n    <\/div>\n<\/div>\n\n\n\n<div class=\"ldf-contact-block container\">\n    <div class=\"single-contact-row\">\n                    <a href=\"mailto:info@lodzdesign.com\" target=\"_blank\" class=\"single-contact single-contact-active\">\n                <div>\n                    <span class=\"thin-arrow\"><\/span>\n                    <h3>\u0141\u00f3d\u017a Design Festival<\/h3>\n                <\/div>\n                <div>\n                    <p>\n                        info@lodzdesign.com\n                    <\/p>\n                <\/div>\n            <\/a>\n                        <\/div>\n<\/div>\n\n\n\n<div class=\"ldf-slider container\">\n    <div class=\"ldf-slider-desktop\">\n        <span class=\"thin-arrow left-thin-arrow left-thin-arrow-\"\n\t\t\trole=\"button\"\n\t\t\ttabindex=\"0\"\n\t\t\tdata-move-class=\"carousel-control-previous-\">\n\t\t<div style=\"display: none\">slide left<\/div>\n\t\t<\/span>\n        <div class=\"carousel carousel-\"><\/div>\n\t\t\n        <span class=\"thin-arrow right-thin-arrow right-thin-arrow-\"\n\t\t\trole=\"button\"\n\t\t\ttabindex=\"0\"\n\t\t\tdata-move-class=\"carousel-control-next-\">\n\t\t\t<div style=\"display: none\">slide left<\/div>\n\t\t<\/span>\n\t\t\n\t\t<div class=\"alt-text\"><\/div>\n    <\/div>\n    <div class=\"ldf-slider-mobile\" style=\"display: none;\">\n            <\/div>\n\t\n<\/div>\n\n\t\n<script>\nlet exampleCarousel\n    jQuery( document ).ready(function() {\n        \/\/ Create a new carousel object\n        exampleCarousel = new Carousel( document.querySelector( '.carousel-' ), );\n        \/\/ Setup carousel and methods\n        exampleCarousel.mounted();\n\n        var alreadyGalleryArray = [];\n\n        jQuery('.ldf-slider-desktop .carousel- .carousel-item').each(function( index ) {\n\t\t\n            var src = jQuery(this).attr('src');\n\n            if ( jQuery.inArray(src, alreadyGalleryArray) === -1 ) {\n                alreadyGalleryArray.push(src);\n                jQuery(this).attr('data-fancybox', '');\n            }\n        });\n\n    });\n\n    jQuery( document ).ready(\n        function(){\n            var maxHeight = 0;\n\n            jQuery('.carousel-container-' + carousel_number + ' img').each(function(){\n\n                jQuery(this).on('load', function(){\n                    var thisH = jQuery(this).height();\n\n                    if (thisH > maxHeight) {\n                        maxHeight = thisH;\n\n                        jQuery('.ldf-slider .carousel-' + carousel_number).css('height', maxHeight);\n                        jQuery('.ldf-slider .carousel-container-' + carousel_number).css('height', maxHeight);\n\t\t\t\t\t\texampleCarousel.altText()\n                    }\n                });\n            });\n        }\n    );\n\n    jQuery('body').on('click', '.ldf-slider-desktop img', function() {\n        var isFancybox = jQuery(this).attr('data-fancybox');\n\n        if ( isFancybox === undefined || isFancybox === '' ) {\n            var clickedSrc = jQuery(this).attr('src');\n\n            jQuery('.ldf-slider-desktop img[data-fancybox=\"\"]').each(function(){\n               if ( jQuery(this).attr('src') === clickedSrc ) {\n                   jQuery(this).attr('data-fancybox', '');\n               }\n            });\n\n            jQuery(this).attr('data-fancybox', '');\n\n        }\n    });\n\n    jQuery('body').on('click', '.ldf-slider-mobile img', function() {\n       var src = jQuery(this).attr('src');\n       var currentSrc = '';\n\n        jQuery('.carousel-container img[data-fancybox=\"\"]').each(function(){\n            currentSrc = jQuery(this).attr('src');\n\n            if ( currentSrc === src ) {\n                jQuery(this).click();\n            }\n        });\n\n    });\n\n<\/script>\n\n\n\n<div class=\"ldf-heading ldf-form-heading\">\n    <div class=\"ldf-heading-left\">\n        <span class=\"ldf-yellow-part\"><\/span>\n        <h3>TIPS<\/h3>\n    <\/div>\n<\/div>\n\n<div class=\"ldf-form-block container\">\n    <div class=\"ldf-form-block__form\" id=\"block-130389558\">\n        <style>\n            #block-130389558 iframe {\n                height:  !important;\n            }\n\n            #block-130389558 .supernova {\n                height:  !important;\n            }\n        <\/style>\n\n        \n    <\/div>\n<\/div>\n\n\n\n<div class=\"ldf-button-block container\">\n            <a href=\"https:\/\/lodzdesign.com\/en\/about-us\/\" target=\"\">\n            Find out more about \u0141DF\n                            <span class=\"ldf-chevron ldf-chevron-right\"><\/span>\n                    <\/a>\n            <a href=\"https:\/\/www.youtube.com\/user\/lodzartcenter\" target=\"_blank\">\n            See what events we organize\n                            <span class=\"ldf-chevron ldf-chevron-right\"><\/span>\n                    <\/a>\n    <\/div>","protected":false},"excerpt":{"rendered":"","protected":false},"author":3,"featured_media":5554,"parent":0,"menu_order":0,"comment_status":"closed","ping_status":"closed","template":"","meta":{"inline_featured_image":false,"footnotes":""},"class_list":["post-6054","page","type-page","status-publish","has-post-thumbnail","hentry"],"acf":[],"yoast_head":"<!-- This site is optimized with the Yoast SEO plugin v25.0 - https:\/\/yoast.com\/wordpress\/plugins\/seo\/ -->\n<title>open programme - \u0141\u00f3d\u017a Design Festival<\/title>\n<meta name=\"description\" content=\"open programme is an open call for \u0141\u00f3d\u017a Design Festival, which allows designers, artists and educators to submit their own proposals for the program.\" \/>\n<meta name=\"robots\" content=\"index, follow, max-snippet:-1, max-image-preview:large, max-video-preview:-1\" \/>\n<link rel=\"canonical\" href=\"https:\/\/lodzdesign.com\/en\/open-programme\/\" \/>\n<meta property=\"og:locale\" content=\"en_US\" \/>\n<meta property=\"og:type\" content=\"article\" \/>\n<meta property=\"og:title\" content=\"open programme - \u0141\u00f3d\u017a Design Festival\" \/>\n<meta property=\"og:url\" content=\"https:\/\/lodzdesign.com\/en\/open-programme\/\" \/>\n<meta property=\"og:site_name\" content=\"\u0141\u00f3d\u017a Design Festival\" \/>\n<meta property=\"article:publisher\" content=\"https:\/\/www.facebook.com\/Lodz.Design\" \/>\n<meta property=\"article:modified_time\" content=\"2026-03-25T10:41:17+00:00\" \/>\n<meta property=\"og:image\" content=\"https:\/\/lodzdesign.com\/app\/uploads\/2023\/02\/LDF-uniwersanel-Glass-Room-fot.-Oswiecony.png\" \/>\n\t<meta property=\"og:image:width\" content=\"1024\" \/>\n\t<meta property=\"og:image:height\" content=\"683\" \/>\n\t<meta property=\"og:image:type\" content=\"image\/png\" \/>\n<meta name=\"twitter:card\" content=\"summary_large_image\" \/>\n<meta name=\"twitter:image\" content=\"https:\/\/lodzdesign.com\/app\/uploads\/2023\/02\/LDF-uniwersanel-Glass-Room-fot.-Oswiecony.png\" \/>\n<meta name=\"twitter:label1\" content=\"Est. reading time\" \/>\n\t<meta name=\"twitter:data1\" content=\"1 minute\" \/>\n<script type=\"application\/ld+json\" class=\"yoast-schema-graph\">{\"@context\":\"https:\/\/schema.org\",\"@graph\":[{\"@type\":\"WebPage\",\"@id\":\"https:\/\/lodzdesign.com\/en\/open-programme\/\",\"url\":\"https:\/\/lodzdesign.com\/en\/open-programme\/\",\"name\":\"open programme - \u0141\u00f3d\u017a Design Festival\",\"isPartOf\":{\"@id\":\"https:\/\/lodzdesign.com\/#website\"},\"primaryImageOfPage\":{\"@id\":\"https:\/\/lodzdesign.com\/en\/open-programme\/#primaryimage\"},\"image\":{\"@id\":\"https:\/\/lodzdesign.com\/en\/open-programme\/#primaryimage\"},\"thumbnailUrl\":\"https:\/\/lodzdesign.com\/app\/uploads\/2023\/02\/LDF-uniwersanel-Glass-Room-fot.-Oswiecony.png\",\"datePublished\":\"2023-01-02T10:59:54+00:00\",\"dateModified\":\"2026-03-25T10:41:17+00:00\",\"description\":\"open programme is an open call for \u0141\u00f3d\u017a Design Festival, which allows designers, artists and educators to submit their own proposals for the program.\",\"breadcrumb\":{\"@id\":\"https:\/\/lodzdesign.com\/en\/open-programme\/#breadcrumb\"},\"inLanguage\":\"en-US\",\"potentialAction\":[{\"@type\":\"ReadAction\",\"target\":[\"https:\/\/lodzdesign.com\/en\/open-programme\/\"]}]},{\"@type\":\"ImageObject\",\"inLanguage\":\"en-US\",\"@id\":\"https:\/\/lodzdesign.com\/en\/open-programme\/#primaryimage\",\"url\":\"https:\/\/lodzdesign.com\/app\/uploads\/2023\/02\/LDF-uniwersanel-Glass-Room-fot.-Oswiecony.png\",\"contentUrl\":\"https:\/\/lodzdesign.com\/app\/uploads\/2023\/02\/LDF-uniwersanel-Glass-Room-fot.-Oswiecony.png\",\"width\":5760,\"height\":3840},{\"@type\":\"BreadcrumbList\",\"@id\":\"https:\/\/lodzdesign.com\/en\/open-programme\/#breadcrumb\",\"itemListElement\":[{\"@type\":\"ListItem\",\"position\":1,\"name\":\"\u0141DF\",\"item\":\"https:\/\/lodzdesign.com\/en\/\"},{\"@type\":\"ListItem\",\"position\":2,\"name\":\"open programme\"}]},{\"@type\":\"WebSite\",\"@id\":\"https:\/\/lodzdesign.com\/#website\",\"url\":\"https:\/\/lodzdesign.com\/\",\"name\":\"\u0141\u00f3d\u017a Design Festival\",\"description\":\"Z nami odnajdziesz najlepsze wzorce! Wejd\u017a na stron\u0119 i poznaj nasze podcasty, wirtualne wystawy, przewodniki, przyk\u0142ady najlepszego polskiego designu i wiele innych\",\"publisher\":{\"@id\":\"https:\/\/lodzdesign.com\/#organization\"},\"alternateName\":\"\u0141DF\",\"potentialAction\":[{\"@type\":\"SearchAction\",\"target\":{\"@type\":\"EntryPoint\",\"urlTemplate\":\"https:\/\/lodzdesign.com\/?s={search_term_string}\"},\"query-input\":{\"@type\":\"PropertyValueSpecification\",\"valueRequired\":true,\"valueName\":\"search_term_string\"}}],\"inLanguage\":\"en-US\"},{\"@type\":\"Organization\",\"@id\":\"https:\/\/lodzdesign.com\/#organization\",\"name\":\"\u0141\u00f3d\u017a Design Festival\",\"url\":\"https:\/\/lodzdesign.com\/\",\"logo\":{\"@type\":\"ImageObject\",\"inLanguage\":\"en-US\",\"@id\":\"https:\/\/lodzdesign.com\/#\/schema\/logo\/image\/\",\"url\":\"https:\/\/lodzdesign.com\/app\/uploads\/2023\/01\/ldf-logo-2-300x76-1.webp\",\"contentUrl\":\"https:\/\/lodzdesign.com\/app\/uploads\/2023\/01\/ldf-logo-2-300x76-1.webp\",\"width\":300,\"height\":76,\"caption\":\"\u0141\u00f3d\u017a Design Festival\"},\"image\":{\"@id\":\"https:\/\/lodzdesign.com\/#\/schema\/logo\/image\/\"},\"sameAs\":[\"https:\/\/www.facebook.com\/Lodz.Design\",\"https:\/\/instagram.com\/lodzdesign\/\",\"https:\/\/www.linkedin.com\/company\/lodz-design-festival\"]}]}<\/script>\n<!-- \/ Yoast SEO plugin. -->","yoast_head_json":{"title":"open programme - \u0141\u00f3d\u017a Design Festival","description":"open programme is an open call for \u0141\u00f3d\u017a Design Festival, which allows designers, artists and educators to submit their own proposals for the program.","robots":{"index":"index","follow":"follow","max-snippet":"max-snippet:-1","max-image-preview":"max-image-preview:large","max-video-preview":"max-video-preview:-1"},"canonical":"https:\/\/lodzdesign.com\/en\/open-programme\/","og_locale":"en_US","og_type":"article","og_title":"open programme - \u0141\u00f3d\u017a Design Festival","og_url":"https:\/\/lodzdesign.com\/en\/open-programme\/","og_site_name":"\u0141\u00f3d\u017a Design Festival","article_publisher":"https:\/\/www.facebook.com\/Lodz.Design","article_modified_time":"2026-03-25T10:41:17+00:00","og_image":[{"width":1024,"height":683,"url":"https:\/\/lodzdesign.com\/app\/uploads\/2023\/02\/LDF-uniwersanel-Glass-Room-fot.-Oswiecony.png","type":"image\/png"}],"twitter_card":"summary_large_image","twitter_image":"https:\/\/lodzdesign.com\/app\/uploads\/2023\/02\/LDF-uniwersanel-Glass-Room-fot.-Oswiecony.png","twitter_misc":{"Est. reading time":"1 minute"},"schema":{"@context":"https:\/\/schema.org","@graph":[{"@type":"WebPage","@id":"https:\/\/lodzdesign.com\/en\/open-programme\/","url":"https:\/\/lodzdesign.com\/en\/open-programme\/","name":"open programme - \u0141\u00f3d\u017a Design Festival","isPartOf":{"@id":"https:\/\/lodzdesign.com\/#website"},"primaryImageOfPage":{"@id":"https:\/\/lodzdesign.com\/en\/open-programme\/#primaryimage"},"image":{"@id":"https:\/\/lodzdesign.com\/en\/open-programme\/#primaryimage"},"thumbnailUrl":"https:\/\/lodzdesign.com\/app\/uploads\/2023\/02\/LDF-uniwersanel-Glass-Room-fot.-Oswiecony.png","datePublished":"2023-01-02T10:59:54+00:00","dateModified":"2026-03-25T10:41:17+00:00","description":"open programme is an open call for \u0141\u00f3d\u017a Design Festival, which allows designers, artists and educators to submit their own proposals for the program.","breadcrumb":{"@id":"https:\/\/lodzdesign.com\/en\/open-programme\/#breadcrumb"},"inLanguage":"en-US","potentialAction":[{"@type":"ReadAction","target":["https:\/\/lodzdesign.com\/en\/open-programme\/"]}]},{"@type":"ImageObject","inLanguage":"en-US","@id":"https:\/\/lodzdesign.com\/en\/open-programme\/#primaryimage","url":"https:\/\/lodzdesign.com\/app\/uploads\/2023\/02\/LDF-uniwersanel-Glass-Room-fot.-Oswiecony.png","contentUrl":"https:\/\/lodzdesign.com\/app\/uploads\/2023\/02\/LDF-uniwersanel-Glass-Room-fot.-Oswiecony.png","width":5760,"height":3840},{"@type":"BreadcrumbList","@id":"https:\/\/lodzdesign.com\/en\/open-programme\/#breadcrumb","itemListElement":[{"@type":"ListItem","position":1,"name":"\u0141DF","item":"https:\/\/lodzdesign.com\/en\/"},{"@type":"ListItem","position":2,"name":"open programme"}]},{"@type":"WebSite","@id":"https:\/\/lodzdesign.com\/#website","url":"https:\/\/lodzdesign.com\/","name":"\u0141\u00f3d\u017a Design Festival","description":"Z nami odnajdziesz najlepsze wzorce! Wejd\u017a na stron\u0119 i poznaj nasze podcasty, wirtualne wystawy, przewodniki, przyk\u0142ady najlepszego polskiego designu i wiele innych","publisher":{"@id":"https:\/\/lodzdesign.com\/#organization"},"alternateName":"\u0141DF","potentialAction":[{"@type":"SearchAction","target":{"@type":"EntryPoint","urlTemplate":"https:\/\/lodzdesign.com\/?s={search_term_string}"},"query-input":{"@type":"PropertyValueSpecification","valueRequired":true,"valueName":"search_term_string"}}],"inLanguage":"en-US"},{"@type":"Organization","@id":"https:\/\/lodzdesign.com\/#organization","name":"\u0141\u00f3d\u017a Design Festival","url":"https:\/\/lodzdesign.com\/","logo":{"@type":"ImageObject","inLanguage":"en-US","@id":"https:\/\/lodzdesign.com\/#\/schema\/logo\/image\/","url":"https:\/\/lodzdesign.com\/app\/uploads\/2023\/01\/ldf-logo-2-300x76-1.webp","contentUrl":"https:\/\/lodzdesign.com\/app\/uploads\/2023\/01\/ldf-logo-2-300x76-1.webp","width":300,"height":76,"caption":"\u0141\u00f3d\u017a Design Festival"},"image":{"@id":"https:\/\/lodzdesign.com\/#\/schema\/logo\/image\/"},"sameAs":["https:\/\/www.facebook.com\/Lodz.Design","https:\/\/instagram.com\/lodzdesign\/","https:\/\/www.linkedin.com\/company\/lodz-design-festival"]}]}},"_links":{"self":[{"href":"https:\/\/lodzdesign.com\/en\/wp-json\/wp\/v2\/pages\/6054","targetHints":{"allow":["GET"]}}],"collection":[{"href":"https:\/\/lodzdesign.com\/en\/wp-json\/wp\/v2\/pages"}],"about":[{"href":"https:\/\/lodzdesign.com\/en\/wp-json\/wp\/v2\/types\/page"}],"author":[{"embeddable":true,"href":"https:\/\/lodzdesign.com\/en\/wp-json\/wp\/v2\/users\/3"}],"replies":[{"embeddable":true,"href":"https:\/\/lodzdesign.com\/en\/wp-json\/wp\/v2\/comments?post=6054"}],"version-history":[{"count":44,"href":"https:\/\/lodzdesign.com\/en\/wp-json\/wp\/v2\/pages\/6054\/revisions"}],"predecessor-version":[{"id":97304,"href":"https:\/\/lodzdesign.com\/en\/wp-json\/wp\/v2\/pages\/6054\/revisions\/97304"}],"wp:featuredmedia":[{"embeddable":true,"href":"https:\/\/lodzdesign.com\/en\/wp-json\/wp\/v2\/media\/5554"}],"wp:attachment":[{"href":"https:\/\/lodzdesign.com\/en\/wp-json\/wp\/v2\/media?parent=6054"}],"curies":[{"name":"wp","href":"https:\/\/api.w.org\/{rel}","templated":true}]}}