{"id":76670,"date":"2025-02-25T14:16:43","date_gmt":"2025-02-25T13:16:43","guid":{"rendered":"https:\/\/lodzdesign.com\/program\/"},"modified":"2025-02-25T15:06:27","modified_gmt":"2025-02-25T14:06:27","slug":"programme","status":"publish","type":"page","link":"https:\/\/lodzdesign.com\/en\/edition-2025\/programme\/","title":{"rendered":"Programme of \u0141\u00f3d\u017a Design Festival 2025"},"content":{"rendered":"\n\n<div class=\"breadcrumbs container\" role=\"navigation\">\n\n                <p>\n                <span>\n                    <span>\n                                                    <a href=\"https:\/\/lodzdesign.com\/en\" target=\"\">\u0141DF<\/a>\n                            \/\n                                                    <a href=\"https:\/\/lodzdesign.com\/edition-2025\/\" target=\"\">Edition 2025<\/a>\n                            \/\n                        \n                        <strong class=\"breadcrumb_last\" aria-current=\"page\"><\/strong>\n                    <\/span>\n                <\/span>\n            <\/p>\n    <\/div>\n\n\n\n<div class=\"ldf-heading-block container\">\n\n    <div class=\"ldf-heading-block__inner-part\">\n\n        <div class=\"ldf-heading-block__left-part\">\n            <h1>\n                Programme of \u0141\u00f3d\u017a Design Festival 2025\n            <\/h1>\n\n                    <\/div>\n\n    <\/div>\n\n<\/div>\n\n\n\n<div class=\"ldf-filters container ldf-filters-hide\" style=\"display: block;\">\n    \t\n\t\t<div class=\"ldf-filters__program\">\n\n            <img decoding=\"async\" class=\"ldf-posts-list-loader\" style=\"display: none;\" src=\"\" alt=\"\">\n\n            <div class=\"ldf-filters__program__wrapper\">\n                <div class=\"ldf-filters__program__row\">\n                    <div class=\"ldf-filters__program__single\">\n                        <p tabindex=\"0\" role=\"presentation\">Show:<\/p>\n\n\n\t\t\t\t\t\t\t\t\t\t\t\t\n\t\t\t\t\t\t\n\n                    <\/div>\n                <\/div>\n            <\/div>\n        <\/div>\n\t\n    \n\n    <div class=\"active-filters\" data-page=\"1\" data-type=\"program\"><\/div>\n<\/div>\n\n\n\n\n\n<div class=\"ldf-posts container\nldf-program-events\">\n\n    <style>\n        .ldf-posts-number {\n            font-size: 16px;\n            letter-spacing: 1.11px;\n            color: var(--dark);\n            display: inline-block;\n            margin-bottom: 20px;\n        }\n    <\/style>\n\n\n    \t\t\n\t\t<div class=\"ldf-editions container\">\n\t\t\n\t\t\t\t\t\t\n\t\t\t\t\n\t\t<div>\n    \n\n\n    \n<\/div>\n\n","protected":false},"excerpt":{"rendered":"","protected":false},"author":4,"featured_media":76201,"parent":76674,"menu_order":0,"comment_status":"closed","ping_status":"closed","template":"","meta":{"inline_featured_image":false,"footnotes":""},"class_list":["post-76670","page","type-page","status-publish","has-post-thumbnail","hentry"],"acf":[],"yoast_head":"<!-- This site is optimized with the Yoast SEO plugin v25.0 - https:\/\/yoast.com\/wordpress\/plugins\/seo\/ -->\n<title>Programme of \u0141\u00f3d\u017a Design Festival 2025 - \u0141\u00f3d\u017a Design Festival<\/title>\n<meta name=\"description\" content=\"The program of exhibitions, events and workshops of Lodz Design Festival 2025, which will be held in Lodz, May 20-25, 2025.\" \/>\n<meta name=\"robots\" content=\"index, follow, max-snippet:-1, max-image-preview:large, max-video-preview:-1\" \/>\n<link rel=\"canonical\" href=\"https:\/\/lodzdesign.com\/en\/edition-2025\/programme\/\" \/>\n<meta property=\"og:locale\" content=\"en_US\" \/>\n<meta property=\"og:type\" content=\"article\" \/>\n<meta property=\"og:title\" content=\"Programme of \u0141\u00f3d\u017a Design Festival 2025 - \u0141\u00f3d\u017a Design Festival\" \/>\n<meta property=\"og:url\" content=\"https:\/\/lodzdesign.com\/en\/edition-2025\/programme\/\" \/>\n<meta property=\"og:site_name\" content=\"\u0141\u00f3d\u017a Design Festival\" \/>\n<meta property=\"article:publisher\" content=\"https:\/\/www.facebook.com\/Lodz.Design\" \/>\n<meta property=\"article:modified_time\" content=\"2025-02-25T14:06:27+00:00\" \/>\n<meta property=\"og:image\" content=\"https:\/\/lodzdesign.com\/app\/uploads\/2025\/02\/LDF2025-nie_koniec-kafelek-www.png\" \/>\n\t<meta property=\"og:image:width\" content=\"2250\" \/>\n\t<meta property=\"og:image:height\" content=\"2250\" \/>\n\t<meta property=\"og:image:type\" content=\"image\/png\" \/>\n<meta name=\"twitter:card\" content=\"summary_large_image\" \/>\n<meta name=\"twitter:image\" content=\"https:\/\/lodzdesign.com\/app\/uploads\/2025\/02\/LDF2025-nie_koniec-kafelek-www.png\" \/>\n<meta name=\"twitter:label1\" content=\"Est. reading time\" \/>\n\t<meta name=\"twitter:data1\" content=\"1 minute\" \/>\n<script type=\"application\/ld+json\" class=\"yoast-schema-graph\">{\"@context\":\"https:\/\/schema.org\",\"@graph\":[{\"@type\":\"WebPage\",\"@id\":\"https:\/\/lodzdesign.com\/en\/edition-2025\/programme\/\",\"url\":\"https:\/\/lodzdesign.com\/en\/edition-2025\/programme\/\",\"name\":\"Programme of \u0141\u00f3d\u017a Design Festival 2025 - \u0141\u00f3d\u017a Design Festival\",\"isPartOf\":{\"@id\":\"https:\/\/lodzdesign.com\/#website\"},\"primaryImageOfPage\":{\"@id\":\"https:\/\/lodzdesign.com\/en\/edition-2025\/programme\/#primaryimage\"},\"image\":{\"@id\":\"https:\/\/lodzdesign.com\/en\/edition-2025\/programme\/#primaryimage\"},\"thumbnailUrl\":\"https:\/\/lodzdesign.com\/app\/uploads\/2025\/02\/LDF2025-nie_koniec-kafelek-www.png\",\"datePublished\":\"2025-02-25T13:16:43+00:00\",\"dateModified\":\"2025-02-25T14:06:27+00:00\",\"description\":\"The program of exhibitions, events and workshops of Lodz Design Festival 2025, which will be held in Lodz, May 20-25, 2025.\",\"breadcrumb\":{\"@id\":\"https:\/\/lodzdesign.com\/en\/edition-2025\/programme\/#breadcrumb\"},\"inLanguage\":\"en-US\",\"potentialAction\":[{\"@type\":\"ReadAction\",\"target\":[\"https:\/\/lodzdesign.com\/en\/edition-2025\/programme\/\"]}]},{\"@type\":\"ImageObject\",\"inLanguage\":\"en-US\",\"@id\":\"https:\/\/lodzdesign.com\/en\/edition-2025\/programme\/#primaryimage\",\"url\":\"https:\/\/lodzdesign.com\/app\/uploads\/2025\/02\/LDF2025-nie_koniec-kafelek-www.png\",\"contentUrl\":\"https:\/\/lodzdesign.com\/app\/uploads\/2025\/02\/LDF2025-nie_koniec-kafelek-www.png\",\"width\":2250,\"height\":2250},{\"@type\":\"BreadcrumbList\",\"@id\":\"https:\/\/lodzdesign.com\/en\/edition-2025\/programme\/#breadcrumb\",\"itemListElement\":[{\"@type\":\"ListItem\",\"position\":1,\"name\":\"\u0141DF\",\"item\":\"https:\/\/lodzdesign.com\/en\/\"},{\"@type\":\"ListItem\",\"position\":2,\"name\":\"Edition 2025\",\"item\":\"https:\/\/lodzdesign.com\/en\/edition-2025\/\"},{\"@type\":\"ListItem\",\"position\":3,\"name\":\"Programme of \u0141\u00f3d\u017a Design Festival 2025\"}]},{\"@type\":\"WebSite\",\"@id\":\"https:\/\/lodzdesign.com\/#website\",\"url\":\"https:\/\/lodzdesign.com\/\",\"name\":\"\u0141\u00f3d\u017a Design Festival\",\"description\":\"Z nami odnajdziesz najlepsze wzorce! Wejd\u017a na stron\u0119 i poznaj nasze podcasty, wirtualne wystawy, przewodniki, przyk\u0142ady najlepszego polskiego designu i wiele innych\",\"publisher\":{\"@id\":\"https:\/\/lodzdesign.com\/#organization\"},\"alternateName\":\"\u0141DF\",\"potentialAction\":[{\"@type\":\"SearchAction\",\"target\":{\"@type\":\"EntryPoint\",\"urlTemplate\":\"https:\/\/lodzdesign.com\/?s={search_term_string}\"},\"query-input\":{\"@type\":\"PropertyValueSpecification\",\"valueRequired\":true,\"valueName\":\"search_term_string\"}}],\"inLanguage\":\"en-US\"},{\"@type\":\"Organization\",\"@id\":\"https:\/\/lodzdesign.com\/#organization\",\"name\":\"\u0141\u00f3d\u017a Design Festival\",\"url\":\"https:\/\/lodzdesign.com\/\",\"logo\":{\"@type\":\"ImageObject\",\"inLanguage\":\"en-US\",\"@id\":\"https:\/\/lodzdesign.com\/#\/schema\/logo\/image\/\",\"url\":\"https:\/\/lodzdesign.com\/app\/uploads\/2023\/01\/ldf-logo-2-300x76-1.webp\",\"contentUrl\":\"https:\/\/lodzdesign.com\/app\/uploads\/2023\/01\/ldf-logo-2-300x76-1.webp\",\"width\":300,\"height\":76,\"caption\":\"\u0141\u00f3d\u017a Design Festival\"},\"image\":{\"@id\":\"https:\/\/lodzdesign.com\/#\/schema\/logo\/image\/\"},\"sameAs\":[\"https:\/\/www.facebook.com\/Lodz.Design\",\"https:\/\/instagram.com\/lodzdesign\/\",\"https:\/\/www.linkedin.com\/company\/lodz-design-festival\"]}]}<\/script>\n<!-- \/ Yoast SEO plugin. -->","yoast_head_json":{"title":"Programme of \u0141\u00f3d\u017a Design Festival 2025 - \u0141\u00f3d\u017a Design Festival","description":"The program of exhibitions, events and workshops of Lodz Design Festival 2025, which will be held in Lodz, May 20-25, 2025.","robots":{"index":"index","follow":"follow","max-snippet":"max-snippet:-1","max-image-preview":"max-image-preview:large","max-video-preview":"max-video-preview:-1"},"canonical":"https:\/\/lodzdesign.com\/en\/edition-2025\/programme\/","og_locale":"en_US","og_type":"article","og_title":"Programme of \u0141\u00f3d\u017a Design Festival 2025 - \u0141\u00f3d\u017a Design Festival","og_url":"https:\/\/lodzdesign.com\/en\/edition-2025\/programme\/","og_site_name":"\u0141\u00f3d\u017a Design Festival","article_publisher":"https:\/\/www.facebook.com\/Lodz.Design","article_modified_time":"2025-02-25T14:06:27+00:00","og_image":[{"width":2250,"height":2250,"url":"https:\/\/lodzdesign.com\/app\/uploads\/2025\/02\/LDF2025-nie_koniec-kafelek-www.png","type":"image\/png"}],"twitter_card":"summary_large_image","twitter_image":"https:\/\/lodzdesign.com\/app\/uploads\/2025\/02\/LDF2025-nie_koniec-kafelek-www.png","twitter_misc":{"Est. reading time":"1 minute"},"schema":{"@context":"https:\/\/schema.org","@graph":[{"@type":"WebPage","@id":"https:\/\/lodzdesign.com\/en\/edition-2025\/programme\/","url":"https:\/\/lodzdesign.com\/en\/edition-2025\/programme\/","name":"Programme of \u0141\u00f3d\u017a Design Festival 2025 - \u0141\u00f3d\u017a Design Festival","isPartOf":{"@id":"https:\/\/lodzdesign.com\/#website"},"primaryImageOfPage":{"@id":"https:\/\/lodzdesign.com\/en\/edition-2025\/programme\/#primaryimage"},"image":{"@id":"https:\/\/lodzdesign.com\/en\/edition-2025\/programme\/#primaryimage"},"thumbnailUrl":"https:\/\/lodzdesign.com\/app\/uploads\/2025\/02\/LDF2025-nie_koniec-kafelek-www.png","datePublished":"2025-02-25T13:16:43+00:00","dateModified":"2025-02-25T14:06:27+00:00","description":"The program of exhibitions, events and workshops of Lodz Design Festival 2025, which will be held in Lodz, May 20-25, 2025.","breadcrumb":{"@id":"https:\/\/lodzdesign.com\/en\/edition-2025\/programme\/#breadcrumb"},"inLanguage":"en-US","potentialAction":[{"@type":"ReadAction","target":["https:\/\/lodzdesign.com\/en\/edition-2025\/programme\/"]}]},{"@type":"ImageObject","inLanguage":"en-US","@id":"https:\/\/lodzdesign.com\/en\/edition-2025\/programme\/#primaryimage","url":"https:\/\/lodzdesign.com\/app\/uploads\/2025\/02\/LDF2025-nie_koniec-kafelek-www.png","contentUrl":"https:\/\/lodzdesign.com\/app\/uploads\/2025\/02\/LDF2025-nie_koniec-kafelek-www.png","width":2250,"height":2250},{"@type":"BreadcrumbList","@id":"https:\/\/lodzdesign.com\/en\/edition-2025\/programme\/#breadcrumb","itemListElement":[{"@type":"ListItem","position":1,"name":"\u0141DF","item":"https:\/\/lodzdesign.com\/en\/"},{"@type":"ListItem","position":2,"name":"Edition 2025","item":"https:\/\/lodzdesign.com\/en\/edition-2025\/"},{"@type":"ListItem","position":3,"name":"Programme of \u0141\u00f3d\u017a Design Festival 2025"}]},{"@type":"WebSite","@id":"https:\/\/lodzdesign.com\/#website","url":"https:\/\/lodzdesign.com\/","name":"\u0141\u00f3d\u017a Design Festival","description":"Z nami odnajdziesz najlepsze wzorce! Wejd\u017a na stron\u0119 i poznaj nasze podcasty, wirtualne wystawy, przewodniki, przyk\u0142ady najlepszego polskiego designu i wiele innych","publisher":{"@id":"https:\/\/lodzdesign.com\/#organization"},"alternateName":"\u0141DF","potentialAction":[{"@type":"SearchAction","target":{"@type":"EntryPoint","urlTemplate":"https:\/\/lodzdesign.com\/?s={search_term_string}"},"query-input":{"@type":"PropertyValueSpecification","valueRequired":true,"valueName":"search_term_string"}}],"inLanguage":"en-US"},{"@type":"Organization","@id":"https:\/\/lodzdesign.com\/#organization","name":"\u0141\u00f3d\u017a Design Festival","url":"https:\/\/lodzdesign.com\/","logo":{"@type":"ImageObject","inLanguage":"en-US","@id":"https:\/\/lodzdesign.com\/#\/schema\/logo\/image\/","url":"https:\/\/lodzdesign.com\/app\/uploads\/2023\/01\/ldf-logo-2-300x76-1.webp","contentUrl":"https:\/\/lodzdesign.com\/app\/uploads\/2023\/01\/ldf-logo-2-300x76-1.webp","width":300,"height":76,"caption":"\u0141\u00f3d\u017a Design Festival"},"image":{"@id":"https:\/\/lodzdesign.com\/#\/schema\/logo\/image\/"},"sameAs":["https:\/\/www.facebook.com\/Lodz.Design","https:\/\/instagram.com\/lodzdesign\/","https:\/\/www.linkedin.com\/company\/lodz-design-festival"]}]}},"_links":{"self":[{"href":"https:\/\/lodzdesign.com\/en\/wp-json\/wp\/v2\/pages\/76670","targetHints":{"allow":["GET"]}}],"collection":[{"href":"https:\/\/lodzdesign.com\/en\/wp-json\/wp\/v2\/pages"}],"about":[{"href":"https:\/\/lodzdesign.com\/en\/wp-json\/wp\/v2\/types\/page"}],"author":[{"embeddable":true,"href":"https:\/\/lodzdesign.com\/en\/wp-json\/wp\/v2\/users\/4"}],"replies":[{"embeddable":true,"href":"https:\/\/lodzdesign.com\/en\/wp-json\/wp\/v2\/comments?post=76670"}],"version-history":[{"count":2,"href":"https:\/\/lodzdesign.com\/en\/wp-json\/wp\/v2\/pages\/76670\/revisions"}],"predecessor-version":[{"id":76673,"href":"https:\/\/lodzdesign.com\/en\/wp-json\/wp\/v2\/pages\/76670\/revisions\/76673"}],"up":[{"embeddable":true,"href":"https:\/\/lodzdesign.com\/en\/wp-json\/wp\/v2\/pages\/76674"}],"wp:featuredmedia":[{"embeddable":true,"href":"https:\/\/lodzdesign.com\/en\/wp-json\/wp\/v2\/media\/76201"}],"wp:attachment":[{"href":"https:\/\/lodzdesign.com\/en\/wp-json\/wp\/v2\/media?parent=76670"}],"curies":[{"name":"wp","href":"https:\/\/api.w.org\/{rel}","templated":true}]}}