{"id":93635,"date":"2025-12-11T15:43:14","date_gmt":"2025-12-11T14:43:14","guid":{"rendered":"https:\/\/lodzdesign.com\/about-us\/palimpsest\/lodzkie-meandry\/"},"modified":"2026-02-10T10:44:00","modified_gmt":"2026-02-10T09:44:00","slug":"lodz-meanders","status":"publish","type":"page","link":"https:\/\/lodzdesign.com\/en\/about-us\/palimpsest\/lodz-meanders\/","title":{"rendered":"Toolkit: \u0141\u00f3d\u017a Meanders"},"content":{"rendered":"\n\n<div class=\"breadcrumbs container\" role=\"navigation\">\n\n                <p>\n                <span>\n                    <span>\n                                                    <a href=\"https:\/\/lodzdesign.com\/en\/\" target=\"\">\u0141DF<\/a>\n                            \/\n                                                    <a href=\"https:\/\/lodzdesign.com\/en\/about-us\/\" target=\"\">About us<\/a>\n                            \/\n                                                    <a href=\"https:\/\/lodzdesign.com\/en\/about-us\/palimpsest\/\" target=\"\">Palimpsest<\/a>\n                            \/\n                                                    <a href=\"https:\/\/lodzdesign.com\/en\/about-us\/palimpsest\/toolkit\/\" target=\"\">Toolkit<\/a>\n                            \/\n                        \n                        <strong class=\"breadcrumb_last\" aria-current=\"page\"><\/strong>\n                    <\/span>\n                <\/span>\n            <\/p>\n    <\/div>\n\n\n\n<div class=\"ldf-heading-block container\">\n\n    <div class=\"ldf-heading-block__inner-part\">\n\n        <div class=\"ldf-heading-block__left-part\">\n            <h1>\n                Toolkit: \u0141\u00f3d\u017a Meanders\n            <\/h1>\n\n                    <\/div>\n\n    <\/div>\n\n<\/div>\n\n\n\n<div class=\"ldf-content-block container\">\n    <p>The \u0141\u00f3d\u017a Meanders toolkit was created out of the need to address challenges well known in \u0141\u00f3d\u017a&#8217;s courtyards, squares, and green belts: rapid water runoff after heavy rainfall, the formation of puddles in impermeable areas, and soil drying out during dry periods. Instead of large-scale infrastructure interventions, they propose micro-scale actions that can be carried out locally, jointly, and in stages.<\/p>\n<p>&nbsp;<\/p>\n<p>\u0141\u00f3d\u017a Meanders are modular structures made of natural materials such as wood chips, sawdust, soil, and plant fibers. Their form refers to river bends, which in the natural environment slow down the flow of water, allow it to soak in, and promote self-cleaning processes. In an urban context, meanders perform a similar function: they direct water, retain it for a short time, and allow it to feed the soil where it is most needed.<\/p>\n<p>&nbsp;<\/p>\n<p>The toolkit has been designed for individuals, neighborhood communities, schools, institutions, and anyone who wants to take local action without the use of heavy equipment or specialized infrastructure. Meanders can be built in workshops, using easily accessible materials, and their form allows them to be moved, modified, and adapted to changing conditions. Thanks to this, they can function both as a retention element and as a clear sign of care for the place.<\/p>\n<p>&nbsp;<\/p>\n<p>An important aspect of \u0141\u00f3d\u017a Meanders is that they have an attractive and mobile form. Workshop experiences have shown that the acceptance of nature-based solutions in urban spaces often depends on whether they are perceived as purposeful, designed, and aesthetic. Meanders, planted with vegetation or integrated with greenery, can serve as soft boundaries, small landscape installations, and elements that organize space \u2013 especially in degraded or neglected areas.<\/p>\n<p>&nbsp;<\/p>\n<p>The toolkit guides you through the entire process: from understanding the idea of Meanders, through recognizing the location and selecting the type of meander, to its construction, installation, and observation of its operation over time. It is an invitation to work with water in a mindful and communal way \u2013 with the idea that even small changes can really improve the functioning of the urban landscape.<\/p>\n<p><!-- wp:acf\/breadcrumbs {\"id\":\"block_63bc3478fad5b\",\"name\":\"acf\/breadcrumbs\",\"data\":{\"force_breadcrumbs_0_link\":{\"title\":\"\u0141DF\",\"url\":\"https:\/\/lodzdesign.com\/\",\"target\":\"\"},\"_force_breadcrumbs_0_link\":\"field_63baa26ec279d\",\"force_breadcrumbs_1_link\":{\"title\":\"O nas\",\"url\":\"https:\/\/lodzdesign.com\/o-nas\/\",\"target\":\"\"},\"_force_breadcrumbs_1_link\":\"field_63baa26ec279d\",\"force_breadcrumbs_2_link\":{\"title\":\"Palimpsest\",\"url\":\"https:\/\/lodzdesign.com\/o-nas\/palimpsest\/\",\"target\":\"\"},\"_force_breadcrumbs_2_link\":\"field_63baa26ec279d\",\"force_breadcrumbs\":3,\"_force_breadcrumbs\":\"field_63baa252c279c\"},\"align\":\"center\",\"mode\":\"edit\"} \/--><\/p>\n\n<\/div>\n\n\n<div style=\"height:100px\" aria-hidden=\"true\" class=\"wp-block-spacer\"><\/div>\n\n\n\n\n<div class=\"ldf-heading ldf-form-heading\">\n    <div class=\"ldf-heading-left\">\n        <span class=\"ldf-yellow-part\"><\/span>\n        <h3>\u0141\u00d3D\u0179 MEANDERS: DO IT YOURSELF<\/h3>\n    <\/div>\n<\/div>\n\n<div class=\"ldf-form-block container\">\n    <div class=\"ldf-form-block__form\" id=\"block-568696382\">\n        <style>\n            #block-568696382 iframe {\n                height:  !important;\n            }\n\n            #block-568696382 .supernova {\n                height:  !important;\n            }\n        <\/style>\n\n        \n    <\/div>\n<\/div>\n\n\n\n<div class=\"ldf-content-block container\">\n    <p><iframe loading=\"lazy\" src=\"https:\/\/lodzdesign.com\/app\/uploads\/2026\/02\/Palimpsest-Lodz-Meanders-toolkit-EN.pdf\" width=\"120%\" height=\"100%\"><span data-mce-type=\"bookmark\" style=\"display: inline-block; width: 0px; overflow: hidden; line-height: 0;\" class=\"mce_SELRES_start\">\ufeff<\/span><span data-mce-type=\"bookmark\" style=\"display: inline-block; width: 0px; overflow: hidden; line-height: 0;\" class=\"mce_SELRES_start\">\ufeff<\/span><span data-mce-type=\"bookmark\" style=\"display: inline-block; width: 0px; overflow: hidden; line-height: 0;\" class=\"mce_SELRES_start\">\ufeff<\/span><span data-mce-type=\"bookmark\" style=\"display: inline-block; width: 0px; overflow: hidden; line-height: 0;\" class=\"mce_SELRES_start\">\ufeff<\/span><span data-mce-type=\"bookmark\" style=\"display: inline-block; width: 0px; overflow: hidden; line-height: 0;\" class=\"mce_SELRES_start\">\ufeff<\/span><\/iframe><\/p>\n\n<\/div>\n\n\n\n<div class=\"ldf-download container\">\n            <a href=\"https:\/\/lodzdesign.com\/app\/uploads\/2026\/02\/Palimpsest-Lodz-Meanders-toolkit-EN.pdf\" \n\t\trole=\"button\"\n\t\ttarget=\"_blank\">Download <span class=\"ldf-download-icon\"><\/span><\/a>\n    <\/div>","protected":false},"excerpt":{"rendered":"","protected":false},"author":4,"featured_media":93595,"parent":93563,"menu_order":0,"comment_status":"closed","ping_status":"closed","template":"","meta":{"inline_featured_image":false,"footnotes":""},"class_list":["post-93635","page","type-page","status-publish","has-post-thumbnail","hentry"],"acf":[],"yoast_head":"<!-- This site is optimized with the Yoast SEO plugin v25.0 - https:\/\/yoast.com\/wordpress\/plugins\/seo\/ -->\n<title>Toolkit: \u0141\u00f3d\u017a Meanders - \u0141\u00f3d\u017a Design Festival<\/title>\n<meta name=\"robots\" content=\"index, follow, max-snippet:-1, max-image-preview:large, max-video-preview:-1\" \/>\n<link rel=\"canonical\" href=\"https:\/\/lodzdesign.com\/en\/about-us\/palimpsest\/lodz-meanders\/\" \/>\n<meta property=\"og:locale\" content=\"en_US\" \/>\n<meta property=\"og:type\" content=\"article\" \/>\n<meta property=\"og:title\" content=\"Toolkit: \u0141\u00f3d\u017a Meanders - \u0141\u00f3d\u017a Design Festival\" \/>\n<meta property=\"og:url\" content=\"https:\/\/lodzdesign.com\/en\/about-us\/palimpsest\/lodz-meanders\/\" \/>\n<meta property=\"og:site_name\" content=\"\u0141\u00f3d\u017a Design Festival\" \/>\n<meta property=\"article:publisher\" content=\"https:\/\/www.facebook.com\/Lodz.Design\" \/>\n<meta property=\"article:modified_time\" content=\"2026-02-10T09:44:00+00:00\" \/>\n<meta property=\"og:image\" content=\"https:\/\/lodzdesign.com\/app\/uploads\/2026\/01\/Palimpsest-Toolkit.png\" \/>\n\t<meta property=\"og:image:width\" content=\"768\" \/>\n\t<meta property=\"og:image:height\" content=\"768\" \/>\n\t<meta property=\"og:image:type\" content=\"image\/png\" \/>\n<meta name=\"twitter:card\" content=\"summary_large_image\" \/>\n<meta name=\"twitter:image\" content=\"https:\/\/lodzdesign.com\/app\/uploads\/2026\/01\/Palimpsest-Toolkit.png\" \/>\n<meta name=\"twitter:label1\" content=\"Est. reading time\" \/>\n\t<meta name=\"twitter:data1\" content=\"1 minute\" \/>\n<script type=\"application\/ld+json\" class=\"yoast-schema-graph\">{\"@context\":\"https:\/\/schema.org\",\"@graph\":[{\"@type\":\"WebPage\",\"@id\":\"https:\/\/lodzdesign.com\/en\/about-us\/palimpsest\/lodz-meanders\/\",\"url\":\"https:\/\/lodzdesign.com\/en\/about-us\/palimpsest\/lodz-meanders\/\",\"name\":\"Toolkit: \u0141\u00f3d\u017a Meanders - \u0141\u00f3d\u017a Design Festival\",\"isPartOf\":{\"@id\":\"https:\/\/lodzdesign.com\/#website\"},\"primaryImageOfPage\":{\"@id\":\"https:\/\/lodzdesign.com\/en\/about-us\/palimpsest\/lodz-meanders\/#primaryimage\"},\"image\":{\"@id\":\"https:\/\/lodzdesign.com\/en\/about-us\/palimpsest\/lodz-meanders\/#primaryimage\"},\"thumbnailUrl\":\"https:\/\/lodzdesign.com\/app\/uploads\/2026\/01\/Palimpsest-Toolkit.png\",\"datePublished\":\"2025-12-11T14:43:14+00:00\",\"dateModified\":\"2026-02-10T09:44:00+00:00\",\"breadcrumb\":{\"@id\":\"https:\/\/lodzdesign.com\/en\/about-us\/palimpsest\/lodz-meanders\/#breadcrumb\"},\"inLanguage\":\"en-US\",\"potentialAction\":[{\"@type\":\"ReadAction\",\"target\":[\"https:\/\/lodzdesign.com\/en\/about-us\/palimpsest\/lodz-meanders\/\"]}]},{\"@type\":\"ImageObject\",\"inLanguage\":\"en-US\",\"@id\":\"https:\/\/lodzdesign.com\/en\/about-us\/palimpsest\/lodz-meanders\/#primaryimage\",\"url\":\"https:\/\/lodzdesign.com\/app\/uploads\/2026\/01\/Palimpsest-Toolkit.png\",\"contentUrl\":\"https:\/\/lodzdesign.com\/app\/uploads\/2026\/01\/Palimpsest-Toolkit.png\",\"width\":1080,\"height\":1080},{\"@type\":\"BreadcrumbList\",\"@id\":\"https:\/\/lodzdesign.com\/en\/about-us\/palimpsest\/lodz-meanders\/#breadcrumb\",\"itemListElement\":[{\"@type\":\"ListItem\",\"position\":1,\"name\":\"\u0141DF\",\"item\":\"https:\/\/lodzdesign.com\/en\/\"},{\"@type\":\"ListItem\",\"position\":2,\"name\":\"About us\",\"item\":\"https:\/\/lodzdesign.com\/en\/about-us\/\"},{\"@type\":\"ListItem\",\"position\":3,\"name\":\"Palimpsest\",\"item\":\"https:\/\/lodzdesign.com\/en\/about-us\/palimpsest\/\"},{\"@type\":\"ListItem\",\"position\":4,\"name\":\"Toolkit: \u0141\u00f3d\u017a Meanders\"}]},{\"@type\":\"WebSite\",\"@id\":\"https:\/\/lodzdesign.com\/#website\",\"url\":\"https:\/\/lodzdesign.com\/\",\"name\":\"\u0141\u00f3d\u017a Design Festival\",\"description\":\"Z nami odnajdziesz najlepsze wzorce! Wejd\u017a na stron\u0119 i poznaj nasze podcasty, wirtualne wystawy, przewodniki, przyk\u0142ady najlepszego polskiego designu i wiele innych\",\"publisher\":{\"@id\":\"https:\/\/lodzdesign.com\/#organization\"},\"alternateName\":\"\u0141DF\",\"potentialAction\":[{\"@type\":\"SearchAction\",\"target\":{\"@type\":\"EntryPoint\",\"urlTemplate\":\"https:\/\/lodzdesign.com\/?s={search_term_string}\"},\"query-input\":{\"@type\":\"PropertyValueSpecification\",\"valueRequired\":true,\"valueName\":\"search_term_string\"}}],\"inLanguage\":\"en-US\"},{\"@type\":\"Organization\",\"@id\":\"https:\/\/lodzdesign.com\/#organization\",\"name\":\"\u0141\u00f3d\u017a Design Festival\",\"url\":\"https:\/\/lodzdesign.com\/\",\"logo\":{\"@type\":\"ImageObject\",\"inLanguage\":\"en-US\",\"@id\":\"https:\/\/lodzdesign.com\/#\/schema\/logo\/image\/\",\"url\":\"https:\/\/lodzdesign.com\/app\/uploads\/2023\/01\/ldf-logo-2-300x76-1.webp\",\"contentUrl\":\"https:\/\/lodzdesign.com\/app\/uploads\/2023\/01\/ldf-logo-2-300x76-1.webp\",\"width\":300,\"height\":76,\"caption\":\"\u0141\u00f3d\u017a Design Festival\"},\"image\":{\"@id\":\"https:\/\/lodzdesign.com\/#\/schema\/logo\/image\/\"},\"sameAs\":[\"https:\/\/www.facebook.com\/Lodz.Design\",\"https:\/\/instagram.com\/lodzdesign\/\",\"https:\/\/www.linkedin.com\/company\/lodz-design-festival\"]}]}<\/script>\n<!-- \/ Yoast SEO plugin. -->","yoast_head_json":{"title":"Toolkit: \u0141\u00f3d\u017a Meanders - \u0141\u00f3d\u017a Design Festival","robots":{"index":"index","follow":"follow","max-snippet":"max-snippet:-1","max-image-preview":"max-image-preview:large","max-video-preview":"max-video-preview:-1"},"canonical":"https:\/\/lodzdesign.com\/en\/about-us\/palimpsest\/lodz-meanders\/","og_locale":"en_US","og_type":"article","og_title":"Toolkit: \u0141\u00f3d\u017a Meanders - \u0141\u00f3d\u017a Design Festival","og_url":"https:\/\/lodzdesign.com\/en\/about-us\/palimpsest\/lodz-meanders\/","og_site_name":"\u0141\u00f3d\u017a Design Festival","article_publisher":"https:\/\/www.facebook.com\/Lodz.Design","article_modified_time":"2026-02-10T09:44:00+00:00","og_image":[{"width":768,"height":768,"url":"https:\/\/lodzdesign.com\/app\/uploads\/2026\/01\/Palimpsest-Toolkit.png","type":"image\/png"}],"twitter_card":"summary_large_image","twitter_image":"https:\/\/lodzdesign.com\/app\/uploads\/2026\/01\/Palimpsest-Toolkit.png","twitter_misc":{"Est. reading time":"1 minute"},"schema":{"@context":"https:\/\/schema.org","@graph":[{"@type":"WebPage","@id":"https:\/\/lodzdesign.com\/en\/about-us\/palimpsest\/lodz-meanders\/","url":"https:\/\/lodzdesign.com\/en\/about-us\/palimpsest\/lodz-meanders\/","name":"Toolkit: \u0141\u00f3d\u017a Meanders - \u0141\u00f3d\u017a Design Festival","isPartOf":{"@id":"https:\/\/lodzdesign.com\/#website"},"primaryImageOfPage":{"@id":"https:\/\/lodzdesign.com\/en\/about-us\/palimpsest\/lodz-meanders\/#primaryimage"},"image":{"@id":"https:\/\/lodzdesign.com\/en\/about-us\/palimpsest\/lodz-meanders\/#primaryimage"},"thumbnailUrl":"https:\/\/lodzdesign.com\/app\/uploads\/2026\/01\/Palimpsest-Toolkit.png","datePublished":"2025-12-11T14:43:14+00:00","dateModified":"2026-02-10T09:44:00+00:00","breadcrumb":{"@id":"https:\/\/lodzdesign.com\/en\/about-us\/palimpsest\/lodz-meanders\/#breadcrumb"},"inLanguage":"en-US","potentialAction":[{"@type":"ReadAction","target":["https:\/\/lodzdesign.com\/en\/about-us\/palimpsest\/lodz-meanders\/"]}]},{"@type":"ImageObject","inLanguage":"en-US","@id":"https:\/\/lodzdesign.com\/en\/about-us\/palimpsest\/lodz-meanders\/#primaryimage","url":"https:\/\/lodzdesign.com\/app\/uploads\/2026\/01\/Palimpsest-Toolkit.png","contentUrl":"https:\/\/lodzdesign.com\/app\/uploads\/2026\/01\/Palimpsest-Toolkit.png","width":1080,"height":1080},{"@type":"BreadcrumbList","@id":"https:\/\/lodzdesign.com\/en\/about-us\/palimpsest\/lodz-meanders\/#breadcrumb","itemListElement":[{"@type":"ListItem","position":1,"name":"\u0141DF","item":"https:\/\/lodzdesign.com\/en\/"},{"@type":"ListItem","position":2,"name":"About us","item":"https:\/\/lodzdesign.com\/en\/about-us\/"},{"@type":"ListItem","position":3,"name":"Palimpsest","item":"https:\/\/lodzdesign.com\/en\/about-us\/palimpsest\/"},{"@type":"ListItem","position":4,"name":"Toolkit: \u0141\u00f3d\u017a Meanders"}]},{"@type":"WebSite","@id":"https:\/\/lodzdesign.com\/#website","url":"https:\/\/lodzdesign.com\/","name":"\u0141\u00f3d\u017a Design Festival","description":"Z nami odnajdziesz najlepsze wzorce! Wejd\u017a na stron\u0119 i poznaj nasze podcasty, wirtualne wystawy, przewodniki, przyk\u0142ady najlepszego polskiego designu i wiele innych","publisher":{"@id":"https:\/\/lodzdesign.com\/#organization"},"alternateName":"\u0141DF","potentialAction":[{"@type":"SearchAction","target":{"@type":"EntryPoint","urlTemplate":"https:\/\/lodzdesign.com\/?s={search_term_string}"},"query-input":{"@type":"PropertyValueSpecification","valueRequired":true,"valueName":"search_term_string"}}],"inLanguage":"en-US"},{"@type":"Organization","@id":"https:\/\/lodzdesign.com\/#organization","name":"\u0141\u00f3d\u017a Design Festival","url":"https:\/\/lodzdesign.com\/","logo":{"@type":"ImageObject","inLanguage":"en-US","@id":"https:\/\/lodzdesign.com\/#\/schema\/logo\/image\/","url":"https:\/\/lodzdesign.com\/app\/uploads\/2023\/01\/ldf-logo-2-300x76-1.webp","contentUrl":"https:\/\/lodzdesign.com\/app\/uploads\/2023\/01\/ldf-logo-2-300x76-1.webp","width":300,"height":76,"caption":"\u0141\u00f3d\u017a Design Festival"},"image":{"@id":"https:\/\/lodzdesign.com\/#\/schema\/logo\/image\/"},"sameAs":["https:\/\/www.facebook.com\/Lodz.Design","https:\/\/instagram.com\/lodzdesign\/","https:\/\/www.linkedin.com\/company\/lodz-design-festival"]}]}},"_links":{"self":[{"href":"https:\/\/lodzdesign.com\/en\/wp-json\/wp\/v2\/pages\/93635","targetHints":{"allow":["GET"]}}],"collection":[{"href":"https:\/\/lodzdesign.com\/en\/wp-json\/wp\/v2\/pages"}],"about":[{"href":"https:\/\/lodzdesign.com\/en\/wp-json\/wp\/v2\/types\/page"}],"author":[{"embeddable":true,"href":"https:\/\/lodzdesign.com\/en\/wp-json\/wp\/v2\/users\/4"}],"replies":[{"embeddable":true,"href":"https:\/\/lodzdesign.com\/en\/wp-json\/wp\/v2\/comments?post=93635"}],"version-history":[{"count":12,"href":"https:\/\/lodzdesign.com\/en\/wp-json\/wp\/v2\/pages\/93635\/revisions"}],"predecessor-version":[{"id":97319,"href":"https:\/\/lodzdesign.com\/en\/wp-json\/wp\/v2\/pages\/93635\/revisions\/97319"}],"up":[{"embeddable":true,"href":"https:\/\/lodzdesign.com\/en\/wp-json\/wp\/v2\/pages\/93563"}],"wp:featuredmedia":[{"embeddable":true,"href":"https:\/\/lodzdesign.com\/en\/wp-json\/wp\/v2\/media\/93595"}],"wp:attachment":[{"href":"https:\/\/lodzdesign.com\/en\/wp-json\/wp\/v2\/media?parent=93635"}],"curies":[{"name":"wp","href":"https:\/\/api.w.org\/{rel}","templated":true}]}}