{"id":93637,"date":"2025-12-11T15:44:59","date_gmt":"2025-12-11T14:44:59","guid":{"rendered":"https:\/\/lodzdesign.com\/about-us\/palimpsest\/rain-flowers\/"},"modified":"2026-04-02T12:22:27","modified_gmt":"2026-04-02T11:22:27","slug":"rain-flowers","status":"publish","type":"page","link":"https:\/\/lodzdesign.com\/en\/about-us\/palimpsest\/rain-flowers\/","title":{"rendered":"Toolkit: Rain Flowers"},"content":{"rendered":"\n\n<div class=\"breadcrumbs container\" role=\"navigation\">\n\n                <p>\n                <span>\n                    <span>\n                                                    <a href=\"https:\/\/lodzdesign.com\/en\/\" target=\"\">\u0141DF<\/a>\n                            \/\n                                                    <a href=\"https:\/\/lodzdesign.com\/en\/about-us\/\" target=\"\">About us<\/a>\n                            \/\n                                                    <a href=\"https:\/\/lodzdesign.com\/en\/about-us\/palimpsest\/\" target=\"\">Palimpsest<\/a>\n                            \/\n                                                    <a href=\"https:\/\/lodzdesign.com\/en\/about-us\/palimpsest\/toolkit\/\" target=\"\">Toolkit<\/a>\n                            \/\n                        \n                        <strong class=\"breadcrumb_last\" aria-current=\"page\"><\/strong>\n                    <\/span>\n                <\/span>\n            <\/p>\n    <\/div>\n\n\n\n<div class=\"ldf-heading-block container\">\n\n    <div class=\"ldf-heading-block__inner-part\">\n\n        <div class=\"ldf-heading-block__left-part\">\n            <h1>\n                Toolkit: Rain Flowers\n            <\/h1>\n\n                    <\/div>\n\n    <\/div>\n\n<\/div>\n\n\n\n<div class=\"ldf-content-block container\">\n    <p>The toolkit assumes that the person using it does not need to have their own ceramics studio. It is more important to understand how it works and find partners who will help translate the design into specific objects. <strong>Rain Flowers is a solution that is well suited for collaboration with local ceramics studios, fablabs, art or technical universities, where 3D printers and molding facilities are available.<\/strong><\/p>\n<p>&nbsp;<\/p>\n<p>The first step is to identify the location and needs. You need to answer a few simple questions: will Rain Flowers be used in a pot, on a balcony, in a flower bed, or in a larger part of the garden? Is the main problem dryness, or perhaps the desire to use excess water running off the roof or paved surfaces? This determines the choice of scale: small, medium, or large. At this stage, you can use the drawings and examples developed by Magdalena Stecka \u2013 they show what the individual elements look like and how they can be combined.<\/p>\n<p>&nbsp;<\/p>\n<p>The second step is to find a place where the molds and ceramic elements themselves can be made. A practical approach is to work with a 3D printing specialist who has a 3D printer. The models prepared according to the Rain Flowers design can be used to make prints that will serve as templates for preparing the molds. These molds are used to create the actual ceramic elements \u2013 reservoirs, funnels, and leaves. The technological details (type of clay, casting method, firing and glazing parameters) are worked out directly with the studio, using the design as a reference point rather than a closed catalog.<\/p>\n<p>&nbsp;<\/p>\n<p>The next stage is surface preparation and installation. In the case of Rain Flowers planters and balcony boxes, they are installed so that the unglazed part of the reservoir is completely surrounded by soil, and the funnel protrudes above the ground enough to freely collect rain or water added manually. In a garden bed, the reservoir is buried deeper so that the roots can benefit from the moisture as it spreads through the soil. In the largest version, installation may require more careful placement of the elements\u2014for example, in a strip where water flows or near a place where puddles naturally form on the ground.<\/p>\n<p>&nbsp;<\/p>\n<p>The final step is to set up the kit and observe. Ceramic leaves can be placed around the funnel so that they capture water from a larger area and direct it into the Rain Flowers. Depending on the location, they can also serve as a visual fence, marking the installation in space. After a few heavy rains, it is worth assessing how the plants in the vicinity are behaving, whether the soil retains moisture longer, and whether the number of elements is sufficient. If necessary, another reservoir can be added or the arrangement of the existing ones can be changed.<\/p>\n<p>&nbsp;<\/p>\n<p>The toolkit is designed to help you through the entire process \u2013 from identifying the location, choosing the scale, and working with a local workshop, to installation and further use. More detailed technical information on the dimensions of individual elements, their capacity, and details of form preparation will be supplemented based on Magdalena Stecka&#8217;s design materials and experience from the production of the first series of Rain Flowers.<\/p>\n\n<\/div>\n\n\n<div style=\"height:100px\" aria-hidden=\"true\" class=\"wp-block-spacer\"><\/div>\n\n\n\n\n<div class=\"ldf-heading ldf-form-heading\">\n    <div class=\"ldf-heading-left\">\n        <span class=\"ldf-yellow-part\"><\/span>\n        <h3>RAIN FLOWERS: DO IT YOURSELF<\/h3>\n    <\/div>\n<\/div>\n\n<div class=\"ldf-form-block container\">\n    <div class=\"ldf-form-block__form\" id=\"block-439056030\">\n        <style>\n            #block-439056030 iframe {\n                height:  !important;\n            }\n\n            #block-439056030 .supernova {\n                height:  !important;\n            }\n        <\/style>\n\n        \n    <\/div>\n<\/div>\n\n\n\n<div class=\"ldf-content-block container\">\n    <p><iframe loading=\"lazy\" src=\"https:\/\/lodzdesign.com\/app\/uploads\/2026\/02\/Palimpses-Rainflowers-toolkit-EN.pdf\" width=\"120%\" height=\"100%\"><span data-mce-type=\"bookmark\" style=\"display: inline-block; width: 0px; overflow: hidden; line-height: 0;\" class=\"mce_SELRES_start\">\ufeff<\/span><span data-mce-type=\"bookmark\" style=\"display: inline-block; width: 0px; overflow: hidden; line-height: 0;\" class=\"mce_SELRES_start\">\ufeff<\/span><span data-mce-type=\"bookmark\" style=\"display: inline-block; width: 0px; overflow: hidden; line-height: 0;\" class=\"mce_SELRES_start\">\ufeff<\/span><span data-mce-type=\"bookmark\" style=\"display: inline-block; width: 0px; overflow: hidden; line-height: 0;\" class=\"mce_SELRES_start\">\ufeff<\/span><span data-mce-type=\"bookmark\" style=\"display: inline-block; width: 0px; overflow: hidden; line-height: 0;\" class=\"mce_SELRES_start\">\ufeff<\/span><span data-mce-type=\"bookmark\" style=\"display: inline-block; width: 0px; overflow: hidden; line-height: 0;\" class=\"mce_SELRES_start\">\ufeff<\/span><\/iframe><\/p>\n\n<\/div>\n\n\n\n<div class=\"ldf-download container\">\n            <a href=\"https:\/\/lodzdesign.com\/app\/uploads\/2026\/02\/Palimpses-Rainflowers-toolkit-EN.pdf\" \n\t\trole=\"button\"\n\t\ttarget=\"_blank\">Download <span class=\"ldf-download-icon\"><\/span><\/a>\n    <\/div>\n\n\n\n<div class=\"ldf-button-block container\">\n            <a href=\"https:\/\/lodzdesign.com\/app\/uploads\/2026\/04\/Palimpsest-Rain-Flowers-pliki-3D.zip\" target=\"\">\n            DOWNLOAD PRINTABLE 3D MODEL FILES\n                            <span class=\"ldf-download-icon\"><\/span>\n                    <\/a>\n    <\/div>\n\n\n\n<div class=\"ldf-heading ldf-form-heading\">\n    <div class=\"ldf-heading-left\">\n        <span class=\"ldf-yellow-part\"><\/span>\n        <h3>INTERVIEW WITH MAGDALENA STECKA<\/h3>\n    <\/div>\n<\/div>\n\n<div class=\"ldf-form-block container\">\n    <div class=\"ldf-form-block__form\" id=\"block-941185100\">\n        <style>\n            #block-941185100 iframe {\n                height:  !important;\n            }\n\n            #block-941185100 .supernova {\n                height:  !important;\n            }\n        <\/style>\n\n        \n    <\/div>\n<\/div>\n\n\n\n<div class=\"ldf-content-block container\">\n    <p><iframe loading=\"lazy\" title=\"YouTube video player\" src=\"https:\/\/www.youtube.com\/embed\/bdok2FFKFZs?si=4r62U7MZH4ZnxtGT\" width=\"120%\" height=\"100%\" frameborder=\"0\" allowfullscreen=\"allowfullscreen\"><span data-mce-type=\"bookmark\" style=\"display: inline-block; width: 0px; overflow: hidden; line-height: 0;\" class=\"mce_SELRES_start\">\ufeff<\/span><span data-mce-type=\"bookmark\" style=\"display: inline-block; width: 0px; overflow: hidden; line-height: 0;\" class=\"mce_SELRES_start\">\ufeff<\/span><span data-mce-type=\"bookmark\" style=\"display: inline-block; width: 0px; overflow: hidden; line-height: 0;\" class=\"mce_SELRES_start\">\ufeff<\/span><\/iframe><\/p>\n\n<\/div>","protected":false},"excerpt":{"rendered":"","protected":false},"author":4,"featured_media":92279,"parent":93563,"menu_order":0,"comment_status":"closed","ping_status":"closed","template":"","meta":{"inline_featured_image":false,"footnotes":""},"class_list":["post-93637","page","type-page","status-publish","has-post-thumbnail","hentry"],"acf":[],"yoast_head":"<!-- This site is optimized with the Yoast SEO plugin v25.0 - https:\/\/yoast.com\/wordpress\/plugins\/seo\/ -->\n<title>Toolkit: Rain Flowers - \u0141\u00f3d\u017a Design Festival<\/title>\n<meta name=\"robots\" content=\"index, follow, max-snippet:-1, max-image-preview:large, max-video-preview:-1\" \/>\n<link rel=\"canonical\" href=\"https:\/\/lodzdesign.com\/en\/about-us\/palimpsest\/rain-flowers\/\" \/>\n<meta property=\"og:locale\" content=\"en_US\" \/>\n<meta property=\"og:type\" content=\"article\" \/>\n<meta property=\"og:title\" content=\"Toolkit: Rain Flowers - \u0141\u00f3d\u017a Design Festival\" \/>\n<meta property=\"og:url\" content=\"https:\/\/lodzdesign.com\/en\/about-us\/palimpsest\/rain-flowers\/\" \/>\n<meta property=\"og:site_name\" content=\"\u0141\u00f3d\u017a Design Festival\" \/>\n<meta property=\"article:publisher\" content=\"https:\/\/www.facebook.com\/Lodz.Design\" \/>\n<meta property=\"article:modified_time\" content=\"2026-04-02T11:22:27+00:00\" \/>\n<meta property=\"og:image\" content=\"https:\/\/lodzdesign.com\/app\/uploads\/2025\/12\/Palimpsest-Narzedziownik.png\" \/>\n\t<meta property=\"og:image:width\" content=\"1024\" \/>\n\t<meta property=\"og:image:height\" content=\"1024\" \/>\n\t<meta property=\"og:image:type\" content=\"image\/png\" \/>\n<meta name=\"twitter:card\" content=\"summary_large_image\" \/>\n<meta name=\"twitter:image\" content=\"https:\/\/lodzdesign.com\/app\/uploads\/2025\/12\/Palimpsest-Narzedziownik.png\" \/>\n<meta name=\"twitter:label1\" content=\"Est. reading time\" \/>\n\t<meta name=\"twitter:data1\" content=\"1 minute\" \/>\n<script type=\"application\/ld+json\" class=\"yoast-schema-graph\">{\"@context\":\"https:\/\/schema.org\",\"@graph\":[{\"@type\":\"WebPage\",\"@id\":\"https:\/\/lodzdesign.com\/en\/about-us\/palimpsest\/rain-flowers\/\",\"url\":\"https:\/\/lodzdesign.com\/en\/about-us\/palimpsest\/rain-flowers\/\",\"name\":\"Toolkit: Rain Flowers - \u0141\u00f3d\u017a Design Festival\",\"isPartOf\":{\"@id\":\"https:\/\/lodzdesign.com\/#website\"},\"primaryImageOfPage\":{\"@id\":\"https:\/\/lodzdesign.com\/en\/about-us\/palimpsest\/rain-flowers\/#primaryimage\"},\"image\":{\"@id\":\"https:\/\/lodzdesign.com\/en\/about-us\/palimpsest\/rain-flowers\/#primaryimage\"},\"thumbnailUrl\":\"https:\/\/lodzdesign.com\/app\/uploads\/2025\/12\/Palimpsest-Narzedziownik.png\",\"datePublished\":\"2025-12-11T14:44:59+00:00\",\"dateModified\":\"2026-04-02T11:22:27+00:00\",\"breadcrumb\":{\"@id\":\"https:\/\/lodzdesign.com\/en\/about-us\/palimpsest\/rain-flowers\/#breadcrumb\"},\"inLanguage\":\"en-US\",\"potentialAction\":[{\"@type\":\"ReadAction\",\"target\":[\"https:\/\/lodzdesign.com\/en\/about-us\/palimpsest\/rain-flowers\/\"]}]},{\"@type\":\"ImageObject\",\"inLanguage\":\"en-US\",\"@id\":\"https:\/\/lodzdesign.com\/en\/about-us\/palimpsest\/rain-flowers\/#primaryimage\",\"url\":\"https:\/\/lodzdesign.com\/app\/uploads\/2025\/12\/Palimpsest-Narzedziownik.png\",\"contentUrl\":\"https:\/\/lodzdesign.com\/app\/uploads\/2025\/12\/Palimpsest-Narzedziownik.png\",\"width\":1080,\"height\":1080},{\"@type\":\"BreadcrumbList\",\"@id\":\"https:\/\/lodzdesign.com\/en\/about-us\/palimpsest\/rain-flowers\/#breadcrumb\",\"itemListElement\":[{\"@type\":\"ListItem\",\"position\":1,\"name\":\"\u0141DF\",\"item\":\"https:\/\/lodzdesign.com\/en\/\"},{\"@type\":\"ListItem\",\"position\":2,\"name\":\"About us\",\"item\":\"https:\/\/lodzdesign.com\/en\/about-us\/\"},{\"@type\":\"ListItem\",\"position\":3,\"name\":\"Palimpsest\",\"item\":\"https:\/\/lodzdesign.com\/en\/about-us\/palimpsest\/\"},{\"@type\":\"ListItem\",\"position\":4,\"name\":\"Toolkit: Rain Flowers\"}]},{\"@type\":\"WebSite\",\"@id\":\"https:\/\/lodzdesign.com\/#website\",\"url\":\"https:\/\/lodzdesign.com\/\",\"name\":\"\u0141\u00f3d\u017a Design Festival\",\"description\":\"Z nami odnajdziesz najlepsze wzorce! Wejd\u017a na stron\u0119 i poznaj nasze podcasty, wirtualne wystawy, przewodniki, przyk\u0142ady najlepszego polskiego designu i wiele innych\",\"publisher\":{\"@id\":\"https:\/\/lodzdesign.com\/#organization\"},\"alternateName\":\"\u0141DF\",\"potentialAction\":[{\"@type\":\"SearchAction\",\"target\":{\"@type\":\"EntryPoint\",\"urlTemplate\":\"https:\/\/lodzdesign.com\/?s={search_term_string}\"},\"query-input\":{\"@type\":\"PropertyValueSpecification\",\"valueRequired\":true,\"valueName\":\"search_term_string\"}}],\"inLanguage\":\"en-US\"},{\"@type\":\"Organization\",\"@id\":\"https:\/\/lodzdesign.com\/#organization\",\"name\":\"\u0141\u00f3d\u017a Design Festival\",\"url\":\"https:\/\/lodzdesign.com\/\",\"logo\":{\"@type\":\"ImageObject\",\"inLanguage\":\"en-US\",\"@id\":\"https:\/\/lodzdesign.com\/#\/schema\/logo\/image\/\",\"url\":\"https:\/\/lodzdesign.com\/app\/uploads\/2023\/01\/ldf-logo-2-300x76-1.webp\",\"contentUrl\":\"https:\/\/lodzdesign.com\/app\/uploads\/2023\/01\/ldf-logo-2-300x76-1.webp\",\"width\":300,\"height\":76,\"caption\":\"\u0141\u00f3d\u017a Design Festival\"},\"image\":{\"@id\":\"https:\/\/lodzdesign.com\/#\/schema\/logo\/image\/\"},\"sameAs\":[\"https:\/\/www.facebook.com\/Lodz.Design\",\"https:\/\/instagram.com\/lodzdesign\/\",\"https:\/\/www.linkedin.com\/company\/lodz-design-festival\"]}]}<\/script>\n<!-- \/ Yoast SEO plugin. -->","yoast_head_json":{"title":"Toolkit: Rain Flowers - \u0141\u00f3d\u017a Design Festival","robots":{"index":"index","follow":"follow","max-snippet":"max-snippet:-1","max-image-preview":"max-image-preview:large","max-video-preview":"max-video-preview:-1"},"canonical":"https:\/\/lodzdesign.com\/en\/about-us\/palimpsest\/rain-flowers\/","og_locale":"en_US","og_type":"article","og_title":"Toolkit: Rain Flowers - \u0141\u00f3d\u017a Design Festival","og_url":"https:\/\/lodzdesign.com\/en\/about-us\/palimpsest\/rain-flowers\/","og_site_name":"\u0141\u00f3d\u017a Design Festival","article_publisher":"https:\/\/www.facebook.com\/Lodz.Design","article_modified_time":"2026-04-02T11:22:27+00:00","og_image":[{"width":1024,"height":1024,"url":"https:\/\/lodzdesign.com\/app\/uploads\/2025\/12\/Palimpsest-Narzedziownik.png","type":"image\/png"}],"twitter_card":"summary_large_image","twitter_image":"https:\/\/lodzdesign.com\/app\/uploads\/2025\/12\/Palimpsest-Narzedziownik.png","twitter_misc":{"Est. reading time":"1 minute"},"schema":{"@context":"https:\/\/schema.org","@graph":[{"@type":"WebPage","@id":"https:\/\/lodzdesign.com\/en\/about-us\/palimpsest\/rain-flowers\/","url":"https:\/\/lodzdesign.com\/en\/about-us\/palimpsest\/rain-flowers\/","name":"Toolkit: Rain Flowers - \u0141\u00f3d\u017a Design Festival","isPartOf":{"@id":"https:\/\/lodzdesign.com\/#website"},"primaryImageOfPage":{"@id":"https:\/\/lodzdesign.com\/en\/about-us\/palimpsest\/rain-flowers\/#primaryimage"},"image":{"@id":"https:\/\/lodzdesign.com\/en\/about-us\/palimpsest\/rain-flowers\/#primaryimage"},"thumbnailUrl":"https:\/\/lodzdesign.com\/app\/uploads\/2025\/12\/Palimpsest-Narzedziownik.png","datePublished":"2025-12-11T14:44:59+00:00","dateModified":"2026-04-02T11:22:27+00:00","breadcrumb":{"@id":"https:\/\/lodzdesign.com\/en\/about-us\/palimpsest\/rain-flowers\/#breadcrumb"},"inLanguage":"en-US","potentialAction":[{"@type":"ReadAction","target":["https:\/\/lodzdesign.com\/en\/about-us\/palimpsest\/rain-flowers\/"]}]},{"@type":"ImageObject","inLanguage":"en-US","@id":"https:\/\/lodzdesign.com\/en\/about-us\/palimpsest\/rain-flowers\/#primaryimage","url":"https:\/\/lodzdesign.com\/app\/uploads\/2025\/12\/Palimpsest-Narzedziownik.png","contentUrl":"https:\/\/lodzdesign.com\/app\/uploads\/2025\/12\/Palimpsest-Narzedziownik.png","width":1080,"height":1080},{"@type":"BreadcrumbList","@id":"https:\/\/lodzdesign.com\/en\/about-us\/palimpsest\/rain-flowers\/#breadcrumb","itemListElement":[{"@type":"ListItem","position":1,"name":"\u0141DF","item":"https:\/\/lodzdesign.com\/en\/"},{"@type":"ListItem","position":2,"name":"About us","item":"https:\/\/lodzdesign.com\/en\/about-us\/"},{"@type":"ListItem","position":3,"name":"Palimpsest","item":"https:\/\/lodzdesign.com\/en\/about-us\/palimpsest\/"},{"@type":"ListItem","position":4,"name":"Toolkit: Rain Flowers"}]},{"@type":"WebSite","@id":"https:\/\/lodzdesign.com\/#website","url":"https:\/\/lodzdesign.com\/","name":"\u0141\u00f3d\u017a Design Festival","description":"Z nami odnajdziesz najlepsze wzorce! Wejd\u017a na stron\u0119 i poznaj nasze podcasty, wirtualne wystawy, przewodniki, przyk\u0142ady najlepszego polskiego designu i wiele innych","publisher":{"@id":"https:\/\/lodzdesign.com\/#organization"},"alternateName":"\u0141DF","potentialAction":[{"@type":"SearchAction","target":{"@type":"EntryPoint","urlTemplate":"https:\/\/lodzdesign.com\/?s={search_term_string}"},"query-input":{"@type":"PropertyValueSpecification","valueRequired":true,"valueName":"search_term_string"}}],"inLanguage":"en-US"},{"@type":"Organization","@id":"https:\/\/lodzdesign.com\/#organization","name":"\u0141\u00f3d\u017a Design Festival","url":"https:\/\/lodzdesign.com\/","logo":{"@type":"ImageObject","inLanguage":"en-US","@id":"https:\/\/lodzdesign.com\/#\/schema\/logo\/image\/","url":"https:\/\/lodzdesign.com\/app\/uploads\/2023\/01\/ldf-logo-2-300x76-1.webp","contentUrl":"https:\/\/lodzdesign.com\/app\/uploads\/2023\/01\/ldf-logo-2-300x76-1.webp","width":300,"height":76,"caption":"\u0141\u00f3d\u017a Design Festival"},"image":{"@id":"https:\/\/lodzdesign.com\/#\/schema\/logo\/image\/"},"sameAs":["https:\/\/www.facebook.com\/Lodz.Design","https:\/\/instagram.com\/lodzdesign\/","https:\/\/www.linkedin.com\/company\/lodz-design-festival"]}]}},"_links":{"self":[{"href":"https:\/\/lodzdesign.com\/en\/wp-json\/wp\/v2\/pages\/93637","targetHints":{"allow":["GET"]}}],"collection":[{"href":"https:\/\/lodzdesign.com\/en\/wp-json\/wp\/v2\/pages"}],"about":[{"href":"https:\/\/lodzdesign.com\/en\/wp-json\/wp\/v2\/types\/page"}],"author":[{"embeddable":true,"href":"https:\/\/lodzdesign.com\/en\/wp-json\/wp\/v2\/users\/4"}],"replies":[{"embeddable":true,"href":"https:\/\/lodzdesign.com\/en\/wp-json\/wp\/v2\/comments?post=93637"}],"version-history":[{"count":17,"href":"https:\/\/lodzdesign.com\/en\/wp-json\/wp\/v2\/pages\/93637\/revisions"}],"predecessor-version":[{"id":97384,"href":"https:\/\/lodzdesign.com\/en\/wp-json\/wp\/v2\/pages\/93637\/revisions\/97384"}],"up":[{"embeddable":true,"href":"https:\/\/lodzdesign.com\/en\/wp-json\/wp\/v2\/pages\/93563"}],"wp:featuredmedia":[{"embeddable":true,"href":"https:\/\/lodzdesign.com\/en\/wp-json\/wp\/v2\/media\/92279"}],"wp:attachment":[{"href":"https:\/\/lodzdesign.com\/en\/wp-json\/wp\/v2\/media?parent=93637"}],"curies":[{"name":"wp","href":"https:\/\/api.w.org\/{rel}","templated":true}]}}