{"id":74507,"date":"2023-01-05T12:18:33","date_gmt":"2023-01-05T11:18:33","guid":{"rendered":"https:\/\/lodzdesign.com\/o-nas\/"},"modified":"2024-12-17T14:20:17","modified_gmt":"2024-12-17T13:20:17","slug":"a-propos-de-nous","status":"publish","type":"page","link":"https:\/\/lodzdesign.com\/fr\/a-propos-de-nous\/","title":{"rendered":"A propos de nous"},"content":{"rendered":"\n\n<div class=\"breadcrumbs container\" role=\"navigation\">\n\n                <p>\n                <span>\n                    <span>\n                                                    <a href=\"https:\/\/lodzdesign.com\/fr\/\" target=\"\">\u0141DF<\/a>\n                            \/\n                        \n                        <strong class=\"breadcrumb_last\" aria-current=\"page\"><\/strong>\n                    <\/span>\n                <\/span>\n            <\/p>\n    <\/div>\n\n\n\n<div class=\"ldf-heading-block container\">\n\n    <div class=\"ldf-heading-block__inner-part\">\n\n        <div class=\"ldf-heading-block__left-part\">\n            <h1>\n                A propos de nous\n            <\/h1>\n\n                    <\/div>\n\n    <\/div>\n\n<\/div>\n\n\n\n<div class=\"ldf-content-block container\">\n    <p>\u0141od\u017a Design Festival (\u0141DF), \u00e9v\u00e9nement pionnier organis\u00e9 depuis 2007 par la fondation du centre d&#8217;art de \u0141\u00f3d\u017a, soutient le d\u00e9veloppement du secteur cr\u00e9atif polonais, en rassemblant ? la fois les leaders de l&#8217;industrie (c&#8217;est-?-dire les designers, les fabricants ou les distributeurs) et le public qui n&#8217;est pas professionnellement impliqu\u00e9 dans le domaine, mais qui aime le bon design.<\/p>\n<p>&nbsp;<\/p>\n<p>Le programme \u0141DF est un examen annuel des tendances mondiales en mati?re de design, la pr\u00e9sentation de concepts et de visions d&#8217;avenir.<\/p>\n\n<\/div>\n\n\n\n<div class=\"ldf-slider container\">\n    <div class=\"ldf-slider-desktop\">\n        <span class=\"thin-arrow left-thin-arrow left-thin-arrow-\"\n\t\t\trole=\"button\"\n\t\t\ttabindex=\"0\"\n\t\t\tdata-move-class=\"carousel-control-previous-\">\n\t\t<div style=\"display: none\">slide left<\/div>\n\t\t<\/span>\n        <div class=\"carousel carousel-\"><\/div>\n\t\t\n        <span class=\"thin-arrow right-thin-arrow right-thin-arrow-\"\n\t\t\trole=\"button\"\n\t\t\ttabindex=\"0\"\n\t\t\tdata-move-class=\"carousel-control-next-\">\n\t\t\t<div style=\"display: none\">slide left<\/div>\n\t\t<\/span>\n\t\t\n\t\t<div class=\"alt-text\"><\/div>\n    <\/div>\n    <div class=\"ldf-slider-mobile\" style=\"display: none;\">\n            <\/div>\n\t\n<\/div>\n\n\t\n<script>\nlet exampleCarousel\n    jQuery( document ).ready(function() {\n        \/\/ Create a new carousel object\n        exampleCarousel = new Carousel( document.querySelector( '.carousel-' ), );\n        \/\/ Setup carousel and methods\n        exampleCarousel.mounted();\n\n        var alreadyGalleryArray = [];\n\n        jQuery('.ldf-slider-desktop .carousel- .carousel-item').each(function( index ) {\n\t\t\n            var src = jQuery(this).attr('src');\n\n            if ( jQuery.inArray(src, alreadyGalleryArray) === -1 ) {\n                alreadyGalleryArray.push(src);\n                jQuery(this).attr('data-fancybox', '');\n            }\n        });\n\n    });\n\n    jQuery( document ).ready(\n        function(){\n            var maxHeight = 0;\n\n            jQuery('.carousel-container-' + carousel_number + ' img').each(function(){\n\n                jQuery(this).on('load', function(){\n                    var thisH = jQuery(this).height();\n\n                    if (thisH > maxHeight) {\n                        maxHeight = thisH;\n\n                        jQuery('.ldf-slider .carousel-' + carousel_number).css('height', maxHeight);\n                        jQuery('.ldf-slider .carousel-container-' + carousel_number).css('height', maxHeight);\n\t\t\t\t\t\texampleCarousel.altText()\n                    }\n                });\n            });\n        }\n    );\n\n    jQuery('body').on('click', '.ldf-slider-desktop img', function() {\n        var isFancybox = jQuery(this).attr('data-fancybox');\n\n        if ( isFancybox === undefined || isFancybox === '' ) {\n            var clickedSrc = jQuery(this).attr('src');\n\n            jQuery('.ldf-slider-desktop img[data-fancybox=\"\"]').each(function(){\n               if ( jQuery(this).attr('src') === clickedSrc ) {\n                   jQuery(this).attr('data-fancybox', '');\n               }\n            });\n\n            jQuery(this).attr('data-fancybox', '');\n\n        }\n    });\n\n    jQuery('body').on('click', '.ldf-slider-mobile img', function() {\n       var src = jQuery(this).attr('src');\n       var currentSrc = '';\n\n        jQuery('.carousel-container img[data-fancybox=\"\"]').each(function(){\n            currentSrc = jQuery(this).attr('src');\n\n            if ( currentSrc === src ) {\n                jQuery(this).click();\n            }\n        });\n\n    });\n\n<\/script>\n\n\n\n<div class=\"ldf-content-block container\">\n    <p><strong>CARACT\u00c9RISTIQUES DU FESTIVAL<\/strong><\/p>\n<p>&nbsp;<\/p>\n<p>Le festival est un forum d&#8217;\u00e9change d&#8217;exp\u00e9riences pour les artistes et les entreprises, et son objectif est de d\u00e9couvrir et de promouvoir les jeunes talents et de pr\u00e9senter les orientations du d\u00e9veloppement du design ? un large public.<\/p>\n<p>&nbsp;<\/p>\n<p>Le c?ur de l&#8217;\u00e9v\u00e9nement est le centre principal du festival &#8211; les espaces post-industriels d&#8217;Art_Inkubator ? la Factory of Art ? \u0141\u00f3d\u017a, mais les expositions, les pr\u00e9sentations, les installations artistiques et les lieux qui accompagnent le festival sont situ\u00e9s dans toute la ville.<\/p>\n<p>&nbsp;<\/p>\n<p>#design #design #artisanat #graphisme #architecture #urbanisme #culture #environnement #entreprenariat #gens #ville #histoire #soutien<\/p>\n\n<\/div>\n\n\n\n\n        \n\n\n<div class=\"ldf-images container\n    ldf-images-margin    ldf-images-single-margin    \"\n>\n                        <img decoding=\"async\" data-fancybox=\"gallery-119196967\" data-src=\"https:\/\/lodzdesign.com\/app\/uploads\/2023\/10\/LDF-skrocone-portfolio-en-1.png\" src=\"https:\/\/lodzdesign.com\/app\/uploads\/2023\/10\/LDF-skrocone-portfolio-en-1.png\" alt=\"\"\n                                            style=\"width: calc( 99% \/ 1 );\"\n                                >\n                            <p class=\"single-image-description\">\u0141\u00f3d\u017a Design Festival, statistiques 2007-2022<\/p>\n                        <\/div>\n\n\n\n<div class=\"ldf-content-block container\">\n    <p class=\"p2\"><strong>INGR\u00c9DIENTS<\/strong><\/p>\n<ul>\n<li>\n<p class=\"p1\"><span class=\"s1\"><strong>th?me<\/strong> ? r\u00e9alis\u00e9e dans le cadre des principales expositions et manifestations du \u0141DF, permet de commenter les d\u00e9fis les plus importants du monde contemporain. <\/span><\/p>\n<\/li>\n<li>\n<p class=\"p1\"><span class=\"s1\"><strong>make me!<\/strong> ? un concours international s\u00e9lectionnant les meilleurs projets d&#8217;artistes de la jeune g\u00e9n\u00e9ration. L&#8217;exposition qui l&#8217;accompagne est une sorte d&#8217;image du monde du futur proche. <\/span><\/p>\n<\/li>\n<li>\n<p class=\"p1\"><span class=\"s1\"><strong>must have<\/strong> ? pl\u00e9biscite et exposition pr\u00e9sentant les meilleures r\u00e9alisations nationales en mati?re de services publics. C&#8217;est aussi l&#8217;occasion de rencontrer les principaux concepteurs et fabricants polonais.<\/span><\/p>\n<\/li>\n<li>\n<p class=\"p1\"><span class=\"s1\"><strong>Archiblok<\/strong> ? Espace de discussion, discussions sur l&#8217;espace. Un bloc de pr\u00e9sentations d&#8217;experts et de discussions, consacr\u00e9 ? des sujets d&#8217;actualit\u00e9 en mati?re d&#8217;architecture et d&#8217;urbanisme. <\/span><\/p>\n<\/li>\n<li>\n<p class=\"p1\"><span class=\"s1\"><strong>L&#8217;\u00e9ducation<\/strong> ? un espace d\u00e9di\u00e9 aux familles avec enfants. Il s&#8217;agit d&#8217;un espace de jeu cr\u00e9atif et d&#8217;apprentissage sans distinction d&#8217;\u00e2ge, de statut ou de connaissances. <\/span><\/p>\n<\/li>\n<li>\n<p class=\"p1\"><span class=\"s1\"><strong>Open Programme<\/strong> ? un appel s&#8217;adressant principalement aux institutions, aux conservateurs, aux artistes et aux concepteurs qui souhaitent pr\u00e9senter les r\u00e9sultats de leur travail ? un public de festivaliers. <\/span><\/p>\n<\/li>\n<\/ul>\n\n<\/div>\n\n\n\n\n        \n\n\n<div class=\"ldf-images container\n    ldf-images-margin    ldf-images-single-margin    \"\n>\n                        <img decoding=\"async\" data-fancybox=\"gallery-820609001\" data-src=\"https:\/\/lodzdesign.com\/app\/uploads\/2023\/10\/LDF-skrocone-portfolio-en-1.png\" src=\"https:\/\/lodzdesign.com\/app\/uploads\/2023\/10\/LDF-skrocone-portfolio-en-1.png\" alt=\"\"\n                                            style=\"width: calc( 99% \/ 1 );\"\n                                >\n                            <p class=\"single-image-description\">\u0141\u00f3d\u017a Design Festival, nos actions<\/p>\n                        <\/div>","protected":false},"excerpt":{"rendered":"","protected":false},"author":3,"featured_media":0,"parent":0,"menu_order":0,"comment_status":"closed","ping_status":"closed","template":"","meta":{"inline_featured_image":false,"footnotes":""},"class_list":["post-74507","page","type-page","status-publish","hentry"],"acf":[],"yoast_head":"<!-- This site is optimized with the Yoast SEO plugin v25.0 - https:\/\/yoast.com\/wordpress\/plugins\/seo\/ -->\n<title>A propos de nous - \u0141\u00f3d\u017a Design Festival<\/title>\n<meta name=\"description\" content=\"Le festival de design de \u0141\u00f3d\u017a soutient le d\u00e9veloppement du secteur cr\u00e9atif polonais, en rassemblant ? la fois les leaders de l&#039;industrie et le public qui aime le bon design.\" \/>\n<meta name=\"robots\" content=\"index, follow, max-snippet:-1, max-image-preview:large, max-video-preview:-1\" \/>\n<link rel=\"canonical\" href=\"https:\/\/lodzdesign.com\/fr\/a-propos-de-nous\/\" \/>\n<meta property=\"og:locale\" content=\"fr_FR\" \/>\n<meta property=\"og:type\" content=\"article\" \/>\n<meta property=\"og:title\" content=\"A propos de nous - \u0141\u00f3d\u017a Design Festival\" \/>\n<meta property=\"og:url\" content=\"https:\/\/lodzdesign.com\/fr\/a-propos-de-nous\/\" \/>\n<meta property=\"og:site_name\" content=\"\u0141\u00f3d\u017a Design Festival\" \/>\n<meta property=\"article:publisher\" content=\"https:\/\/www.facebook.com\/Lodz.Design\" \/>\n<meta property=\"article:modified_time\" content=\"2024-12-17T13:20:17+00:00\" \/>\n<meta property=\"og:image\" content=\"https:\/\/lodzdesign.com\/app\/uploads\/2023\/11\/LDF2023-wystawa-More-Less-zdjecie-z-filtrem_small-scaled.webp\" \/>\n\t<meta property=\"og:image:width\" content=\"1024\" \/>\n\t<meta property=\"og:image:height\" content=\"683\" \/>\n\t<meta property=\"og:image:type\" content=\"image\/png\" \/>\n<meta name=\"twitter:card\" content=\"summary_large_image\" \/>\n<meta name=\"twitter:image\" content=\"https:\/\/lodzdesign.com\/app\/uploads\/2023\/11\/LDF2023-wystawa-More-Less-zdjecie-z-filtrem_small-scaled.webp\" \/>\n<script type=\"application\/ld+json\" class=\"yoast-schema-graph\">{\"@context\":\"https:\/\/schema.org\",\"@graph\":[{\"@type\":\"WebPage\",\"@id\":\"https:\/\/lodzdesign.com\/fr\/a-propos-de-nous\/\",\"url\":\"https:\/\/lodzdesign.com\/fr\/a-propos-de-nous\/\",\"name\":\"A propos de nous - \u0141\u00f3d\u017a Design Festival\",\"isPartOf\":{\"@id\":\"https:\/\/lodzdesign.com\/#website\"},\"datePublished\":\"2023-01-05T11:18:33+00:00\",\"dateModified\":\"2024-12-17T13:20:17+00:00\",\"description\":\"Le festival de design de \u0141\u00f3d\u017a soutient le d\u00e9veloppement du secteur cr\u00e9atif polonais, en rassemblant ? la fois les leaders de l'industrie et le public qui aime le bon design.\",\"breadcrumb\":{\"@id\":\"https:\/\/lodzdesign.com\/fr\/a-propos-de-nous\/#breadcrumb\"},\"inLanguage\":\"fr-FR\",\"potentialAction\":[{\"@type\":\"ReadAction\",\"target\":[\"https:\/\/lodzdesign.com\/fr\/a-propos-de-nous\/\"]}]},{\"@type\":\"BreadcrumbList\",\"@id\":\"https:\/\/lodzdesign.com\/fr\/a-propos-de-nous\/#breadcrumb\",\"itemListElement\":[{\"@type\":\"ListItem\",\"position\":1,\"name\":\"\u0141DF\",\"item\":\"https:\/\/lodzdesign.com\/fr\/\"},{\"@type\":\"ListItem\",\"position\":2,\"name\":\"A propos de nous\"}]},{\"@type\":\"WebSite\",\"@id\":\"https:\/\/lodzdesign.com\/#website\",\"url\":\"https:\/\/lodzdesign.com\/\",\"name\":\"\u0141\u00f3d\u017a Design Festival\",\"description\":\"Z nami odnajdziesz najlepsze wzorce! Wejd\u017a na stron\u0119 i poznaj nasze podcasty, wirtualne wystawy, przewodniki, przyk\u0142ady najlepszego polskiego designu i wiele innych\",\"publisher\":{\"@id\":\"https:\/\/lodzdesign.com\/#organization\"},\"alternateName\":\"\u0141DF\",\"potentialAction\":[{\"@type\":\"SearchAction\",\"target\":{\"@type\":\"EntryPoint\",\"urlTemplate\":\"https:\/\/lodzdesign.com\/?s={search_term_string}\"},\"query-input\":{\"@type\":\"PropertyValueSpecification\",\"valueRequired\":true,\"valueName\":\"search_term_string\"}}],\"inLanguage\":\"fr-FR\"},{\"@type\":\"Organization\",\"@id\":\"https:\/\/lodzdesign.com\/#organization\",\"name\":\"\u0141\u00f3d\u017a Design Festival\",\"url\":\"https:\/\/lodzdesign.com\/\",\"logo\":{\"@type\":\"ImageObject\",\"inLanguage\":\"fr-FR\",\"@id\":\"https:\/\/lodzdesign.com\/#\/schema\/logo\/image\/\",\"url\":\"https:\/\/lodzdesign.com\/app\/uploads\/2023\/01\/ldf-logo-2-300x76-1.webp\",\"contentUrl\":\"https:\/\/lodzdesign.com\/app\/uploads\/2023\/01\/ldf-logo-2-300x76-1.webp\",\"width\":300,\"height\":76,\"caption\":\"\u0141\u00f3d\u017a Design Festival\"},\"image\":{\"@id\":\"https:\/\/lodzdesign.com\/#\/schema\/logo\/image\/\"},\"sameAs\":[\"https:\/\/www.facebook.com\/Lodz.Design\",\"https:\/\/instagram.com\/lodzdesign\/\",\"https:\/\/www.linkedin.com\/company\/lodz-design-festival\"]}]}<\/script>\n<!-- \/ Yoast SEO plugin. -->","yoast_head_json":{"title":"A propos de nous - \u0141\u00f3d\u017a Design Festival","description":"Le festival de design de \u0141\u00f3d\u017a soutient le d\u00e9veloppement du secteur cr\u00e9atif polonais, en rassemblant ? la fois les leaders de l'industrie et le public qui aime le bon design.","robots":{"index":"index","follow":"follow","max-snippet":"max-snippet:-1","max-image-preview":"max-image-preview:large","max-video-preview":"max-video-preview:-1"},"canonical":"https:\/\/lodzdesign.com\/fr\/a-propos-de-nous\/","og_locale":"fr_FR","og_type":"article","og_title":"A propos de nous - \u0141\u00f3d\u017a Design Festival","og_url":"https:\/\/lodzdesign.com\/fr\/a-propos-de-nous\/","og_site_name":"\u0141\u00f3d\u017a Design Festival","article_publisher":"https:\/\/www.facebook.com\/Lodz.Design","article_modified_time":"2024-12-17T13:20:17+00:00","og_image":[{"width":1024,"height":683,"url":"https:\/\/lodzdesign.com\/app\/uploads\/2023\/11\/LDF2023-wystawa-More-Less-zdjecie-z-filtrem_small-scaled.webp","type":"image\/png"}],"twitter_card":"summary_large_image","twitter_image":"https:\/\/lodzdesign.com\/app\/uploads\/2023\/11\/LDF2023-wystawa-More-Less-zdjecie-z-filtrem_small-scaled.webp","schema":{"@context":"https:\/\/schema.org","@graph":[{"@type":"WebPage","@id":"https:\/\/lodzdesign.com\/fr\/a-propos-de-nous\/","url":"https:\/\/lodzdesign.com\/fr\/a-propos-de-nous\/","name":"A propos de nous - \u0141\u00f3d\u017a Design Festival","isPartOf":{"@id":"https:\/\/lodzdesign.com\/#website"},"datePublished":"2023-01-05T11:18:33+00:00","dateModified":"2024-12-17T13:20:17+00:00","description":"Le festival de design de \u0141\u00f3d\u017a soutient le d\u00e9veloppement du secteur cr\u00e9atif polonais, en rassemblant ? la fois les leaders de l'industrie et le public qui aime le bon design.","breadcrumb":{"@id":"https:\/\/lodzdesign.com\/fr\/a-propos-de-nous\/#breadcrumb"},"inLanguage":"fr-FR","potentialAction":[{"@type":"ReadAction","target":["https:\/\/lodzdesign.com\/fr\/a-propos-de-nous\/"]}]},{"@type":"BreadcrumbList","@id":"https:\/\/lodzdesign.com\/fr\/a-propos-de-nous\/#breadcrumb","itemListElement":[{"@type":"ListItem","position":1,"name":"\u0141DF","item":"https:\/\/lodzdesign.com\/fr\/"},{"@type":"ListItem","position":2,"name":"A propos de nous"}]},{"@type":"WebSite","@id":"https:\/\/lodzdesign.com\/#website","url":"https:\/\/lodzdesign.com\/","name":"\u0141\u00f3d\u017a Design Festival","description":"Z nami odnajdziesz najlepsze wzorce! Wejd\u017a na stron\u0119 i poznaj nasze podcasty, wirtualne wystawy, przewodniki, przyk\u0142ady najlepszego polskiego designu i wiele innych","publisher":{"@id":"https:\/\/lodzdesign.com\/#organization"},"alternateName":"\u0141DF","potentialAction":[{"@type":"SearchAction","target":{"@type":"EntryPoint","urlTemplate":"https:\/\/lodzdesign.com\/?s={search_term_string}"},"query-input":{"@type":"PropertyValueSpecification","valueRequired":true,"valueName":"search_term_string"}}],"inLanguage":"fr-FR"},{"@type":"Organization","@id":"https:\/\/lodzdesign.com\/#organization","name":"\u0141\u00f3d\u017a Design Festival","url":"https:\/\/lodzdesign.com\/","logo":{"@type":"ImageObject","inLanguage":"fr-FR","@id":"https:\/\/lodzdesign.com\/#\/schema\/logo\/image\/","url":"https:\/\/lodzdesign.com\/app\/uploads\/2023\/01\/ldf-logo-2-300x76-1.webp","contentUrl":"https:\/\/lodzdesign.com\/app\/uploads\/2023\/01\/ldf-logo-2-300x76-1.webp","width":300,"height":76,"caption":"\u0141\u00f3d\u017a Design Festival"},"image":{"@id":"https:\/\/lodzdesign.com\/#\/schema\/logo\/image\/"},"sameAs":["https:\/\/www.facebook.com\/Lodz.Design","https:\/\/instagram.com\/lodzdesign\/","https:\/\/www.linkedin.com\/company\/lodz-design-festival"]}]}},"_links":{"self":[{"href":"https:\/\/lodzdesign.com\/fr\/wp-json\/wp\/v2\/pages\/74507","targetHints":{"allow":["GET"]}}],"collection":[{"href":"https:\/\/lodzdesign.com\/fr\/wp-json\/wp\/v2\/pages"}],"about":[{"href":"https:\/\/lodzdesign.com\/fr\/wp-json\/wp\/v2\/types\/page"}],"author":[{"embeddable":true,"href":"https:\/\/lodzdesign.com\/fr\/wp-json\/wp\/v2\/users\/3"}],"replies":[{"embeddable":true,"href":"https:\/\/lodzdesign.com\/fr\/wp-json\/wp\/v2\/comments?post=74507"}],"version-history":[{"count":2,"href":"https:\/\/lodzdesign.com\/fr\/wp-json\/wp\/v2\/pages\/74507\/revisions"}],"predecessor-version":[{"id":74513,"href":"https:\/\/lodzdesign.com\/fr\/wp-json\/wp\/v2\/pages\/74507\/revisions\/74513"}],"wp:attachment":[{"href":"https:\/\/lodzdesign.com\/fr\/wp-json\/wp\/v2\/media?parent=74507"}],"curies":[{"name":"wp","href":"https:\/\/api.w.org\/{rel}","templated":true}]}}