{"id":74560,"date":"2023-08-08T19:19:27","date_gmt":"2023-08-08T18:19:27","guid":{"rendered":"https:\/\/lodzdesign.com\/a-propos-de-nous\/zglos-sie\/"},"modified":"2025-01-28T10:43:06","modified_gmt":"2025-01-28T09:43:06","slug":"appliquer","status":"publish","type":"page","link":"https:\/\/lodzdesign.com\/fr\/a-propos-de-nous\/appliquer\/","title":{"rendered":"Appliquer"},"content":{"rendered":"\n\n<div class=\"breadcrumbs container\" role=\"navigation\">\n\n                <p>\n                <span>\n                    <span>\n                                                    <a href=\"https:\/\/lodzdesign.com\/fr\" target=\"\">\u0141DF<\/a>\n                            \/\n                                                    <a href=\"https:\/\/lodzdesign.com\/fr\/a-propos-de-nous\/\" target=\"\">A propos de nous<\/a>\n                            \/\n                        \n                        <strong class=\"breadcrumb_last\" aria-current=\"page\"><\/strong>\n                    <\/span>\n                <\/span>\n            <\/p>\n    <\/div>\n\n\n\n<div class=\"left-content-background-image-block container\">\n\n    <div class=\"left-content-background-image-block__inner-part\">\n\n        <div class=\"left-content-background-image-block__left-part\">\n            <h1>\n                Appliquer<br> au \u0141\u00f3d\u017a Design Festival 2025<br>20-25.05.2025\n            <\/h1>\n            <span>\n                <h2>Vous concevez, organisez des expositions ou des activit\u00e9s urbaines? Si vous ?tes actif dans l&#8217;industrie cr\u00e9ative et que vous souhaitez vous pr\u00e9senter au festival de design de \u0141\u00f3d\u017a, c&#8217;est parfait!<\/h2>\n<p>&nbsp;<\/p>\n<h2>Nous vous pr\u00e9sentons ci-dessous les possibilit\u00e9s de vous impliquer et de participer ? la prochaine \u00e9dition de l&#8217;\u00e9v\u00e9nement.<\/h2>\n\n            <\/span>\n\n                    <\/div>\n\n        <div class=\"left-content-background-image-block__right-part\">\n            <img decoding=\"async\" src=\"https:\/\/lodzdesign.com\/app\/uploads\/2022\/12\/maziaj.png\">\n        <\/div>\n\n    <\/div>\n\n<\/div>\n\n\n\n<div class=\"ldf-registration-boxes container\">\n\n    <div class=\"ldf-heading\">\n        <div class=\"ldf-heading-left\">\n            <span class=\"ldf-yellow-part\"><\/span>\n            <h3>\u0141\u00f3d\u017a Design Festival &#8211; la participation ? des concours et ? des expositions<\/h3>\n        <\/div>\n    <\/div>\n\n    <div class=\"ldf-registration-boxes-wrapper\">\n\n                    <div class=\"single-registration-box\">\n                <div class=\"image-part\">\n                    <img decoding=\"async\" src=\"https:\/\/lodzdesign.com\/app\/uploads\/2023\/01\/LDF-logo-make-me-czarne-bez-tla.png\" alt=\"\">\n                <\/div>\n                <div class=\"content-part\">\n                    <div class=\"content-part-title\">\n                        <p>make me! &#8211; concours pour jeunes artistes<\/p>\n                    <\/div>\n                    <div class=\"content-part-text\">\n                        <p>Le concours international de design make me! est l&#8217;un des \u00e9v\u00e9nements de design les plus innovants d&#8217;Europe et un \u00e9l\u00e9ment cl\u00e9 du \u0141\u00f3d\u017a Design Festival. L&#8217;objectif le plus important de make me ! est de pr\u00e9voir les tendances ? venir et de soutenir les jeunes designers (\u00e2g\u00e9s de 20 ? 35 ans) qui sont pr?ts ? entrer dans l&#8217;industrie.<br><br>Les finalistes des \u00e9ditions pr\u00e9c\u00e9dentes soulignent les opportunit\u00e9s qui leur ont \u00e9t\u00e9 offertes par leur participation au concours, notamment: se faire conna\u00eetre dans la communaut\u00e9 des designers, ?tre promus par de nombreuses publications ou des expositions ult\u00e9rieures.<br><br>Les travaux soumis sont \u00e9valu\u00e9s en deux \u00e9tapes par un jury sp\u00e9cialement s\u00e9lectionn\u00e9 et diversifi\u00e9 dans ses int\u00e9r?ts. Gr\u00e2ce ? la pr\u00e9sentation des projets lors de l&#8217;exposition, qui est ouverte au public, et aux contacts avec des experts, make me! peut ?tre un tremplin pour un d\u00e9veloppement professionnel ult\u00e9rieur.<\/p>\n                    <\/div>\n                    <div class=\"content-part-buttons\">\n                                                    <a href=\"https:\/\/lodzdesign.com\/fr\/makeme\/\" target=\"\" class=\"ldf-button\">Plus<span class=\"ldf-chevron ldf-chevron-right\"><\/span><\/a>\n                        \n                                                    <a href=\"https:\/\/lodzdesign.com\/fr\/makeme\/appliquer\/\" target=\"\" class=\"ldf-button ldf-button-yellow\">Appliquer<span class=\"ldf-chevron ldf-chevron-right\"><\/span><\/a>\n                                            <\/div>\n                <\/div>\n            <\/div>\n                    <div class=\"single-registration-box\">\n                <div class=\"image-part\">\n                    <img decoding=\"async\" src=\"https:\/\/lodzdesign.com\/app\/uploads\/2023\/01\/LDF-logo-must-have-czarne-bez-tla.png\" alt=\"\">\n                <\/div>\n                <div class=\"content-part\">\n                    <div class=\"content-part-title\">\n                        <p>must have &#8211; pl\u00e9biscite pour les concepteurs et les fabricants<\/p>\n                    <\/div>\n                    <div class=\"content-part-text\">\n                        <p>must have est un pl\u00e9biscite organis\u00e9 depuis 2011 par le \u0141\u00f3d\u017a Design Festival, qui r\u00e9compense les meilleures r\u00e9alisations des designers et fabricants polonais.Il s?agit d?un label de qualit\u00e9 gratuit que les entreprises peuvent utiliser dans leur pays et ? l?\u00e9tranger.<br><br>Il a \u00e9t\u00e9 cr\u00e9\u00e9 pour populariser le bon design polonais et promouvoir ainsi les entreprises et les designers polonais. must have est une recommandation unique ? l?intention des consommateurs et l?\u00e9v\u00e9nement le plus m\u00e9diatis\u00e9 dans le domaine du design polonais. Son objectif est de soutenir le secteur cr\u00e9atif par une large promotion des produits qui sont le r\u00e9sultat d?une coop\u00e9ration entre un fabricant et un designer.<br><br>Les candidatures au pl\u00e9biscite sont accept\u00e9es gratuitement via le formulaire disponible sur le site web du pl\u00e9biscite. Le Conseil d?experts, dont la t\u00e2che principale est l?\u00e9valuation finale de toutes les candidatures, proc?de \u00e9galement ? ses propres nominations, sur la base d?une \u00e9tude de march\u00e9.<\/p>\n                    <\/div>\n                    <div class=\"content-part-buttons\">\n                                                    <a href=\"https:\/\/lodzdesign.com\/fr\/musthave\/\" target=\"\" class=\"ldf-button\">Plus<span class=\"ldf-chevron ldf-chevron-right\"><\/span><\/a>\n                        \n                                                    <a href=\"https:\/\/lodzdesign.com\/fr\/musthave\/appliquer\/\" target=\"\" class=\"ldf-button ldf-button-yellow\">Appliquer<span class=\"ldf-chevron ldf-chevron-right\"><\/span><\/a>\n                                            <\/div>\n                <\/div>\n            <\/div>\n                    <div class=\"single-registration-box\">\n                <div class=\"image-part\">\n                    <img decoding=\"async\" src=\"https:\/\/lodzdesign.com\/app\/uploads\/2023\/01\/LDF-logo-open-programme-czarne-bez-tla.png\" alt=\"\">\n                <\/div>\n                <div class=\"content-part\">\n                    <div class=\"content-part-title\">\n                        <p>open programme &#8211; Appel ? candidatures pour le programme \u0141DF<\/p>\n                    <\/div>\n                    <div class=\"content-part-text\">\n                        <p>open programme s&#8217;adresse principalement aux repr\u00e9sentants d&#8217;institutions, aux conservateurs, aux artistes, aux designers, etc. &#8211; ? tous ceux qui souhaitent montrer au public du festival le r\u00e9sultat de leur travail cr\u00e9atif. Il s&#8217;agit d&#8217;un espace pour des activit\u00e9s int\u00e9ressantes et originales qui enrichiront le programme du festival.<br><br>Les propositions peuvent inclure des activit\u00e9s telles qu&#8217;une exposition, une installation artistique, un atelier, une conf\u00e9rence ou des activit\u00e9s urbaines (par exemple des promenades ? th?me, des jeux, etc.). <\/p>\n                    <\/div>\n                    <div class=\"content-part-buttons\">\n                                                    <a href=\"https:\/\/lodzdesign.com\/fr\/open-programme\/\" target=\"\" class=\"ldf-button\">Plus<span class=\"ldf-chevron ldf-chevron-right\"><\/span><\/a>\n                        \n                                                    <a href=\"https:\/\/lodzdesign.com\/fr\/open-programme\/appliquer\/\" target=\"\" class=\"ldf-button ldf-button-yellow\">Appliquer<span class=\"ldf-chevron ldf-chevron-right\"><\/span><\/a>\n                                            <\/div>\n                <\/div>\n            <\/div>\n        \n    <\/div>\n\n<\/div>\n\n\n\n<div class=\"ldf-button-block container\">\n            <a href=\"https:\/\/lodzdesign.com\/fr\/a-propos-de-nous\/\" target=\"_blank\">\n            D\u00e9couvrez comment nous \u00e9laborons le programme du festival\n                            <span class=\"ldf-chevron ldf-chevron-right\"><\/span>\n                    <\/a>\n            <a href=\"https:\/\/www.flickr.com\/photos\/lodzdesignfestival\/albums\" target=\"_blank\">\n            Laissez-vous inspirer par nos photos\n                            <span class=\"ldf-chevron ldf-chevron-right\"><\/span>\n                    <\/a>\n    <\/div>","protected":false},"excerpt":{"rendered":"","protected":false},"author":3,"featured_media":66117,"parent":74507,"menu_order":0,"comment_status":"closed","ping_status":"closed","template":"","meta":{"inline_featured_image":false,"footnotes":""},"class_list":["post-74560","page","type-page","status-publish","has-post-thumbnail","hentry"],"acf":[],"yoast_head":"<!-- This site is optimized with the Yoast SEO plugin v25.0 - https:\/\/yoast.com\/wordpress\/plugins\/seo\/ -->\n<title>Appliquer - \u0141\u00f3d\u017a Design Festival<\/title>\n<meta name=\"description\" content=\"Vous concevez, organisez des expositions ou animez des ateliers ? Nous vous rapprochons des possibilit\u00e9s d&#039;implication et de participation ? la prochaine \u00e9dition de l&#039;\u00e9v\u00e9nement.\" \/>\n<meta name=\"robots\" content=\"index, follow, max-snippet:-1, max-image-preview:large, max-video-preview:-1\" \/>\n<link rel=\"canonical\" href=\"https:\/\/lodzdesign.com\/fr\/a-propos-de-nous\/appliquer\/\" \/>\n<meta property=\"og:locale\" content=\"fr_FR\" \/>\n<meta property=\"og:type\" content=\"article\" \/>\n<meta property=\"og:title\" content=\"Appliquer - \u0141\u00f3d\u017a Design Festival\" \/>\n<meta property=\"og:url\" content=\"https:\/\/lodzdesign.com\/fr\/a-propos-de-nous\/appliquer\/\" \/>\n<meta property=\"og:site_name\" content=\"\u0141\u00f3d\u017a Design Festival\" \/>\n<meta property=\"article:publisher\" content=\"https:\/\/www.facebook.com\/Lodz.Design\" \/>\n<meta property=\"article:modified_time\" content=\"2025-01-28T09:43:06+00:00\" \/>\n<meta property=\"og:image\" content=\"https:\/\/lodzdesign.com\/app\/uploads\/2023\/11\/LDF2023-wystawa-More-Less-zdjecie-z-filtrem_small-scaled.webp\" \/>\n\t<meta property=\"og:image:width\" content=\"2560\" \/>\n\t<meta property=\"og:image:height\" content=\"1707\" \/>\n\t<meta property=\"og:image:type\" content=\"image\/webp\" \/>\n<meta name=\"twitter:card\" content=\"summary_large_image\" \/>\n<meta name=\"twitter:image\" content=\"https:\/\/lodzdesign.com\/app\/uploads\/2023\/11\/LDF2023-wystawa-More-Less-zdjecie-z-filtrem_small-scaled.webp\" \/>\n<meta name=\"twitter:label1\" content=\"Est. reading time\" \/>\n\t<meta name=\"twitter:data1\" content=\"1 minute\" \/>\n<script type=\"application\/ld+json\" class=\"yoast-schema-graph\">{\"@context\":\"https:\/\/schema.org\",\"@graph\":[{\"@type\":\"WebPage\",\"@id\":\"https:\/\/lodzdesign.com\/fr\/a-propos-de-nous\/appliquer\/\",\"url\":\"https:\/\/lodzdesign.com\/fr\/a-propos-de-nous\/appliquer\/\",\"name\":\"Appliquer - \u0141\u00f3d\u017a Design Festival\",\"isPartOf\":{\"@id\":\"https:\/\/lodzdesign.com\/#website\"},\"primaryImageOfPage\":{\"@id\":\"https:\/\/lodzdesign.com\/fr\/a-propos-de-nous\/appliquer\/#primaryimage\"},\"image\":{\"@id\":\"https:\/\/lodzdesign.com\/fr\/a-propos-de-nous\/appliquer\/#primaryimage\"},\"thumbnailUrl\":\"https:\/\/lodzdesign.com\/app\/uploads\/2023\/11\/LDF2023-wystawa-More-Less-zdjecie-z-filtrem_small-scaled.webp\",\"datePublished\":\"2023-08-08T18:19:27+00:00\",\"dateModified\":\"2025-01-28T09:43:06+00:00\",\"description\":\"Vous concevez, organisez des expositions ou animez des ateliers ? Nous vous rapprochons des possibilit\u00e9s d'implication et de participation ? la prochaine \u00e9dition de l'\u00e9v\u00e9nement.\",\"breadcrumb\":{\"@id\":\"https:\/\/lodzdesign.com\/fr\/a-propos-de-nous\/appliquer\/#breadcrumb\"},\"inLanguage\":\"fr-FR\",\"potentialAction\":[{\"@type\":\"ReadAction\",\"target\":[\"https:\/\/lodzdesign.com\/fr\/a-propos-de-nous\/appliquer\/\"]}]},{\"@type\":\"ImageObject\",\"inLanguage\":\"fr-FR\",\"@id\":\"https:\/\/lodzdesign.com\/fr\/a-propos-de-nous\/appliquer\/#primaryimage\",\"url\":\"https:\/\/lodzdesign.com\/app\/uploads\/2023\/11\/LDF2023-wystawa-More-Less-zdjecie-z-filtrem_small-scaled.webp\",\"contentUrl\":\"https:\/\/lodzdesign.com\/app\/uploads\/2023\/11\/LDF2023-wystawa-More-Less-zdjecie-z-filtrem_small-scaled.webp\",\"width\":2560,\"height\":1707},{\"@type\":\"BreadcrumbList\",\"@id\":\"https:\/\/lodzdesign.com\/fr\/a-propos-de-nous\/appliquer\/#breadcrumb\",\"itemListElement\":[{\"@type\":\"ListItem\",\"position\":1,\"name\":\"\u0141DF\",\"item\":\"https:\/\/lodzdesign.com\/fr\/\"},{\"@type\":\"ListItem\",\"position\":2,\"name\":\"A propos de nous\",\"item\":\"https:\/\/lodzdesign.com\/fr\/a-propos-de-nous\/\"},{\"@type\":\"ListItem\",\"position\":3,\"name\":\"Appliquer\"}]},{\"@type\":\"WebSite\",\"@id\":\"https:\/\/lodzdesign.com\/#website\",\"url\":\"https:\/\/lodzdesign.com\/\",\"name\":\"\u0141\u00f3d\u017a Design Festival\",\"description\":\"Z nami odnajdziesz najlepsze wzorce! Wejd\u017a na stron\u0119 i poznaj nasze podcasty, wirtualne wystawy, przewodniki, przyk\u0142ady najlepszego polskiego designu i wiele innych\",\"publisher\":{\"@id\":\"https:\/\/lodzdesign.com\/#organization\"},\"alternateName\":\"\u0141DF\",\"potentialAction\":[{\"@type\":\"SearchAction\",\"target\":{\"@type\":\"EntryPoint\",\"urlTemplate\":\"https:\/\/lodzdesign.com\/?s={search_term_string}\"},\"query-input\":{\"@type\":\"PropertyValueSpecification\",\"valueRequired\":true,\"valueName\":\"search_term_string\"}}],\"inLanguage\":\"fr-FR\"},{\"@type\":\"Organization\",\"@id\":\"https:\/\/lodzdesign.com\/#organization\",\"name\":\"\u0141\u00f3d\u017a Design Festival\",\"url\":\"https:\/\/lodzdesign.com\/\",\"logo\":{\"@type\":\"ImageObject\",\"inLanguage\":\"fr-FR\",\"@id\":\"https:\/\/lodzdesign.com\/#\/schema\/logo\/image\/\",\"url\":\"https:\/\/lodzdesign.com\/app\/uploads\/2023\/01\/ldf-logo-2-300x76-1.webp\",\"contentUrl\":\"https:\/\/lodzdesign.com\/app\/uploads\/2023\/01\/ldf-logo-2-300x76-1.webp\",\"width\":300,\"height\":76,\"caption\":\"\u0141\u00f3d\u017a Design Festival\"},\"image\":{\"@id\":\"https:\/\/lodzdesign.com\/#\/schema\/logo\/image\/\"},\"sameAs\":[\"https:\/\/www.facebook.com\/Lodz.Design\",\"https:\/\/instagram.com\/lodzdesign\/\",\"https:\/\/www.linkedin.com\/company\/lodz-design-festival\"]}]}<\/script>\n<!-- \/ Yoast SEO plugin. -->","yoast_head_json":{"title":"Appliquer - \u0141\u00f3d\u017a Design Festival","description":"Vous concevez, organisez des expositions ou animez des ateliers ? Nous vous rapprochons des possibilit\u00e9s d'implication et de participation ? la prochaine \u00e9dition de l'\u00e9v\u00e9nement.","robots":{"index":"index","follow":"follow","max-snippet":"max-snippet:-1","max-image-preview":"max-image-preview:large","max-video-preview":"max-video-preview:-1"},"canonical":"https:\/\/lodzdesign.com\/fr\/a-propos-de-nous\/appliquer\/","og_locale":"fr_FR","og_type":"article","og_title":"Appliquer - \u0141\u00f3d\u017a Design Festival","og_url":"https:\/\/lodzdesign.com\/fr\/a-propos-de-nous\/appliquer\/","og_site_name":"\u0141\u00f3d\u017a Design Festival","article_publisher":"https:\/\/www.facebook.com\/Lodz.Design","article_modified_time":"2025-01-28T09:43:06+00:00","og_image":[{"width":2560,"height":1707,"url":"https:\/\/lodzdesign.com\/app\/uploads\/2023\/11\/LDF2023-wystawa-More-Less-zdjecie-z-filtrem_small-scaled.webp","type":"image\/webp"}],"twitter_card":"summary_large_image","twitter_image":"https:\/\/lodzdesign.com\/app\/uploads\/2023\/11\/LDF2023-wystawa-More-Less-zdjecie-z-filtrem_small-scaled.webp","twitter_misc":{"Est. reading time":"1 minute"},"schema":{"@context":"https:\/\/schema.org","@graph":[{"@type":"WebPage","@id":"https:\/\/lodzdesign.com\/fr\/a-propos-de-nous\/appliquer\/","url":"https:\/\/lodzdesign.com\/fr\/a-propos-de-nous\/appliquer\/","name":"Appliquer - \u0141\u00f3d\u017a Design Festival","isPartOf":{"@id":"https:\/\/lodzdesign.com\/#website"},"primaryImageOfPage":{"@id":"https:\/\/lodzdesign.com\/fr\/a-propos-de-nous\/appliquer\/#primaryimage"},"image":{"@id":"https:\/\/lodzdesign.com\/fr\/a-propos-de-nous\/appliquer\/#primaryimage"},"thumbnailUrl":"https:\/\/lodzdesign.com\/app\/uploads\/2023\/11\/LDF2023-wystawa-More-Less-zdjecie-z-filtrem_small-scaled.webp","datePublished":"2023-08-08T18:19:27+00:00","dateModified":"2025-01-28T09:43:06+00:00","description":"Vous concevez, organisez des expositions ou animez des ateliers ? Nous vous rapprochons des possibilit\u00e9s d'implication et de participation ? la prochaine \u00e9dition de l'\u00e9v\u00e9nement.","breadcrumb":{"@id":"https:\/\/lodzdesign.com\/fr\/a-propos-de-nous\/appliquer\/#breadcrumb"},"inLanguage":"fr-FR","potentialAction":[{"@type":"ReadAction","target":["https:\/\/lodzdesign.com\/fr\/a-propos-de-nous\/appliquer\/"]}]},{"@type":"ImageObject","inLanguage":"fr-FR","@id":"https:\/\/lodzdesign.com\/fr\/a-propos-de-nous\/appliquer\/#primaryimage","url":"https:\/\/lodzdesign.com\/app\/uploads\/2023\/11\/LDF2023-wystawa-More-Less-zdjecie-z-filtrem_small-scaled.webp","contentUrl":"https:\/\/lodzdesign.com\/app\/uploads\/2023\/11\/LDF2023-wystawa-More-Less-zdjecie-z-filtrem_small-scaled.webp","width":2560,"height":1707},{"@type":"BreadcrumbList","@id":"https:\/\/lodzdesign.com\/fr\/a-propos-de-nous\/appliquer\/#breadcrumb","itemListElement":[{"@type":"ListItem","position":1,"name":"\u0141DF","item":"https:\/\/lodzdesign.com\/fr\/"},{"@type":"ListItem","position":2,"name":"A propos de nous","item":"https:\/\/lodzdesign.com\/fr\/a-propos-de-nous\/"},{"@type":"ListItem","position":3,"name":"Appliquer"}]},{"@type":"WebSite","@id":"https:\/\/lodzdesign.com\/#website","url":"https:\/\/lodzdesign.com\/","name":"\u0141\u00f3d\u017a Design Festival","description":"Z nami odnajdziesz najlepsze wzorce! Wejd\u017a na stron\u0119 i poznaj nasze podcasty, wirtualne wystawy, przewodniki, przyk\u0142ady najlepszego polskiego designu i wiele innych","publisher":{"@id":"https:\/\/lodzdesign.com\/#organization"},"alternateName":"\u0141DF","potentialAction":[{"@type":"SearchAction","target":{"@type":"EntryPoint","urlTemplate":"https:\/\/lodzdesign.com\/?s={search_term_string}"},"query-input":{"@type":"PropertyValueSpecification","valueRequired":true,"valueName":"search_term_string"}}],"inLanguage":"fr-FR"},{"@type":"Organization","@id":"https:\/\/lodzdesign.com\/#organization","name":"\u0141\u00f3d\u017a Design Festival","url":"https:\/\/lodzdesign.com\/","logo":{"@type":"ImageObject","inLanguage":"fr-FR","@id":"https:\/\/lodzdesign.com\/#\/schema\/logo\/image\/","url":"https:\/\/lodzdesign.com\/app\/uploads\/2023\/01\/ldf-logo-2-300x76-1.webp","contentUrl":"https:\/\/lodzdesign.com\/app\/uploads\/2023\/01\/ldf-logo-2-300x76-1.webp","width":300,"height":76,"caption":"\u0141\u00f3d\u017a Design Festival"},"image":{"@id":"https:\/\/lodzdesign.com\/#\/schema\/logo\/image\/"},"sameAs":["https:\/\/www.facebook.com\/Lodz.Design","https:\/\/instagram.com\/lodzdesign\/","https:\/\/www.linkedin.com\/company\/lodz-design-festival"]}]}},"_links":{"self":[{"href":"https:\/\/lodzdesign.com\/fr\/wp-json\/wp\/v2\/pages\/74560","targetHints":{"allow":["GET"]}}],"collection":[{"href":"https:\/\/lodzdesign.com\/fr\/wp-json\/wp\/v2\/pages"}],"about":[{"href":"https:\/\/lodzdesign.com\/fr\/wp-json\/wp\/v2\/types\/page"}],"author":[{"embeddable":true,"href":"https:\/\/lodzdesign.com\/fr\/wp-json\/wp\/v2\/users\/3"}],"replies":[{"embeddable":true,"href":"https:\/\/lodzdesign.com\/fr\/wp-json\/wp\/v2\/comments?post=74560"}],"version-history":[{"count":16,"href":"https:\/\/lodzdesign.com\/fr\/wp-json\/wp\/v2\/pages\/74560\/revisions"}],"predecessor-version":[{"id":75917,"href":"https:\/\/lodzdesign.com\/fr\/wp-json\/wp\/v2\/pages\/74560\/revisions\/75917"}],"up":[{"embeddable":true,"href":"https:\/\/lodzdesign.com\/fr\/wp-json\/wp\/v2\/pages\/74507"}],"wp:featuredmedia":[{"embeddable":true,"href":"https:\/\/lodzdesign.com\/fr\/wp-json\/wp\/v2\/media\/66117"}],"wp:attachment":[{"href":"https:\/\/lodzdesign.com\/fr\/wp-json\/wp\/v2\/media?parent=74560"}],"curies":[{"name":"wp","href":"https:\/\/api.w.org\/{rel}","templated":true}]}}