{"id":76765,"date":"2023-08-10T20:29:25","date_gmt":"2023-08-10T19:29:25","guid":{"rendered":"https:\/\/lodzdesign.com\/aktualnosci\/"},"modified":"2025-02-26T12:46:35","modified_gmt":"2025-02-26T11:46:35","slug":"actualites","status":"publish","type":"page","link":"https:\/\/lodzdesign.com\/fr\/actualites\/","title":{"rendered":"Actualit\u00e9s"},"content":{"rendered":"\n\n<div class=\"ldf-heading-block container\">\n\n    <div class=\"ldf-heading-block__inner-part\">\n\n        <div class=\"ldf-heading-block__left-part\">\n            <h1>\n                Actualit\u00e9s\n            <\/h1>\n\n                            <div>\n                    <div class=\"post-filters\">\n                        <span class=\"post-filters__filter\"><\/span>\n                        <span class=\"post-filters__arrow filter-active\"><\/span>\n                        <span class=\"post-filters__indicator\" style=\"display:none;\"><\/span>\n                    <\/div>\n                    <p class=\"filters-desc\">Filters<\/p>\n                <\/div>\n                    <\/div>\n\n    <\/div>\n\n<\/div>\n\n\n\n<div class=\"ldf-filters container ldf-filters-hide\" style=\"display: block;\">\n    \n        <div class=\"ldf-filters__news\">\n            <div class=\"ldf-filters__news__wrapper\">\n            <\/div>\n\n            <div class=\"ldf-filters__news__wrapper\">\n                <div class=\"ldf-filters__news__single\">\n                    <p>Sort by<\/p>\n                    <div class=\"filter-select\">\n                        <p class=\"selected-filter filter-sort\" data-filter=\"DESC\">From the newest to the oldest<\/p>\n                        <span class=\"filter-arrow\"><\/span>\n                        <div class=\"filters\" style=\"display:none;\" data-method=\"sort\">\n                            <p data-filter=\"DESC\">From the newest to the oldest<\/p>\n                            <p data-filter=\"ASC\">From the oldest to the newest<\/p>\n                        <\/div>\n                    <\/div>\n                <\/div>\n            <\/div>\n        <\/div>\n\n    \n\n    <div class=\"active-filters\" data-page=\"1\" data-type=\"news\"><\/div>\n<\/div>\n\n\n\n\n\n<div class=\"ldf-posts container\n\">\n\n    <style>\n        .ldf-posts-number {\n            font-size: 16px;\n            letter-spacing: 1.11px;\n            color: var(--dark);\n            display: inline-block;\n            margin-bottom: 20px;\n        }\n    <\/style>\n\n\n    \n        <div class=\"ldf-posts-list\">\n            <img decoding=\"async\" class=\"ldf-posts-list-loader\" style=\"display: none;\" src=\"\" alt=\"\">\n\n                    <\/div>\n    \n\n\n            <div class=\"load-more\" >\n            <img decoding=\"async\" class=\"load-more-loader\" style=\"display: none;\" src=\"\" alt=\"\">\n            <a href=\"#\" target=\"\" class=\"ldf-button\">Show more <span class=\"ldf-chevron ldf-chevron-right\"><\/span><\/a>\n        <\/div>\n    \n<\/div>\n\n","protected":false},"excerpt":{"rendered":"","protected":false},"author":3,"featured_media":0,"parent":0,"menu_order":0,"comment_status":"closed","ping_status":"closed","template":"","meta":{"inline_featured_image":false,"footnotes":""},"class_list":["post-76765","page","type-page","status-publish","hentry"],"acf":[],"yoast_head":"<!-- This site is optimized with the Yoast SEO plugin v25.0 - https:\/\/yoast.com\/wordpress\/plugins\/seo\/ -->\n<title>Actualit\u00e9s - \u0141\u00f3d\u017a Design Festival<\/title>\n<meta name=\"description\" content=\"Depuis 2007, nous soutenons le d\u00e9veloppement du secteur cr\u00e9atif polonais, en r\u00e9unissant ? la fois des leaders de l&#039;industrie et des b\u00e9n\u00e9ficiaires qui ne sont pas professionnellement impliqu\u00e9s dans ce sujet mais qui aiment le bon design. Le programme \u0141DF est une revue annuelle des tendances mondiales du design, une pr\u00e9sentation de concepts et de visions futures.\" \/>\n<meta name=\"robots\" content=\"index, follow, max-snippet:-1, max-image-preview:large, max-video-preview:-1\" \/>\n<link rel=\"canonical\" href=\"https:\/\/lodzdesign.com\/fr\/actualites\/\" \/>\n<meta property=\"og:locale\" content=\"fr_FR\" \/>\n<meta property=\"og:type\" content=\"article\" \/>\n<meta property=\"og:title\" content=\"Actualit\u00e9s - \u0141\u00f3d\u017a Design Festival\" \/>\n<meta property=\"og:url\" content=\"https:\/\/lodzdesign.com\/fr\/actualites\/\" \/>\n<meta property=\"og:site_name\" content=\"\u0141\u00f3d\u017a Design Festival\" \/>\n<meta property=\"article:publisher\" content=\"https:\/\/www.facebook.com\/Lodz.Design\" \/>\n<meta property=\"article:modified_time\" content=\"2025-02-26T11:46:35+00:00\" \/>\n<meta property=\"og:image\" content=\"https:\/\/lodzdesign.com\/app\/uploads\/2023\/11\/LDF2023-wystawa-More-Less-zdjecie-z-filtrem_small-scaled.webp\" \/>\n\t<meta property=\"og:image:width\" content=\"1024\" \/>\n\t<meta property=\"og:image:height\" content=\"683\" \/>\n\t<meta property=\"og:image:type\" content=\"image\/png\" \/>\n<meta name=\"twitter:card\" content=\"summary_large_image\" \/>\n<meta name=\"twitter:image\" content=\"https:\/\/lodzdesign.com\/app\/uploads\/2023\/11\/LDF2023-wystawa-More-Less-zdjecie-z-filtrem_small-scaled.webp\" \/>\n<script type=\"application\/ld+json\" class=\"yoast-schema-graph\">{\"@context\":\"https:\/\/schema.org\",\"@graph\":[{\"@type\":\"WebPage\",\"@id\":\"https:\/\/lodzdesign.com\/fr\/actualites\/\",\"url\":\"https:\/\/lodzdesign.com\/fr\/actualites\/\",\"name\":\"Actualit\u00e9s - \u0141\u00f3d\u017a Design Festival\",\"isPartOf\":{\"@id\":\"https:\/\/lodzdesign.com\/#website\"},\"datePublished\":\"2023-08-10T19:29:25+00:00\",\"dateModified\":\"2025-02-26T11:46:35+00:00\",\"description\":\"Depuis 2007, nous soutenons le d\u00e9veloppement du secteur cr\u00e9atif polonais, en r\u00e9unissant ? la fois des leaders de l'industrie et des b\u00e9n\u00e9ficiaires qui ne sont pas professionnellement impliqu\u00e9s dans ce sujet mais qui aiment le bon design. Le programme \u0141DF est une revue annuelle des tendances mondiales du design, une pr\u00e9sentation de concepts et de visions futures.\",\"breadcrumb\":{\"@id\":\"https:\/\/lodzdesign.com\/fr\/actualites\/#breadcrumb\"},\"inLanguage\":\"fr-FR\",\"potentialAction\":[{\"@type\":\"ReadAction\",\"target\":[\"https:\/\/lodzdesign.com\/fr\/actualites\/\"]}]},{\"@type\":\"BreadcrumbList\",\"@id\":\"https:\/\/lodzdesign.com\/fr\/actualites\/#breadcrumb\",\"itemListElement\":[{\"@type\":\"ListItem\",\"position\":1,\"name\":\"\u0141DF\",\"item\":\"https:\/\/lodzdesign.com\/fr\/\"},{\"@type\":\"ListItem\",\"position\":2,\"name\":\"Actualit\u00e9s\"}]},{\"@type\":\"WebSite\",\"@id\":\"https:\/\/lodzdesign.com\/#website\",\"url\":\"https:\/\/lodzdesign.com\/\",\"name\":\"\u0141\u00f3d\u017a Design Festival\",\"description\":\"Z nami odnajdziesz najlepsze wzorce! Wejd\u017a na stron\u0119 i poznaj nasze podcasty, wirtualne wystawy, przewodniki, przyk\u0142ady najlepszego polskiego designu i wiele innych\",\"publisher\":{\"@id\":\"https:\/\/lodzdesign.com\/#organization\"},\"alternateName\":\"\u0141DF\",\"potentialAction\":[{\"@type\":\"SearchAction\",\"target\":{\"@type\":\"EntryPoint\",\"urlTemplate\":\"https:\/\/lodzdesign.com\/?s={search_term_string}\"},\"query-input\":{\"@type\":\"PropertyValueSpecification\",\"valueRequired\":true,\"valueName\":\"search_term_string\"}}],\"inLanguage\":\"fr-FR\"},{\"@type\":\"Organization\",\"@id\":\"https:\/\/lodzdesign.com\/#organization\",\"name\":\"\u0141\u00f3d\u017a Design Festival\",\"url\":\"https:\/\/lodzdesign.com\/\",\"logo\":{\"@type\":\"ImageObject\",\"inLanguage\":\"fr-FR\",\"@id\":\"https:\/\/lodzdesign.com\/#\/schema\/logo\/image\/\",\"url\":\"https:\/\/lodzdesign.com\/app\/uploads\/2023\/01\/ldf-logo-2-300x76-1.webp\",\"contentUrl\":\"https:\/\/lodzdesign.com\/app\/uploads\/2023\/01\/ldf-logo-2-300x76-1.webp\",\"width\":300,\"height\":76,\"caption\":\"\u0141\u00f3d\u017a Design Festival\"},\"image\":{\"@id\":\"https:\/\/lodzdesign.com\/#\/schema\/logo\/image\/\"},\"sameAs\":[\"https:\/\/www.facebook.com\/Lodz.Design\",\"https:\/\/instagram.com\/lodzdesign\/\",\"https:\/\/www.linkedin.com\/company\/lodz-design-festival\"]}]}<\/script>\n<!-- \/ Yoast SEO plugin. -->","yoast_head_json":{"title":"Actualit\u00e9s - \u0141\u00f3d\u017a Design Festival","description":"Depuis 2007, nous soutenons le d\u00e9veloppement du secteur cr\u00e9atif polonais, en r\u00e9unissant ? la fois des leaders de l'industrie et des b\u00e9n\u00e9ficiaires qui ne sont pas professionnellement impliqu\u00e9s dans ce sujet mais qui aiment le bon design. Le programme \u0141DF est une revue annuelle des tendances mondiales du design, une pr\u00e9sentation de concepts et de visions futures.","robots":{"index":"index","follow":"follow","max-snippet":"max-snippet:-1","max-image-preview":"max-image-preview:large","max-video-preview":"max-video-preview:-1"},"canonical":"https:\/\/lodzdesign.com\/fr\/actualites\/","og_locale":"fr_FR","og_type":"article","og_title":"Actualit\u00e9s - \u0141\u00f3d\u017a Design Festival","og_url":"https:\/\/lodzdesign.com\/fr\/actualites\/","og_site_name":"\u0141\u00f3d\u017a Design Festival","article_publisher":"https:\/\/www.facebook.com\/Lodz.Design","article_modified_time":"2025-02-26T11:46:35+00:00","og_image":[{"width":1024,"height":683,"url":"https:\/\/lodzdesign.com\/app\/uploads\/2023\/11\/LDF2023-wystawa-More-Less-zdjecie-z-filtrem_small-scaled.webp","type":"image\/png"}],"twitter_card":"summary_large_image","twitter_image":"https:\/\/lodzdesign.com\/app\/uploads\/2023\/11\/LDF2023-wystawa-More-Less-zdjecie-z-filtrem_small-scaled.webp","schema":{"@context":"https:\/\/schema.org","@graph":[{"@type":"WebPage","@id":"https:\/\/lodzdesign.com\/fr\/actualites\/","url":"https:\/\/lodzdesign.com\/fr\/actualites\/","name":"Actualit\u00e9s - \u0141\u00f3d\u017a Design Festival","isPartOf":{"@id":"https:\/\/lodzdesign.com\/#website"},"datePublished":"2023-08-10T19:29:25+00:00","dateModified":"2025-02-26T11:46:35+00:00","description":"Depuis 2007, nous soutenons le d\u00e9veloppement du secteur cr\u00e9atif polonais, en r\u00e9unissant ? la fois des leaders de l'industrie et des b\u00e9n\u00e9ficiaires qui ne sont pas professionnellement impliqu\u00e9s dans ce sujet mais qui aiment le bon design. Le programme \u0141DF est une revue annuelle des tendances mondiales du design, une pr\u00e9sentation de concepts et de visions futures.","breadcrumb":{"@id":"https:\/\/lodzdesign.com\/fr\/actualites\/#breadcrumb"},"inLanguage":"fr-FR","potentialAction":[{"@type":"ReadAction","target":["https:\/\/lodzdesign.com\/fr\/actualites\/"]}]},{"@type":"BreadcrumbList","@id":"https:\/\/lodzdesign.com\/fr\/actualites\/#breadcrumb","itemListElement":[{"@type":"ListItem","position":1,"name":"\u0141DF","item":"https:\/\/lodzdesign.com\/fr\/"},{"@type":"ListItem","position":2,"name":"Actualit\u00e9s"}]},{"@type":"WebSite","@id":"https:\/\/lodzdesign.com\/#website","url":"https:\/\/lodzdesign.com\/","name":"\u0141\u00f3d\u017a Design Festival","description":"Z nami odnajdziesz najlepsze wzorce! Wejd\u017a na stron\u0119 i poznaj nasze podcasty, wirtualne wystawy, przewodniki, przyk\u0142ady najlepszego polskiego designu i wiele innych","publisher":{"@id":"https:\/\/lodzdesign.com\/#organization"},"alternateName":"\u0141DF","potentialAction":[{"@type":"SearchAction","target":{"@type":"EntryPoint","urlTemplate":"https:\/\/lodzdesign.com\/?s={search_term_string}"},"query-input":{"@type":"PropertyValueSpecification","valueRequired":true,"valueName":"search_term_string"}}],"inLanguage":"fr-FR"},{"@type":"Organization","@id":"https:\/\/lodzdesign.com\/#organization","name":"\u0141\u00f3d\u017a Design Festival","url":"https:\/\/lodzdesign.com\/","logo":{"@type":"ImageObject","inLanguage":"fr-FR","@id":"https:\/\/lodzdesign.com\/#\/schema\/logo\/image\/","url":"https:\/\/lodzdesign.com\/app\/uploads\/2023\/01\/ldf-logo-2-300x76-1.webp","contentUrl":"https:\/\/lodzdesign.com\/app\/uploads\/2023\/01\/ldf-logo-2-300x76-1.webp","width":300,"height":76,"caption":"\u0141\u00f3d\u017a Design Festival"},"image":{"@id":"https:\/\/lodzdesign.com\/#\/schema\/logo\/image\/"},"sameAs":["https:\/\/www.facebook.com\/Lodz.Design","https:\/\/instagram.com\/lodzdesign\/","https:\/\/www.linkedin.com\/company\/lodz-design-festival"]}]}},"_links":{"self":[{"href":"https:\/\/lodzdesign.com\/fr\/wp-json\/wp\/v2\/pages\/76765","targetHints":{"allow":["GET"]}}],"collection":[{"href":"https:\/\/lodzdesign.com\/fr\/wp-json\/wp\/v2\/pages"}],"about":[{"href":"https:\/\/lodzdesign.com\/fr\/wp-json\/wp\/v2\/types\/page"}],"author":[{"embeddable":true,"href":"https:\/\/lodzdesign.com\/fr\/wp-json\/wp\/v2\/users\/3"}],"replies":[{"embeddable":true,"href":"https:\/\/lodzdesign.com\/fr\/wp-json\/wp\/v2\/comments?post=76765"}],"version-history":[{"count":2,"href":"https:\/\/lodzdesign.com\/fr\/wp-json\/wp\/v2\/pages\/76765\/revisions"}],"predecessor-version":[{"id":76770,"href":"https:\/\/lodzdesign.com\/fr\/wp-json\/wp\/v2\/pages\/76765\/revisions\/76770"}],"wp:attachment":[{"href":"https:\/\/lodzdesign.com\/fr\/wp-json\/wp\/v2\/media?parent=76765"}],"curies":[{"name":"wp","href":"https:\/\/api.w.org\/{rel}","templated":true}]}}