{"id":77161,"date":"2025-03-07T16:32:18","date_gmt":"2025-03-07T15:32:18","guid":{"rendered":"https:\/\/lodzdesign.com\/?page_id=77161"},"modified":"2025-04-24T10:32:28","modified_gmt":"2025-04-24T09:32:28","slug":"informations","status":"publish","type":"page","link":"https:\/\/lodzdesign.com\/fr\/edition-2025\/informations\/","title":{"rendered":"Information"},"content":{"rendered":"\n\n<div class=\"breadcrumbs container\" role=\"navigation\">\n\n                <p>\n                <span>\n                    <span>\n                                                    <a href=\"https:\/\/lodzdesign.com\/fr\/\" target=\"\">\u0141DF<\/a>\n                            \/\n                                                    <a href=\"https:\/\/lodzdesign.com\/fr\/edition-2025\/\" target=\"\">Edition 2025<\/a>\n                            \/\n                        \n                        <strong class=\"breadcrumb_last\" aria-current=\"page\"><\/strong>\n                    <\/span>\n                <\/span>\n            <\/p>\n    <\/div>\n\n\n\n<div class=\"ldf-heading-block container\">\n\n    <div class=\"ldf-heading-block__inner-part\">\n\n        <div class=\"ldf-heading-block__left-part\">\n            <h1>\n                Information\n            <\/h1>\n\n                    <\/div>\n\n    <\/div>\n\n<\/div>\n\n\n\n<div class=\"right-image-left-content-block container\">\n\n    <div class=\"right-image-left-content-block__inner-part\">\n\n        <div class=\"right-image-left-content-block__left-part\" >\n                            <h2>\n                    CENTRE DES FESTIVALS\n                <\/h2>\n            \n            <p>\n                <br>Les principales expositions et \u00e9v\u00e9nements auront lieu au Centre des festivals au Tymienieckiego 3 ? \u0141\u00f3d\u017a.\r\n<br><br><br>\r\n<b>Heures d&#8217;ouverture du Festival Center:<\/b>\r\n<br>20.05. | 12:00?21:00 \r\n<br>21.-23.05 | 12:00?20:00\r\n<br>24.-25.05 | 10:00?20:00\r\n<br><br><br>\r\n<br>Derni?re entr\u00e9e aux expositions possible 30 minutes avant la fermeture du Centre des Festivals.\r\n<br><br><br>\r\n\r\n\n            <\/p>\n\n                            <a href=\"https:\/\/lodzdesign.com\/fr\/edition-2025\/programme\/\" target=\"\" class=\"ldf-button\">Voir le programme de \u0141DF2024 <span class=\"ldf-chevron ldf-chevron-right\"><\/span><\/a>\n                    <\/div>\n\n        <div class=\"right-image-left-content-block__right-part\" >\n            <img decoding=\"async\" src=\"https:\/\/lodzdesign.com\/app\/uploads\/2025\/02\/LDF2025-nie_koniec-kafelek-www.png\" alt=\"\">\n        <\/div>\n\n    <\/div>\n\n<\/div>\n\n\n\n<div class=\"ldf-heading ldf-form-heading\">\n    <div class=\"ldf-heading-left\">\n        <span class=\"ldf-yellow-part\"><\/span>\n        <h3>INTRODUCTION<\/h3>\n    <\/div>\n<\/div>\n\n<div class=\"ldf-form-block container\">\n    <div class=\"ldf-form-block__form\" id=\"block-620624685\">\n        <style>\n            #block-620624685 iframe {\n                height:  !important;\n            }\n\n            #block-620624685 .supernova {\n                height:  !important;\n            }\n        <\/style>\n\n        \n    <\/div>\n<\/div>\n\n\n\n<div class=\"ldf-content-block container\">\n    <p>L&#8217;entr\u00e9e au festival de design de \u0141\u00f3d\u017a 2025 est payante* &#8211; des billets ou des laissez-passer ? la journ\u00e9e s&#8217;appliquent :<\/p>\n<ul>\n<li><strong>10 PLN<\/strong> &#8211; billet journalier pour une personne (adulte, enfant)<\/li>\n<li><strong>30 PLN<\/strong> &#8211; laissez-passer pour l&#8217;ensemble du festival<\/li>\n<li><strong>5 PLN<\/strong> &#8211; billet journalier pour une personne faisant partie d&#8217;un groupe (groupe de 15 ? 30 personnes + 1 accompagnateur [entr\u00e9e gratuite pour l&#8217;accompagnateur]. Le billet de groupe est valable pour les groupes scolaires et acad\u00e9miques).<\/li>\n<\/ul>\n<p>Les billets et les laissez-passer pourront ?tre achet\u00e9s en ligne et au bureau du festival.<\/p>\n<p>&nbsp;<\/p>\n<p>* L&#8217;entr\u00e9e gratuite au festival est valable pour :<\/p>\n<ul>\n<li>20.05.2025 (ouverture du festival)<\/li>\n<li>jusqu&#8217;\u00e0 12 ans et seniors<\/li>\n<\/ul>\n<p>L&#8217;entr\u00e9e ? l&#8217;exposition <strong>EverCity<\/strong> (l&#8217;exposition principale du LDF dans l&#8217;espace A22 du Centre des Festivals) est gratuite.<\/p>\n<p>&nbsp;<\/p>\n<p>L&#8217;entr\u00e9e aux expositions et aux \u00e9v\u00e9nements qui les accompagnent se fait selon la liste de prix en vigueur dans l&#8217;institution concern\u00e9e.<\/p>\n\n<\/div>\n\n\n<div style=\"height:100px\" aria-hidden=\"true\" class=\"wp-block-spacer\"><\/div>\n\n\n\n\n<div class=\"ldf-heading ldf-form-heading\">\n    <div class=\"ldf-heading-left\">\n        <span class=\"ldf-yellow-part\"><\/span>\n        <h3>ACC?S<\/h3>\n    <\/div>\n<\/div>\n\n<div class=\"ldf-form-block container\">\n    <div class=\"ldf-form-block__form\" id=\"block-832662636\">\n        <style>\n            #block-832662636 iframe {\n                height:  !important;\n            }\n\n            #block-832662636 .supernova {\n                height:  !important;\n            }\n        <\/style>\n\n        \n    <\/div>\n<\/div>\n\n\n\n<div class=\"ldf-content-block container\">\n    <p><strong>Itin\u00e9raire vers le centre du festival :<\/strong><\/p>\n<ul>\n<li>\n<p class=\"p1\"><span class=\"s1\"><span data-contrast=\"auto\">tramways: 2, 3, 6, 7, 11, 19<\/span><\/span><\/p>\n<\/li>\n<li>\n<p class=\"p1\"><span class=\"s1\"><span data-contrast=\"auto\">bus de jour: 55, 57<\/span><\/span><\/p>\n<\/li>\n<li>\n<p class=\"p1\"><span class=\"s1\"><span data-contrast=\"auto\">bus de nuit: N3A, N3B, N6<\/span><\/span><\/p>\n<\/li>\n<\/ul>\n<p>&nbsp;<\/p>\n<p><strong>Il n&#8217;est pas possible d&#8217;acc\u00e9der au Centre du Festival en voiture.<\/strong><\/p>\n<p>&nbsp;<\/p>\n<p>Stationnement municipal le long de la rue. Tymienieckiego ou rue adjacente. Piotrkowska\u00a0payait du lundi au vendredi de 8\u00a0h\u00a000 ? 18\u00a0h\u00a000. Le parking gratuit commence ? l&#8217;intersection avec la rue. Sienkiewicz.<\/p>\n<p>&nbsp;<\/p>\n<p>Le parking surveill\u00e9 le plus proche: ul. Piotrkowska 270 (entr\u00e9e par la rue Tymienieckiego).<\/p>\n\n<\/div>\n\n\n<div style=\"height:100px\" aria-hidden=\"true\" class=\"wp-block-spacer\"><\/div>\n\n\n\n\n<div class=\"ldf-heading ldf-form-heading\">\n    <div class=\"ldf-heading-left\">\n        <span class=\"ldf-yellow-part\"><\/span>\n        <h3>LIEUX DE FESTIVAL<\/h3>\n    <\/div>\n<\/div>\n\n<div class=\"ldf-form-block container\">\n    <div class=\"ldf-form-block__form\" id=\"block-517890208\">\n        <style>\n            #block-517890208 iframe {\n                height:  !important;\n            }\n\n            #block-517890208 .supernova {\n                height:  !important;\n            }\n        <\/style>\n\n        \n    <\/div>\n<\/div>\n\n\n<div class=\"ldf-locations-gmap-block ldf-content-block\">\n\n\t<script>\n\t\t  (g=>{var h,a,k,p=\"The Google Maps JavaScript API\",c=\"google\",l=\"importLibrary\",q=\"__ib__\",m=document,b=window;b=b[c]||(b[c]={});var d=b.maps||(b.maps={}),r=new Set,e=new URLSearchParams,u=()=>h||(h=new Promise(async(f,n)=>{await (a=m.createElement(\"script\"));e.set(\"libraries\",[...r]+\"\");for(k in g)e.set(k.replace(\/[A-Z]\/g,t=>\"_\"+t[0].toLowerCase()),g[k]);e.set(\"callback\",c+\".maps.\"+q);a.src=`https:\/\/maps.${c}apis.com\/maps\/api\/js?`+e;d[q]=f;a.onerror=()=>h=n(Error(p+\" could not load.\"));a.nonce=m.querySelector(\"script[nonce]\")?.nonce||\"\";m.head.append(a)}));d[l]?console.warn(p+\" only loads once. Ignoring:\",g):d[l]=(f,...n)=>r.add(f)&&u().then(()=>d[l](f,...n))})({\n\t\t\tkey: \"AIzaSyB-RNpiThEY_TdHMCfked6FHLLUQriZM9Q\",\n\t\t\tv: \"weekly\",\n\t\t\t\/\/ Use the 'v' parameter to indicate the version to use (weekly, beta, alpha, etc.).\n\t\t\t\/\/ Add other bootstrap parameters as needed, using camel case.\n\t\t  });\n\n\t<\/script>\n\t<script src=\"https:\/\/unpkg.com\/@googlemaps\/markerclusterer\/dist\/index.min.js\"><\/script>\n\t\n\t<div id=\"map\"><\/div>\n\t<div class=\"locations_places\">\n\t\t\t<\/div>\n\n\t<script>\n\t\n\t\tif(document.querySelector(\"body\").classList.contains(\"wp-admin\") == false){\n\t\t\t\n\t\t} else {\n\t\t\tdocument.querySelector(\".ldf-locations-gmap-block\").style.display = \"none\"\n\t\t\tdocument.querySelector(\".ldf-locations-gmap-block-is-admin\").style.display = \"block\"\n\t   }\n<\/script>\n\n\n\n<\/div>\n<div class=\"ldf-locations-gmap-block-is-admin\" style=\"display: none\">\n\tBlok: Locations google maps\n<\/div>","protected":false},"excerpt":{"rendered":"","protected":false},"author":4,"featured_media":76202,"parent":77260,"menu_order":0,"comment_status":"closed","ping_status":"closed","template":"","meta":{"inline_featured_image":false,"footnotes":""},"class_list":["post-77161","page","type-page","status-publish","has-post-thumbnail","hentry"],"acf":[],"yoast_head":"<!-- This site is optimized with the Yoast SEO plugin v25.0 - https:\/\/yoast.com\/wordpress\/plugins\/seo\/ -->\n<title>Information - \u0141\u00f3d\u017a Design Festival<\/title>\n<meta name=\"description\" content=\"Informations pratiques sur la prochaine \u00e9dition du \u0141\u00f3d\u017a Design Festival.\" \/>\n<meta name=\"robots\" content=\"index, follow, max-snippet:-1, max-image-preview:large, max-video-preview:-1\" \/>\n<link rel=\"canonical\" href=\"https:\/\/lodzdesign.com\/fr\/edition-2025\/informations\/\" \/>\n<meta property=\"og:locale\" content=\"fr_FR\" \/>\n<meta property=\"og:type\" content=\"article\" \/>\n<meta property=\"og:title\" content=\"Information - \u0141\u00f3d\u017a Design Festival\" \/>\n<meta property=\"og:url\" content=\"https:\/\/lodzdesign.com\/fr\/edition-2025\/informations\/\" \/>\n<meta property=\"og:site_name\" content=\"\u0141\u00f3d\u017a Design Festival\" \/>\n<meta property=\"article:publisher\" content=\"https:\/\/www.facebook.com\/Lodz.Design\" \/>\n<meta property=\"article:modified_time\" content=\"2025-04-24T09:32:28+00:00\" \/>\n<meta property=\"og:image\" content=\"https:\/\/lodzdesign.com\/app\/uploads\/2025\/02\/LDF2025-nie_koniec-kafelek-www.png\" \/>\n\t<meta property=\"og:image:width\" content=\"2250\" \/>\n\t<meta property=\"og:image:height\" content=\"2250\" \/>\n\t<meta property=\"og:image:type\" content=\"image\/png\" \/>\n<meta name=\"twitter:card\" content=\"summary_large_image\" \/>\n<meta name=\"twitter:image\" content=\"https:\/\/lodzdesign.com\/app\/uploads\/2025\/02\/LDF2025-nie_koniec-kafelek-www.png\" \/>\n<meta name=\"twitter:label1\" content=\"Est. reading time\" \/>\n\t<meta name=\"twitter:data1\" content=\"1 minute\" \/>\n<script type=\"application\/ld+json\" class=\"yoast-schema-graph\">{\"@context\":\"https:\/\/schema.org\",\"@graph\":[{\"@type\":\"WebPage\",\"@id\":\"https:\/\/lodzdesign.com\/fr\/edition-2025\/informations\/\",\"url\":\"https:\/\/lodzdesign.com\/fr\/edition-2025\/informations\/\",\"name\":\"Information - \u0141\u00f3d\u017a Design Festival\",\"isPartOf\":{\"@id\":\"https:\/\/lodzdesign.com\/#website\"},\"primaryImageOfPage\":{\"@id\":\"https:\/\/lodzdesign.com\/fr\/edition-2025\/informations\/#primaryimage\"},\"image\":{\"@id\":\"https:\/\/lodzdesign.com\/fr\/edition-2025\/informations\/#primaryimage\"},\"thumbnailUrl\":\"https:\/\/lodzdesign.com\/app\/uploads\/2025\/02\/LDF2025-nie_koniec-kafelek-www.png\",\"datePublished\":\"2025-03-07T15:32:18+00:00\",\"dateModified\":\"2025-04-24T09:32:28+00:00\",\"description\":\"Informations pratiques sur la prochaine \u00e9dition du \u0141\u00f3d\u017a Design Festival.\",\"breadcrumb\":{\"@id\":\"https:\/\/lodzdesign.com\/fr\/edition-2025\/informations\/#breadcrumb\"},\"inLanguage\":\"fr-FR\",\"potentialAction\":[{\"@type\":\"ReadAction\",\"target\":[\"https:\/\/lodzdesign.com\/fr\/edition-2025\/informations\/\"]}]},{\"@type\":\"ImageObject\",\"inLanguage\":\"fr-FR\",\"@id\":\"https:\/\/lodzdesign.com\/fr\/edition-2025\/informations\/#primaryimage\",\"url\":\"https:\/\/lodzdesign.com\/app\/uploads\/2025\/02\/LDF2025-nie_koniec-kafelek-www.png\",\"contentUrl\":\"https:\/\/lodzdesign.com\/app\/uploads\/2025\/02\/LDF2025-nie_koniec-kafelek-www.png\",\"width\":2250,\"height\":2250},{\"@type\":\"BreadcrumbList\",\"@id\":\"https:\/\/lodzdesign.com\/fr\/edition-2025\/informations\/#breadcrumb\",\"itemListElement\":[{\"@type\":\"ListItem\",\"position\":1,\"name\":\"\u0141DF\",\"item\":\"https:\/\/lodzdesign.com\/fr\/\"},{\"@type\":\"ListItem\",\"position\":2,\"name\":\"Edition 2025\",\"item\":\"https:\/\/lodzdesign.com\/fr\/edition-2025\/\"},{\"@type\":\"ListItem\",\"position\":3,\"name\":\"Information\"}]},{\"@type\":\"WebSite\",\"@id\":\"https:\/\/lodzdesign.com\/#website\",\"url\":\"https:\/\/lodzdesign.com\/\",\"name\":\"\u0141\u00f3d\u017a Design Festival\",\"description\":\"Z nami odnajdziesz najlepsze wzorce! Wejd\u017a na stron\u0119 i poznaj nasze podcasty, wirtualne wystawy, przewodniki, przyk\u0142ady najlepszego polskiego designu i wiele innych\",\"publisher\":{\"@id\":\"https:\/\/lodzdesign.com\/#organization\"},\"alternateName\":\"\u0141DF\",\"potentialAction\":[{\"@type\":\"SearchAction\",\"target\":{\"@type\":\"EntryPoint\",\"urlTemplate\":\"https:\/\/lodzdesign.com\/?s={search_term_string}\"},\"query-input\":{\"@type\":\"PropertyValueSpecification\",\"valueRequired\":true,\"valueName\":\"search_term_string\"}}],\"inLanguage\":\"fr-FR\"},{\"@type\":\"Organization\",\"@id\":\"https:\/\/lodzdesign.com\/#organization\",\"name\":\"\u0141\u00f3d\u017a Design Festival\",\"url\":\"https:\/\/lodzdesign.com\/\",\"logo\":{\"@type\":\"ImageObject\",\"inLanguage\":\"fr-FR\",\"@id\":\"https:\/\/lodzdesign.com\/#\/schema\/logo\/image\/\",\"url\":\"https:\/\/lodzdesign.com\/app\/uploads\/2023\/01\/ldf-logo-2-300x76-1.webp\",\"contentUrl\":\"https:\/\/lodzdesign.com\/app\/uploads\/2023\/01\/ldf-logo-2-300x76-1.webp\",\"width\":300,\"height\":76,\"caption\":\"\u0141\u00f3d\u017a Design Festival\"},\"image\":{\"@id\":\"https:\/\/lodzdesign.com\/#\/schema\/logo\/image\/\"},\"sameAs\":[\"https:\/\/www.facebook.com\/Lodz.Design\",\"https:\/\/instagram.com\/lodzdesign\/\",\"https:\/\/www.linkedin.com\/company\/lodz-design-festival\"]}]}<\/script>\n<!-- \/ Yoast SEO plugin. -->","yoast_head_json":{"title":"Information - \u0141\u00f3d\u017a Design Festival","description":"Informations pratiques sur la prochaine \u00e9dition du \u0141\u00f3d\u017a Design Festival.","robots":{"index":"index","follow":"follow","max-snippet":"max-snippet:-1","max-image-preview":"max-image-preview:large","max-video-preview":"max-video-preview:-1"},"canonical":"https:\/\/lodzdesign.com\/fr\/edition-2025\/informations\/","og_locale":"fr_FR","og_type":"article","og_title":"Information - \u0141\u00f3d\u017a Design Festival","og_url":"https:\/\/lodzdesign.com\/fr\/edition-2025\/informations\/","og_site_name":"\u0141\u00f3d\u017a Design Festival","article_publisher":"https:\/\/www.facebook.com\/Lodz.Design","article_modified_time":"2025-04-24T09:32:28+00:00","og_image":[{"width":2250,"height":2250,"url":"https:\/\/lodzdesign.com\/app\/uploads\/2025\/02\/LDF2025-nie_koniec-kafelek-www.png","type":"image\/png"}],"twitter_card":"summary_large_image","twitter_image":"https:\/\/lodzdesign.com\/app\/uploads\/2025\/02\/LDF2025-nie_koniec-kafelek-www.png","twitter_misc":{"Est. reading time":"1 minute"},"schema":{"@context":"https:\/\/schema.org","@graph":[{"@type":"WebPage","@id":"https:\/\/lodzdesign.com\/fr\/edition-2025\/informations\/","url":"https:\/\/lodzdesign.com\/fr\/edition-2025\/informations\/","name":"Information - \u0141\u00f3d\u017a Design Festival","isPartOf":{"@id":"https:\/\/lodzdesign.com\/#website"},"primaryImageOfPage":{"@id":"https:\/\/lodzdesign.com\/fr\/edition-2025\/informations\/#primaryimage"},"image":{"@id":"https:\/\/lodzdesign.com\/fr\/edition-2025\/informations\/#primaryimage"},"thumbnailUrl":"https:\/\/lodzdesign.com\/app\/uploads\/2025\/02\/LDF2025-nie_koniec-kafelek-www.png","datePublished":"2025-03-07T15:32:18+00:00","dateModified":"2025-04-24T09:32:28+00:00","description":"Informations pratiques sur la prochaine \u00e9dition du \u0141\u00f3d\u017a Design Festival.","breadcrumb":{"@id":"https:\/\/lodzdesign.com\/fr\/edition-2025\/informations\/#breadcrumb"},"inLanguage":"fr-FR","potentialAction":[{"@type":"ReadAction","target":["https:\/\/lodzdesign.com\/fr\/edition-2025\/informations\/"]}]},{"@type":"ImageObject","inLanguage":"fr-FR","@id":"https:\/\/lodzdesign.com\/fr\/edition-2025\/informations\/#primaryimage","url":"https:\/\/lodzdesign.com\/app\/uploads\/2025\/02\/LDF2025-nie_koniec-kafelek-www.png","contentUrl":"https:\/\/lodzdesign.com\/app\/uploads\/2025\/02\/LDF2025-nie_koniec-kafelek-www.png","width":2250,"height":2250},{"@type":"BreadcrumbList","@id":"https:\/\/lodzdesign.com\/fr\/edition-2025\/informations\/#breadcrumb","itemListElement":[{"@type":"ListItem","position":1,"name":"\u0141DF","item":"https:\/\/lodzdesign.com\/fr\/"},{"@type":"ListItem","position":2,"name":"Edition 2025","item":"https:\/\/lodzdesign.com\/fr\/edition-2025\/"},{"@type":"ListItem","position":3,"name":"Information"}]},{"@type":"WebSite","@id":"https:\/\/lodzdesign.com\/#website","url":"https:\/\/lodzdesign.com\/","name":"\u0141\u00f3d\u017a Design Festival","description":"Z nami odnajdziesz najlepsze wzorce! Wejd\u017a na stron\u0119 i poznaj nasze podcasty, wirtualne wystawy, przewodniki, przyk\u0142ady najlepszego polskiego designu i wiele innych","publisher":{"@id":"https:\/\/lodzdesign.com\/#organization"},"alternateName":"\u0141DF","potentialAction":[{"@type":"SearchAction","target":{"@type":"EntryPoint","urlTemplate":"https:\/\/lodzdesign.com\/?s={search_term_string}"},"query-input":{"@type":"PropertyValueSpecification","valueRequired":true,"valueName":"search_term_string"}}],"inLanguage":"fr-FR"},{"@type":"Organization","@id":"https:\/\/lodzdesign.com\/#organization","name":"\u0141\u00f3d\u017a Design Festival","url":"https:\/\/lodzdesign.com\/","logo":{"@type":"ImageObject","inLanguage":"fr-FR","@id":"https:\/\/lodzdesign.com\/#\/schema\/logo\/image\/","url":"https:\/\/lodzdesign.com\/app\/uploads\/2023\/01\/ldf-logo-2-300x76-1.webp","contentUrl":"https:\/\/lodzdesign.com\/app\/uploads\/2023\/01\/ldf-logo-2-300x76-1.webp","width":300,"height":76,"caption":"\u0141\u00f3d\u017a Design Festival"},"image":{"@id":"https:\/\/lodzdesign.com\/#\/schema\/logo\/image\/"},"sameAs":["https:\/\/www.facebook.com\/Lodz.Design","https:\/\/instagram.com\/lodzdesign\/","https:\/\/www.linkedin.com\/company\/lodz-design-festival"]}]}},"_links":{"self":[{"href":"https:\/\/lodzdesign.com\/fr\/wp-json\/wp\/v2\/pages\/77161","targetHints":{"allow":["GET"]}}],"collection":[{"href":"https:\/\/lodzdesign.com\/fr\/wp-json\/wp\/v2\/pages"}],"about":[{"href":"https:\/\/lodzdesign.com\/fr\/wp-json\/wp\/v2\/types\/page"}],"author":[{"embeddable":true,"href":"https:\/\/lodzdesign.com\/fr\/wp-json\/wp\/v2\/users\/4"}],"replies":[{"embeddable":true,"href":"https:\/\/lodzdesign.com\/fr\/wp-json\/wp\/v2\/comments?post=77161"}],"version-history":[{"count":10,"href":"https:\/\/lodzdesign.com\/fr\/wp-json\/wp\/v2\/pages\/77161\/revisions"}],"predecessor-version":[{"id":80050,"href":"https:\/\/lodzdesign.com\/fr\/wp-json\/wp\/v2\/pages\/77161\/revisions\/80050"}],"up":[{"embeddable":true,"href":"https:\/\/lodzdesign.com\/fr\/wp-json\/wp\/v2\/pages\/77260"}],"wp:featuredmedia":[{"embeddable":true,"href":"https:\/\/lodzdesign.com\/fr\/wp-json\/wp\/v2\/media\/76202"}],"wp:attachment":[{"href":"https:\/\/lodzdesign.com\/fr\/wp-json\/wp\/v2\/media?parent=77161"}],"curies":[{"name":"wp","href":"https:\/\/api.w.org\/{rel}","templated":true}]}}