{"id":74510,"date":"2023-01-05T12:18:33","date_gmt":"2023-01-05T11:18:33","guid":{"rendered":"https:\/\/lodzdesign.com\/o-nas\/"},"modified":"2024-12-17T14:18:46","modified_gmt":"2024-12-17T13:18:46","slug":"su-di-noi","status":"publish","type":"page","link":"https:\/\/lodzdesign.com\/it\/su-di-noi\/","title":{"rendered":"Su di noi"},"content":{"rendered":"\n\n<div class=\"breadcrumbs container\" role=\"navigation\">\n\n                <p>\n                <span>\n                    <span>\n                                                    <a href=\"https:\/\/lodzdesign.com\/it\/\" target=\"\">\u0141DF<\/a>\n                            \/\n                        \n                        <strong class=\"breadcrumb_last\" aria-current=\"page\"><\/strong>\n                    <\/span>\n                <\/span>\n            <\/p>\n    <\/div>\n\n\n\n<div class=\"ldf-heading-block container\">\n\n    <div class=\"ldf-heading-block__inner-part\">\n\n        <div class=\"ldf-heading-block__left-part\">\n            <h1>\n                Su di noi\n            <\/h1>\n\n                    <\/div>\n\n    <\/div>\n\n<\/div>\n\n\n\n<div class=\"ldf-content-block container\">\n    <p>l \u0141\u00f3d\u017a Design Festival (\u0141DF), evento pionieristico organizzato dal 2007 dalla Fondazione Art Center di \u0141\u00f3d\u017a, sostiene lo sviluppo del settore creativo polacco, riunendo sia i leader del settore (cio? designer, produttori o distributori) sia il pubblico che non ? professionalmente coinvolto nel campo, ma che ama il buon design.<\/p>\n<p>&nbsp;<\/p>\n<p>Il programma \u0141DF ? una rassegna annuale delle tendenze globali del design, con la presentazione di concetti e visioni future.<\/p>\n\n<\/div>\n\n\n\n<div class=\"ldf-slider container\">\n    <div class=\"ldf-slider-desktop\">\n        <span class=\"thin-arrow left-thin-arrow left-thin-arrow-\"\n\t\t\trole=\"button\"\n\t\t\ttabindex=\"0\"\n\t\t\tdata-move-class=\"carousel-control-previous-\">\n\t\t<div style=\"display: none\">slide left<\/div>\n\t\t<\/span>\n        <div class=\"carousel carousel-\"><\/div>\n\t\t\n        <span class=\"thin-arrow right-thin-arrow right-thin-arrow-\"\n\t\t\trole=\"button\"\n\t\t\ttabindex=\"0\"\n\t\t\tdata-move-class=\"carousel-control-next-\">\n\t\t\t<div style=\"display: none\">slide left<\/div>\n\t\t<\/span>\n\t\t\n\t\t<div class=\"alt-text\"><\/div>\n    <\/div>\n    <div class=\"ldf-slider-mobile\" style=\"display: none;\">\n            <\/div>\n\t\n<\/div>\n\n\t\n<script>\nlet exampleCarousel\n    jQuery( document ).ready(function() {\n        \/\/ Create a new carousel object\n        exampleCarousel = new Carousel( document.querySelector( '.carousel-' ), );\n        \/\/ Setup carousel and methods\n        exampleCarousel.mounted();\n\n        var alreadyGalleryArray = [];\n\n        jQuery('.ldf-slider-desktop .carousel- .carousel-item').each(function( index ) {\n\t\t\n            var src = jQuery(this).attr('src');\n\n            if ( jQuery.inArray(src, alreadyGalleryArray) === -1 ) {\n                alreadyGalleryArray.push(src);\n                jQuery(this).attr('data-fancybox', '');\n            }\n        });\n\n    });\n\n    jQuery( document ).ready(\n        function(){\n            var maxHeight = 0;\n\n            jQuery('.carousel-container-' + carousel_number + ' img').each(function(){\n\n                jQuery(this).on('load', function(){\n                    var thisH = jQuery(this).height();\n\n                    if (thisH > maxHeight) {\n                        maxHeight = thisH;\n\n                        jQuery('.ldf-slider .carousel-' + carousel_number).css('height', maxHeight);\n                        jQuery('.ldf-slider .carousel-container-' + carousel_number).css('height', maxHeight);\n\t\t\t\t\t\texampleCarousel.altText()\n                    }\n                });\n            });\n        }\n    );\n\n    jQuery('body').on('click', '.ldf-slider-desktop img', function() {\n        var isFancybox = jQuery(this).attr('data-fancybox');\n\n        if ( isFancybox === undefined || isFancybox === '' ) {\n            var clickedSrc = jQuery(this).attr('src');\n\n            jQuery('.ldf-slider-desktop img[data-fancybox=\"\"]').each(function(){\n               if ( jQuery(this).attr('src') === clickedSrc ) {\n                   jQuery(this).attr('data-fancybox', '');\n               }\n            });\n\n            jQuery(this).attr('data-fancybox', '');\n\n        }\n    });\n\n    jQuery('body').on('click', '.ldf-slider-mobile img', function() {\n       var src = jQuery(this).attr('src');\n       var currentSrc = '';\n\n        jQuery('.carousel-container img[data-fancybox=\"\"]').each(function(){\n            currentSrc = jQuery(this).attr('src');\n\n            if ( currentSrc === src ) {\n                jQuery(this).click();\n            }\n        });\n\n    });\n\n<\/script>\n\n\n\n<div class=\"ldf-content-block container\">\n    <p><strong>CARATTERISTICHE DI<\/strong><\/p>\n<p>&nbsp;<\/p>\n<p>Il festival ? un forum per lo scambio di esperienze tra artisti e aziende, con l&#8217;obiettivo di scoprire e promuovere giovani talenti e presentare le direzioni di sviluppo del design a un vasto pubblico.<\/p>\n<p>&nbsp;<\/p>\n<p>Il cuore dell&#8217;evento ? il centro principale del festival &#8211; gli spazi post-industriali di Art_Inkubator presso la Fabbrica dell&#8217;Arte di \u0141\u00f3d\u017a, ma le mostre, le presentazioni, le installazioni artistiche e i luoghi che accompagnano il festival sono dislocati in tutta la citt?.<\/p>\n<p>&nbsp;<\/p>\n<p>#design #artigianato #grafica #architettura #urbanistica #cultura #ambiente #imprenditorialit? #persone #citt? #storia #sostegno<\/p>\n\n<\/div>\n\n\n\n\n        \n\n\n<div class=\"ldf-images container\n    ldf-images-margin    ldf-images-single-margin    \"\n>\n                        <img decoding=\"async\" data-fancybox=\"gallery-420030879\" data-src=\"https:\/\/lodzdesign.com\/app\/uploads\/2023\/10\/LDF-skrocone-portfolio-en-1.png\" src=\"https:\/\/lodzdesign.com\/app\/uploads\/2023\/10\/LDF-skrocone-portfolio-en-1.png\" alt=\"\"\n                                            style=\"width: calc( 99% \/ 1 );\"\n                                >\n                            <p class=\"single-image-description\">\u0141\u00f3d\u017a Design Festival, statistiche 2007-2022<\/p>\n                        <\/div>\n\n\n\n<div class=\"ldf-content-block container\">\n    <p class=\"p2\">INGREDIENTI<\/p>\n<ul>\n<li>\n<p class=\"p1\"><span class=\"s1\"><strong>tema<\/strong> ? realizzate nell&#8217;ambito delle principali mostre ed eventi del \u0141DF, forniscono un commento sulle sfide pi? importanti del mondo contemporaneo. <\/span><\/p>\n<\/li>\n<li>\n<p class=\"p1\"><span class=\"s1\"><strong>make me!<\/strong> ? un concorso internazionale che seleziona i migliori progetti di artisti della giovane generazione. La mostra che lo accompagna ? una sorta di immagine del mondo del prossimo futuro. <\/span><\/p>\n<\/li>\n<li>\n<p class=\"p1\"><span class=\"s1\"><strong>must have<\/strong> ? plebiscito e mostra che presenta le migliori implementazioni di utilit? domestica. ? anche un&#8217;occasione per incontrare i pi? importanti progettisti e produttori polacchi.<\/span><\/p>\n<\/li>\n<li>\n<p class=\"p1\"><span class=\"s1\"><strong>Archiblok<\/strong> ? spazio di discussione, discussioni sullo spazio. Un blocco di presentazioni e discussioni di esperti, dedicate a temi di attualit? in architettura e urbanistica. <\/span><\/p>\n<\/li>\n<li>\n<p class=\"p1\"><span class=\"s1\"><strong>Educazione<\/strong> ? un&#8217;area dedicata alle famiglie con bambini. ? uno spazio per il gioco creativo e l&#8217;apprendimento, indipendentemente dall&#8217;et?, dallo status o dalle conoscenze. <\/span><\/p>\n<\/li>\n<li>\n<p class=\"p1\"><span class=\"s1\"><strong>Open Programme<\/strong> ? un invito rivolto principalmente a istituzioni, curatori, artisti e designer che desiderano mostrare i risultati del loro lavoro al pubblico di un festival. <\/span><\/p>\n<\/li>\n<\/ul>\n\n<\/div>\n\n\n\n\n        \n\n\n<div class=\"ldf-images container\n    ldf-images-margin    ldf-images-single-margin    \"\n>\n                        <img decoding=\"async\" data-fancybox=\"gallery-519446659\" data-src=\"https:\/\/lodzdesign.com\/app\/uploads\/2023\/10\/LDF-skrocone-portfolio-en-2.png\" src=\"https:\/\/lodzdesign.com\/app\/uploads\/2023\/10\/LDF-skrocone-portfolio-en-2.png\" alt=\"\"\n                                            style=\"width: calc( 99% \/ 1 );\"\n                                >\n                            <p class=\"single-image-description\">\u0141\u00f3d\u017a Design Festival, le nostre azioni<\/p>\n                        <\/div>","protected":false},"excerpt":{"rendered":"","protected":false},"author":3,"featured_media":0,"parent":0,"menu_order":0,"comment_status":"closed","ping_status":"closed","template":"","meta":{"inline_featured_image":false,"footnotes":""},"class_list":["post-74510","page","type-page","status-publish","hentry"],"acf":[],"yoast_head":"<!-- This site is optimized with the Yoast SEO plugin v25.0 - https:\/\/yoast.com\/wordpress\/plugins\/seo\/ -->\n<title>Su di noi - \u0141\u00f3d\u017a Design Festival<\/title>\n<meta name=\"description\" content=\"Il \u0141\u00f3d\u017a Design Festival sostiene lo sviluppo del settore creativo polacco, riunendo i leader del settore e il pubblico che ama il buon design.\" \/>\n<meta name=\"robots\" content=\"index, follow, max-snippet:-1, max-image-preview:large, max-video-preview:-1\" \/>\n<link rel=\"canonical\" href=\"https:\/\/lodzdesign.com\/it\/su-di-noi\/\" \/>\n<meta property=\"og:locale\" content=\"it_IT\" \/>\n<meta property=\"og:type\" content=\"article\" \/>\n<meta property=\"og:title\" content=\"Su di noi - \u0141\u00f3d\u017a Design Festival\" \/>\n<meta property=\"og:url\" content=\"https:\/\/lodzdesign.com\/it\/su-di-noi\/\" \/>\n<meta property=\"og:site_name\" content=\"\u0141\u00f3d\u017a Design Festival\" \/>\n<meta property=\"article:publisher\" content=\"https:\/\/www.facebook.com\/Lodz.Design\" \/>\n<meta property=\"article:modified_time\" content=\"2024-12-17T13:18:46+00:00\" \/>\n<meta property=\"og:image\" content=\"https:\/\/lodzdesign.com\/app\/uploads\/2023\/11\/LDF2023-wystawa-More-Less-zdjecie-z-filtrem_small-scaled.webp\" \/>\n\t<meta property=\"og:image:width\" content=\"1024\" \/>\n\t<meta property=\"og:image:height\" content=\"683\" \/>\n\t<meta property=\"og:image:type\" content=\"image\/png\" \/>\n<meta name=\"twitter:card\" content=\"summary_large_image\" \/>\n<meta name=\"twitter:image\" content=\"https:\/\/lodzdesign.com\/app\/uploads\/2023\/11\/LDF2023-wystawa-More-Less-zdjecie-z-filtrem_small-scaled.webp\" \/>\n<script type=\"application\/ld+json\" class=\"yoast-schema-graph\">{\"@context\":\"https:\/\/schema.org\",\"@graph\":[{\"@type\":\"WebPage\",\"@id\":\"https:\/\/lodzdesign.com\/it\/su-di-noi\/\",\"url\":\"https:\/\/lodzdesign.com\/it\/su-di-noi\/\",\"name\":\"Su di noi - \u0141\u00f3d\u017a Design Festival\",\"isPartOf\":{\"@id\":\"https:\/\/lodzdesign.com\/#website\"},\"datePublished\":\"2023-01-05T11:18:33+00:00\",\"dateModified\":\"2024-12-17T13:18:46+00:00\",\"description\":\"Il \u0141\u00f3d\u017a Design Festival sostiene lo sviluppo del settore creativo polacco, riunendo i leader del settore e il pubblico che ama il buon design.\",\"breadcrumb\":{\"@id\":\"https:\/\/lodzdesign.com\/it\/su-di-noi\/#breadcrumb\"},\"inLanguage\":\"it-IT\",\"potentialAction\":[{\"@type\":\"ReadAction\",\"target\":[\"https:\/\/lodzdesign.com\/it\/su-di-noi\/\"]}]},{\"@type\":\"BreadcrumbList\",\"@id\":\"https:\/\/lodzdesign.com\/it\/su-di-noi\/#breadcrumb\",\"itemListElement\":[{\"@type\":\"ListItem\",\"position\":1,\"name\":\"\u0141DF\",\"item\":\"https:\/\/lodzdesign.com\/it\/\"},{\"@type\":\"ListItem\",\"position\":2,\"name\":\"Su di noi\"}]},{\"@type\":\"WebSite\",\"@id\":\"https:\/\/lodzdesign.com\/#website\",\"url\":\"https:\/\/lodzdesign.com\/\",\"name\":\"\u0141\u00f3d\u017a Design Festival\",\"description\":\"Z nami odnajdziesz najlepsze wzorce! Wejd\u017a na stron\u0119 i poznaj nasze podcasty, wirtualne wystawy, przewodniki, przyk\u0142ady najlepszego polskiego designu i wiele innych\",\"publisher\":{\"@id\":\"https:\/\/lodzdesign.com\/#organization\"},\"alternateName\":\"\u0141DF\",\"potentialAction\":[{\"@type\":\"SearchAction\",\"target\":{\"@type\":\"EntryPoint\",\"urlTemplate\":\"https:\/\/lodzdesign.com\/?s={search_term_string}\"},\"query-input\":{\"@type\":\"PropertyValueSpecification\",\"valueRequired\":true,\"valueName\":\"search_term_string\"}}],\"inLanguage\":\"it-IT\"},{\"@type\":\"Organization\",\"@id\":\"https:\/\/lodzdesign.com\/#organization\",\"name\":\"\u0141\u00f3d\u017a Design Festival\",\"url\":\"https:\/\/lodzdesign.com\/\",\"logo\":{\"@type\":\"ImageObject\",\"inLanguage\":\"it-IT\",\"@id\":\"https:\/\/lodzdesign.com\/#\/schema\/logo\/image\/\",\"url\":\"https:\/\/lodzdesign.com\/app\/uploads\/2023\/01\/ldf-logo-2-300x76-1.webp\",\"contentUrl\":\"https:\/\/lodzdesign.com\/app\/uploads\/2023\/01\/ldf-logo-2-300x76-1.webp\",\"width\":300,\"height\":76,\"caption\":\"\u0141\u00f3d\u017a Design Festival\"},\"image\":{\"@id\":\"https:\/\/lodzdesign.com\/#\/schema\/logo\/image\/\"},\"sameAs\":[\"https:\/\/www.facebook.com\/Lodz.Design\",\"https:\/\/instagram.com\/lodzdesign\/\",\"https:\/\/www.linkedin.com\/company\/lodz-design-festival\"]}]}<\/script>\n<!-- \/ Yoast SEO plugin. -->","yoast_head_json":{"title":"Su di noi - \u0141\u00f3d\u017a Design Festival","description":"Il \u0141\u00f3d\u017a Design Festival sostiene lo sviluppo del settore creativo polacco, riunendo i leader del settore e il pubblico che ama il buon design.","robots":{"index":"index","follow":"follow","max-snippet":"max-snippet:-1","max-image-preview":"max-image-preview:large","max-video-preview":"max-video-preview:-1"},"canonical":"https:\/\/lodzdesign.com\/it\/su-di-noi\/","og_locale":"it_IT","og_type":"article","og_title":"Su di noi - \u0141\u00f3d\u017a Design Festival","og_url":"https:\/\/lodzdesign.com\/it\/su-di-noi\/","og_site_name":"\u0141\u00f3d\u017a Design Festival","article_publisher":"https:\/\/www.facebook.com\/Lodz.Design","article_modified_time":"2024-12-17T13:18:46+00:00","og_image":[{"width":1024,"height":683,"url":"https:\/\/lodzdesign.com\/app\/uploads\/2023\/11\/LDF2023-wystawa-More-Less-zdjecie-z-filtrem_small-scaled.webp","type":"image\/png"}],"twitter_card":"summary_large_image","twitter_image":"https:\/\/lodzdesign.com\/app\/uploads\/2023\/11\/LDF2023-wystawa-More-Less-zdjecie-z-filtrem_small-scaled.webp","schema":{"@context":"https:\/\/schema.org","@graph":[{"@type":"WebPage","@id":"https:\/\/lodzdesign.com\/it\/su-di-noi\/","url":"https:\/\/lodzdesign.com\/it\/su-di-noi\/","name":"Su di noi - \u0141\u00f3d\u017a Design Festival","isPartOf":{"@id":"https:\/\/lodzdesign.com\/#website"},"datePublished":"2023-01-05T11:18:33+00:00","dateModified":"2024-12-17T13:18:46+00:00","description":"Il \u0141\u00f3d\u017a Design Festival sostiene lo sviluppo del settore creativo polacco, riunendo i leader del settore e il pubblico che ama il buon design.","breadcrumb":{"@id":"https:\/\/lodzdesign.com\/it\/su-di-noi\/#breadcrumb"},"inLanguage":"it-IT","potentialAction":[{"@type":"ReadAction","target":["https:\/\/lodzdesign.com\/it\/su-di-noi\/"]}]},{"@type":"BreadcrumbList","@id":"https:\/\/lodzdesign.com\/it\/su-di-noi\/#breadcrumb","itemListElement":[{"@type":"ListItem","position":1,"name":"\u0141DF","item":"https:\/\/lodzdesign.com\/it\/"},{"@type":"ListItem","position":2,"name":"Su di noi"}]},{"@type":"WebSite","@id":"https:\/\/lodzdesign.com\/#website","url":"https:\/\/lodzdesign.com\/","name":"\u0141\u00f3d\u017a Design Festival","description":"Z nami odnajdziesz najlepsze wzorce! Wejd\u017a na stron\u0119 i poznaj nasze podcasty, wirtualne wystawy, przewodniki, przyk\u0142ady najlepszego polskiego designu i wiele innych","publisher":{"@id":"https:\/\/lodzdesign.com\/#organization"},"alternateName":"\u0141DF","potentialAction":[{"@type":"SearchAction","target":{"@type":"EntryPoint","urlTemplate":"https:\/\/lodzdesign.com\/?s={search_term_string}"},"query-input":{"@type":"PropertyValueSpecification","valueRequired":true,"valueName":"search_term_string"}}],"inLanguage":"it-IT"},{"@type":"Organization","@id":"https:\/\/lodzdesign.com\/#organization","name":"\u0141\u00f3d\u017a Design Festival","url":"https:\/\/lodzdesign.com\/","logo":{"@type":"ImageObject","inLanguage":"it-IT","@id":"https:\/\/lodzdesign.com\/#\/schema\/logo\/image\/","url":"https:\/\/lodzdesign.com\/app\/uploads\/2023\/01\/ldf-logo-2-300x76-1.webp","contentUrl":"https:\/\/lodzdesign.com\/app\/uploads\/2023\/01\/ldf-logo-2-300x76-1.webp","width":300,"height":76,"caption":"\u0141\u00f3d\u017a Design Festival"},"image":{"@id":"https:\/\/lodzdesign.com\/#\/schema\/logo\/image\/"},"sameAs":["https:\/\/www.facebook.com\/Lodz.Design","https:\/\/instagram.com\/lodzdesign\/","https:\/\/www.linkedin.com\/company\/lodz-design-festival"]}]}},"_links":{"self":[{"href":"https:\/\/lodzdesign.com\/it\/wp-json\/wp\/v2\/pages\/74510","targetHints":{"allow":["GET"]}}],"collection":[{"href":"https:\/\/lodzdesign.com\/it\/wp-json\/wp\/v2\/pages"}],"about":[{"href":"https:\/\/lodzdesign.com\/it\/wp-json\/wp\/v2\/types\/page"}],"author":[{"embeddable":true,"href":"https:\/\/lodzdesign.com\/it\/wp-json\/wp\/v2\/users\/3"}],"replies":[{"embeddable":true,"href":"https:\/\/lodzdesign.com\/it\/wp-json\/wp\/v2\/comments?post=74510"}],"version-history":[{"count":2,"href":"https:\/\/lodzdesign.com\/it\/wp-json\/wp\/v2\/pages\/74510\/revisions"}],"predecessor-version":[{"id":74524,"href":"https:\/\/lodzdesign.com\/it\/wp-json\/wp\/v2\/pages\/74510\/revisions\/74524"}],"wp:attachment":[{"href":"https:\/\/lodzdesign.com\/it\/wp-json\/wp\/v2\/media?parent=74510"}],"curies":[{"name":"wp","href":"https:\/\/api.w.org\/{rel}","templated":true}]}}