{"id":74562,"date":"2023-08-08T19:19:27","date_gmt":"2023-08-08T18:19:27","guid":{"rendered":"https:\/\/lodzdesign.com\/su-di-noi\/zglos-sie\/"},"modified":"2025-01-28T10:43:44","modified_gmt":"2025-01-28T09:43:44","slug":"applicare","status":"publish","type":"page","link":"https:\/\/lodzdesign.com\/it\/su-di-noi\/applicare\/","title":{"rendered":"Applicare"},"content":{"rendered":"\n\n<div class=\"breadcrumbs container\" role=\"navigation\">\n\n                <p>\n                <span>\n                    <span>\n                                                    <a href=\"https:\/\/lodzdesign.com\/it\/\" target=\"\">\u0141DF<\/a>\n                            \/\n                                                    <a href=\"https:\/\/lodzdesign.com\/it\/su-di-noi\/\" target=\"\">Su di noi<\/a>\n                            \/\n                        \n                        <strong class=\"breadcrumb_last\" aria-current=\"page\"><\/strong>\n                    <\/span>\n                <\/span>\n            <\/p>\n    <\/div>\n\n\n\n<div class=\"left-content-background-image-block container\">\n\n    <div class=\"left-content-background-image-block__inner-part\">\n\n        <div class=\"left-content-background-image-block__left-part\">\n            <h1>\n                Applicare<br>  al \u0141\u00f3d\u017a Design Festival 2025<br>20-25.05.2025\n            <\/h1>\n            <span>\n                <h2>Progettate, organizzate mostre o attivit? urbane? Se siete attivi nell&#8217;industria creativa e volete presentarvi al Festival del Design di \u0141\u00f3d\u017a, allora ? fantastico!<\/h2>\n<p>&nbsp;<\/p>\n<h2>Di seguito vi illustriamo le opportunit? di coinvolgimento e partecipazione alla prossima edizione dell&#8217;evento.<\/h2>\n\n            <\/span>\n\n                    <\/div>\n\n        <div class=\"left-content-background-image-block__right-part\">\n            <img decoding=\"async\" src=\"https:\/\/lodzdesign.com\/app\/uploads\/2022\/12\/maziaj.png\">\n        <\/div>\n\n    <\/div>\n\n<\/div>\n\n\n\n<div class=\"ldf-registration-boxes container\">\n\n    <div class=\"ldf-heading\">\n        <div class=\"ldf-heading-left\">\n            <span class=\"ldf-yellow-part\"><\/span>\n            <h3>\u0141\u00f3d\u017a Design Festival &#8211; partecipazione a concorsi e mostre<\/h3>\n        <\/div>\n    <\/div>\n\n    <div class=\"ldf-registration-boxes-wrapper\">\n\n                    <div class=\"single-registration-box\">\n                <div class=\"image-part\">\n                    <img decoding=\"async\" src=\"https:\/\/lodzdesign.com\/app\/uploads\/2023\/01\/LDF-logo-make-me-czarne-bez-tla.png\" alt=\"\">\n                <\/div>\n                <div class=\"content-part\">\n                    <div class=\"content-part-title\">\n                        <p>make me! &#8211; concorso per giovani artisti<\/p>\n                    <\/div>\n                    <div class=\"content-part-text\">\n                        <p>Il concorso internazionale di design make me! ? uno degli eventi di design pi? innovativi in Europa e una parte fondamentale del \u0141\u00f3d\u017a Design Festival. L&#8217;obiettivo principale di make me! ? quello di prevedere le tendenze future e sostenere i giovani designer (di et? compresa tra i 20 e i 35 anni) che sono pronti a entrare nel settore.<br><br>I finalisti delle precedenti edizioni sottolineano le opportunit? che si sono aperte grazie alla loro partecipazione al concorso, tra cui: la notoriet? nella comunit? del design, la promozione attraverso numerose pubblicazioni o mostre successive.<br><br>I lavori presentati vengono valutati in due fasi da una giuria appositamente selezionata, con interessi diversi, e grazie alla presentazione dei progetti alla mostra, aperta al pubblico, e ai contatti con gli esperti, make me! pu? essere un trampolino di lancio per un ulteriore sviluppo professionale.<\/p>\n                    <\/div>\n                    <div class=\"content-part-buttons\">\n                                                    <a href=\"https:\/\/lodzdesign.com\/it\/makeme\/\" target=\"\" class=\"ldf-button\">Di pi?<span class=\"ldf-chevron ldf-chevron-right\"><\/span><\/a>\n                        \n                                                    <a href=\"https:\/\/lodzdesign.com\/it\/makeme\/applicare\/\" target=\"\" class=\"ldf-button ldf-button-yellow\">Applicare<span class=\"ldf-chevron ldf-chevron-right\"><\/span><\/a>\n                                            <\/div>\n                <\/div>\n            <\/div>\n                    <div class=\"single-registration-box\">\n                <div class=\"image-part\">\n                    <img decoding=\"async\" src=\"https:\/\/lodzdesign.com\/app\/uploads\/2023\/01\/LDF-logo-must-have-czarne-bez-tla.png\" alt=\"\">\n                <\/div>\n                <div class=\"content-part\">\n                    <div class=\"content-part-title\">\n                        <p>must have &#8211; un sondaggio per progettisti e produttori<\/p>\n                    <\/div>\n                    <div class=\"content-part-text\">\n                        <p>must have ? un plebiscito organizzato dal 2011 dal \u0141\u00f3d\u017a Design Festival, che premia le migliori realizzazioni di designer e produttori polacchi. ? un marchio di qualit? gratuito che le aziende possono utilizzare in patria e all&#8217;estero.<br><br>? stato creato per diffondere il buon design polacco e promuovere cos? le aziende e i designer nazionali. must have ? una raccomandazione unica per i consumatori e l&#8217;evento pi? mediatico del design polacco. Il suo obiettivo ? quello di sostenere il settore creativo attraverso un&#8217;ampia promozione dei prodotti che sono il risultato della collaborazione tra un produttore e un designer.<br><br>Le candidature al plebiscito sono accettate gratuitamente tramite il modulo disponibile sul sito web del plebiscito. Anche il Consiglio di esperti, il cui compito principale ? la valutazione finale di tutte le candidature, effettua le proprie nomine sulla base di un&#8217;analisi di mercato. <\/p>\n                    <\/div>\n                    <div class=\"content-part-buttons\">\n                                                    <a href=\"https:\/\/lodzdesign.com\/it\/musthave\/\" target=\"\" class=\"ldf-button\">Di pi?<span class=\"ldf-chevron ldf-chevron-right\"><\/span><\/a>\n                        \n                                                    <a href=\"https:\/\/lodzdesign.com\/it\/musthave\/applicare\/\" target=\"\" class=\"ldf-button ldf-button-yellow\">Applicare<span class=\"ldf-chevron ldf-chevron-right\"><\/span><\/a>\n                                            <\/div>\n                <\/div>\n            <\/div>\n                    <div class=\"single-registration-box\">\n                <div class=\"image-part\">\n                    <img decoding=\"async\" src=\"https:\/\/lodzdesign.com\/app\/uploads\/2023\/01\/LDF-logo-open-programme-czarne-bez-tla.png\" alt=\"\">\n                <\/div>\n                <div class=\"content-part\">\n                    <div class=\"content-part-title\">\n                        <p>open programme &#8211; Invito aperto per il programma \u0141DF<\/p>\n                    <\/div>\n                    <div class=\"content-part-text\">\n                        <p>Il open programme ? rivolto principalmente ai rappresentanti delle istituzioni, ai curatori, agli artisti, ai designer, ecc. &#8211; a chiunque voglia mostrare al pubblico del festival gli effetti del proprio lavoro creativo. ? uno spazio per attivit? interessanti e originali che arricchiranno il programma del festival.<br><br>Le proposte possono includere attivit? come mostre, installazioni artistiche, workshop, conferenze o attivit? urbane (ad esempio passeggiate a tema, giochi, ecc.). <\/p>\n                    <\/div>\n                    <div class=\"content-part-buttons\">\n                                                    <a href=\"https:\/\/lodzdesign.com\/it\/open-programme\/\" target=\"\" class=\"ldf-button\">Di pi?<span class=\"ldf-chevron ldf-chevron-right\"><\/span><\/a>\n                        \n                                                    <a href=\"https:\/\/lodzdesign.com\/it\/open-programme\/applicare\/\" target=\"\" class=\"ldf-button ldf-button-yellow\">Applicare<span class=\"ldf-chevron ldf-chevron-right\"><\/span><\/a>\n                                            <\/div>\n                <\/div>\n            <\/div>\n        \n    <\/div>\n\n<\/div>\n\n\n\n<div class=\"ldf-content-block container\">\n    <p>Stiamo reclutando per il programma \u0141DF durante tutto l&#8217;anno, principalmente attraverso i nostri progetti in corso: il concorso make me!, il sondaggio must have e il open programme.<\/p>\n\n<\/div>\n\n\n\n<div class=\"ldf-button-block container\">\n            <a href=\"https:\/\/lodzdesign.com\/it\/su-di-noi\/\" target=\"_blank\">\n            Scopri come stiamo costruendo il programma del festival\n                            <span class=\"ldf-chevron ldf-chevron-right\"><\/span>\n                    <\/a>\n            <a href=\"https:\/\/www.flickr.com\/photos\/lodzdesignfestival\/albums\" target=\"_blank\">\n            Lasciatevi ispirare dalle nostre fotostorie\n                            <span class=\"ldf-chevron ldf-chevron-right\"><\/span>\n                    <\/a>\n    <\/div>","protected":false},"excerpt":{"rendered":"","protected":false},"author":3,"featured_media":66119,"parent":74510,"menu_order":0,"comment_status":"closed","ping_status":"closed","template":"","meta":{"inline_featured_image":false,"footnotes":""},"class_list":["post-74562","page","type-page","status-publish","has-post-thumbnail","hentry"],"acf":[],"yoast_head":"<!-- This site is optimized with the Yoast SEO plugin v25.0 - https:\/\/yoast.com\/wordpress\/plugins\/seo\/ -->\n<title>Applicare - \u0141\u00f3d\u017a Design Festival<\/title>\n<meta name=\"description\" content=\"Progettate, organizzate mostre o gestite laboratori? Vi avviciniamo alle possibilit? di coinvolgimento e partecipazione alla prossima edizione dell&#039;evento.\" \/>\n<meta name=\"robots\" content=\"index, follow, max-snippet:-1, max-image-preview:large, max-video-preview:-1\" \/>\n<link rel=\"canonical\" href=\"https:\/\/lodzdesign.com\/it\/su-di-noi\/applicare\/\" \/>\n<meta property=\"og:locale\" content=\"it_IT\" \/>\n<meta property=\"og:type\" content=\"article\" \/>\n<meta property=\"og:title\" content=\"Applicare - \u0141\u00f3d\u017a Design Festival\" \/>\n<meta property=\"og:url\" content=\"https:\/\/lodzdesign.com\/it\/su-di-noi\/applicare\/\" \/>\n<meta property=\"og:site_name\" content=\"\u0141\u00f3d\u017a Design Festival\" \/>\n<meta property=\"article:publisher\" content=\"https:\/\/www.facebook.com\/Lodz.Design\" \/>\n<meta property=\"article:modified_time\" content=\"2025-01-28T09:43:44+00:00\" \/>\n<meta property=\"og:image\" content=\"https:\/\/lodzdesign.com\/app\/uploads\/2023\/11\/LDF2023-wystawa-More-Less-zdjecie-z-filtrem_small-scaled.webp\" \/>\n\t<meta property=\"og:image:width\" content=\"2560\" \/>\n\t<meta property=\"og:image:height\" content=\"1707\" \/>\n\t<meta property=\"og:image:type\" content=\"image\/webp\" \/>\n<meta name=\"twitter:card\" content=\"summary_large_image\" \/>\n<meta name=\"twitter:image\" content=\"https:\/\/lodzdesign.com\/app\/uploads\/2023\/11\/LDF2023-wystawa-More-Less-zdjecie-z-filtrem_small-scaled.webp\" \/>\n<meta name=\"twitter:label1\" content=\"Est. reading time\" \/>\n\t<meta name=\"twitter:data1\" content=\"1 minute\" \/>\n<script type=\"application\/ld+json\" class=\"yoast-schema-graph\">{\"@context\":\"https:\/\/schema.org\",\"@graph\":[{\"@type\":\"WebPage\",\"@id\":\"https:\/\/lodzdesign.com\/it\/su-di-noi\/applicare\/\",\"url\":\"https:\/\/lodzdesign.com\/it\/su-di-noi\/applicare\/\",\"name\":\"Applicare - \u0141\u00f3d\u017a Design Festival\",\"isPartOf\":{\"@id\":\"https:\/\/lodzdesign.com\/#website\"},\"primaryImageOfPage\":{\"@id\":\"https:\/\/lodzdesign.com\/it\/su-di-noi\/applicare\/#primaryimage\"},\"image\":{\"@id\":\"https:\/\/lodzdesign.com\/it\/su-di-noi\/applicare\/#primaryimage\"},\"thumbnailUrl\":\"https:\/\/lodzdesign.com\/app\/uploads\/2023\/11\/LDF2023-wystawa-More-Less-zdjecie-z-filtrem_small-scaled.webp\",\"datePublished\":\"2023-08-08T18:19:27+00:00\",\"dateModified\":\"2025-01-28T09:43:44+00:00\",\"description\":\"Progettate, organizzate mostre o gestite laboratori? Vi avviciniamo alle possibilit? di coinvolgimento e partecipazione alla prossima edizione dell'evento.\",\"breadcrumb\":{\"@id\":\"https:\/\/lodzdesign.com\/it\/su-di-noi\/applicare\/#breadcrumb\"},\"inLanguage\":\"it-IT\",\"potentialAction\":[{\"@type\":\"ReadAction\",\"target\":[\"https:\/\/lodzdesign.com\/it\/su-di-noi\/applicare\/\"]}]},{\"@type\":\"ImageObject\",\"inLanguage\":\"it-IT\",\"@id\":\"https:\/\/lodzdesign.com\/it\/su-di-noi\/applicare\/#primaryimage\",\"url\":\"https:\/\/lodzdesign.com\/app\/uploads\/2023\/11\/LDF2023-wystawa-More-Less-zdjecie-z-filtrem_small-scaled.webp\",\"contentUrl\":\"https:\/\/lodzdesign.com\/app\/uploads\/2023\/11\/LDF2023-wystawa-More-Less-zdjecie-z-filtrem_small-scaled.webp\",\"width\":2560,\"height\":1707},{\"@type\":\"BreadcrumbList\",\"@id\":\"https:\/\/lodzdesign.com\/it\/su-di-noi\/applicare\/#breadcrumb\",\"itemListElement\":[{\"@type\":\"ListItem\",\"position\":1,\"name\":\"\u0141DF\",\"item\":\"https:\/\/lodzdesign.com\/it\/\"},{\"@type\":\"ListItem\",\"position\":2,\"name\":\"Su di noi\",\"item\":\"https:\/\/lodzdesign.com\/it\/su-di-noi\/\"},{\"@type\":\"ListItem\",\"position\":3,\"name\":\"Applicare\"}]},{\"@type\":\"WebSite\",\"@id\":\"https:\/\/lodzdesign.com\/#website\",\"url\":\"https:\/\/lodzdesign.com\/\",\"name\":\"\u0141\u00f3d\u017a Design Festival\",\"description\":\"Z nami odnajdziesz najlepsze wzorce! Wejd\u017a na stron\u0119 i poznaj nasze podcasty, wirtualne wystawy, przewodniki, przyk\u0142ady najlepszego polskiego designu i wiele innych\",\"publisher\":{\"@id\":\"https:\/\/lodzdesign.com\/#organization\"},\"alternateName\":\"\u0141DF\",\"potentialAction\":[{\"@type\":\"SearchAction\",\"target\":{\"@type\":\"EntryPoint\",\"urlTemplate\":\"https:\/\/lodzdesign.com\/?s={search_term_string}\"},\"query-input\":{\"@type\":\"PropertyValueSpecification\",\"valueRequired\":true,\"valueName\":\"search_term_string\"}}],\"inLanguage\":\"it-IT\"},{\"@type\":\"Organization\",\"@id\":\"https:\/\/lodzdesign.com\/#organization\",\"name\":\"\u0141\u00f3d\u017a Design Festival\",\"url\":\"https:\/\/lodzdesign.com\/\",\"logo\":{\"@type\":\"ImageObject\",\"inLanguage\":\"it-IT\",\"@id\":\"https:\/\/lodzdesign.com\/#\/schema\/logo\/image\/\",\"url\":\"https:\/\/lodzdesign.com\/app\/uploads\/2023\/01\/ldf-logo-2-300x76-1.webp\",\"contentUrl\":\"https:\/\/lodzdesign.com\/app\/uploads\/2023\/01\/ldf-logo-2-300x76-1.webp\",\"width\":300,\"height\":76,\"caption\":\"\u0141\u00f3d\u017a Design Festival\"},\"image\":{\"@id\":\"https:\/\/lodzdesign.com\/#\/schema\/logo\/image\/\"},\"sameAs\":[\"https:\/\/www.facebook.com\/Lodz.Design\",\"https:\/\/instagram.com\/lodzdesign\/\",\"https:\/\/www.linkedin.com\/company\/lodz-design-festival\"]}]}<\/script>\n<!-- \/ Yoast SEO plugin. -->","yoast_head_json":{"title":"Applicare - \u0141\u00f3d\u017a Design Festival","description":"Progettate, organizzate mostre o gestite laboratori? Vi avviciniamo alle possibilit? di coinvolgimento e partecipazione alla prossima edizione dell'evento.","robots":{"index":"index","follow":"follow","max-snippet":"max-snippet:-1","max-image-preview":"max-image-preview:large","max-video-preview":"max-video-preview:-1"},"canonical":"https:\/\/lodzdesign.com\/it\/su-di-noi\/applicare\/","og_locale":"it_IT","og_type":"article","og_title":"Applicare - \u0141\u00f3d\u017a Design Festival","og_url":"https:\/\/lodzdesign.com\/it\/su-di-noi\/applicare\/","og_site_name":"\u0141\u00f3d\u017a Design Festival","article_publisher":"https:\/\/www.facebook.com\/Lodz.Design","article_modified_time":"2025-01-28T09:43:44+00:00","og_image":[{"width":2560,"height":1707,"url":"https:\/\/lodzdesign.com\/app\/uploads\/2023\/11\/LDF2023-wystawa-More-Less-zdjecie-z-filtrem_small-scaled.webp","type":"image\/webp"}],"twitter_card":"summary_large_image","twitter_image":"https:\/\/lodzdesign.com\/app\/uploads\/2023\/11\/LDF2023-wystawa-More-Less-zdjecie-z-filtrem_small-scaled.webp","twitter_misc":{"Est. reading time":"1 minute"},"schema":{"@context":"https:\/\/schema.org","@graph":[{"@type":"WebPage","@id":"https:\/\/lodzdesign.com\/it\/su-di-noi\/applicare\/","url":"https:\/\/lodzdesign.com\/it\/su-di-noi\/applicare\/","name":"Applicare - \u0141\u00f3d\u017a Design Festival","isPartOf":{"@id":"https:\/\/lodzdesign.com\/#website"},"primaryImageOfPage":{"@id":"https:\/\/lodzdesign.com\/it\/su-di-noi\/applicare\/#primaryimage"},"image":{"@id":"https:\/\/lodzdesign.com\/it\/su-di-noi\/applicare\/#primaryimage"},"thumbnailUrl":"https:\/\/lodzdesign.com\/app\/uploads\/2023\/11\/LDF2023-wystawa-More-Less-zdjecie-z-filtrem_small-scaled.webp","datePublished":"2023-08-08T18:19:27+00:00","dateModified":"2025-01-28T09:43:44+00:00","description":"Progettate, organizzate mostre o gestite laboratori? Vi avviciniamo alle possibilit? di coinvolgimento e partecipazione alla prossima edizione dell'evento.","breadcrumb":{"@id":"https:\/\/lodzdesign.com\/it\/su-di-noi\/applicare\/#breadcrumb"},"inLanguage":"it-IT","potentialAction":[{"@type":"ReadAction","target":["https:\/\/lodzdesign.com\/it\/su-di-noi\/applicare\/"]}]},{"@type":"ImageObject","inLanguage":"it-IT","@id":"https:\/\/lodzdesign.com\/it\/su-di-noi\/applicare\/#primaryimage","url":"https:\/\/lodzdesign.com\/app\/uploads\/2023\/11\/LDF2023-wystawa-More-Less-zdjecie-z-filtrem_small-scaled.webp","contentUrl":"https:\/\/lodzdesign.com\/app\/uploads\/2023\/11\/LDF2023-wystawa-More-Less-zdjecie-z-filtrem_small-scaled.webp","width":2560,"height":1707},{"@type":"BreadcrumbList","@id":"https:\/\/lodzdesign.com\/it\/su-di-noi\/applicare\/#breadcrumb","itemListElement":[{"@type":"ListItem","position":1,"name":"\u0141DF","item":"https:\/\/lodzdesign.com\/it\/"},{"@type":"ListItem","position":2,"name":"Su di noi","item":"https:\/\/lodzdesign.com\/it\/su-di-noi\/"},{"@type":"ListItem","position":3,"name":"Applicare"}]},{"@type":"WebSite","@id":"https:\/\/lodzdesign.com\/#website","url":"https:\/\/lodzdesign.com\/","name":"\u0141\u00f3d\u017a Design Festival","description":"Z nami odnajdziesz najlepsze wzorce! Wejd\u017a na stron\u0119 i poznaj nasze podcasty, wirtualne wystawy, przewodniki, przyk\u0142ady najlepszego polskiego designu i wiele innych","publisher":{"@id":"https:\/\/lodzdesign.com\/#organization"},"alternateName":"\u0141DF","potentialAction":[{"@type":"SearchAction","target":{"@type":"EntryPoint","urlTemplate":"https:\/\/lodzdesign.com\/?s={search_term_string}"},"query-input":{"@type":"PropertyValueSpecification","valueRequired":true,"valueName":"search_term_string"}}],"inLanguage":"it-IT"},{"@type":"Organization","@id":"https:\/\/lodzdesign.com\/#organization","name":"\u0141\u00f3d\u017a Design Festival","url":"https:\/\/lodzdesign.com\/","logo":{"@type":"ImageObject","inLanguage":"it-IT","@id":"https:\/\/lodzdesign.com\/#\/schema\/logo\/image\/","url":"https:\/\/lodzdesign.com\/app\/uploads\/2023\/01\/ldf-logo-2-300x76-1.webp","contentUrl":"https:\/\/lodzdesign.com\/app\/uploads\/2023\/01\/ldf-logo-2-300x76-1.webp","width":300,"height":76,"caption":"\u0141\u00f3d\u017a Design Festival"},"image":{"@id":"https:\/\/lodzdesign.com\/#\/schema\/logo\/image\/"},"sameAs":["https:\/\/www.facebook.com\/Lodz.Design","https:\/\/instagram.com\/lodzdesign\/","https:\/\/www.linkedin.com\/company\/lodz-design-festival"]}]}},"_links":{"self":[{"href":"https:\/\/lodzdesign.com\/it\/wp-json\/wp\/v2\/pages\/74562","targetHints":{"allow":["GET"]}}],"collection":[{"href":"https:\/\/lodzdesign.com\/it\/wp-json\/wp\/v2\/pages"}],"about":[{"href":"https:\/\/lodzdesign.com\/it\/wp-json\/wp\/v2\/types\/page"}],"author":[{"embeddable":true,"href":"https:\/\/lodzdesign.com\/it\/wp-json\/wp\/v2\/users\/3"}],"replies":[{"embeddable":true,"href":"https:\/\/lodzdesign.com\/it\/wp-json\/wp\/v2\/comments?post=74562"}],"version-history":[{"count":14,"href":"https:\/\/lodzdesign.com\/it\/wp-json\/wp\/v2\/pages\/74562\/revisions"}],"predecessor-version":[{"id":75921,"href":"https:\/\/lodzdesign.com\/it\/wp-json\/wp\/v2\/pages\/74562\/revisions\/75921"}],"up":[{"embeddable":true,"href":"https:\/\/lodzdesign.com\/it\/wp-json\/wp\/v2\/pages\/74510"}],"wp:featuredmedia":[{"embeddable":true,"href":"https:\/\/lodzdesign.com\/it\/wp-json\/wp\/v2\/media\/66119"}],"wp:attachment":[{"href":"https:\/\/lodzdesign.com\/it\/wp-json\/wp\/v2\/media?parent=74562"}],"curies":[{"name":"wp","href":"https:\/\/api.w.org\/{rel}","templated":true}]}}