{"id":74611,"date":"2023-01-02T11:59:54","date_gmt":"2023-01-02T10:59:54","guid":{"rendered":"https:\/\/lodzdesign.com\/open-programme\/"},"modified":"2025-01-21T11:01:10","modified_gmt":"2025-01-21T10:01:10","slug":"open-programme","status":"publish","type":"page","link":"https:\/\/lodzdesign.com\/it\/open-programme\/","title":{"rendered":"open programme"},"content":{"rendered":"\n\n<div class=\"breadcrumbs container\" role=\"navigation\">\n\n            <p><span><span><a href=\"https:\/\/lodzdesign.com\/it\/\">\u0141DF<\/a><\/span><\/span><\/p>\n    <\/div>\n\n\n\n<div class=\"ldf-heading-block container\">\n\n    <div class=\"ldf-heading-block__inner-part\">\n\n        <div class=\"ldf-heading-block__left-part\">\n            <h1>\n                open programme\n            <\/h1>\n\n                    <\/div>\n\n    <\/div>\n\n<\/div>\n\n\n\n<div class=\"ldf-content-block container\">\n    <p>Avete progetti gi? pronti da presentare a un vasto pubblico? Volete comunicare qualcosa di socialmente rilevante, condividere le vostre conoscenze, ispirare il vostro pubblico? O forse state progettando di realizzare un&#8217;attivit? interessante nello spazio urbano?<\/p>\n<p>&nbsp;<\/p>\n<p><strong>Inviate la vostra proposta e avrete la possibilit? di inserire la vostra idea nel programma del \u0141\u00f3d\u017a Design Festival, che si terr? dal 20 al 25 maggio 2025!<\/strong><\/p>\n<p>&nbsp;<\/p>\n<p><strong>L&#8217;open programme<\/strong> ? un invito aperto al \u0141\u00f3d\u017a Design Festival, che consente a studenti, designer, produttori, creatori, artisti, ricercatori, innovatori, educatori e attivisti di presentare le proprie proposte al programma del festival. Possono presentare le loro idee singoli creatori, ma anche istituzioni, associazioni, fondazioni, scuole\/gruppi di studenti, gallerie ecc.<\/p>\n<p>&nbsp;<\/p>\n<p>Il bando di concorso per l&#8217;edizione di quest&#8217;anno del \u0141\u00f3d\u017a Design Festival si svolger? dal 15.01 al 15.02.2025.<\/p>\n<p>&nbsp;<\/p>\n<p><strong>CATEGORIE DI APPLICAZIONE<\/strong><\/p>\n<ul>\n<li>\n<p class=\"p1\">mostra\/presentazione\/installazione presso il Centro del Festival<\/p>\n<\/li>\n<li>\n<p class=\"p1\">attivit? urbana (viaggio, passeggiata, gioco sul campo)<\/p>\n<\/li>\n<li>\n<p class=\"p1\">un evento di accompagnamento al di fuori del Centro del Festival (mostra, workshop, incontro, conferenza) * organizzazione da parte del richiedente * organizzazione da parte del richiedente<\/p>\n<\/li>\n<\/ul>\n<p>&nbsp;<\/p>\n<p><strong>PRINCIPI FONDAMENTALI DEL RECLUTAMENTO<\/strong><\/p>\n<ul>\n<li>\n<p class=\"p1\">Le collaborazioni a programma aperto sono gratuite.<\/p>\n<\/li>\n<li>\n<p class=\"p1\">Ogni candidato pu? inviare un massimo di 2 proposte.<\/p>\n<\/li>\n<li>\n<p class=\"p1\">Le proposte possono essere individuali, di un gruppo di progettazione\/creativo\/artistico o, ad esempio, di un intero gruppo di un istituto d&#8217;arte o di un&#8217;altra istituzione.<\/p>\n<\/li>\n<li>\n<p class=\"p1\">Le idee presentate devono avere una formula di presentazione\/performance gi? pronta e, nel caso di mostre\/presentazioni\/installazioni, anche una narrazione in polacco-inglese.<\/p>\n<\/li>\n<li>\n<p class=\"p1\">Il numero previsto di realizzazioni accettate per il programma aperto ? di un massimo di 10 proposte.<\/p>\n<\/li>\n<li>\n<p class=\"p1\">L&#8217;invito a presentare proposte per l&#8217;edizione 2025 durer? fino al 15.02.2025 alle 23:59 o fino all&#8217;esaurimento dello spazio disponibile per le proposte del bando aperto.<\/p>\n<\/li>\n<li>\n<p class=\"p1\">Il trasporto, il montaggio, lo smontaggio, l&#8217;identificazione visiva e la gestione della mostra\/presentazione\/installazione sono a carico del richiedente.<\/p>\n<\/li>\n<li>Le informazioni sulla qualificazione\/non qualificazione per la selezione di quest&#8217;anno saranno inviate entro il 28.02.2025.<\/li>\n<\/ul>\n<p>&nbsp;<\/p>\n<p><strong>CHE COSA OFFRIAMO?<\/strong><\/p>\n<ul>\n<li>\n<p class=\"p1\">lo spazio per la realizzazione dell&#8217;idea [*non applicabile all&#8217;attivit? urbana e all&#8217;evento di accompagnamento] [*non applicabile all&#8217;attivit? urbana e all&#8217;evento di accompagnamento]].<\/p>\n<\/li>\n<li>\n<p class=\"p1\">i collegamenti necessari (come concordato) [*non applicabile all&#8217;attivit? urbana e all&#8217;evento di accompagnamento].<\/p>\n<\/li>\n<li>\n<p class=\"p1\">promozione nell&#8217;ambito delle attivit? legate al programma del \u0141DF<\/p>\n<\/li>\n<\/ul>\n\n<\/div>\n\n\n\n<div class=\"ldf-button-block container\">\n            <a href=\"https:\/\/lodzdesign.com\/it\/open-programme\/applicare\/\" target=\"\">\n            Applicare\n                            <span class=\"ldf-chevron ldf-chevron-right\"><\/span>\n                    <\/a>\n    <\/div>\n\n\n\n<div class=\"ldf-heading ldf-form-heading\">\n    <div class=\"ldf-heading-left\">\n        <span class=\"ldf-yellow-part\"><\/span>\n        <h3>CALENDARIO DI RECLUTAMENTO<\/h3>\n    <\/div>\n<\/div>\n\n<div class=\"ldf-form-block container\">\n    <div class=\"ldf-form-block__form\" id=\"block-430939804\">\n        <style>\n            #block-430939804 iframe {\n                height:  !important;\n            }\n\n            #block-430939804 .supernova {\n                height:  !important;\n            }\n        <\/style>\n\n        \n    <\/div>\n<\/div>\n\n\n\n\n<div class=\"ldf-tabs container\">\n            <div class=\"single-tab\">\n            <h3>15 gennaio 2025\n                <img decoding=\"async\" class=\"down-arrow\" src=\"\" alt=\"Down arrow\">\n            <\/h3>\n            <span class=\"single-tab-content\" style=\"display: none;\">\n                <p>inizio del reclutamento per il open programme 2025<\/p>\n\n            <\/span>\n        <\/div>\n            <div class=\"single-tab\">\n            <h3>15 febbraio 2025\n                <img decoding=\"async\" class=\"down-arrow\" src=\"\" alt=\"Down arrow\">\n            <\/h3>\n            <span class=\"single-tab-content\" style=\"display: none;\">\n                <p>open programme 2025 domande chiuse<\/p>\n\n            <\/span>\n        <\/div>\n            <div class=\"single-tab\">\n            <h3>fino al 28 febbraio 2025\n                <img decoding=\"async\" class=\"down-arrow\" src=\"\" alt=\"Down arrow\">\n            <\/h3>\n            <span class=\"single-tab-content\" style=\"display: none;\">\n                <p>informazioni sull&#8217;ammissibilit?\/non ammissibilit? al open programme 2025<\/p>\n\n            <\/span>\n        <\/div>\n            <div class=\"single-tab\">\n            <h3>fino al 18 maggio 2025\n                <img decoding=\"async\" class=\"down-arrow\" src=\"\" alt=\"Down arrow\">\n            <\/h3>\n            <span class=\"single-tab-content\" style=\"display: none;\">\n                <p>montaggi di mostre\/installazioni<\/p>\n\n            <\/span>\n        <\/div>\n            <div class=\"single-tab\">\n            <h3>20-25 maggio 2025\n                <img decoding=\"async\" class=\"down-arrow\" src=\"\" alt=\"Down arrow\">\n            <\/h3>\n            <span class=\"single-tab-content\" style=\"display: none;\">\n                <p>presentazione delle selezioni durante il \u0141\u00f3d\u017a Design Festival 2025<\/p>\n\n            <\/span>\n        <\/div>\n            <div class=\"single-tab\">\n            <h3>fino al 27 maggio 2025\n                <img decoding=\"async\" class=\"down-arrow\" src=\"\" alt=\"Down arrow\">\n            <\/h3>\n            <span class=\"single-tab-content\" style=\"display: none;\">\n                <p>smontaggio di mostre\/installazioni<\/p>\n\n            <\/span>\n        <\/div>\n    <\/div>\n\n<script type=\"application\/ld+json\">{\"@context\":\"https:\\\/\\\/schema.org\",\"@type\":\"FAQPage\",\"mainEntity\":[{\"@type\":\"Question\",\"name\":\"15 gennaio 2025\",\"acceptedAnswer\":{\"@type\":\"Answer\",\"text\":\"inizio del reclutamento per il open programme 2025\\n\"}},{\"@type\":\"Question\",\"name\":\"15 febbraio 2025\",\"acceptedAnswer\":{\"@type\":\"Answer\",\"text\":\"open programme 2025 domande chiuse\\n\"}},{\"@type\":\"Question\",\"name\":\"fino al 28 febbraio 2025\",\"acceptedAnswer\":{\"@type\":\"Answer\",\"text\":\"informazioni sull&#8217;ammissibilit?\\\/non ammissibilit? al open programme 2025\\n\"}},{\"@type\":\"Question\",\"name\":\"fino al 18 maggio 2025\",\"acceptedAnswer\":{\"@type\":\"Answer\",\"text\":\"montaggi di mostre\\\/installazioni\\n\"}},{\"@type\":\"Question\",\"name\":\"20-25 maggio 2025\",\"acceptedAnswer\":{\"@type\":\"Answer\",\"text\":\"presentazione delle selezioni durante il \\u0141\\u00f3d\\u017a Design Festival 2025\\n\"}},{\"@type\":\"Question\",\"name\":\"fino al 27 maggio 2025\",\"acceptedAnswer\":{\"@type\":\"Answer\",\"text\":\"smontaggio di mostre\\\/installazioni\\n\"}}]}<\/script>\n\n\n\n<div class=\"ldf-heading ldf-form-heading\">\n    <div class=\"ldf-heading-left\">\n        <span class=\"ldf-yellow-part\"><\/span>\n        <h3>SE LA VOSTRA IDEA VA OLTRE LE CATEGORIE DEL OPEN PROGRAMME,<br>SIETE INVITATI A CONTATTARCI VIA E-MAIL:<\/h3>\n    <\/div>\n<\/div>\n\n<div class=\"ldf-form-block container\">\n    <div class=\"ldf-form-block__form\" id=\"block-744727628\">\n        <style>\n            #block-744727628 iframe {\n                height:  !important;\n            }\n\n            #block-744727628 .supernova {\n                height:  !important;\n            }\n        <\/style>\n\n        \n    <\/div>\n<\/div>\n\n\n\n<div class=\"ldf-contact-block container\">\n    <div class=\"single-contact-row\">\n                    <a href=\"mailto:info@lodzdesign.com\" target=\"_blank\" class=\"single-contact single-contact-active\">\n                <div>\n                    <span class=\"thin-arrow\"><\/span>\n                    <h3>\u0141\u00f3d\u017a Design Festival<\/h3>\n                <\/div>\n                <div>\n                    <p>\n                        info@lodzdesign.com\n                    <\/p>\n                <\/div>\n            <\/a>\n                        <\/div>\n<\/div>\n\n\n\n<div class=\"ldf-slider container\">\n    <div class=\"ldf-slider-desktop\">\n        <span class=\"thin-arrow left-thin-arrow left-thin-arrow-\"\n\t\t\trole=\"button\"\n\t\t\ttabindex=\"0\"\n\t\t\tdata-move-class=\"carousel-control-previous-\">\n\t\t<div style=\"display: none\">slide left<\/div>\n\t\t<\/span>\n        <div class=\"carousel carousel-\"><\/div>\n\t\t\n        <span class=\"thin-arrow right-thin-arrow right-thin-arrow-\"\n\t\t\trole=\"button\"\n\t\t\ttabindex=\"0\"\n\t\t\tdata-move-class=\"carousel-control-next-\">\n\t\t\t<div style=\"display: none\">slide left<\/div>\n\t\t<\/span>\n\t\t\n\t\t<div class=\"alt-text\"><\/div>\n    <\/div>\n    <div class=\"ldf-slider-mobile\" style=\"display: none;\">\n            <\/div>\n\t\n<\/div>\n\n\t\n<script>\nlet exampleCarousel\n    jQuery( document ).ready(function() {\n        \/\/ Create a new carousel object\n        exampleCarousel = new Carousel( document.querySelector( '.carousel-' ), );\n        \/\/ Setup carousel and methods\n        exampleCarousel.mounted();\n\n        var alreadyGalleryArray = [];\n\n        jQuery('.ldf-slider-desktop .carousel- .carousel-item').each(function( index ) {\n\t\t\n            var src = jQuery(this).attr('src');\n\n            if ( jQuery.inArray(src, alreadyGalleryArray) === -1 ) {\n                alreadyGalleryArray.push(src);\n                jQuery(this).attr('data-fancybox', '');\n            }\n        });\n\n    });\n\n    jQuery( document ).ready(\n        function(){\n            var maxHeight = 0;\n\n            jQuery('.carousel-container-' + carousel_number + ' img').each(function(){\n\n                jQuery(this).on('load', function(){\n                    var thisH = jQuery(this).height();\n\n                    if (thisH > maxHeight) {\n                        maxHeight = thisH;\n\n                        jQuery('.ldf-slider .carousel-' + carousel_number).css('height', maxHeight);\n                        jQuery('.ldf-slider .carousel-container-' + carousel_number).css('height', maxHeight);\n\t\t\t\t\t\texampleCarousel.altText()\n                    }\n                });\n            });\n        }\n    );\n\n    jQuery('body').on('click', '.ldf-slider-desktop img', function() {\n        var isFancybox = jQuery(this).attr('data-fancybox');\n\n        if ( isFancybox === undefined || isFancybox === '' ) {\n            var clickedSrc = jQuery(this).attr('src');\n\n            jQuery('.ldf-slider-desktop img[data-fancybox=\"\"]').each(function(){\n               if ( jQuery(this).attr('src') === clickedSrc ) {\n                   jQuery(this).attr('data-fancybox', '');\n               }\n            });\n\n            jQuery(this).attr('data-fancybox', '');\n\n        }\n    });\n\n    jQuery('body').on('click', '.ldf-slider-mobile img', function() {\n       var src = jQuery(this).attr('src');\n       var currentSrc = '';\n\n        jQuery('.carousel-container img[data-fancybox=\"\"]').each(function(){\n            currentSrc = jQuery(this).attr('src');\n\n            if ( currentSrc === src ) {\n                jQuery(this).click();\n            }\n        });\n\n    });\n\n<\/script>\n\n\n\n<div class=\"ldf-heading ldf-form-heading\">\n    <div class=\"ldf-heading-left\">\n        <span class=\"ldf-yellow-part\"><\/span>\n        <h3>CONSIGLI<\/h3>\n    <\/div>\n<\/div>\n\n<div class=\"ldf-form-block container\">\n    <div class=\"ldf-form-block__form\" id=\"block-953279109\">\n        <style>\n            #block-953279109 iframe {\n                height:  !important;\n            }\n\n            #block-953279109 .supernova {\n                height:  !important;\n            }\n        <\/style>\n\n        \n    <\/div>\n<\/div>\n\n\n\n<div class=\"ldf-button-block container\">\n            <a href=\"https:\/\/lodzdesign.com\/it\/su-di-noi\/\" target=\"_blank\">\n            Per saperne di pi? sul \u0141DF\n                            <span class=\"ldf-chevron ldf-chevron-right\"><\/span>\n                    <\/a>\n            <a href=\"https:\/\/www.youtube.com\/user\/lodzartcenter\" target=\"_blank\">\n            Vedere quali eventi stiamo realizzando\n                            <span class=\"ldf-chevron ldf-chevron-right\"><\/span>\n                    <\/a>\n    <\/div>","protected":false},"excerpt":{"rendered":"","protected":false},"author":3,"featured_media":50490,"parent":0,"menu_order":0,"comment_status":"closed","ping_status":"closed","template":"","meta":{"inline_featured_image":false,"footnotes":""},"class_list":["post-74611","page","type-page","status-publish","has-post-thumbnail","hentry"],"acf":[],"yoast_head":"<!-- This site is optimized with the Yoast SEO plugin v25.0 - https:\/\/yoast.com\/wordpress\/plugins\/seo\/ -->\n<title>open programme - \u0141\u00f3d\u017a Design Festival<\/title>\n<meta name=\"description\" content=\"open programme ? un invito aperto al \u0141\u00f3d\u017a Design Festival, che consente a designer, artisti ed educatori di presentare le proprie proposte per il programma.\" \/>\n<meta name=\"robots\" content=\"index, follow, max-snippet:-1, max-image-preview:large, max-video-preview:-1\" \/>\n<link rel=\"canonical\" href=\"https:\/\/lodzdesign.com\/it\/open-programme\/\" \/>\n<meta property=\"og:locale\" content=\"it_IT\" \/>\n<meta property=\"og:type\" content=\"article\" \/>\n<meta property=\"og:title\" content=\"open programme - \u0141\u00f3d\u017a Design Festival\" \/>\n<meta property=\"og:url\" content=\"https:\/\/lodzdesign.com\/it\/open-programme\/\" \/>\n<meta property=\"og:site_name\" content=\"\u0141\u00f3d\u017a Design Festival\" \/>\n<meta property=\"article:publisher\" content=\"https:\/\/www.facebook.com\/Lodz.Design\" \/>\n<meta property=\"article:modified_time\" content=\"2025-01-21T10:01:10+00:00\" \/>\n<meta property=\"og:image\" content=\"https:\/\/lodzdesign.com\/app\/uploads\/2023\/02\/LDF-uniwersanel-Glass-Room-fot.-Oswiecony.png\" \/>\n\t<meta property=\"og:image:width\" content=\"1024\" \/>\n\t<meta property=\"og:image:height\" content=\"683\" \/>\n\t<meta property=\"og:image:type\" content=\"image\/png\" \/>\n<meta name=\"twitter:card\" content=\"summary_large_image\" \/>\n<meta name=\"twitter:image\" content=\"https:\/\/lodzdesign.com\/app\/uploads\/2023\/02\/LDF-uniwersanel-Glass-Room-fot.-Oswiecony.png\" \/>\n<meta name=\"twitter:label1\" content=\"Est. reading time\" \/>\n\t<meta name=\"twitter:data1\" content=\"1 minute\" \/>\n<script type=\"application\/ld+json\" class=\"yoast-schema-graph\">{\"@context\":\"https:\/\/schema.org\",\"@graph\":[{\"@type\":\"WebPage\",\"@id\":\"https:\/\/lodzdesign.com\/it\/open-programme\/\",\"url\":\"https:\/\/lodzdesign.com\/it\/open-programme\/\",\"name\":\"open programme - \u0141\u00f3d\u017a Design Festival\",\"isPartOf\":{\"@id\":\"https:\/\/lodzdesign.com\/#website\"},\"primaryImageOfPage\":{\"@id\":\"https:\/\/lodzdesign.com\/it\/open-programme\/#primaryimage\"},\"image\":{\"@id\":\"https:\/\/lodzdesign.com\/it\/open-programme\/#primaryimage\"},\"thumbnailUrl\":\"https:\/\/lodzdesign.com\/app\/uploads\/2023\/02\/LDF-uniwersanel-Glass-Room-fot.-Oswiecony.png\",\"datePublished\":\"2023-01-02T10:59:54+00:00\",\"dateModified\":\"2025-01-21T10:01:10+00:00\",\"description\":\"open programme ? un invito aperto al \u0141\u00f3d\u017a Design Festival, che consente a designer, artisti ed educatori di presentare le proprie proposte per il programma.\",\"breadcrumb\":{\"@id\":\"https:\/\/lodzdesign.com\/it\/open-programme\/#breadcrumb\"},\"inLanguage\":\"it-IT\",\"potentialAction\":[{\"@type\":\"ReadAction\",\"target\":[\"https:\/\/lodzdesign.com\/it\/open-programme\/\"]}]},{\"@type\":\"ImageObject\",\"inLanguage\":\"it-IT\",\"@id\":\"https:\/\/lodzdesign.com\/it\/open-programme\/#primaryimage\",\"url\":\"https:\/\/lodzdesign.com\/app\/uploads\/2023\/02\/LDF-uniwersanel-Glass-Room-fot.-Oswiecony.png\",\"contentUrl\":\"https:\/\/lodzdesign.com\/app\/uploads\/2023\/02\/LDF-uniwersanel-Glass-Room-fot.-Oswiecony.png\",\"width\":5760,\"height\":3840},{\"@type\":\"BreadcrumbList\",\"@id\":\"https:\/\/lodzdesign.com\/it\/open-programme\/#breadcrumb\",\"itemListElement\":[{\"@type\":\"ListItem\",\"position\":1,\"name\":\"\u0141DF\",\"item\":\"https:\/\/lodzdesign.com\/it\/\"},{\"@type\":\"ListItem\",\"position\":2,\"name\":\"open programme\"}]},{\"@type\":\"WebSite\",\"@id\":\"https:\/\/lodzdesign.com\/#website\",\"url\":\"https:\/\/lodzdesign.com\/\",\"name\":\"\u0141\u00f3d\u017a Design Festival\",\"description\":\"Z nami odnajdziesz najlepsze wzorce! Wejd\u017a na stron\u0119 i poznaj nasze podcasty, wirtualne wystawy, przewodniki, przyk\u0142ady najlepszego polskiego designu i wiele innych\",\"publisher\":{\"@id\":\"https:\/\/lodzdesign.com\/#organization\"},\"alternateName\":\"\u0141DF\",\"potentialAction\":[{\"@type\":\"SearchAction\",\"target\":{\"@type\":\"EntryPoint\",\"urlTemplate\":\"https:\/\/lodzdesign.com\/?s={search_term_string}\"},\"query-input\":{\"@type\":\"PropertyValueSpecification\",\"valueRequired\":true,\"valueName\":\"search_term_string\"}}],\"inLanguage\":\"it-IT\"},{\"@type\":\"Organization\",\"@id\":\"https:\/\/lodzdesign.com\/#organization\",\"name\":\"\u0141\u00f3d\u017a Design Festival\",\"url\":\"https:\/\/lodzdesign.com\/\",\"logo\":{\"@type\":\"ImageObject\",\"inLanguage\":\"it-IT\",\"@id\":\"https:\/\/lodzdesign.com\/#\/schema\/logo\/image\/\",\"url\":\"https:\/\/lodzdesign.com\/app\/uploads\/2023\/01\/ldf-logo-2-300x76-1.webp\",\"contentUrl\":\"https:\/\/lodzdesign.com\/app\/uploads\/2023\/01\/ldf-logo-2-300x76-1.webp\",\"width\":300,\"height\":76,\"caption\":\"\u0141\u00f3d\u017a Design Festival\"},\"image\":{\"@id\":\"https:\/\/lodzdesign.com\/#\/schema\/logo\/image\/\"},\"sameAs\":[\"https:\/\/www.facebook.com\/Lodz.Design\",\"https:\/\/instagram.com\/lodzdesign\/\",\"https:\/\/www.linkedin.com\/company\/lodz-design-festival\"]}]}<\/script>\n<!-- \/ Yoast SEO plugin. -->","yoast_head_json":{"title":"open programme - \u0141\u00f3d\u017a Design Festival","description":"open programme ? un invito aperto al \u0141\u00f3d\u017a Design Festival, che consente a designer, artisti ed educatori di presentare le proprie proposte per il programma.","robots":{"index":"index","follow":"follow","max-snippet":"max-snippet:-1","max-image-preview":"max-image-preview:large","max-video-preview":"max-video-preview:-1"},"canonical":"https:\/\/lodzdesign.com\/it\/open-programme\/","og_locale":"it_IT","og_type":"article","og_title":"open programme - \u0141\u00f3d\u017a Design Festival","og_url":"https:\/\/lodzdesign.com\/it\/open-programme\/","og_site_name":"\u0141\u00f3d\u017a Design Festival","article_publisher":"https:\/\/www.facebook.com\/Lodz.Design","article_modified_time":"2025-01-21T10:01:10+00:00","og_image":[{"width":1024,"height":683,"url":"https:\/\/lodzdesign.com\/app\/uploads\/2023\/02\/LDF-uniwersanel-Glass-Room-fot.-Oswiecony.png","type":"image\/png"}],"twitter_card":"summary_large_image","twitter_image":"https:\/\/lodzdesign.com\/app\/uploads\/2023\/02\/LDF-uniwersanel-Glass-Room-fot.-Oswiecony.png","twitter_misc":{"Est. reading time":"1 minute"},"schema":{"@context":"https:\/\/schema.org","@graph":[{"@type":"WebPage","@id":"https:\/\/lodzdesign.com\/it\/open-programme\/","url":"https:\/\/lodzdesign.com\/it\/open-programme\/","name":"open programme - \u0141\u00f3d\u017a Design Festival","isPartOf":{"@id":"https:\/\/lodzdesign.com\/#website"},"primaryImageOfPage":{"@id":"https:\/\/lodzdesign.com\/it\/open-programme\/#primaryimage"},"image":{"@id":"https:\/\/lodzdesign.com\/it\/open-programme\/#primaryimage"},"thumbnailUrl":"https:\/\/lodzdesign.com\/app\/uploads\/2023\/02\/LDF-uniwersanel-Glass-Room-fot.-Oswiecony.png","datePublished":"2023-01-02T10:59:54+00:00","dateModified":"2025-01-21T10:01:10+00:00","description":"open programme ? un invito aperto al \u0141\u00f3d\u017a Design Festival, che consente a designer, artisti ed educatori di presentare le proprie proposte per il programma.","breadcrumb":{"@id":"https:\/\/lodzdesign.com\/it\/open-programme\/#breadcrumb"},"inLanguage":"it-IT","potentialAction":[{"@type":"ReadAction","target":["https:\/\/lodzdesign.com\/it\/open-programme\/"]}]},{"@type":"ImageObject","inLanguage":"it-IT","@id":"https:\/\/lodzdesign.com\/it\/open-programme\/#primaryimage","url":"https:\/\/lodzdesign.com\/app\/uploads\/2023\/02\/LDF-uniwersanel-Glass-Room-fot.-Oswiecony.png","contentUrl":"https:\/\/lodzdesign.com\/app\/uploads\/2023\/02\/LDF-uniwersanel-Glass-Room-fot.-Oswiecony.png","width":5760,"height":3840},{"@type":"BreadcrumbList","@id":"https:\/\/lodzdesign.com\/it\/open-programme\/#breadcrumb","itemListElement":[{"@type":"ListItem","position":1,"name":"\u0141DF","item":"https:\/\/lodzdesign.com\/it\/"},{"@type":"ListItem","position":2,"name":"open programme"}]},{"@type":"WebSite","@id":"https:\/\/lodzdesign.com\/#website","url":"https:\/\/lodzdesign.com\/","name":"\u0141\u00f3d\u017a Design Festival","description":"Z nami odnajdziesz najlepsze wzorce! Wejd\u017a na stron\u0119 i poznaj nasze podcasty, wirtualne wystawy, przewodniki, przyk\u0142ady najlepszego polskiego designu i wiele innych","publisher":{"@id":"https:\/\/lodzdesign.com\/#organization"},"alternateName":"\u0141DF","potentialAction":[{"@type":"SearchAction","target":{"@type":"EntryPoint","urlTemplate":"https:\/\/lodzdesign.com\/?s={search_term_string}"},"query-input":{"@type":"PropertyValueSpecification","valueRequired":true,"valueName":"search_term_string"}}],"inLanguage":"it-IT"},{"@type":"Organization","@id":"https:\/\/lodzdesign.com\/#organization","name":"\u0141\u00f3d\u017a Design Festival","url":"https:\/\/lodzdesign.com\/","logo":{"@type":"ImageObject","inLanguage":"it-IT","@id":"https:\/\/lodzdesign.com\/#\/schema\/logo\/image\/","url":"https:\/\/lodzdesign.com\/app\/uploads\/2023\/01\/ldf-logo-2-300x76-1.webp","contentUrl":"https:\/\/lodzdesign.com\/app\/uploads\/2023\/01\/ldf-logo-2-300x76-1.webp","width":300,"height":76,"caption":"\u0141\u00f3d\u017a Design Festival"},"image":{"@id":"https:\/\/lodzdesign.com\/#\/schema\/logo\/image\/"},"sameAs":["https:\/\/www.facebook.com\/Lodz.Design","https:\/\/instagram.com\/lodzdesign\/","https:\/\/www.linkedin.com\/company\/lodz-design-festival"]}]}},"_links":{"self":[{"href":"https:\/\/lodzdesign.com\/it\/wp-json\/wp\/v2\/pages\/74611","targetHints":{"allow":["GET"]}}],"collection":[{"href":"https:\/\/lodzdesign.com\/it\/wp-json\/wp\/v2\/pages"}],"about":[{"href":"https:\/\/lodzdesign.com\/it\/wp-json\/wp\/v2\/types\/page"}],"author":[{"embeddable":true,"href":"https:\/\/lodzdesign.com\/it\/wp-json\/wp\/v2\/users\/3"}],"replies":[{"embeddable":true,"href":"https:\/\/lodzdesign.com\/it\/wp-json\/wp\/v2\/comments?post=74611"}],"version-history":[{"count":13,"href":"https:\/\/lodzdesign.com\/it\/wp-json\/wp\/v2\/pages\/74611\/revisions"}],"predecessor-version":[{"id":75720,"href":"https:\/\/lodzdesign.com\/it\/wp-json\/wp\/v2\/pages\/74611\/revisions\/75720"}],"wp:featuredmedia":[{"embeddable":true,"href":"https:\/\/lodzdesign.com\/it\/wp-json\/wp\/v2\/media\/50490"}],"wp:attachment":[{"href":"https:\/\/lodzdesign.com\/it\/wp-json\/wp\/v2\/media?parent=74611"}],"curies":[{"name":"wp","href":"https:\/\/api.w.org\/{rel}","templated":true}]}}