{"id":74676,"date":"2023-01-18T16:10:44","date_gmt":"2023-01-18T15:10:44","guid":{"rendered":"https:\/\/lodzdesign.com\/open-programme\/zglos-sie\/"},"modified":"2025-04-02T10:17:10","modified_gmt":"2025-04-02T09:17:10","slug":"applicare","status":"publish","type":"page","link":"https:\/\/lodzdesign.com\/it\/open-programme\/applicare\/","title":{"rendered":"Applicare"},"content":{"rendered":"\n\n<div class=\"breadcrumbs container\" role=\"navigation\">\n\n                <p>\n                <span>\n                    <span>\n                                                    <a href=\"https:\/\/lodzdesign.com\/it\/\" target=\"\">\u0141DF<\/a>\n                            \/\n                                                    <a href=\"https:\/\/lodzdesign.com\/it\/open-programme\/\" target=\"\">open programme<\/a>\n                            \/\n                        \n                        <strong class=\"breadcrumb_last\" aria-current=\"page\"><\/strong>\n                    <\/span>\n                <\/span>\n            <\/p>\n    <\/div>\n\n\n\n<div class=\"ldf-heading-block container\">\n\n    <div class=\"ldf-heading-block__inner-part\">\n\n        <div class=\"ldf-heading-block__left-part\">\n            <h1>\n                Applicare <BR> al open programme\n            <\/h1>\n\n                            <img decoding=\"async\" src=\"https:\/\/lodzdesign.com\/app\/uploads\/2025\/01\/open-programme-logo-3.png\" alt=\"\">\n                    <\/div>\n\n    <\/div>\n\n<\/div>\n\n\n\n<div class=\"ldf-content-block container\">\n    <h3>In questa pagina ? possibile compilare il modulo di candidatura per il programma aperto.<\/h3>\n<p>&nbsp;<\/p>\n<p>&nbsp;<\/p>\n\n<\/div>\n\n\n\n<div class=\"ldf-heading ldf-form-heading\">\n    <div class=\"ldf-heading-left\">\n        <span class=\"ldf-yellow-part\"><\/span>\n        <h3>Presentate la vostra idea, il processo ? molto semplice:<\/h3>\n    <\/div>\n<\/div>\n\n<div class=\"ldf-form-block container\">\n    <div class=\"ldf-form-block__form\" id=\"block-317309442\">\n        <style>\n            #block-317309442 iframe {\n                height:  !important;\n            }\n\n            #block-317309442 .supernova {\n                height:  !important;\n            }\n        <\/style>\n\n        \n    <\/div>\n<\/div>\n\n\n\n<div class=\"ldf-arrows-content-block container\">\n    <div>\n                    <p>Compilare il modulo<\/p>\n            <span class=\"thin-arrow\"><\/span>\n                    <p>Valuteremo la vostra domanda<\/p>\n            <span class=\"thin-arrow\"><\/span>\n                    <p>Riceverete una decisione<\/p>\n            <span class=\"thin-arrow\"><\/span>\n            <\/div>\n<\/div>\n\n\n\n<div class=\"ldf-heading ldf-form-heading\">\n    <div class=\"ldf-heading-left\">\n        <span class=\"ldf-yellow-part\"><\/span>\n        <h3>Abbiamo chiuso il bando per il open programme 2025.<br>Grazie per tutte le vostre candidature!<\/h3>\n    <\/div>\n<\/div>\n\n<div class=\"ldf-form-block container\">\n    <div class=\"ldf-form-block__form\" id=\"block-600187870\">\n        <style>\n            #block-600187870 iframe {\n                height:  !important;\n            }\n\n            #block-600187870 .supernova {\n                height:  !important;\n            }\n        <\/style>\n\n        \n    <\/div>\n<\/div>\n\n\n\n<div class=\"ldf-heading ldf-form-heading\">\n    <div class=\"ldf-heading-left\">\n        <span class=\"ldf-yellow-part\"><\/span>\n        <h3>AVETE UNA DOMANDA? SCRIVETE:<\/h3>\n    <\/div>\n<\/div>\n\n<div class=\"ldf-form-block container\">\n    <div class=\"ldf-form-block__form\" id=\"block-249305377\">\n        <style>\n            #block-249305377 iframe {\n                height:  !important;\n            }\n\n            #block-249305377 .supernova {\n                height:  !important;\n            }\n        <\/style>\n\n        \n    <\/div>\n<\/div>\n\n\n\n<div class=\"ldf-contact-block container\">\n    <div class=\"single-contact-row\">\n                    <a href=\"mailto:info@lodzdesign.com\" target=\"_blank\" class=\"single-contact single-contact-active\">\n                <div>\n                    <span class=\"thin-arrow\"><\/span>\n                    <h3>\u0141\u00f3d\u017a Design Festival<\/h3>\n                <\/div>\n                <div>\n                    <p>\n                        info@lodzdesign.com\n                    <\/p>\n                <\/div>\n            <\/a>\n                        <\/div>\n<\/div>","protected":false},"excerpt":{"rendered":"","protected":false},"author":4,"featured_media":50490,"parent":74611,"menu_order":0,"comment_status":"closed","ping_status":"closed","template":"","meta":{"inline_featured_image":false,"footnotes":""},"class_list":["post-74676","page","type-page","status-publish","has-post-thumbnail","hentry"],"acf":[],"yoast_head":"<!-- This site is optimized with the Yoast SEO plugin v25.0 - https:\/\/yoast.com\/wordpress\/plugins\/seo\/ -->\n<title>Applicare - \u0141\u00f3d\u017a Design Festival<\/title>\n<meta name=\"description\" content=\"open programme ? un invito aperto al \u0141\u00f3d\u017a Design Festival, che consente a designer, artisti ed educatori di presentare le proprie proposte per il programma.\" \/>\n<meta name=\"robots\" content=\"index, follow, max-snippet:-1, max-image-preview:large, max-video-preview:-1\" \/>\n<link rel=\"canonical\" href=\"https:\/\/lodzdesign.com\/it\/open-programme\/applicare\/\" \/>\n<meta property=\"og:locale\" content=\"it_IT\" \/>\n<meta property=\"og:type\" content=\"article\" \/>\n<meta property=\"og:title\" content=\"Applicare - \u0141\u00f3d\u017a Design Festival\" \/>\n<meta property=\"og:url\" content=\"https:\/\/lodzdesign.com\/it\/open-programme\/applicare\/\" \/>\n<meta property=\"og:site_name\" content=\"\u0141\u00f3d\u017a Design Festival\" \/>\n<meta property=\"article:publisher\" content=\"https:\/\/www.facebook.com\/Lodz.Design\" \/>\n<meta property=\"article:modified_time\" content=\"2025-04-02T09:17:10+00:00\" \/>\n<meta property=\"og:image\" content=\"https:\/\/lodzdesign.com\/app\/uploads\/2023\/02\/LDF-uniwersanel-Glass-Room-fot.-Oswiecony.png\" \/>\n\t<meta property=\"og:image:width\" content=\"1024\" \/>\n\t<meta property=\"og:image:height\" content=\"683\" \/>\n\t<meta property=\"og:image:type\" content=\"image\/png\" \/>\n<meta name=\"twitter:card\" content=\"summary_large_image\" \/>\n<meta name=\"twitter:image\" content=\"https:\/\/lodzdesign.com\/app\/uploads\/2023\/02\/LDF-uniwersanel-Glass-Room-fot.-Oswiecony.png\" \/>\n<meta name=\"twitter:label1\" content=\"Est. reading time\" \/>\n\t<meta name=\"twitter:data1\" content=\"1 minute\" \/>\n<script type=\"application\/ld+json\" class=\"yoast-schema-graph\">{\"@context\":\"https:\/\/schema.org\",\"@graph\":[{\"@type\":\"WebPage\",\"@id\":\"https:\/\/lodzdesign.com\/it\/open-programme\/applicare\/\",\"url\":\"https:\/\/lodzdesign.com\/it\/open-programme\/applicare\/\",\"name\":\"Applicare - \u0141\u00f3d\u017a Design Festival\",\"isPartOf\":{\"@id\":\"https:\/\/lodzdesign.com\/#website\"},\"primaryImageOfPage\":{\"@id\":\"https:\/\/lodzdesign.com\/it\/open-programme\/applicare\/#primaryimage\"},\"image\":{\"@id\":\"https:\/\/lodzdesign.com\/it\/open-programme\/applicare\/#primaryimage\"},\"thumbnailUrl\":\"https:\/\/lodzdesign.com\/app\/uploads\/2023\/02\/LDF-uniwersanel-Glass-Room-fot.-Oswiecony.png\",\"datePublished\":\"2023-01-18T15:10:44+00:00\",\"dateModified\":\"2025-04-02T09:17:10+00:00\",\"description\":\"open programme ? un invito aperto al \u0141\u00f3d\u017a Design Festival, che consente a designer, artisti ed educatori di presentare le proprie proposte per il programma.\",\"breadcrumb\":{\"@id\":\"https:\/\/lodzdesign.com\/it\/open-programme\/applicare\/#breadcrumb\"},\"inLanguage\":\"it-IT\",\"potentialAction\":[{\"@type\":\"ReadAction\",\"target\":[\"https:\/\/lodzdesign.com\/it\/open-programme\/applicare\/\"]}]},{\"@type\":\"ImageObject\",\"inLanguage\":\"it-IT\",\"@id\":\"https:\/\/lodzdesign.com\/it\/open-programme\/applicare\/#primaryimage\",\"url\":\"https:\/\/lodzdesign.com\/app\/uploads\/2023\/02\/LDF-uniwersanel-Glass-Room-fot.-Oswiecony.png\",\"contentUrl\":\"https:\/\/lodzdesign.com\/app\/uploads\/2023\/02\/LDF-uniwersanel-Glass-Room-fot.-Oswiecony.png\",\"width\":5760,\"height\":3840},{\"@type\":\"BreadcrumbList\",\"@id\":\"https:\/\/lodzdesign.com\/it\/open-programme\/applicare\/#breadcrumb\",\"itemListElement\":[{\"@type\":\"ListItem\",\"position\":1,\"name\":\"\u0141DF\",\"item\":\"https:\/\/lodzdesign.com\/it\/\"},{\"@type\":\"ListItem\",\"position\":2,\"name\":\"open programme\",\"item\":\"https:\/\/lodzdesign.com\/it\/open-programme\/\"},{\"@type\":\"ListItem\",\"position\":3,\"name\":\"Applicare\"}]},{\"@type\":\"WebSite\",\"@id\":\"https:\/\/lodzdesign.com\/#website\",\"url\":\"https:\/\/lodzdesign.com\/\",\"name\":\"\u0141\u00f3d\u017a Design Festival\",\"description\":\"Z nami odnajdziesz najlepsze wzorce! Wejd\u017a na stron\u0119 i poznaj nasze podcasty, wirtualne wystawy, przewodniki, przyk\u0142ady najlepszego polskiego designu i wiele innych\",\"publisher\":{\"@id\":\"https:\/\/lodzdesign.com\/#organization\"},\"alternateName\":\"\u0141DF\",\"potentialAction\":[{\"@type\":\"SearchAction\",\"target\":{\"@type\":\"EntryPoint\",\"urlTemplate\":\"https:\/\/lodzdesign.com\/?s={search_term_string}\"},\"query-input\":{\"@type\":\"PropertyValueSpecification\",\"valueRequired\":true,\"valueName\":\"search_term_string\"}}],\"inLanguage\":\"it-IT\"},{\"@type\":\"Organization\",\"@id\":\"https:\/\/lodzdesign.com\/#organization\",\"name\":\"\u0141\u00f3d\u017a Design Festival\",\"url\":\"https:\/\/lodzdesign.com\/\",\"logo\":{\"@type\":\"ImageObject\",\"inLanguage\":\"it-IT\",\"@id\":\"https:\/\/lodzdesign.com\/#\/schema\/logo\/image\/\",\"url\":\"https:\/\/lodzdesign.com\/app\/uploads\/2023\/01\/ldf-logo-2-300x76-1.webp\",\"contentUrl\":\"https:\/\/lodzdesign.com\/app\/uploads\/2023\/01\/ldf-logo-2-300x76-1.webp\",\"width\":300,\"height\":76,\"caption\":\"\u0141\u00f3d\u017a Design Festival\"},\"image\":{\"@id\":\"https:\/\/lodzdesign.com\/#\/schema\/logo\/image\/\"},\"sameAs\":[\"https:\/\/www.facebook.com\/Lodz.Design\",\"https:\/\/instagram.com\/lodzdesign\/\",\"https:\/\/www.linkedin.com\/company\/lodz-design-festival\"]}]}<\/script>\n<!-- \/ Yoast SEO plugin. -->","yoast_head_json":{"title":"Applicare - \u0141\u00f3d\u017a Design Festival","description":"open programme ? un invito aperto al \u0141\u00f3d\u017a Design Festival, che consente a designer, artisti ed educatori di presentare le proprie proposte per il programma.","robots":{"index":"index","follow":"follow","max-snippet":"max-snippet:-1","max-image-preview":"max-image-preview:large","max-video-preview":"max-video-preview:-1"},"canonical":"https:\/\/lodzdesign.com\/it\/open-programme\/applicare\/","og_locale":"it_IT","og_type":"article","og_title":"Applicare - \u0141\u00f3d\u017a Design Festival","og_url":"https:\/\/lodzdesign.com\/it\/open-programme\/applicare\/","og_site_name":"\u0141\u00f3d\u017a Design Festival","article_publisher":"https:\/\/www.facebook.com\/Lodz.Design","article_modified_time":"2025-04-02T09:17:10+00:00","og_image":[{"width":1024,"height":683,"url":"https:\/\/lodzdesign.com\/app\/uploads\/2023\/02\/LDF-uniwersanel-Glass-Room-fot.-Oswiecony.png","type":"image\/png"}],"twitter_card":"summary_large_image","twitter_image":"https:\/\/lodzdesign.com\/app\/uploads\/2023\/02\/LDF-uniwersanel-Glass-Room-fot.-Oswiecony.png","twitter_misc":{"Est. reading time":"1 minute"},"schema":{"@context":"https:\/\/schema.org","@graph":[{"@type":"WebPage","@id":"https:\/\/lodzdesign.com\/it\/open-programme\/applicare\/","url":"https:\/\/lodzdesign.com\/it\/open-programme\/applicare\/","name":"Applicare - \u0141\u00f3d\u017a Design Festival","isPartOf":{"@id":"https:\/\/lodzdesign.com\/#website"},"primaryImageOfPage":{"@id":"https:\/\/lodzdesign.com\/it\/open-programme\/applicare\/#primaryimage"},"image":{"@id":"https:\/\/lodzdesign.com\/it\/open-programme\/applicare\/#primaryimage"},"thumbnailUrl":"https:\/\/lodzdesign.com\/app\/uploads\/2023\/02\/LDF-uniwersanel-Glass-Room-fot.-Oswiecony.png","datePublished":"2023-01-18T15:10:44+00:00","dateModified":"2025-04-02T09:17:10+00:00","description":"open programme ? un invito aperto al \u0141\u00f3d\u017a Design Festival, che consente a designer, artisti ed educatori di presentare le proprie proposte per il programma.","breadcrumb":{"@id":"https:\/\/lodzdesign.com\/it\/open-programme\/applicare\/#breadcrumb"},"inLanguage":"it-IT","potentialAction":[{"@type":"ReadAction","target":["https:\/\/lodzdesign.com\/it\/open-programme\/applicare\/"]}]},{"@type":"ImageObject","inLanguage":"it-IT","@id":"https:\/\/lodzdesign.com\/it\/open-programme\/applicare\/#primaryimage","url":"https:\/\/lodzdesign.com\/app\/uploads\/2023\/02\/LDF-uniwersanel-Glass-Room-fot.-Oswiecony.png","contentUrl":"https:\/\/lodzdesign.com\/app\/uploads\/2023\/02\/LDF-uniwersanel-Glass-Room-fot.-Oswiecony.png","width":5760,"height":3840},{"@type":"BreadcrumbList","@id":"https:\/\/lodzdesign.com\/it\/open-programme\/applicare\/#breadcrumb","itemListElement":[{"@type":"ListItem","position":1,"name":"\u0141DF","item":"https:\/\/lodzdesign.com\/it\/"},{"@type":"ListItem","position":2,"name":"open programme","item":"https:\/\/lodzdesign.com\/it\/open-programme\/"},{"@type":"ListItem","position":3,"name":"Applicare"}]},{"@type":"WebSite","@id":"https:\/\/lodzdesign.com\/#website","url":"https:\/\/lodzdesign.com\/","name":"\u0141\u00f3d\u017a Design Festival","description":"Z nami odnajdziesz najlepsze wzorce! Wejd\u017a na stron\u0119 i poznaj nasze podcasty, wirtualne wystawy, przewodniki, przyk\u0142ady najlepszego polskiego designu i wiele innych","publisher":{"@id":"https:\/\/lodzdesign.com\/#organization"},"alternateName":"\u0141DF","potentialAction":[{"@type":"SearchAction","target":{"@type":"EntryPoint","urlTemplate":"https:\/\/lodzdesign.com\/?s={search_term_string}"},"query-input":{"@type":"PropertyValueSpecification","valueRequired":true,"valueName":"search_term_string"}}],"inLanguage":"it-IT"},{"@type":"Organization","@id":"https:\/\/lodzdesign.com\/#organization","name":"\u0141\u00f3d\u017a Design Festival","url":"https:\/\/lodzdesign.com\/","logo":{"@type":"ImageObject","inLanguage":"it-IT","@id":"https:\/\/lodzdesign.com\/#\/schema\/logo\/image\/","url":"https:\/\/lodzdesign.com\/app\/uploads\/2023\/01\/ldf-logo-2-300x76-1.webp","contentUrl":"https:\/\/lodzdesign.com\/app\/uploads\/2023\/01\/ldf-logo-2-300x76-1.webp","width":300,"height":76,"caption":"\u0141\u00f3d\u017a Design Festival"},"image":{"@id":"https:\/\/lodzdesign.com\/#\/schema\/logo\/image\/"},"sameAs":["https:\/\/www.facebook.com\/Lodz.Design","https:\/\/instagram.com\/lodzdesign\/","https:\/\/www.linkedin.com\/company\/lodz-design-festival"]}]}},"_links":{"self":[{"href":"https:\/\/lodzdesign.com\/it\/wp-json\/wp\/v2\/pages\/74676","targetHints":{"allow":["GET"]}}],"collection":[{"href":"https:\/\/lodzdesign.com\/it\/wp-json\/wp\/v2\/pages"}],"about":[{"href":"https:\/\/lodzdesign.com\/it\/wp-json\/wp\/v2\/types\/page"}],"author":[{"embeddable":true,"href":"https:\/\/lodzdesign.com\/it\/wp-json\/wp\/v2\/users\/4"}],"replies":[{"embeddable":true,"href":"https:\/\/lodzdesign.com\/it\/wp-json\/wp\/v2\/comments?post=74676"}],"version-history":[{"count":10,"href":"https:\/\/lodzdesign.com\/it\/wp-json\/wp\/v2\/pages\/74676\/revisions"}],"predecessor-version":[{"id":77704,"href":"https:\/\/lodzdesign.com\/it\/wp-json\/wp\/v2\/pages\/74676\/revisions\/77704"}],"up":[{"embeddable":true,"href":"https:\/\/lodzdesign.com\/it\/wp-json\/wp\/v2\/pages\/74611"}],"wp:featuredmedia":[{"embeddable":true,"href":"https:\/\/lodzdesign.com\/it\/wp-json\/wp\/v2\/media\/50490"}],"wp:attachment":[{"href":"https:\/\/lodzdesign.com\/it\/wp-json\/wp\/v2\/media?parent=74676"}],"curies":[{"name":"wp","href":"https:\/\/api.w.org\/{rel}","templated":true}]}}