{"id":75730,"date":"2025-01-17T18:44:06","date_gmt":"2025-01-17T17:44:06","guid":{"rendered":"https:\/\/lodzdesign.com\/su-di-noi\/for-press\/"},"modified":"2025-01-22T14:36:28","modified_gmt":"2025-01-22T13:36:28","slug":"per-la-stampa","status":"publish","type":"page","link":"https:\/\/lodzdesign.com\/it\/su-di-noi\/per-la-stampa\/","title":{"rendered":"Per la stampa"},"content":{"rendered":"\n\n<div class=\"breadcrumbs container\" role=\"navigation\">\n\n                <p>\n                <span>\n                    <span>\n                                                    <a href=\"https:\/\/lodzdesign.com\/it\" target=\"\">\u0141DF<\/a>\n                            \/\n                                                    <a href=\"https:\/\/lodzdesign.com\/it\/su-di-noi\/\" target=\"\">Su di noi<\/a>\n                            \/\n                        \n                        <strong class=\"breadcrumb_last\" aria-current=\"page\"><\/strong>\n                    <\/span>\n                <\/span>\n            <\/p>\n    <\/div>\n\n\n\n<div class=\"ldf-heading-block container\">\n\n    <div class=\"ldf-heading-block__inner-part\">\n\n        <div class=\"ldf-heading-block__left-part\">\n            <h1>\n                Per la stampa\n            <\/h1>\n\n                    <\/div>\n\n    <\/div>\n\n<\/div>\n\n\n\n<div class=\"ldf-contact-block container\">\n    <div class=\"single-contact-row\">\n                    <a href=\"mailto:a.kietla@lodzdesign.com\" target=\"_blank\" class=\"single-contact single-contact-active\">\n                <div>\n                    <span class=\"thin-arrow\"><\/span>\n                    <h3>Aleksandra Kietla<\/h3>\n                <\/div>\n                <div>\n                    <p>\n                        portavoce \u0141DF<br>\r\n693 860 022<br>\r\na.kietla@lodzdesign.com\n                    <\/p>\n                <\/div>\n            <\/a>\n                        <\/div>\n<\/div>\n\n\n\n<div class=\"ldf-content-block container\">\n    <p>&nbsp;<\/p>\n<hr \/>\n<p>&nbsp;<\/p>\n<h3><strong>\u0141\u00d3D\u0179 DESIGN FESTIVAL<\/strong><\/h3>\n<h3><strong>20-25.05.2025<\/strong><\/h3>\n<p>&nbsp;<\/p>\n<p>Abbiamo ufficialmente lanciato <strong>le candidature per<\/strong> i tre progetti di punta del <strong>\u0141\u00f3d\u017a Design Festival 2025<\/strong>: <strong>make me!<\/strong>, <strong>must have<\/strong> e <strong>open programme<\/strong>. Si tratta di un&#8217;opportunit? unica per presentare le proprie idee a un pubblico internazionale durante la <strong>19a edizione del \u0141DF<\/strong>, che si terr? dal <strong>20 al 25 maggio 2025 a \u0141\u00f3d\u017a<\/strong>, in Polonia.<\/p>\n<p>&nbsp;<\/p>\n<p><strong>Date principali:<\/strong><\/p>\n<ul>\n<li><strong>open programme:<\/strong> Candidatura entro il 15 febbraio 2025<\/li>\n<li><strong>must have plebiscite:<\/strong> Candidatura entro il 28 febbraio 2025<\/li>\n<li><strong>make me! competition:<\/strong> Candidatura entro il 1 aprile 2025<\/li>\n<li><strong>\u0141\u00f3d\u017a Design Festival:<\/strong> 20-25 maggio 2025<\/li>\n<\/ul>\n<p>&nbsp;<\/p>\n<p><strong>Materiale scaricabile <\/strong>(materiali disponibili in inglese)<strong>:<\/strong><\/p>\n<ul>\n<li><strong>comunicato stampa<\/strong> con i dettagli di ogni progettot <a href=\"https:\/\/lodzdesign.com\/app\/uploads\/2025\/01\/LDF2025-?-Apply-Now-and-Showcase-Your-Work_press-release.docx\">SCARICAMENTO<\/a><\/li>\n<li><strong>Grafica<\/strong> che illustra ogni progetto <a href=\"https:\/\/lodzdesign.com\/app\/uploads\/2025\/01\/LDF2025-?-Apply-Now-and-Showcase-Your-Work_graphis.zip\">SCARICAMENTO<\/a><\/li>\n<li><strong>Galleria fotografica<\/strong> delle passate edizioni del \u0141\u00f3d\u017a Design Festival <a href=\"https:\/\/www.flickr.com\/photos\/lodzdesignfestival\/albums\/\">SCARICAMENTO<\/a><\/li>\n<\/ul>\n<p>&nbsp;<\/p>\n<hr \/>\n<p>&nbsp;<\/p>\n<h3><strong>ARCHIVO<\/strong><\/h3>\n<p>&nbsp;<\/p>\n<p>Esplora le edizioni precedenti e i momenti salienti del \u0141\u00f3d\u017a Design Festival (materiali disponibili in inglese)<\/p>\n<ul>\n<li>Mostra Polish Job 2.0 alla Dutch Design Week: comunicato stampa <a href=\"https:\/\/lodzdesign.com\/app\/uploads\/2024\/09\/Polish-Job-2.0-press-release_EN-1.docx\">SCARICAMENTO<\/a>, elenco degli oggetti <a href=\"https:\/\/lodzdesign.com\/app\/uploads\/2024\/09\/Polish-Job-2.0-list-of-objects-1.docx\">SCARICAMENTO<\/a>, grafica <a href=\"https:\/\/lodzdesign.com\/app\/uploads\/2024\/10\/Polish-Job-2.0_graphics-1.zip\">SCARICAMENTO<\/a> (13,27 MB), foto <a href=\"https:\/\/lodzdesign.com\/app\/uploads\/2024\/09\/Polish-Job-2.0_zdjecia-produktow_compressed.zip\">SCARICAMENTO<\/a> (23,19 MB)<\/li>\n<li><span class=\"s1\">?Nitka? &#8211; installazione artistica: comunicato stampa <a href=\"https:\/\/lodzdesign.com\/app\/uploads\/2024\/09\/Nitka-?-art-installation_press-release.docx\">SCARICAMENTO<\/a>, visualizzazione verticale <a href=\"https:\/\/lodzdesign.com\/app\/uploads\/2024\/08\/nitka_wizualizacja_3375x6000-px.png\">SCARICAMENTO<\/a> (12.53 MB) e quadrata <a href=\"https:\/\/lodzdesign.com\/app\/uploads\/2024\/08\/nitka_wizualizacja_3375x3375-px.png\">SCARICAMENTO<\/a> (8,5 MB)<\/span><\/li>\n<\/ul>\n<p>&nbsp;<\/p>\n<p><strong>\u0141\u00d3D\u0179 DESIGN FESTIVAL | 21-26.05.2024 | COMFORT<\/strong><\/p>\n<p>&nbsp;<\/p>\n<p>(materiali disponibili in inglese)<\/p>\n<ul>\n<li>Riscoprire il comfort. Date e motto di \u0141DF2024 <span class=\"s1\">?<\/span> comunicato stampa (22.01.2024) <a href=\"https:\/\/lodzdesign.com\/app\/uploads\/2024\/02\/LDF2024_Rediscovering-comfort_dates-and-motto.docx\">SCARICAMENTO<\/a><\/li>\n<li>poster di \u0141DF2024 (0,5 MB) <a href=\"https:\/\/lodzdesign.com\/app\/uploads\/2024\/01\/LDF24_KOMFORT_plakat.zip\">SCARICAMENTO<\/a><\/li>\n<li>video 30 s di \u0141DF2024, orizzontale (31,3 MB) <a href=\"https:\/\/lodzdesign.com\/app\/uploads\/2024\/01\/LDF2024_wideo-30s_poziom_light.mp4\">SCARICAMENTO<\/a> | <a href=\"https:\/\/youtu.be\/kmvmWEXp4u4?feature=shared\">OROLOGIO<\/a><\/li>\n<li>video 30 s of \u0141DF2024, verticale (31,2 MB) <a href=\"https:\/\/lodzdesign.com\/app\/uploads\/2024\/01\/LDF2024_wideo-30s_pion_light.mp4\">SCARICAMENTO<\/a> | <a href=\"https:\/\/youtube.com\/shorts\/aQqIW2WpMB4?feature=shared\">OROLOGIO<\/a><\/li>\n<li>concorso make me! <span class=\"s1\">?<\/span> bando aperto fino al 05.04.2024 <a href=\"https:\/\/lodzdesign.com\/en\/open-call-to-make-me-2024\/\">DI PI?<\/a><\/li>\n<li>oncorso make me! <span class=\"s1\">?<\/span> grafica (24,5 MB) <a href=\"https:\/\/lodzdesign.com\/app\/uploads\/2024\/02\/LDF2024_make-me_graphics.zip\">SCARICAMENTO<\/a><\/li>\n<li>must have plebiscyte <span class=\"s1\">?<\/span> bando aperto fino al 15.02.2024 <a href=\"https:\/\/lodzdesign.com\/en\/last-days-for-applications-for-must-have-2024\/\">DI PI?<\/a><\/li>\n<li>deve avere plebiscito <span class=\"s1\">?<\/span> grafica (29,5 MB) <a href=\"https:\/\/lodzdesign.com\/app\/uploads\/2024\/02\/LDF2024_must-have_graphics.zip\">SCARICAMENTO<\/a><\/li>\n<li>programma aperto <span class=\"s1\">?<\/span> bando aperto fino al 15.03.2024 <a href=\"https:\/\/lodzdesign.com\/open-programme-2024\/\">DI PI?O<\/a><\/li>\n<li>programma aperto <span class=\"s1\">?<\/span> grafica (25,4 MB) <a href=\"https:\/\/lodzdesign.com\/app\/uploads\/2024\/02\/LDF2024_open-programme_graphics.zip\">SCARICAMENTO<\/a><\/li>\n<\/ul>\n<p>&nbsp;<\/p>\n\n<\/div>\n\n\n\n<div class=\"ldf-content-block container\">\n    <p>&nbsp;<\/p>\n<hr \/>\n<p>&nbsp;<\/p>\n<h3><strong>INFORMAZIONI GENERALI SUL \u0141\u00d3D\u0179 DESIGN FESTIVAL<\/strong><\/h3>\n<p>&nbsp;<\/p>\n<p class=\"p2\">Il \u0141\u00f3d\u017a Design Festival (LDF) ? un&#8217;idea, una persona, un&#8217;azione. Il festival ? stato creato nel 2007, adottando fin dall&#8217;inizio una formula per la revisione dei risultati del design polacco. Grazie al dialogo con i destinatari fin dall&#8217;inizio, il programma del festival si ? arricchito di nuovi elementi fino a raggiungere la forma attuale, che comprende: il concorso make me! &#8211; concorso per giovani designer; plebiscito must have &#8211; selezione delle migliori realizzazioni polacche; Educreation &#8211; zona educativa per bambini.<\/p>\n<p>&nbsp;<\/p>\n<p class=\"p2\">\u0141DF ? attualmente l&#8217;evento di design pi? importante dell&#8217;Europa centrale e orientale. Presenta il design nelle sue varie forme: dal design industriale, al design artistico e artigianale, al design grafico, all&#8217;architettura, al design dei servizi, alla moda. Riunisce persone che, grazie all&#8217;apertura mentale e all&#8217;impegno, raccolgono varie sfide, che hanno il coraggio di progettare e cambiare l&#8217;ambiente in meglio.<\/p>\n<p>&nbsp;<\/p>\n<blockquote>\n<h3 class=\"p1\"><em>Durante le precedenti edizioni, il Festival ? stato visitato da oltre 660.000 persone provenienti da tutto il mondo (dati relativi al periodo 2007-2023).<\/em><\/h3>\n<p>&nbsp;<\/p><\/blockquote>\n<p class=\"p1\"><strong>La 19a edizione del \u0141\u00f3d\u017a Design Festival si terr? dal 20 al 25 maggio 2025.<\/strong><\/p>\n\n<\/div>\n\n\n\n<div class=\"ldf-button-block container\">\n            <a href=\"https:\/\/lodzdesign.com\/it\/su-di-noi\/\" target=\"\">\n            STORIA DEL FESTIVAL\n                            <span class=\"ldf-chevron ldf-chevron-right\"><\/span>\n                    <\/a>\n            <a href=\"https:\/\/www.flickr.com\/photos\/lodzdesignfestival\/albums\" target=\"_blank\">\n            REPORTAGE FOTOGRAFICO DELLE SCORSE EDIZIONI\n                            <span class=\"ldf-chevron ldf-chevron-right\"><\/span>\n                    <\/a>\n    <\/div>\n\n\n\n<div class=\"ldf-content-block container\">\n    <hr \/>\n<p>&nbsp;<\/p>\n<p><strong>INFORMAZIONI GENERALI SUL CONCORSO MAKE ME! CONCORSO<\/strong><\/p>\n<p>&nbsp;<\/p>\n<p class=\"p2\">Il concorso internazionale make me! ? uno degli eventi pi? influenti e innovativi nel campo del product design in Europa e un evento chiave del \u0141\u00f3d\u017a Design Festival. Lo scopo principale del concorso ? quello di individuare nuove tendenze, idee coraggiose e sostenere quei giovani (25-30 anni) che sono pronti a competere e a proporre idee interessanti. I finalisti delle precedenti edizioni sottolineano le nuove opportunit? che si aprono loro: presenza a ulteriori mostre e menzioni in pubblicazioni. Di conseguenza, ottengono un migliore riconoscimento e un inizio pi? facile nella comunit? del design. Il concorso, che si svolge dal 2008, ? rivolto a designer, maker, studenti e laureati, soprattutto di discipline artistiche e di design. A tutti coloro che, notando un&#8217;esigenza o un problema, sono spinti impulsivamente a progettare. In make me! vengono premiati anche i progetti che sperimentano con i materiali o cercano nuove interpretazioni di funzioni esistenti. I lavori presentati vengono valutati in due fasi da una giuria appositamente selezionata con interessi diversificati. Grazie alla presentazione dei progetti alla mostra aperta al pubblico e ai contatti con gli esperti, make me! pu? essere un trampolino di lancio per un ulteriore sviluppo professionale.<\/p>\n<p>&nbsp;<\/p>\n<p class=\"p2\"><strong>Sono aperte le candidature per la 18a edizione del concorso make me! e le candidature saranno accettate fino al 1\u00b0 aprile 2025. I vincitori saranno annunciati durante la 19a edizione del \u0141\u00f3d\u017a Design Festival, che si terr? dal 20 al 25 maggio 2025. Il montepremi dei premi Make Me! Design Awards 2025 ? di ben 50.000 PLN!<\/strong><\/p>\n<p>&nbsp;<\/p>\n<p>Informazioni sui premi, sulla giuria, sui premi assegnati finora, sul modulo di candidatura e altro sono disponibili sul sito web del concorso.<\/p>\n\n<\/div>\n\n\n\n<div class=\"ldf-button-block container\">\n            <a href=\"https:\/\/lodzdesign.com\/it\/makeme\/\" target=\"\">\n            PER SAPERNE DI PI? SU MAKE ME!\n                            <span class=\"ldf-chevron ldf-chevron-right\"><\/span>\n                    <\/a>\n    <\/div>\n\n\n\n<div class=\"ldf-content-block container\">\n    <hr \/>\n<p>&nbsp;<\/p>\n<p><strong>INFORMAZIONI GENERALI SU MUST HAVE PLEBISCITE<\/strong><\/p>\n<p>&nbsp;<\/p>\n<p class=\"p1\">Il must have plebiscite ? organizzato dal 2011 dal \u0141\u00f3d\u017a Design Festival per premiare le migliori innovazioni di designer e produttori polacchi. Si tratta di un marchio di qualit? gratuito che pu? essere utilizzato dalle aziende polacche in Polonia e all&#8217;estero. ? stato istituito per aumentare la consapevolezza del design polacco di qualit? e per promuovere le migliori aziende e i migliori designer ai vertici del settore del design polacco. must have ? un riconoscimento unico per i consumatori e l&#8217;evento mediatico pi? popolare nel settore creativo polacco. must have ? il principale marchio di qualit? indipendente assegnato ogni anno ai prodotti polacchi di qualit? superiore. Il suo obiettivo ? quello di sostenere il settore creativo attraverso una promozione completa dei prodotti basata sulla collaborazione tra produttori e designer leader. Le candidature al plebiscito possono essere presentate gratuitamente tramite il modulo disponibile sul sito web del plebiscito. Le candidature, basate su un&#8217;analisi di mercato, sono anche presentate dal Consiglio di esperti, il cui compito principale ? quello di effettuare la valutazione finale di tutte le candidature.<\/p>\n<p>&nbsp;<\/p>\n<p><strong>Sono ora aperte le candidature per la 15a edizione del plebiscito del must have, con iscrizioni accettate fino al 28 febbraio 2025. La mostra di accompagnamento sar? presentata durante la 19a edizione del \u0141\u00f3d\u017a Design Festival, che si terr? dal 20 al 25 maggio 2025.<\/strong><\/p>\n<p>&nbsp;<\/p>\n<p>Le informazioni sulle regole di reclutamento, il Consiglio di esperti, l&#8217;elenco dei candidati, il modulo di candidatura e altro ancora sono disponibili sul sito web del plebiscito.<\/p>\n\n<\/div>\n\n\n\n<div class=\"ldf-button-block container\">\n            <a href=\"https:\/\/lodzdesign.com\/it\/musthave\/\" target=\"\">\n            PER SAPERNE DI PI? SUI MUST HAVE\n                            <span class=\"ldf-chevron ldf-chevron-right\"><\/span>\n                    <\/a>\n    <\/div>\n\n\n\n<div class=\"ldf-content-block container\">\n    <hr \/>\n<p>&nbsp;<\/p>\n<p><strong>INFORMAZIONI GENERALI SU OPEN PROGRAM &#8211; RECLUTAMENTO PER IL PROGRAMMA \u0141DF<\/strong><\/p>\n<p>&nbsp;<\/p>\n<p>Il reclutamento ? rivolto principalmente ai rappresentanti delle istituzioni, ai curatori, agli artisti e ai designer, nonch\u00e9 agli studi di design e alle aziende &#8211; a chiunque voglia mostrare gli effetti del proprio lavoro creativo al pubblico del festival. open programme ? uno spazio per attivit? interessanti e originali che arricchiranno il programma del festival; qui ? possibile presentare attivit? come: mostre, installazioni artistiche, anteprime di prodotti, workshop, conferenze, incontri con gli autori, attivit? cittadine (ad esempio passeggiate a tema, giochi, proiezioni di film all&#8217;aperto), proposte di concorsi e altro. Le attivit? selezionate si svolgeranno insieme al Festival Center o in spazi adiacenti (musei, gallerie, showroom, istituzioni di sostegno alla cultura&#8230;).<\/p>\n<p>&nbsp;<\/p>\n<p><strong>Le candidature per il programma aperto sono aperte tutto l&#8217;anno, ma se volete partecipare alla prossima 19a edizione del \u0141\u00f3d\u017a Design Festival, che si terr? dal 20 al 25 maggio 2025, assicuratevi di inviare la vostra candidatura entro il 15 febbraio 2025.<\/strong><\/p>\n<p>&nbsp;<\/p>\n<p>Le informazioni sulle regole di reclutamento e il modulo di candidatura sono disponibili sul nostro sito web<\/p>\n\n<\/div>\n\n\n\n<div class=\"ldf-button-block container\">\n            <a href=\"https:\/\/lodzdesign.com\/it\/open-programme\/\" target=\"\">\n            PER SAPERNE DI PI? SUL OPEN PROGRAMME\n                            <span class=\"ldf-chevron ldf-chevron-right\"><\/span>\n                    <\/a>\n    <\/div>\n\n\n\n<div class=\"ldf-content-block container\">\n    <h3><\/h3>\n<hr \/>\n<p>&nbsp;<\/p>\n<h3>VUOI ESSERE AGGIORNATO? ISCRIVITI ALLA NOSTRA NEWSLETTER PER I GIORNALISTI<\/h3>\n<p><script type=\"text\/javascript\" src=\"https:\/\/app.getresponse.com\/view_webform_v2.js?u=tupYS&#038;webforms_id=G36SF\" data-webform-id=\"G36SF\"><\/script><\/p>\n\n<\/div>","protected":false},"excerpt":{"rendered":"","protected":false},"author":3,"featured_media":75634,"parent":74510,"menu_order":0,"comment_status":"closed","ping_status":"closed","template":"","meta":{"inline_featured_image":false,"footnotes":""},"class_list":["post-75730","page","type-page","status-publish","has-post-thumbnail","hentry"],"acf":[],"yoast_head":"<!-- This site is optimized with the Yoast SEO plugin v25.0 - https:\/\/yoast.com\/wordpress\/plugins\/seo\/ -->\n<title>Per la stampa - \u0141\u00f3d\u017a Design Festival<\/title>\n<meta name=\"description\" content=\"Materiale per i media: Comunicati stampa, grafica e informazioni sul \u0141\u00f3d\u017a Design Festival 2025 in un unico luogo!\" \/>\n<meta name=\"robots\" content=\"index, follow, max-snippet:-1, max-image-preview:large, max-video-preview:-1\" \/>\n<link rel=\"canonical\" href=\"https:\/\/lodzdesign.com\/it\/su-di-noi\/per-la-stampa\/\" \/>\n<meta property=\"og:locale\" content=\"it_IT\" \/>\n<meta property=\"og:type\" content=\"article\" \/>\n<meta property=\"og:title\" content=\"Per la stampa - \u0141\u00f3d\u017a Design Festival\" \/>\n<meta property=\"og:url\" content=\"https:\/\/lodzdesign.com\/it\/su-di-noi\/per-la-stampa\/\" \/>\n<meta property=\"og:site_name\" content=\"\u0141\u00f3d\u017a Design Festival\" \/>\n<meta property=\"article:publisher\" content=\"https:\/\/www.facebook.com\/Lodz.Design\" \/>\n<meta property=\"article:modified_time\" content=\"2025-01-22T13:36:28+00:00\" \/>\n<meta property=\"og:image\" content=\"https:\/\/lodzdesign.com\/app\/uploads\/2025\/01\/LDF2025-save-the-date.png\" \/>\n\t<meta property=\"og:image:width\" content=\"800\" \/>\n\t<meta property=\"og:image:height\" content=\"800\" \/>\n\t<meta property=\"og:image:type\" content=\"image\/jpeg\" \/>\n<meta name=\"twitter:card\" content=\"summary_large_image\" \/>\n<meta name=\"twitter:image\" content=\"https:\/\/lodzdesign.com\/app\/uploads\/2025\/01\/LDF2025-save-the-date.png\" \/>\n<meta name=\"twitter:label1\" content=\"Est. reading time\" \/>\n\t<meta name=\"twitter:data1\" content=\"1 minute\" \/>\n<script type=\"application\/ld+json\" class=\"yoast-schema-graph\">{\"@context\":\"https:\/\/schema.org\",\"@graph\":[{\"@type\":\"WebPage\",\"@id\":\"https:\/\/lodzdesign.com\/it\/su-di-noi\/per-la-stampa\/\",\"url\":\"https:\/\/lodzdesign.com\/it\/su-di-noi\/per-la-stampa\/\",\"name\":\"Per la stampa - \u0141\u00f3d\u017a Design Festival\",\"isPartOf\":{\"@id\":\"https:\/\/lodzdesign.com\/#website\"},\"primaryImageOfPage\":{\"@id\":\"https:\/\/lodzdesign.com\/it\/su-di-noi\/per-la-stampa\/#primaryimage\"},\"image\":{\"@id\":\"https:\/\/lodzdesign.com\/it\/su-di-noi\/per-la-stampa\/#primaryimage\"},\"thumbnailUrl\":\"https:\/\/lodzdesign.com\/app\/uploads\/2025\/01\/LDF2025-save-the-date.png\",\"datePublished\":\"2025-01-17T17:44:06+00:00\",\"dateModified\":\"2025-01-22T13:36:28+00:00\",\"description\":\"Materiale per i media: Comunicati stampa, grafica e informazioni sul \u0141\u00f3d\u017a Design Festival 2025 in un unico luogo!\",\"breadcrumb\":{\"@id\":\"https:\/\/lodzdesign.com\/it\/su-di-noi\/per-la-stampa\/#breadcrumb\"},\"inLanguage\":\"it-IT\",\"potentialAction\":[{\"@type\":\"ReadAction\",\"target\":[\"https:\/\/lodzdesign.com\/it\/su-di-noi\/per-la-stampa\/\"]}]},{\"@type\":\"ImageObject\",\"inLanguage\":\"it-IT\",\"@id\":\"https:\/\/lodzdesign.com\/it\/su-di-noi\/per-la-stampa\/#primaryimage\",\"url\":\"https:\/\/lodzdesign.com\/app\/uploads\/2025\/01\/LDF2025-save-the-date.png\",\"contentUrl\":\"https:\/\/lodzdesign.com\/app\/uploads\/2025\/01\/LDF2025-save-the-date.png\",\"width\":2500,\"height\":1308},{\"@type\":\"BreadcrumbList\",\"@id\":\"https:\/\/lodzdesign.com\/it\/su-di-noi\/per-la-stampa\/#breadcrumb\",\"itemListElement\":[{\"@type\":\"ListItem\",\"position\":1,\"name\":\"\u0141DF\",\"item\":\"https:\/\/lodzdesign.com\/it\/\"},{\"@type\":\"ListItem\",\"position\":2,\"name\":\"Su di noi\",\"item\":\"https:\/\/lodzdesign.com\/it\/su-di-noi\/\"},{\"@type\":\"ListItem\",\"position\":3,\"name\":\"Per la stampa\"}]},{\"@type\":\"WebSite\",\"@id\":\"https:\/\/lodzdesign.com\/#website\",\"url\":\"https:\/\/lodzdesign.com\/\",\"name\":\"\u0141\u00f3d\u017a Design Festival\",\"description\":\"Z nami odnajdziesz najlepsze wzorce! Wejd\u017a na stron\u0119 i poznaj nasze podcasty, wirtualne wystawy, przewodniki, przyk\u0142ady najlepszego polskiego designu i wiele innych\",\"publisher\":{\"@id\":\"https:\/\/lodzdesign.com\/#organization\"},\"alternateName\":\"\u0141DF\",\"potentialAction\":[{\"@type\":\"SearchAction\",\"target\":{\"@type\":\"EntryPoint\",\"urlTemplate\":\"https:\/\/lodzdesign.com\/?s={search_term_string}\"},\"query-input\":{\"@type\":\"PropertyValueSpecification\",\"valueRequired\":true,\"valueName\":\"search_term_string\"}}],\"inLanguage\":\"it-IT\"},{\"@type\":\"Organization\",\"@id\":\"https:\/\/lodzdesign.com\/#organization\",\"name\":\"\u0141\u00f3d\u017a Design Festival\",\"url\":\"https:\/\/lodzdesign.com\/\",\"logo\":{\"@type\":\"ImageObject\",\"inLanguage\":\"it-IT\",\"@id\":\"https:\/\/lodzdesign.com\/#\/schema\/logo\/image\/\",\"url\":\"https:\/\/lodzdesign.com\/app\/uploads\/2023\/01\/ldf-logo-2-300x76-1.webp\",\"contentUrl\":\"https:\/\/lodzdesign.com\/app\/uploads\/2023\/01\/ldf-logo-2-300x76-1.webp\",\"width\":300,\"height\":76,\"caption\":\"\u0141\u00f3d\u017a Design Festival\"},\"image\":{\"@id\":\"https:\/\/lodzdesign.com\/#\/schema\/logo\/image\/\"},\"sameAs\":[\"https:\/\/www.facebook.com\/Lodz.Design\",\"https:\/\/instagram.com\/lodzdesign\/\",\"https:\/\/www.linkedin.com\/company\/lodz-design-festival\"]}]}<\/script>\n<!-- \/ Yoast SEO plugin. -->","yoast_head_json":{"title":"Per la stampa - \u0141\u00f3d\u017a Design Festival","description":"Materiale per i media: Comunicati stampa, grafica e informazioni sul \u0141\u00f3d\u017a Design Festival 2025 in un unico luogo!","robots":{"index":"index","follow":"follow","max-snippet":"max-snippet:-1","max-image-preview":"max-image-preview:large","max-video-preview":"max-video-preview:-1"},"canonical":"https:\/\/lodzdesign.com\/it\/su-di-noi\/per-la-stampa\/","og_locale":"it_IT","og_type":"article","og_title":"Per la stampa - \u0141\u00f3d\u017a Design Festival","og_url":"https:\/\/lodzdesign.com\/it\/su-di-noi\/per-la-stampa\/","og_site_name":"\u0141\u00f3d\u017a Design Festival","article_publisher":"https:\/\/www.facebook.com\/Lodz.Design","article_modified_time":"2025-01-22T13:36:28+00:00","og_image":[{"width":800,"height":800,"url":"https:\/\/lodzdesign.com\/app\/uploads\/2025\/01\/LDF2025-save-the-date.png","type":"image\/jpeg"}],"twitter_card":"summary_large_image","twitter_image":"https:\/\/lodzdesign.com\/app\/uploads\/2025\/01\/LDF2025-save-the-date.png","twitter_misc":{"Est. reading time":"1 minute"},"schema":{"@context":"https:\/\/schema.org","@graph":[{"@type":"WebPage","@id":"https:\/\/lodzdesign.com\/it\/su-di-noi\/per-la-stampa\/","url":"https:\/\/lodzdesign.com\/it\/su-di-noi\/per-la-stampa\/","name":"Per la stampa - \u0141\u00f3d\u017a Design Festival","isPartOf":{"@id":"https:\/\/lodzdesign.com\/#website"},"primaryImageOfPage":{"@id":"https:\/\/lodzdesign.com\/it\/su-di-noi\/per-la-stampa\/#primaryimage"},"image":{"@id":"https:\/\/lodzdesign.com\/it\/su-di-noi\/per-la-stampa\/#primaryimage"},"thumbnailUrl":"https:\/\/lodzdesign.com\/app\/uploads\/2025\/01\/LDF2025-save-the-date.png","datePublished":"2025-01-17T17:44:06+00:00","dateModified":"2025-01-22T13:36:28+00:00","description":"Materiale per i media: Comunicati stampa, grafica e informazioni sul \u0141\u00f3d\u017a Design Festival 2025 in un unico luogo!","breadcrumb":{"@id":"https:\/\/lodzdesign.com\/it\/su-di-noi\/per-la-stampa\/#breadcrumb"},"inLanguage":"it-IT","potentialAction":[{"@type":"ReadAction","target":["https:\/\/lodzdesign.com\/it\/su-di-noi\/per-la-stampa\/"]}]},{"@type":"ImageObject","inLanguage":"it-IT","@id":"https:\/\/lodzdesign.com\/it\/su-di-noi\/per-la-stampa\/#primaryimage","url":"https:\/\/lodzdesign.com\/app\/uploads\/2025\/01\/LDF2025-save-the-date.png","contentUrl":"https:\/\/lodzdesign.com\/app\/uploads\/2025\/01\/LDF2025-save-the-date.png","width":2500,"height":1308},{"@type":"BreadcrumbList","@id":"https:\/\/lodzdesign.com\/it\/su-di-noi\/per-la-stampa\/#breadcrumb","itemListElement":[{"@type":"ListItem","position":1,"name":"\u0141DF","item":"https:\/\/lodzdesign.com\/it\/"},{"@type":"ListItem","position":2,"name":"Su di noi","item":"https:\/\/lodzdesign.com\/it\/su-di-noi\/"},{"@type":"ListItem","position":3,"name":"Per la stampa"}]},{"@type":"WebSite","@id":"https:\/\/lodzdesign.com\/#website","url":"https:\/\/lodzdesign.com\/","name":"\u0141\u00f3d\u017a Design Festival","description":"Z nami odnajdziesz najlepsze wzorce! Wejd\u017a na stron\u0119 i poznaj nasze podcasty, wirtualne wystawy, przewodniki, przyk\u0142ady najlepszego polskiego designu i wiele innych","publisher":{"@id":"https:\/\/lodzdesign.com\/#organization"},"alternateName":"\u0141DF","potentialAction":[{"@type":"SearchAction","target":{"@type":"EntryPoint","urlTemplate":"https:\/\/lodzdesign.com\/?s={search_term_string}"},"query-input":{"@type":"PropertyValueSpecification","valueRequired":true,"valueName":"search_term_string"}}],"inLanguage":"it-IT"},{"@type":"Organization","@id":"https:\/\/lodzdesign.com\/#organization","name":"\u0141\u00f3d\u017a Design Festival","url":"https:\/\/lodzdesign.com\/","logo":{"@type":"ImageObject","inLanguage":"it-IT","@id":"https:\/\/lodzdesign.com\/#\/schema\/logo\/image\/","url":"https:\/\/lodzdesign.com\/app\/uploads\/2023\/01\/ldf-logo-2-300x76-1.webp","contentUrl":"https:\/\/lodzdesign.com\/app\/uploads\/2023\/01\/ldf-logo-2-300x76-1.webp","width":300,"height":76,"caption":"\u0141\u00f3d\u017a Design Festival"},"image":{"@id":"https:\/\/lodzdesign.com\/#\/schema\/logo\/image\/"},"sameAs":["https:\/\/www.facebook.com\/Lodz.Design","https:\/\/instagram.com\/lodzdesign\/","https:\/\/www.linkedin.com\/company\/lodz-design-festival"]}]}},"_links":{"self":[{"href":"https:\/\/lodzdesign.com\/it\/wp-json\/wp\/v2\/pages\/75730","targetHints":{"allow":["GET"]}}],"collection":[{"href":"https:\/\/lodzdesign.com\/it\/wp-json\/wp\/v2\/pages"}],"about":[{"href":"https:\/\/lodzdesign.com\/it\/wp-json\/wp\/v2\/types\/page"}],"author":[{"embeddable":true,"href":"https:\/\/lodzdesign.com\/it\/wp-json\/wp\/v2\/users\/3"}],"replies":[{"embeddable":true,"href":"https:\/\/lodzdesign.com\/it\/wp-json\/wp\/v2\/comments?post=75730"}],"version-history":[{"count":12,"href":"https:\/\/lodzdesign.com\/it\/wp-json\/wp\/v2\/pages\/75730\/revisions"}],"predecessor-version":[{"id":75808,"href":"https:\/\/lodzdesign.com\/it\/wp-json\/wp\/v2\/pages\/75730\/revisions\/75808"}],"up":[{"embeddable":true,"href":"https:\/\/lodzdesign.com\/it\/wp-json\/wp\/v2\/pages\/74510"}],"wp:featuredmedia":[{"embeddable":true,"href":"https:\/\/lodzdesign.com\/it\/wp-json\/wp\/v2\/media\/75634"}],"wp:attachment":[{"href":"https:\/\/lodzdesign.com\/it\/wp-json\/wp\/v2\/media?parent=75730"}],"curies":[{"name":"wp","href":"https:\/\/api.w.org\/{rel}","templated":true}]}}