{"id":78146,"date":"2025-03-07T16:32:18","date_gmt":"2025-03-07T15:32:18","guid":{"rendered":"https:\/\/lodzdesign.com\/edizione-2025\/informacje\/"},"modified":"2025-04-24T10:33:26","modified_gmt":"2025-04-24T09:33:26","slug":"informazioni","status":"publish","type":"page","link":"https:\/\/lodzdesign.com\/it\/edizione-2025\/informazioni\/","title":{"rendered":"Informazioni"},"content":{"rendered":"\n\n<div class=\"breadcrumbs container\" role=\"navigation\">\n\n                <p>\n                <span>\n                    <span>\n                                                    <a href=\"https:\/\/lodzdesign.com\/it\/\" target=\"\">\u0141DF<\/a>\n                            \/\n                                                    <a href=\"https:\/\/lodzdesign.com\/it\/edizione-2025\/\" target=\"\">Edizione 2025<\/a>\n                            \/\n                        \n                        <strong class=\"breadcrumb_last\" aria-current=\"page\"><\/strong>\n                    <\/span>\n                <\/span>\n            <\/p>\n    <\/div>\n\n\n\n<div class=\"ldf-heading-block container\">\n\n    <div class=\"ldf-heading-block__inner-part\">\n\n        <div class=\"ldf-heading-block__left-part\">\n            <h1>\n                Informazioni\n            <\/h1>\n\n                    <\/div>\n\n    <\/div>\n\n<\/div>\n\n\n\n<div class=\"right-image-left-content-block container\">\n\n    <div class=\"right-image-left-content-block__inner-part\">\n\n        <div class=\"right-image-left-content-block__left-part\" >\n                            <h2>\n                    CENTRO FESTIVAL\n                <\/h2>\n            \n            <p>\n                <br>Le mostre e gli eventi principali si svolgeranno al Festival Centre in Tymienieckiego 3 a \u0141\u00f3d\u017a.\r\n<br><br><br>\r\n<b>Orari di apertura del centro del festival:<\/b>\r\n<br>20.05. | 12:00?21:00 \r\n<br>21.-23.05 | 12:00?20:00\r\n<br>24.-25.05 | 10:00?20:00\r\n<br><br><br>\r\n<bR>Ultimo ingresso alle mostre 30 minuti prima della chiusura del Centre des Festivals.\r\n<br><br><br>\r\n\n            <\/p>\n\n                            <a href=\"https:\/\/lodzdesign.com\/it\/edizione-2025\/programma\/\" target=\"\" class=\"ldf-button\">Vedi il programma di \u0141DF2025 <span class=\"ldf-chevron ldf-chevron-right\"><\/span><\/a>\n                    <\/div>\n\n        <div class=\"right-image-left-content-block__right-part\" >\n            <img decoding=\"async\" src=\"https:\/\/lodzdesign.com\/app\/uploads\/2025\/02\/LDF2025-nie_koniec-kafelek-www.png\" alt=\"\">\n        <\/div>\n\n    <\/div>\n\n<\/div>\n\n\n\n<div class=\"ldf-heading ldf-form-heading\">\n    <div class=\"ldf-heading-left\">\n        <span class=\"ldf-yellow-part\"><\/span>\n        <h3>ACCESSO<\/h3>\n    <\/div>\n<\/div>\n\n<div class=\"ldf-form-block container\">\n    <div class=\"ldf-form-block__form\" id=\"block-855576393\">\n        <style>\n            #block-855576393 iframe {\n                height:  !important;\n            }\n\n            #block-855576393 .supernova {\n                height:  !important;\n            }\n        <\/style>\n\n        \n    <\/div>\n<\/div>\n\n\n\n<div class=\"ldf-content-block container\">\n    <p>L&#8217;ingresso al \u0141\u00f3d\u017a Design Festival 2025 ? a pagamento* &#8211; si applicano biglietti o pass per un solo giorno:<\/p>\n<ul>\n<li>10 PLN &#8211; biglietto giornaliero per una persona (adulto, bambino)<\/li>\n<li>30 PLN &#8211; un pass per l&#8217;intero festival<\/li>\n<li>5 PLN &#8211; biglietto giornaliero per una persona in gruppo (gruppo di 15-30 persone + 1 accompagnatore [ingresso gratuito per gli accompagnatori]. Il biglietto di gruppo ? valido per gruppi scolastici e accademici).<\/li>\n<\/ul>\n<p>I biglietti e i pass saranno disponibili per l&#8217;acquisto online e presso l&#8217;Ufficio del Festival.<\/p>\n<p>&nbsp;<\/p>\n<p>* L&#8217;ingresso gratuito al festival ? valido per:<\/p>\n<ul>\n<li>20.05.2025 (apertura del festival)<\/li>\n<li>fino a 12 anni e anziani<\/li>\n<\/ul>\n<p>L&#8217;ingresso alla mostra <strong>EverCity<\/strong> (la mostra principale del LDF nello spazio del Festival Centre in A22) ? gratuito.<\/p>\n\n<\/div>\n\n\n<div style=\"height:100px\" aria-hidden=\"true\" class=\"wp-block-spacer\"><\/div>\n\n\n\n\n<div class=\"ldf-heading ldf-form-heading\">\n    <div class=\"ldf-heading-left\">\n        <span class=\"ldf-yellow-part\"><\/span>\n        <h3>ACCESSO<\/h3>\n    <\/div>\n<\/div>\n\n<div class=\"ldf-form-block container\">\n    <div class=\"ldf-form-block__form\" id=\"block-576495605\">\n        <style>\n            #block-576495605 iframe {\n                height:  !important;\n            }\n\n            #block-576495605 .supernova {\n                height:  !important;\n            }\n        <\/style>\n\n        \n    <\/div>\n<\/div>\n\n\n\n<div class=\"ldf-content-block container\">\n    <p><strong>Indicazioni per raggiungere il Festival Centre:<\/strong><\/p>\n<ul>\n<li>\n<p class=\"p1\"><span class=\"s1\"><span data-contrast=\"auto\">tram: 2, 3, 6, 7, 11, 19<\/span><\/span><\/p>\n<\/li>\n<li>\n<p class=\"p1\"><span class=\"s1\"><span data-contrast=\"auto\">autobus diurno: 55, 57<\/span><\/span><\/p>\n<\/li>\n<li>\n<p class=\"p1\"><span class=\"s1\"><span data-contrast=\"auto\">autobus notturni: N3A, N3B, N6<\/span><\/span><\/p>\n<\/li>\n<\/ul>\n<p>&nbsp;<\/p>\n<p><strong>Non ? possibile accedere al Festival Centre in auto.<\/strong><\/p>\n<p>&nbsp;<\/p>\n<p>Parcheggio comunale lungo la strada. Tymienieckiego o adiacente ul. Piotrkowska paga dal luned? al venerd? dalle 08:00 alle 18:00. L&#8217;area di parcheggio gratuita inizia all&#8217;incrocio con ul. Sienkiewicz.<\/p>\n<p>&nbsp;<\/p>\n<p>Parcheggio custodito pi? vicino: ul. Piotrkowska 270 (ingresso da via Tymienieckiego).<\/p>\n\n<\/div>\n\n\n<div style=\"height:100px\" aria-hidden=\"true\" class=\"wp-block-spacer\"><\/div>\n\n\n\n\n<div class=\"ldf-heading ldf-form-heading\">\n    <div class=\"ldf-heading-left\">\n        <span class=\"ldf-yellow-part\"><\/span>\n        <h3>LUOGHI DEL FESTIVAL<\/h3>\n    <\/div>\n<\/div>\n\n<div class=\"ldf-form-block container\">\n    <div class=\"ldf-form-block__form\" id=\"block-200353831\">\n        <style>\n            #block-200353831 iframe {\n                height:  !important;\n            }\n\n            #block-200353831 .supernova {\n                height:  !important;\n            }\n        <\/style>\n\n        \n    <\/div>\n<\/div>\n\n\n<div class=\"ldf-locations-gmap-block ldf-content-block\">\n\n\t<script>\n\t\t  (g=>{var h,a,k,p=\"The Google Maps JavaScript API\",c=\"google\",l=\"importLibrary\",q=\"__ib__\",m=document,b=window;b=b[c]||(b[c]={});var d=b.maps||(b.maps={}),r=new Set,e=new URLSearchParams,u=()=>h||(h=new Promise(async(f,n)=>{await (a=m.createElement(\"script\"));e.set(\"libraries\",[...r]+\"\");for(k in g)e.set(k.replace(\/[A-Z]\/g,t=>\"_\"+t[0].toLowerCase()),g[k]);e.set(\"callback\",c+\".maps.\"+q);a.src=`https:\/\/maps.${c}apis.com\/maps\/api\/js?`+e;d[q]=f;a.onerror=()=>h=n(Error(p+\" could not load.\"));a.nonce=m.querySelector(\"script[nonce]\")?.nonce||\"\";m.head.append(a)}));d[l]?console.warn(p+\" only loads once. Ignoring:\",g):d[l]=(f,...n)=>r.add(f)&&u().then(()=>d[l](f,...n))})({\n\t\t\tkey: \"AIzaSyB-RNpiThEY_TdHMCfked6FHLLUQriZM9Q\",\n\t\t\tv: \"weekly\",\n\t\t\t\/\/ Use the 'v' parameter to indicate the version to use (weekly, beta, alpha, etc.).\n\t\t\t\/\/ Add other bootstrap parameters as needed, using camel case.\n\t\t  });\n\n\t<\/script>\n\t<script src=\"https:\/\/unpkg.com\/@googlemaps\/markerclusterer\/dist\/index.min.js\"><\/script>\n\t\n\t<div id=\"map\"><\/div>\n\t<div class=\"locations_places\">\n\t\t\t<\/div>\n\n\t<script>\n\t\n\t\tif(document.querySelector(\"body\").classList.contains(\"wp-admin\") == false){\n\t\t\t\n\t\t} else {\n\t\t\tdocument.querySelector(\".ldf-locations-gmap-block\").style.display = \"none\"\n\t\t\tdocument.querySelector(\".ldf-locations-gmap-block-is-admin\").style.display = \"block\"\n\t   }\n<\/script>\n\n\n\n<\/div>\n<div class=\"ldf-locations-gmap-block-is-admin\" style=\"display: none\">\n\tBlok: Locations google maps\n<\/div>","protected":false},"excerpt":{"rendered":"","protected":false},"author":4,"featured_media":76204,"parent":77270,"menu_order":0,"comment_status":"closed","ping_status":"closed","template":"","meta":{"inline_featured_image":false,"footnotes":""},"class_list":["post-78146","page","type-page","status-publish","has-post-thumbnail","hentry"],"acf":[],"yoast_head":"<!-- This site is optimized with the Yoast SEO plugin v25.0 - https:\/\/yoast.com\/wordpress\/plugins\/seo\/ -->\n<title>Informazioni - \u0141\u00f3d\u017a Design Festival<\/title>\n<meta name=\"description\" content=\"Informazioni pratiche sulla prossima edizione del \u0141\u00f3d\u017a Design Festival.\" \/>\n<meta name=\"robots\" content=\"index, follow, max-snippet:-1, max-image-preview:large, max-video-preview:-1\" \/>\n<link rel=\"canonical\" href=\"https:\/\/lodzdesign.com\/it\/edizione-2025\/informazioni\/\" \/>\n<meta property=\"og:locale\" content=\"it_IT\" \/>\n<meta property=\"og:type\" content=\"article\" \/>\n<meta property=\"og:title\" content=\"Informazioni - \u0141\u00f3d\u017a Design Festival\" \/>\n<meta property=\"og:url\" content=\"https:\/\/lodzdesign.com\/it\/edizione-2025\/informazioni\/\" \/>\n<meta property=\"og:site_name\" content=\"\u0141\u00f3d\u017a Design Festival\" \/>\n<meta property=\"article:publisher\" content=\"https:\/\/www.facebook.com\/Lodz.Design\" \/>\n<meta property=\"article:modified_time\" content=\"2025-04-24T09:33:26+00:00\" \/>\n<meta property=\"og:image\" content=\"https:\/\/lodzdesign.com\/app\/uploads\/2025\/02\/LDF2025-nie_koniec-kafelek-www.png\" \/>\n\t<meta property=\"og:image:width\" content=\"2250\" \/>\n\t<meta property=\"og:image:height\" content=\"2250\" \/>\n\t<meta property=\"og:image:type\" content=\"image\/png\" \/>\n<meta name=\"twitter:card\" content=\"summary_large_image\" \/>\n<meta name=\"twitter:image\" content=\"https:\/\/lodzdesign.com\/app\/uploads\/2025\/02\/LDF2025-nie_koniec-kafelek-www.png\" \/>\n<meta name=\"twitter:label1\" content=\"Est. reading time\" \/>\n\t<meta name=\"twitter:data1\" content=\"1 minute\" \/>\n<script type=\"application\/ld+json\" class=\"yoast-schema-graph\">{\"@context\":\"https:\/\/schema.org\",\"@graph\":[{\"@type\":\"WebPage\",\"@id\":\"https:\/\/lodzdesign.com\/it\/edizione-2025\/informazioni\/\",\"url\":\"https:\/\/lodzdesign.com\/it\/edizione-2025\/informazioni\/\",\"name\":\"Informazioni - \u0141\u00f3d\u017a Design Festival\",\"isPartOf\":{\"@id\":\"https:\/\/lodzdesign.com\/#website\"},\"primaryImageOfPage\":{\"@id\":\"https:\/\/lodzdesign.com\/it\/edizione-2025\/informazioni\/#primaryimage\"},\"image\":{\"@id\":\"https:\/\/lodzdesign.com\/it\/edizione-2025\/informazioni\/#primaryimage\"},\"thumbnailUrl\":\"https:\/\/lodzdesign.com\/app\/uploads\/2025\/02\/LDF2025-nie_koniec-kafelek-www.png\",\"datePublished\":\"2025-03-07T15:32:18+00:00\",\"dateModified\":\"2025-04-24T09:33:26+00:00\",\"description\":\"Informazioni pratiche sulla prossima edizione del \u0141\u00f3d\u017a Design Festival.\",\"breadcrumb\":{\"@id\":\"https:\/\/lodzdesign.com\/it\/edizione-2025\/informazioni\/#breadcrumb\"},\"inLanguage\":\"it-IT\",\"potentialAction\":[{\"@type\":\"ReadAction\",\"target\":[\"https:\/\/lodzdesign.com\/it\/edizione-2025\/informazioni\/\"]}]},{\"@type\":\"ImageObject\",\"inLanguage\":\"it-IT\",\"@id\":\"https:\/\/lodzdesign.com\/it\/edizione-2025\/informazioni\/#primaryimage\",\"url\":\"https:\/\/lodzdesign.com\/app\/uploads\/2025\/02\/LDF2025-nie_koniec-kafelek-www.png\",\"contentUrl\":\"https:\/\/lodzdesign.com\/app\/uploads\/2025\/02\/LDF2025-nie_koniec-kafelek-www.png\",\"width\":2250,\"height\":2250},{\"@type\":\"BreadcrumbList\",\"@id\":\"https:\/\/lodzdesign.com\/it\/edizione-2025\/informazioni\/#breadcrumb\",\"itemListElement\":[{\"@type\":\"ListItem\",\"position\":1,\"name\":\"\u0141DF\",\"item\":\"https:\/\/lodzdesign.com\/it\/\"},{\"@type\":\"ListItem\",\"position\":2,\"name\":\"Edizione 2025\",\"item\":\"https:\/\/lodzdesign.com\/it\/edizione-2025\/\"},{\"@type\":\"ListItem\",\"position\":3,\"name\":\"Informazioni\"}]},{\"@type\":\"WebSite\",\"@id\":\"https:\/\/lodzdesign.com\/#website\",\"url\":\"https:\/\/lodzdesign.com\/\",\"name\":\"\u0141\u00f3d\u017a Design Festival\",\"description\":\"Z nami odnajdziesz najlepsze wzorce! Wejd\u017a na stron\u0119 i poznaj nasze podcasty, wirtualne wystawy, przewodniki, przyk\u0142ady najlepszego polskiego designu i wiele innych\",\"publisher\":{\"@id\":\"https:\/\/lodzdesign.com\/#organization\"},\"alternateName\":\"\u0141DF\",\"potentialAction\":[{\"@type\":\"SearchAction\",\"target\":{\"@type\":\"EntryPoint\",\"urlTemplate\":\"https:\/\/lodzdesign.com\/?s={search_term_string}\"},\"query-input\":{\"@type\":\"PropertyValueSpecification\",\"valueRequired\":true,\"valueName\":\"search_term_string\"}}],\"inLanguage\":\"it-IT\"},{\"@type\":\"Organization\",\"@id\":\"https:\/\/lodzdesign.com\/#organization\",\"name\":\"\u0141\u00f3d\u017a Design Festival\",\"url\":\"https:\/\/lodzdesign.com\/\",\"logo\":{\"@type\":\"ImageObject\",\"inLanguage\":\"it-IT\",\"@id\":\"https:\/\/lodzdesign.com\/#\/schema\/logo\/image\/\",\"url\":\"https:\/\/lodzdesign.com\/app\/uploads\/2023\/01\/ldf-logo-2-300x76-1.webp\",\"contentUrl\":\"https:\/\/lodzdesign.com\/app\/uploads\/2023\/01\/ldf-logo-2-300x76-1.webp\",\"width\":300,\"height\":76,\"caption\":\"\u0141\u00f3d\u017a Design Festival\"},\"image\":{\"@id\":\"https:\/\/lodzdesign.com\/#\/schema\/logo\/image\/\"},\"sameAs\":[\"https:\/\/www.facebook.com\/Lodz.Design\",\"https:\/\/instagram.com\/lodzdesign\/\",\"https:\/\/www.linkedin.com\/company\/lodz-design-festival\"]}]}<\/script>\n<!-- \/ Yoast SEO plugin. -->","yoast_head_json":{"title":"Informazioni - \u0141\u00f3d\u017a Design Festival","description":"Informazioni pratiche sulla prossima edizione del \u0141\u00f3d\u017a Design Festival.","robots":{"index":"index","follow":"follow","max-snippet":"max-snippet:-1","max-image-preview":"max-image-preview:large","max-video-preview":"max-video-preview:-1"},"canonical":"https:\/\/lodzdesign.com\/it\/edizione-2025\/informazioni\/","og_locale":"it_IT","og_type":"article","og_title":"Informazioni - \u0141\u00f3d\u017a Design Festival","og_url":"https:\/\/lodzdesign.com\/it\/edizione-2025\/informazioni\/","og_site_name":"\u0141\u00f3d\u017a Design Festival","article_publisher":"https:\/\/www.facebook.com\/Lodz.Design","article_modified_time":"2025-04-24T09:33:26+00:00","og_image":[{"width":2250,"height":2250,"url":"https:\/\/lodzdesign.com\/app\/uploads\/2025\/02\/LDF2025-nie_koniec-kafelek-www.png","type":"image\/png"}],"twitter_card":"summary_large_image","twitter_image":"https:\/\/lodzdesign.com\/app\/uploads\/2025\/02\/LDF2025-nie_koniec-kafelek-www.png","twitter_misc":{"Est. reading time":"1 minute"},"schema":{"@context":"https:\/\/schema.org","@graph":[{"@type":"WebPage","@id":"https:\/\/lodzdesign.com\/it\/edizione-2025\/informazioni\/","url":"https:\/\/lodzdesign.com\/it\/edizione-2025\/informazioni\/","name":"Informazioni - \u0141\u00f3d\u017a Design Festival","isPartOf":{"@id":"https:\/\/lodzdesign.com\/#website"},"primaryImageOfPage":{"@id":"https:\/\/lodzdesign.com\/it\/edizione-2025\/informazioni\/#primaryimage"},"image":{"@id":"https:\/\/lodzdesign.com\/it\/edizione-2025\/informazioni\/#primaryimage"},"thumbnailUrl":"https:\/\/lodzdesign.com\/app\/uploads\/2025\/02\/LDF2025-nie_koniec-kafelek-www.png","datePublished":"2025-03-07T15:32:18+00:00","dateModified":"2025-04-24T09:33:26+00:00","description":"Informazioni pratiche sulla prossima edizione del \u0141\u00f3d\u017a Design Festival.","breadcrumb":{"@id":"https:\/\/lodzdesign.com\/it\/edizione-2025\/informazioni\/#breadcrumb"},"inLanguage":"it-IT","potentialAction":[{"@type":"ReadAction","target":["https:\/\/lodzdesign.com\/it\/edizione-2025\/informazioni\/"]}]},{"@type":"ImageObject","inLanguage":"it-IT","@id":"https:\/\/lodzdesign.com\/it\/edizione-2025\/informazioni\/#primaryimage","url":"https:\/\/lodzdesign.com\/app\/uploads\/2025\/02\/LDF2025-nie_koniec-kafelek-www.png","contentUrl":"https:\/\/lodzdesign.com\/app\/uploads\/2025\/02\/LDF2025-nie_koniec-kafelek-www.png","width":2250,"height":2250},{"@type":"BreadcrumbList","@id":"https:\/\/lodzdesign.com\/it\/edizione-2025\/informazioni\/#breadcrumb","itemListElement":[{"@type":"ListItem","position":1,"name":"\u0141DF","item":"https:\/\/lodzdesign.com\/it\/"},{"@type":"ListItem","position":2,"name":"Edizione 2025","item":"https:\/\/lodzdesign.com\/it\/edizione-2025\/"},{"@type":"ListItem","position":3,"name":"Informazioni"}]},{"@type":"WebSite","@id":"https:\/\/lodzdesign.com\/#website","url":"https:\/\/lodzdesign.com\/","name":"\u0141\u00f3d\u017a Design Festival","description":"Z nami odnajdziesz najlepsze wzorce! Wejd\u017a na stron\u0119 i poznaj nasze podcasty, wirtualne wystawy, przewodniki, przyk\u0142ady najlepszego polskiego designu i wiele innych","publisher":{"@id":"https:\/\/lodzdesign.com\/#organization"},"alternateName":"\u0141DF","potentialAction":[{"@type":"SearchAction","target":{"@type":"EntryPoint","urlTemplate":"https:\/\/lodzdesign.com\/?s={search_term_string}"},"query-input":{"@type":"PropertyValueSpecification","valueRequired":true,"valueName":"search_term_string"}}],"inLanguage":"it-IT"},{"@type":"Organization","@id":"https:\/\/lodzdesign.com\/#organization","name":"\u0141\u00f3d\u017a Design Festival","url":"https:\/\/lodzdesign.com\/","logo":{"@type":"ImageObject","inLanguage":"it-IT","@id":"https:\/\/lodzdesign.com\/#\/schema\/logo\/image\/","url":"https:\/\/lodzdesign.com\/app\/uploads\/2023\/01\/ldf-logo-2-300x76-1.webp","contentUrl":"https:\/\/lodzdesign.com\/app\/uploads\/2023\/01\/ldf-logo-2-300x76-1.webp","width":300,"height":76,"caption":"\u0141\u00f3d\u017a Design Festival"},"image":{"@id":"https:\/\/lodzdesign.com\/#\/schema\/logo\/image\/"},"sameAs":["https:\/\/www.facebook.com\/Lodz.Design","https:\/\/instagram.com\/lodzdesign\/","https:\/\/www.linkedin.com\/company\/lodz-design-festival"]}]}},"_links":{"self":[{"href":"https:\/\/lodzdesign.com\/it\/wp-json\/wp\/v2\/pages\/78146","targetHints":{"allow":["GET"]}}],"collection":[{"href":"https:\/\/lodzdesign.com\/it\/wp-json\/wp\/v2\/pages"}],"about":[{"href":"https:\/\/lodzdesign.com\/it\/wp-json\/wp\/v2\/types\/page"}],"author":[{"embeddable":true,"href":"https:\/\/lodzdesign.com\/it\/wp-json\/wp\/v2\/users\/4"}],"replies":[{"embeddable":true,"href":"https:\/\/lodzdesign.com\/it\/wp-json\/wp\/v2\/comments?post=78146"}],"version-history":[{"count":12,"href":"https:\/\/lodzdesign.com\/it\/wp-json\/wp\/v2\/pages\/78146\/revisions"}],"predecessor-version":[{"id":80054,"href":"https:\/\/lodzdesign.com\/it\/wp-json\/wp\/v2\/pages\/78146\/revisions\/80054"}],"up":[{"embeddable":true,"href":"https:\/\/lodzdesign.com\/it\/wp-json\/wp\/v2\/pages\/77270"}],"wp:featuredmedia":[{"embeddable":true,"href":"https:\/\/lodzdesign.com\/it\/wp-json\/wp\/v2\/media\/76204"}],"wp:attachment":[{"href":"https:\/\/lodzdesign.com\/it\/wp-json\/wp\/v2\/media?parent=78146"}],"curies":[{"name":"wp","href":"https:\/\/api.w.org\/{rel}","templated":true}]}}