{"id":74509,"date":"2023-01-05T12:18:33","date_gmt":"2023-01-05T11:18:33","guid":{"rendered":"https:\/\/lodzdesign.com\/o-nas\/"},"modified":"2024-12-17T14:28:50","modified_gmt":"2024-12-17T13:28:50","slug":"%d0%bf%d1%80%d0%be-%d0%bd%d0%b0%d1%81","status":"publish","type":"page","link":"https:\/\/lodzdesign.com\/uk\/%d0%bf%d1%80%d0%be-%d0%bd%d0%b0%d1%81\/","title":{"rendered":"??? ???"},"content":{"rendered":"\n\n<div class=\"breadcrumbs container\" role=\"navigation\">\n\n                <p>\n                <span>\n                    <span>\n                                                    <a href=\"https:\/\/lodzdesign.com\/uk\/\" target=\"\">\u0141DF<\/a>\n                            \/\n                        \n                        <strong class=\"breadcrumb_last\" aria-current=\"page\"><\/strong>\n                    <\/span>\n                <\/span>\n            <\/p>\n    <\/div>\n\n\n\n<div class=\"ldf-heading-block container\">\n\n    <div class=\"ldf-heading-block__inner-part\">\n\n        <div class=\"ldf-heading-block__left-part\">\n            <h1>\n                ??? ???\n            <\/h1>\n\n                    <\/div>\n\n    <\/div>\n\n<\/div>\n\n\n\n<div class=\"ldf-content-block container\">\n    <p>\u0141\u00f3d\u017a Design Festival (\u0141DF) &#8211; ???????????? ?????, ???? ? 2007 ???? ??????????? ???????? ????????? ????? ????????? &#8211; ????????? ???????? ?????????? ??????????? ???????, ??&#8217;??????? ?? ??????? ????????? (????? ??????????, ?????????? ?? ???????&#8217;??????), ??? ? ?????????, ??? ?????????? ?? ??????? ? ??? ?????, ??? ?????? ?????? ??????.<\/p>\n<p>&nbsp;<\/p>\n<p>???????? \u0141DF &#8211; ?? ???????? ????? ???????? ????????? ???????, ??????????? ????????? ?? ??????? ???????????.<\/p>\n\n<\/div>\n\n\n\n<div class=\"ldf-slider container\">\n    <div class=\"ldf-slider-desktop\">\n        <span class=\"thin-arrow left-thin-arrow left-thin-arrow-\"\n\t\t\trole=\"button\"\n\t\t\ttabindex=\"0\"\n\t\t\tdata-move-class=\"carousel-control-previous-\">\n\t\t<div style=\"display: none\">slide left<\/div>\n\t\t<\/span>\n        <div class=\"carousel carousel-\"><\/div>\n\t\t\n        <span class=\"thin-arrow right-thin-arrow right-thin-arrow-\"\n\t\t\trole=\"button\"\n\t\t\ttabindex=\"0\"\n\t\t\tdata-move-class=\"carousel-control-next-\">\n\t\t\t<div style=\"display: none\">slide left<\/div>\n\t\t<\/span>\n\t\t\n\t\t<div class=\"alt-text\"><\/div>\n    <\/div>\n    <div class=\"ldf-slider-mobile\" style=\"display: none;\">\n            <\/div>\n\t\n<\/div>\n\n\t\n<script>\nlet exampleCarousel\n    jQuery( document ).ready(function() {\n        \/\/ Create a new carousel object\n        exampleCarousel = new Carousel( document.querySelector( '.carousel-' ), );\n        \/\/ Setup carousel and methods\n        exampleCarousel.mounted();\n\n        var alreadyGalleryArray = [];\n\n        jQuery('.ldf-slider-desktop .carousel- .carousel-item').each(function( index ) {\n\t\t\n            var src = jQuery(this).attr('src');\n\n            if ( jQuery.inArray(src, alreadyGalleryArray) === -1 ) {\n                alreadyGalleryArray.push(src);\n                jQuery(this).attr('data-fancybox', '');\n            }\n        });\n\n    });\n\n    jQuery( document ).ready(\n        function(){\n            var maxHeight = 0;\n\n            jQuery('.carousel-container-' + carousel_number + ' img').each(function(){\n\n                jQuery(this).on('load', function(){\n                    var thisH = jQuery(this).height();\n\n                    if (thisH > maxHeight) {\n                        maxHeight = thisH;\n\n                        jQuery('.ldf-slider .carousel-' + carousel_number).css('height', maxHeight);\n                        jQuery('.ldf-slider .carousel-container-' + carousel_number).css('height', maxHeight);\n\t\t\t\t\t\texampleCarousel.altText()\n                    }\n                });\n            });\n        }\n    );\n\n    jQuery('body').on('click', '.ldf-slider-desktop img', function() {\n        var isFancybox = jQuery(this).attr('data-fancybox');\n\n        if ( isFancybox === undefined || isFancybox === '' ) {\n            var clickedSrc = jQuery(this).attr('src');\n\n            jQuery('.ldf-slider-desktop img[data-fancybox=\"\"]').each(function(){\n               if ( jQuery(this).attr('src') === clickedSrc ) {\n                   jQuery(this).attr('data-fancybox', '');\n               }\n            });\n\n            jQuery(this).attr('data-fancybox', '');\n\n        }\n    });\n\n    jQuery('body').on('click', '.ldf-slider-mobile img', function() {\n       var src = jQuery(this).attr('src');\n       var currentSrc = '';\n\n        jQuery('.carousel-container img[data-fancybox=\"\"]').each(function(){\n            currentSrc = jQuery(this).attr('src');\n\n            if ( currentSrc === src ) {\n                jQuery(this).click();\n            }\n        });\n\n    });\n\n<\/script>\n\n\n\n<div class=\"ldf-content-block container\">\n    <p><strong>??????????????<\/strong><\/p>\n<p>&nbsp;<\/p>\n<p>????????? ? ??????? ??? ?????? ???????? ??? ?????? ? ????????, ? ???? ????? ? ????????? ?? ?????????? ??????? ???????? ? ????????????? ????????? ???????? ??????? ??????? ?????????.<\/p>\n<p>&nbsp;<\/p>\n<p>?????? ????? ? ???????? ???????????? ????? &#8211; ????????????????? ???????? Art_Inkubator ?? ??????? ???????? ? ?????, ??? ????????, ???????????, ????????? ?????????? ?? ???????, ?? ????????????? ?????????, ??????????? ?? ?????? ?????.<\/p>\n<p>&nbsp;<\/p>\n<p>#?????? #?????? #??????? #??????? #??????????? #??????????? #???????? #???????? #?????????????? #???? #????? #??????? #?????????<\/p>\n\n<\/div>\n\n\n\n\n        \n\n\n<div class=\"ldf-images container\n    ldf-images-margin    ldf-images-single-margin    \"\n>\n                        <img decoding=\"async\" data-fancybox=\"gallery-529038299\" data-src=\"https:\/\/lodzdesign.com\/app\/uploads\/2023\/10\/LDF-skrocone-portfolio-en-1.png\" src=\"https:\/\/lodzdesign.com\/app\/uploads\/2023\/10\/LDF-skrocone-portfolio-en-1.png\" alt=\"\"\n                                            style=\"width: calc( 99% \/ 1 );\"\n                                >\n                            <p class=\"single-image-description\">\u0141\u00f3d\u017a Design Festival, ?????????? 2007-2022<\/p>\n                        <\/div>\n\n\n\n<div class=\"ldf-content-block container\">\n    <p class=\"p2\"><strong>???????????<\/strong><\/p>\n<ul>\n<li>\n<p class=\"p1\"><span class=\"s1\"><strong>????<\/strong>? ?? ??????????? ? ?????? ???????? ???????? ?? ??????? \u0141DF, ???????? ???????????? ??????? ????????? ?????.<\/span><\/p>\n<\/li>\n<li>\n<p class=\"p1\"><span class=\"s1\"><strong>make me!<\/strong> ? ??????????? ???????, ?? ?????? ???????? ??????? ?????????? ???????? ?????????. ?????????? ???????? ? ?????????? ???????? ????? ??????????? ???????????. <\/span><\/p>\n<\/li>\n<li>\n<p class=\"p1\"><span class=\"s1\"><strong>must have<\/strong> ? ????????? ? ????????, ?? ??????????? ???????? ?????????? ?????????? ??????????? ??????. ?? ????? ?????????? ?????????? ? ?????????????? ?????????? ??????????? ?? ???????????.<\/span><\/p>\n<\/li>\n<li>\n<p class=\"p1\"><span class=\"s1\"><strong>????????<\/strong> ? ??????????? ???????, ???????? ??? ???????. ???? ?????????? ??????????? ?? ????????, ??????????? ?????????? ????? ? ??????????? ?? ??????????????. <\/span><\/p>\n<\/li>\n<li>\n<p class=\"p1\"><span class=\"s1\"><strong>??????<\/strong> ? ?????????, ?????????? ???&#8217;?? ? ??????. ?? ??????? ??? ??????? ???? ?? ???????? ????????? ??? ????, ??????? ?? ?????. <\/span><\/p>\n<\/li>\n<li>\n<p class=\"p1\"><span class=\"s1\"><strong>Open Programme<\/strong> ? ??????, ??????????? ?????????? ???????????, ?????????, ?????????? ? ??????????, ??? ?????? ? ???????? ?????????? ????? ?????? ???????????? ?????????. <\/span><\/p>\n<\/li>\n<\/ul>\n\n<\/div>\n\n\n\n\n        \n\n\n<div class=\"ldf-images container\n    ldf-images-margin    ldf-images-single-margin    \"\n>\n                        <img decoding=\"async\" data-fancybox=\"gallery-991381797\" data-src=\"https:\/\/lodzdesign.com\/app\/uploads\/2023\/10\/LDF-skrocone-portfolio-en-2.png\" src=\"https:\/\/lodzdesign.com\/app\/uploads\/2023\/10\/LDF-skrocone-portfolio-en-2.png\" alt=\"\"\n                                            style=\"width: calc( 99% \/ 1 );\"\n                                >\n                            <p class=\"single-image-description\">\u0141\u00f3d\u017a Design Festival, ???? ???<\/p>\n                        <\/div>","protected":false},"excerpt":{"rendered":"","protected":false},"author":3,"featured_media":0,"parent":0,"menu_order":0,"comment_status":"closed","ping_status":"closed","template":"","meta":{"inline_featured_image":false,"footnotes":""},"class_list":["post-74509","page","type-page","status-publish","hentry"],"acf":[],"yoast_head":"<!-- This site is optimized with the Yoast SEO plugin v25.0 - https:\/\/yoast.com\/wordpress\/plugins\/seo\/ -->\n<title>??? ??? - \u0141\u00f3d\u017a Design Festival<\/title>\n<meta name=\"description\" content=\"\u0141\u00f3d\u017a Design Festival ????????? ???????? ?????????? ??????????? ???????, ??&#039;??????? ?? ??????? ?????????, ??? ? ??????????, ??? ??????? ?????? ??????.\" \/>\n<meta name=\"robots\" content=\"index, follow, max-snippet:-1, max-image-preview:large, max-video-preview:-1\" \/>\n<link rel=\"canonical\" href=\"https:\/\/lodzdesign.com\/uk\/\u043f\u0440\u043e-\u043d\u0430\u0441\/\" \/>\n<meta property=\"og:locale\" content=\"uk_UA\" \/>\n<meta property=\"og:type\" content=\"article\" \/>\n<meta property=\"og:title\" content=\"??? ??? - \u0141\u00f3d\u017a Design Festival\" \/>\n<meta property=\"og:url\" content=\"https:\/\/lodzdesign.com\/uk\/\u043f\u0440\u043e-\u043d\u0430\u0441\/\" \/>\n<meta property=\"og:site_name\" content=\"\u0141\u00f3d\u017a Design Festival\" \/>\n<meta property=\"article:publisher\" content=\"https:\/\/www.facebook.com\/Lodz.Design\" \/>\n<meta property=\"article:modified_time\" content=\"2024-12-17T13:28:50+00:00\" \/>\n<meta property=\"og:image\" content=\"https:\/\/lodzdesign.com\/app\/uploads\/2023\/11\/LDF2023-wystawa-More-Less-zdjecie-z-filtrem_small-scaled.webp\" \/>\n\t<meta property=\"og:image:width\" content=\"1024\" \/>\n\t<meta property=\"og:image:height\" content=\"683\" \/>\n\t<meta property=\"og:image:type\" content=\"image\/png\" \/>\n<meta name=\"twitter:card\" content=\"summary_large_image\" \/>\n<meta name=\"twitter:image\" content=\"https:\/\/lodzdesign.com\/app\/uploads\/2023\/11\/LDF2023-wystawa-More-Less-zdjecie-z-filtrem_small-scaled.webp\" \/>\n<script type=\"application\/ld+json\" class=\"yoast-schema-graph\">{\"@context\":\"https:\/\/schema.org\",\"@graph\":[{\"@type\":\"WebPage\",\"@id\":\"https:\/\/lodzdesign.com\/uk\/%d0%bf%d1%80%d0%be-%d0%bd%d0%b0%d1%81\/\",\"url\":\"https:\/\/lodzdesign.com\/uk\/%d0%bf%d1%80%d0%be-%d0%bd%d0%b0%d1%81\/\",\"name\":\"??? ??? - \u0141\u00f3d\u017a Design Festival\",\"isPartOf\":{\"@id\":\"https:\/\/lodzdesign.com\/#website\"},\"datePublished\":\"2023-01-05T11:18:33+00:00\",\"dateModified\":\"2024-12-17T13:28:50+00:00\",\"description\":\"\u0141\u00f3d\u017a Design Festival ????????? ???????? ?????????? ??????????? ???????, ??'??????? ?? ??????? ?????????, ??? ? ??????????, ??? ??????? ?????? ??????.\",\"breadcrumb\":{\"@id\":\"https:\/\/lodzdesign.com\/uk\/%d0%bf%d1%80%d0%be-%d0%bd%d0%b0%d1%81\/#breadcrumb\"},\"inLanguage\":\"uk\",\"potentialAction\":[{\"@type\":\"ReadAction\",\"target\":[\"https:\/\/lodzdesign.com\/uk\/%d0%bf%d1%80%d0%be-%d0%bd%d0%b0%d1%81\/\"]}]},{\"@type\":\"BreadcrumbList\",\"@id\":\"https:\/\/lodzdesign.com\/uk\/%d0%bf%d1%80%d0%be-%d0%bd%d0%b0%d1%81\/#breadcrumb\",\"itemListElement\":[{\"@type\":\"ListItem\",\"position\":1,\"name\":\"\u0141DF\",\"item\":\"https:\/\/lodzdesign.com\/uk\/\"},{\"@type\":\"ListItem\",\"position\":2,\"name\":\"??? ???\"}]},{\"@type\":\"WebSite\",\"@id\":\"https:\/\/lodzdesign.com\/#website\",\"url\":\"https:\/\/lodzdesign.com\/\",\"name\":\"\u0141\u00f3d\u017a Design Festival\",\"description\":\"Z nami odnajdziesz najlepsze wzorce! Wejd\u017a na stron\u0119 i poznaj nasze podcasty, wirtualne wystawy, przewodniki, przyk\u0142ady najlepszego polskiego designu i wiele innych\",\"publisher\":{\"@id\":\"https:\/\/lodzdesign.com\/#organization\"},\"alternateName\":\"\u0141DF\",\"potentialAction\":[{\"@type\":\"SearchAction\",\"target\":{\"@type\":\"EntryPoint\",\"urlTemplate\":\"https:\/\/lodzdesign.com\/?s={search_term_string}\"},\"query-input\":{\"@type\":\"PropertyValueSpecification\",\"valueRequired\":true,\"valueName\":\"search_term_string\"}}],\"inLanguage\":\"uk\"},{\"@type\":\"Organization\",\"@id\":\"https:\/\/lodzdesign.com\/#organization\",\"name\":\"\u0141\u00f3d\u017a Design Festival\",\"url\":\"https:\/\/lodzdesign.com\/\",\"logo\":{\"@type\":\"ImageObject\",\"inLanguage\":\"uk\",\"@id\":\"https:\/\/lodzdesign.com\/#\/schema\/logo\/image\/\",\"url\":\"https:\/\/lodzdesign.com\/app\/uploads\/2023\/01\/ldf-logo-2-300x76-1.webp\",\"contentUrl\":\"https:\/\/lodzdesign.com\/app\/uploads\/2023\/01\/ldf-logo-2-300x76-1.webp\",\"width\":300,\"height\":76,\"caption\":\"\u0141\u00f3d\u017a Design Festival\"},\"image\":{\"@id\":\"https:\/\/lodzdesign.com\/#\/schema\/logo\/image\/\"},\"sameAs\":[\"https:\/\/www.facebook.com\/Lodz.Design\",\"https:\/\/instagram.com\/lodzdesign\/\",\"https:\/\/www.linkedin.com\/company\/lodz-design-festival\"]}]}<\/script>\n<!-- \/ Yoast SEO plugin. -->","yoast_head_json":{"title":"??? ??? - \u0141\u00f3d\u017a Design Festival","description":"\u0141\u00f3d\u017a Design Festival ????????? ???????? ?????????? ??????????? ???????, ??'??????? ?? ??????? ?????????, ??? ? ??????????, ??? ??????? ?????? ??????.","robots":{"index":"index","follow":"follow","max-snippet":"max-snippet:-1","max-image-preview":"max-image-preview:large","max-video-preview":"max-video-preview:-1"},"canonical":"https:\/\/lodzdesign.com\/uk\/\u043f\u0440\u043e-\u043d\u0430\u0441\/","og_locale":"uk_UA","og_type":"article","og_title":"??? ??? - \u0141\u00f3d\u017a Design Festival","og_url":"https:\/\/lodzdesign.com\/uk\/\u043f\u0440\u043e-\u043d\u0430\u0441\/","og_site_name":"\u0141\u00f3d\u017a Design Festival","article_publisher":"https:\/\/www.facebook.com\/Lodz.Design","article_modified_time":"2024-12-17T13:28:50+00:00","og_image":[{"width":1024,"height":683,"url":"https:\/\/lodzdesign.com\/app\/uploads\/2023\/11\/LDF2023-wystawa-More-Less-zdjecie-z-filtrem_small-scaled.webp","type":"image\/png"}],"twitter_card":"summary_large_image","twitter_image":"https:\/\/lodzdesign.com\/app\/uploads\/2023\/11\/LDF2023-wystawa-More-Less-zdjecie-z-filtrem_small-scaled.webp","schema":{"@context":"https:\/\/schema.org","@graph":[{"@type":"WebPage","@id":"https:\/\/lodzdesign.com\/uk\/%d0%bf%d1%80%d0%be-%d0%bd%d0%b0%d1%81\/","url":"https:\/\/lodzdesign.com\/uk\/%d0%bf%d1%80%d0%be-%d0%bd%d0%b0%d1%81\/","name":"??? ??? - \u0141\u00f3d\u017a Design Festival","isPartOf":{"@id":"https:\/\/lodzdesign.com\/#website"},"datePublished":"2023-01-05T11:18:33+00:00","dateModified":"2024-12-17T13:28:50+00:00","description":"\u0141\u00f3d\u017a Design Festival ????????? ???????? ?????????? ??????????? ???????, ??'??????? ?? ??????? ?????????, ??? ? ??????????, ??? ??????? ?????? ??????.","breadcrumb":{"@id":"https:\/\/lodzdesign.com\/uk\/%d0%bf%d1%80%d0%be-%d0%bd%d0%b0%d1%81\/#breadcrumb"},"inLanguage":"uk","potentialAction":[{"@type":"ReadAction","target":["https:\/\/lodzdesign.com\/uk\/%d0%bf%d1%80%d0%be-%d0%bd%d0%b0%d1%81\/"]}]},{"@type":"BreadcrumbList","@id":"https:\/\/lodzdesign.com\/uk\/%d0%bf%d1%80%d0%be-%d0%bd%d0%b0%d1%81\/#breadcrumb","itemListElement":[{"@type":"ListItem","position":1,"name":"\u0141DF","item":"https:\/\/lodzdesign.com\/uk\/"},{"@type":"ListItem","position":2,"name":"??? ???"}]},{"@type":"WebSite","@id":"https:\/\/lodzdesign.com\/#website","url":"https:\/\/lodzdesign.com\/","name":"\u0141\u00f3d\u017a Design Festival","description":"Z nami odnajdziesz najlepsze wzorce! Wejd\u017a na stron\u0119 i poznaj nasze podcasty, wirtualne wystawy, przewodniki, przyk\u0142ady najlepszego polskiego designu i wiele innych","publisher":{"@id":"https:\/\/lodzdesign.com\/#organization"},"alternateName":"\u0141DF","potentialAction":[{"@type":"SearchAction","target":{"@type":"EntryPoint","urlTemplate":"https:\/\/lodzdesign.com\/?s={search_term_string}"},"query-input":{"@type":"PropertyValueSpecification","valueRequired":true,"valueName":"search_term_string"}}],"inLanguage":"uk"},{"@type":"Organization","@id":"https:\/\/lodzdesign.com\/#organization","name":"\u0141\u00f3d\u017a Design Festival","url":"https:\/\/lodzdesign.com\/","logo":{"@type":"ImageObject","inLanguage":"uk","@id":"https:\/\/lodzdesign.com\/#\/schema\/logo\/image\/","url":"https:\/\/lodzdesign.com\/app\/uploads\/2023\/01\/ldf-logo-2-300x76-1.webp","contentUrl":"https:\/\/lodzdesign.com\/app\/uploads\/2023\/01\/ldf-logo-2-300x76-1.webp","width":300,"height":76,"caption":"\u0141\u00f3d\u017a Design Festival"},"image":{"@id":"https:\/\/lodzdesign.com\/#\/schema\/logo\/image\/"},"sameAs":["https:\/\/www.facebook.com\/Lodz.Design","https:\/\/instagram.com\/lodzdesign\/","https:\/\/www.linkedin.com\/company\/lodz-design-festival"]}]}},"_links":{"self":[{"href":"https:\/\/lodzdesign.com\/uk\/wp-json\/wp\/v2\/pages\/74509","targetHints":{"allow":["GET"]}}],"collection":[{"href":"https:\/\/lodzdesign.com\/uk\/wp-json\/wp\/v2\/pages"}],"about":[{"href":"https:\/\/lodzdesign.com\/uk\/wp-json\/wp\/v2\/types\/page"}],"author":[{"embeddable":true,"href":"https:\/\/lodzdesign.com\/uk\/wp-json\/wp\/v2\/users\/3"}],"replies":[{"embeddable":true,"href":"https:\/\/lodzdesign.com\/uk\/wp-json\/wp\/v2\/comments?post=74509"}],"version-history":[{"count":2,"href":"https:\/\/lodzdesign.com\/uk\/wp-json\/wp\/v2\/pages\/74509\/revisions"}],"predecessor-version":[{"id":74517,"href":"https:\/\/lodzdesign.com\/uk\/wp-json\/wp\/v2\/pages\/74509\/revisions\/74517"}],"wp:attachment":[{"href":"https:\/\/lodzdesign.com\/uk\/wp-json\/wp\/v2\/media?parent=74509"}],"curies":[{"name":"wp","href":"https:\/\/api.w.org\/{rel}","templated":true}]}}