{"id":74563,"date":"2023-08-08T19:19:27","date_gmt":"2023-08-08T18:19:27","guid":{"rendered":"https:\/\/lodzdesign.com\/%d0%bf%d1%80%d0%be-%d0%bd%d0%b0%d1%81\/zglos-sie\/"},"modified":"2025-01-28T10:44:18","modified_gmt":"2025-01-28T09:44:18","slug":"%d0%b7%d0%b0%d1%81%d1%82%d0%be%d1%81%d1%83%d0%b2%d0%b0%d1%82%d0%b8","status":"publish","type":"page","link":"https:\/\/lodzdesign.com\/uk\/%d0%bf%d1%80%d0%be-%d0%bd%d0%b0%d1%81\/%d0%b7%d0%b0%d1%81%d1%82%d0%be%d1%81%d1%83%d0%b2%d0%b0%d1%82%d0%b8\/","title":{"rendered":"???????????"},"content":{"rendered":"\n\n<div class=\"breadcrumbs container\" role=\"navigation\">\n\n                <p>\n                <span>\n                    <span>\n                                                    <a href=\"https:\/\/lodzdesign.com\/uk\/\" target=\"\">\u0141DF<\/a>\n                            \/\n                                                    <a href=\"https:\/\/lodzdesign.com\/uk\/%d0%bf%d1%80%d0%be-%d0%bd%d0%b0%d1%81\/\" target=\"\">??? ???<\/a>\n                            \/\n                        \n                        <strong class=\"breadcrumb_last\" aria-current=\"page\"><\/strong>\n                    <\/span>\n                <\/span>\n            <\/p>\n    <\/div>\n\n\n\n<div class=\"left-content-background-image-block container\">\n\n    <div class=\"left-content-background-image-block__inner-part\">\n\n        <div class=\"left-content-background-image-block__left-part\">\n            <h1>\n                ???????????<br>  ?? \u0141\u00f3d\u017a Design Festival 2025<br>20-25.05.2025\n            <\/h1>\n            <span>\n                <h2 class=\"p1\">?? ??????????, ????????????? ???????? ??? ?????? ??????? ???? ?? ???????? ? ?????????? ????????? ? ?????? ??????????? ???? ?? \u0141\u00f3d\u017a Design Festival, ???? ??????!<\/h2>\n<p>&nbsp;<\/p>\n<h2 class=\"p1\"><span class=\"s1\">????? ?? ????????? ??? ?????????? ?????????? ?? ????? ?????? ? ??????????? ??????.<\/span><\/h2>\n\n            <\/span>\n\n                    <\/div>\n\n        <div class=\"left-content-background-image-block__right-part\">\n            <img decoding=\"async\" src=\"https:\/\/lodzdesign.com\/app\/uploads\/2022\/12\/maziaj.png\">\n        <\/div>\n\n    <\/div>\n\n<\/div>\n\n\n\n<div class=\"ldf-registration-boxes container\">\n\n    <div class=\"ldf-heading\">\n        <div class=\"ldf-heading-left\">\n            <span class=\"ldf-yellow-part\"><\/span>\n            <h3>\u0141\u00f3d\u017a Design Festival &#8211; ?????? ? ????????? ?? ?????????<\/h3>\n        <\/div>\n    <\/div>\n\n    <div class=\"ldf-registration-boxes-wrapper\">\n\n                    <div class=\"single-registration-box\">\n                <div class=\"image-part\">\n                    <img decoding=\"async\" src=\"https:\/\/lodzdesign.com\/app\/uploads\/2023\/01\/LDF-logo-make-me-czarne-bez-tla.png\" alt=\"\">\n                <\/div>\n                <div class=\"content-part\">\n                    <div class=\"content-part-title\">\n                        <p>make me! &#8211; ??????? ??? ??????? ??????????<\/p>\n                    <\/div>\n                    <div class=\"content-part-text\">\n                        <p>??????????? ??????? ??????? make me! ? ?????? ? ???????? ???????????? ????? ? ????? ??????? ? ?????? ?? ???????? ???????? \u0141\u00f3d\u017a Desgin Festival. ????????????? ????? make me! ? ????????????? ????????? ????????? ?? ????????? ??????? ?????????? (? ???? 20-35 ?????), ??? ?????? ?????? ? ?????????. <br><br>????????? ?????????? ???????? ???????????? ??????????, ??? ????????? ??? ??? ?????? ? ????????, ????? ????: ???????? ? ?????????? ??????????, ?????????? ?? ????????? ????????? ?????????? ??? ????????? ????????.<br><br>?????? ?????? ?????? ? ??? ????? ?????????? ????????? ????, ???????????? ?? ?????? ??????????, ? ??????? ??????????? ???????? ?? ????????? ??? ??????? ???????? ?? ????????? ? ??????????, make me! ???? ????? ?????????? ??? ?????????? ???????????? ????????.<\/p>\n                    <\/div>\n                    <div class=\"content-part-buttons\">\n                                                    <a href=\"https:\/\/lodzdesign.com\/uk\/makeme\/\" target=\"\" class=\"ldf-button\">?????? ????<span class=\"ldf-chevron ldf-chevron-right\"><\/span><\/a>\n                        \n                                                    <a href=\"https:\/\/lodzdesign.com\/uk\/makeme\/%d0%b7%d0%b0%d1%81%d1%82%d0%be%d1%81%d1%83%d0%b2%d0%b0%d1%82%d0%b8\/\" target=\"\" class=\"ldf-button ldf-button-yellow\">???????????<span class=\"ldf-chevron ldf-chevron-right\"><\/span><\/a>\n                                            <\/div>\n                <\/div>\n            <\/div>\n                    <div class=\"single-registration-box\">\n                <div class=\"image-part\">\n                    <img decoding=\"async\" src=\"https:\/\/lodzdesign.com\/app\/uploads\/2023\/01\/LDF-logo-must-have-czarne-bez-tla.png\" alt=\"\">\n                <\/div>\n                <div class=\"content-part\">\n                    <div class=\"content-part-title\">\n                        <p>must have &#8211; ????????? ??? ?????????? ?? ??????????<\/p>\n                    <\/div>\n                    <div class=\"content-part-text\">\n                        <p>must have ?? ?????????, ???? ? 2011 ???? ??????????? \u0141\u00f3d\u017a Design Festival, ??????????? ???????? ?????????? ????????? ?????????? ?? ??????????. ?? ???????????? ???? ??????, ???? ???????? ?????? ??????????????? ????? ?? ?? ????????.<br><br>??? ??? ????????? ? ????? ????????????? ???????? ?????????? ??????? ?, ????? ?????, ???????? ???????????? ??????? ?? ??????????. must have &#8211; ?? ????????? ???????? ???????????? ?? ???????? ?????-??????????? ????? ? ?????????? ???????. ???? ????? ? ????????? ???????? ??????? ?????? ??????? ???????? ?????????, ??? ? ??????????? ????????? ????????? ?? ?????????.<br><br>?????? ?? ?????? ? ?????????? ??????????? ??????????? ????? ?????, ???????? ?? ????? ??????????. ?????? ????????? ?? ?????? ?????? ????? ????? ?????? ????????? ????, ???????? ????????? ???? ? ???????? ?????????? ???? ?????????? ?????. <\/p>\n                    <\/div>\n                    <div class=\"content-part-buttons\">\n                                                    <a href=\"https:\/\/lodzdesign.com\/uk\/musthave\/\" target=\"\" class=\"ldf-button\">?????? ????<span class=\"ldf-chevron ldf-chevron-right\"><\/span><\/a>\n                        \n                                                    <a href=\"https:\/\/lodzdesign.com\/uk\/musthave\/%d0%b7%d0%b0%d1%81%d1%82%d0%be%d1%81%d1%83%d0%b2%d0%b0%d1%82%d0%b8\/\" target=\"\" class=\"ldf-button ldf-button-yellow\">???????????<span class=\"ldf-chevron ldf-chevron-right\"><\/span><\/a>\n                                            <\/div>\n                <\/div>\n            <\/div>\n                    <div class=\"single-registration-box\">\n                <div class=\"image-part\">\n                    <img decoding=\"async\" src=\"https:\/\/lodzdesign.com\/app\/uploads\/2023\/01\/LDF-logo-open-programme-czarne-bez-tla.png\" alt=\"\">\n                <\/div>\n                <div class=\"content-part\">\n                    <div class=\"content-part-title\">\n                        <p>open programme  &#8211; ????????? ??????? ?? ?????? ? ???????? \u0141DF<\/p>\n                    <\/div>\n                    <div class=\"content-part-text\">\n                        <p>open programme ??????????? ?????????? ????????????? ??????????, ?????????, ??????????, ?????????? ???? &#8211; ????, ??? ???? ???????? ???????????? ????????? ?????????? ????? ??????? ??????. ?? ??????? ??? ???????, ???????????? ???????, ??? ????????? ??????????? ????????.<br><br>?????? ?????? ???????? ???? ???? ??????????, ?? ????????, ??????? ??????????, ???????, ?????? ??? ?????? ?????? (?????????, ????????? ??????????, ???? ? ?.?.). <\/p>\n                    <\/div>\n                    <div class=\"content-part-buttons\">\n                                                    <a href=\"https:\/\/lodzdesign.com\/uk\/open-programme\/\" target=\"\" class=\"ldf-button\">?????? ????<span class=\"ldf-chevron ldf-chevron-right\"><\/span><\/a>\n                        \n                                                    <a href=\"https:\/\/lodzdesign.com\/uk\/open-programme\/%d0%b7%d0%b0%d1%81%d1%82%d0%be%d1%81%d1%83%d0%b2%d0%b0%d1%82%d0%b8\/\" target=\"\" class=\"ldf-button ldf-button-yellow\">???????????<span class=\"ldf-chevron ldf-chevron-right\"><\/span><\/a>\n                                            <\/div>\n                <\/div>\n            <\/div>\n        \n    <\/div>\n\n<\/div>\n\n\n\n<div class=\"ldf-content-block container\">\n    <p>?? ????????? ????????? ?? ???????? ???????? ???????? ?????? ????, ????????? ????? ???? ??????? ??????? &#8211; ??????? make me!, ?????????? must have ?? open programme.<\/p>\n\n<\/div>\n\n\n\n<div class=\"ldf-button-block container\">\n            <a href=\"https:\/\/lodzdesign.com\/uk\/%d0%bf%d1%80%d0%be-%d0%bd%d0%b0%d1%81\/\" target=\"_blank\">\n            ????????, ?? ?? ???????? ???????? ?????????\n                            <span class=\"ldf-chevron ldf-chevron-right\"><\/span>\n                    <\/a>\n            <a href=\"https:\/\/www.flickr.com\/photos\/lodzdesignfestival\/albums\" target=\"_blank\">\n            ??????????? ?????? ?????????????\n                            <span class=\"ldf-chevron ldf-chevron-right\"><\/span>\n                    <\/a>\n    <\/div>","protected":false},"excerpt":{"rendered":"","protected":false},"author":3,"featured_media":66120,"parent":74509,"menu_order":0,"comment_status":"closed","ping_status":"closed","template":"","meta":{"inline_featured_image":false,"footnotes":""},"class_list":["post-74563","page","type-page","status-publish","has-post-thumbnail","hentry"],"acf":[],"yoast_head":"<!-- This site is optimized with the Yoast SEO plugin v25.0 - https:\/\/yoast.com\/wordpress\/plugins\/seo\/ -->\n<title>??????????? - \u0141\u00f3d\u017a Design Festival<\/title>\n<meta name=\"description\" content=\"?? ?????????? ????????, ????????????? ???????? ??, ???????, ????????? ???????-?????? ?? ?????????? ??? ?????????? ?????????? ?? ????? ?????? ? ?????????? ??????.\" \/>\n<meta name=\"robots\" content=\"index, follow, max-snippet:-1, max-image-preview:large, max-video-preview:-1\" \/>\n<link rel=\"canonical\" href=\"https:\/\/lodzdesign.com\/uk\/\u043f\u0440\u043e-\u043d\u0430\u0441\/\u0437\u0430\u0441\u0442\u043e\u0441\u0443\u0432\u0430\u0442\u0438\/\" \/>\n<meta property=\"og:locale\" content=\"uk_UA\" \/>\n<meta property=\"og:type\" content=\"article\" \/>\n<meta property=\"og:title\" content=\"??????????? - \u0141\u00f3d\u017a Design Festival\" \/>\n<meta property=\"og:url\" content=\"https:\/\/lodzdesign.com\/uk\/\u043f\u0440\u043e-\u043d\u0430\u0441\/\u0437\u0430\u0441\u0442\u043e\u0441\u0443\u0432\u0430\u0442\u0438\/\" \/>\n<meta property=\"og:site_name\" content=\"\u0141\u00f3d\u017a Design Festival\" \/>\n<meta property=\"article:publisher\" content=\"https:\/\/www.facebook.com\/Lodz.Design\" \/>\n<meta property=\"article:modified_time\" content=\"2025-01-28T09:44:18+00:00\" \/>\n<meta property=\"og:image\" content=\"https:\/\/lodzdesign.com\/app\/uploads\/2023\/11\/LDF2023-wystawa-More-Less-zdjecie-z-filtrem_small-scaled.webp\" \/>\n\t<meta property=\"og:image:width\" content=\"2560\" \/>\n\t<meta property=\"og:image:height\" content=\"1707\" \/>\n\t<meta property=\"og:image:type\" content=\"image\/webp\" \/>\n<meta name=\"twitter:card\" content=\"summary_large_image\" \/>\n<meta name=\"twitter:image\" content=\"https:\/\/lodzdesign.com\/app\/uploads\/2023\/11\/LDF2023-wystawa-More-Less-zdjecie-z-filtrem_small-scaled.webp\" \/>\n<meta name=\"twitter:label1\" content=\"Est. reading time\" \/>\n\t<meta name=\"twitter:data1\" content=\"1 minute\" \/>\n<script type=\"application\/ld+json\" class=\"yoast-schema-graph\">{\"@context\":\"https:\/\/schema.org\",\"@graph\":[{\"@type\":\"WebPage\",\"@id\":\"https:\/\/lodzdesign.com\/uk\/%d0%bf%d1%80%d0%be-%d0%bd%d0%b0%d1%81\/%d0%b7%d0%b0%d1%81%d1%82%d0%be%d1%81%d1%83%d0%b2%d0%b0%d1%82%d0%b8\/\",\"url\":\"https:\/\/lodzdesign.com\/uk\/%d0%bf%d1%80%d0%be-%d0%bd%d0%b0%d1%81\/%d0%b7%d0%b0%d1%81%d1%82%d0%be%d1%81%d1%83%d0%b2%d0%b0%d1%82%d0%b8\/\",\"name\":\"??????????? - \u0141\u00f3d\u017a Design Festival\",\"isPartOf\":{\"@id\":\"https:\/\/lodzdesign.com\/#website\"},\"primaryImageOfPage\":{\"@id\":\"https:\/\/lodzdesign.com\/uk\/%d0%bf%d1%80%d0%be-%d0%bd%d0%b0%d1%81\/%d0%b7%d0%b0%d1%81%d1%82%d0%be%d1%81%d1%83%d0%b2%d0%b0%d1%82%d0%b8\/#primaryimage\"},\"image\":{\"@id\":\"https:\/\/lodzdesign.com\/uk\/%d0%bf%d1%80%d0%be-%d0%bd%d0%b0%d1%81\/%d0%b7%d0%b0%d1%81%d1%82%d0%be%d1%81%d1%83%d0%b2%d0%b0%d1%82%d0%b8\/#primaryimage\"},\"thumbnailUrl\":\"https:\/\/lodzdesign.com\/app\/uploads\/2023\/11\/LDF2023-wystawa-More-Less-zdjecie-z-filtrem_small-scaled.webp\",\"datePublished\":\"2023-08-08T18:19:27+00:00\",\"dateModified\":\"2025-01-28T09:44:18+00:00\",\"description\":\"?? ?????????? ????????, ????????????? ???????? ??, ???????, ????????? ???????-?????? ?? ?????????? ??? ?????????? ?????????? ?? ????? ?????? ? ?????????? ??????.\",\"breadcrumb\":{\"@id\":\"https:\/\/lodzdesign.com\/uk\/%d0%bf%d1%80%d0%be-%d0%bd%d0%b0%d1%81\/%d0%b7%d0%b0%d1%81%d1%82%d0%be%d1%81%d1%83%d0%b2%d0%b0%d1%82%d0%b8\/#breadcrumb\"},\"inLanguage\":\"uk\",\"potentialAction\":[{\"@type\":\"ReadAction\",\"target\":[\"https:\/\/lodzdesign.com\/uk\/%d0%bf%d1%80%d0%be-%d0%bd%d0%b0%d1%81\/%d0%b7%d0%b0%d1%81%d1%82%d0%be%d1%81%d1%83%d0%b2%d0%b0%d1%82%d0%b8\/\"]}]},{\"@type\":\"ImageObject\",\"inLanguage\":\"uk\",\"@id\":\"https:\/\/lodzdesign.com\/uk\/%d0%bf%d1%80%d0%be-%d0%bd%d0%b0%d1%81\/%d0%b7%d0%b0%d1%81%d1%82%d0%be%d1%81%d1%83%d0%b2%d0%b0%d1%82%d0%b8\/#primaryimage\",\"url\":\"https:\/\/lodzdesign.com\/app\/uploads\/2023\/11\/LDF2023-wystawa-More-Less-zdjecie-z-filtrem_small-scaled.webp\",\"contentUrl\":\"https:\/\/lodzdesign.com\/app\/uploads\/2023\/11\/LDF2023-wystawa-More-Less-zdjecie-z-filtrem_small-scaled.webp\",\"width\":2560,\"height\":1707},{\"@type\":\"BreadcrumbList\",\"@id\":\"https:\/\/lodzdesign.com\/uk\/%d0%bf%d1%80%d0%be-%d0%bd%d0%b0%d1%81\/%d0%b7%d0%b0%d1%81%d1%82%d0%be%d1%81%d1%83%d0%b2%d0%b0%d1%82%d0%b8\/#breadcrumb\",\"itemListElement\":[{\"@type\":\"ListItem\",\"position\":1,\"name\":\"\u0141DF\",\"item\":\"https:\/\/lodzdesign.com\/uk\/\"},{\"@type\":\"ListItem\",\"position\":2,\"name\":\"??? ???\",\"item\":\"https:\/\/lodzdesign.com\/uk\/%d0%bf%d1%80%d0%be-%d0%bd%d0%b0%d1%81\/\"},{\"@type\":\"ListItem\",\"position\":3,\"name\":\"???????????\"}]},{\"@type\":\"WebSite\",\"@id\":\"https:\/\/lodzdesign.com\/#website\",\"url\":\"https:\/\/lodzdesign.com\/\",\"name\":\"\u0141\u00f3d\u017a Design Festival\",\"description\":\"Z nami odnajdziesz najlepsze wzorce! Wejd\u017a na stron\u0119 i poznaj nasze podcasty, wirtualne wystawy, przewodniki, przyk\u0142ady najlepszego polskiego designu i wiele innych\",\"publisher\":{\"@id\":\"https:\/\/lodzdesign.com\/#organization\"},\"alternateName\":\"\u0141DF\",\"potentialAction\":[{\"@type\":\"SearchAction\",\"target\":{\"@type\":\"EntryPoint\",\"urlTemplate\":\"https:\/\/lodzdesign.com\/?s={search_term_string}\"},\"query-input\":{\"@type\":\"PropertyValueSpecification\",\"valueRequired\":true,\"valueName\":\"search_term_string\"}}],\"inLanguage\":\"uk\"},{\"@type\":\"Organization\",\"@id\":\"https:\/\/lodzdesign.com\/#organization\",\"name\":\"\u0141\u00f3d\u017a Design Festival\",\"url\":\"https:\/\/lodzdesign.com\/\",\"logo\":{\"@type\":\"ImageObject\",\"inLanguage\":\"uk\",\"@id\":\"https:\/\/lodzdesign.com\/#\/schema\/logo\/image\/\",\"url\":\"https:\/\/lodzdesign.com\/app\/uploads\/2023\/01\/ldf-logo-2-300x76-1.webp\",\"contentUrl\":\"https:\/\/lodzdesign.com\/app\/uploads\/2023\/01\/ldf-logo-2-300x76-1.webp\",\"width\":300,\"height\":76,\"caption\":\"\u0141\u00f3d\u017a Design Festival\"},\"image\":{\"@id\":\"https:\/\/lodzdesign.com\/#\/schema\/logo\/image\/\"},\"sameAs\":[\"https:\/\/www.facebook.com\/Lodz.Design\",\"https:\/\/instagram.com\/lodzdesign\/\",\"https:\/\/www.linkedin.com\/company\/lodz-design-festival\"]}]}<\/script>\n<!-- \/ Yoast SEO plugin. -->","yoast_head_json":{"title":"??????????? - \u0141\u00f3d\u017a Design Festival","description":"?? ?????????? ????????, ????????????? ???????? ??, ???????, ????????? ???????-?????? ?? ?????????? ??? ?????????? ?????????? ?? ????? ?????? ? ?????????? ??????.","robots":{"index":"index","follow":"follow","max-snippet":"max-snippet:-1","max-image-preview":"max-image-preview:large","max-video-preview":"max-video-preview:-1"},"canonical":"https:\/\/lodzdesign.com\/uk\/\u043f\u0440\u043e-\u043d\u0430\u0441\/\u0437\u0430\u0441\u0442\u043e\u0441\u0443\u0432\u0430\u0442\u0438\/","og_locale":"uk_UA","og_type":"article","og_title":"??????????? - \u0141\u00f3d\u017a Design Festival","og_url":"https:\/\/lodzdesign.com\/uk\/\u043f\u0440\u043e-\u043d\u0430\u0441\/\u0437\u0430\u0441\u0442\u043e\u0441\u0443\u0432\u0430\u0442\u0438\/","og_site_name":"\u0141\u00f3d\u017a Design Festival","article_publisher":"https:\/\/www.facebook.com\/Lodz.Design","article_modified_time":"2025-01-28T09:44:18+00:00","og_image":[{"width":2560,"height":1707,"url":"https:\/\/lodzdesign.com\/app\/uploads\/2023\/11\/LDF2023-wystawa-More-Less-zdjecie-z-filtrem_small-scaled.webp","type":"image\/webp"}],"twitter_card":"summary_large_image","twitter_image":"https:\/\/lodzdesign.com\/app\/uploads\/2023\/11\/LDF2023-wystawa-More-Less-zdjecie-z-filtrem_small-scaled.webp","twitter_misc":{"Est. reading time":"1 minute"},"schema":{"@context":"https:\/\/schema.org","@graph":[{"@type":"WebPage","@id":"https:\/\/lodzdesign.com\/uk\/%d0%bf%d1%80%d0%be-%d0%bd%d0%b0%d1%81\/%d0%b7%d0%b0%d1%81%d1%82%d0%be%d1%81%d1%83%d0%b2%d0%b0%d1%82%d0%b8\/","url":"https:\/\/lodzdesign.com\/uk\/%d0%bf%d1%80%d0%be-%d0%bd%d0%b0%d1%81\/%d0%b7%d0%b0%d1%81%d1%82%d0%be%d1%81%d1%83%d0%b2%d0%b0%d1%82%d0%b8\/","name":"??????????? - \u0141\u00f3d\u017a Design Festival","isPartOf":{"@id":"https:\/\/lodzdesign.com\/#website"},"primaryImageOfPage":{"@id":"https:\/\/lodzdesign.com\/uk\/%d0%bf%d1%80%d0%be-%d0%bd%d0%b0%d1%81\/%d0%b7%d0%b0%d1%81%d1%82%d0%be%d1%81%d1%83%d0%b2%d0%b0%d1%82%d0%b8\/#primaryimage"},"image":{"@id":"https:\/\/lodzdesign.com\/uk\/%d0%bf%d1%80%d0%be-%d0%bd%d0%b0%d1%81\/%d0%b7%d0%b0%d1%81%d1%82%d0%be%d1%81%d1%83%d0%b2%d0%b0%d1%82%d0%b8\/#primaryimage"},"thumbnailUrl":"https:\/\/lodzdesign.com\/app\/uploads\/2023\/11\/LDF2023-wystawa-More-Less-zdjecie-z-filtrem_small-scaled.webp","datePublished":"2023-08-08T18:19:27+00:00","dateModified":"2025-01-28T09:44:18+00:00","description":"?? ?????????? ????????, ????????????? ???????? ??, ???????, ????????? ???????-?????? ?? ?????????? ??? ?????????? ?????????? ?? ????? ?????? ? ?????????? ??????.","breadcrumb":{"@id":"https:\/\/lodzdesign.com\/uk\/%d0%bf%d1%80%d0%be-%d0%bd%d0%b0%d1%81\/%d0%b7%d0%b0%d1%81%d1%82%d0%be%d1%81%d1%83%d0%b2%d0%b0%d1%82%d0%b8\/#breadcrumb"},"inLanguage":"uk","potentialAction":[{"@type":"ReadAction","target":["https:\/\/lodzdesign.com\/uk\/%d0%bf%d1%80%d0%be-%d0%bd%d0%b0%d1%81\/%d0%b7%d0%b0%d1%81%d1%82%d0%be%d1%81%d1%83%d0%b2%d0%b0%d1%82%d0%b8\/"]}]},{"@type":"ImageObject","inLanguage":"uk","@id":"https:\/\/lodzdesign.com\/uk\/%d0%bf%d1%80%d0%be-%d0%bd%d0%b0%d1%81\/%d0%b7%d0%b0%d1%81%d1%82%d0%be%d1%81%d1%83%d0%b2%d0%b0%d1%82%d0%b8\/#primaryimage","url":"https:\/\/lodzdesign.com\/app\/uploads\/2023\/11\/LDF2023-wystawa-More-Less-zdjecie-z-filtrem_small-scaled.webp","contentUrl":"https:\/\/lodzdesign.com\/app\/uploads\/2023\/11\/LDF2023-wystawa-More-Less-zdjecie-z-filtrem_small-scaled.webp","width":2560,"height":1707},{"@type":"BreadcrumbList","@id":"https:\/\/lodzdesign.com\/uk\/%d0%bf%d1%80%d0%be-%d0%bd%d0%b0%d1%81\/%d0%b7%d0%b0%d1%81%d1%82%d0%be%d1%81%d1%83%d0%b2%d0%b0%d1%82%d0%b8\/#breadcrumb","itemListElement":[{"@type":"ListItem","position":1,"name":"\u0141DF","item":"https:\/\/lodzdesign.com\/uk\/"},{"@type":"ListItem","position":2,"name":"??? ???","item":"https:\/\/lodzdesign.com\/uk\/%d0%bf%d1%80%d0%be-%d0%bd%d0%b0%d1%81\/"},{"@type":"ListItem","position":3,"name":"???????????"}]},{"@type":"WebSite","@id":"https:\/\/lodzdesign.com\/#website","url":"https:\/\/lodzdesign.com\/","name":"\u0141\u00f3d\u017a Design Festival","description":"Z nami odnajdziesz najlepsze wzorce! Wejd\u017a na stron\u0119 i poznaj nasze podcasty, wirtualne wystawy, przewodniki, przyk\u0142ady najlepszego polskiego designu i wiele innych","publisher":{"@id":"https:\/\/lodzdesign.com\/#organization"},"alternateName":"\u0141DF","potentialAction":[{"@type":"SearchAction","target":{"@type":"EntryPoint","urlTemplate":"https:\/\/lodzdesign.com\/?s={search_term_string}"},"query-input":{"@type":"PropertyValueSpecification","valueRequired":true,"valueName":"search_term_string"}}],"inLanguage":"uk"},{"@type":"Organization","@id":"https:\/\/lodzdesign.com\/#organization","name":"\u0141\u00f3d\u017a Design Festival","url":"https:\/\/lodzdesign.com\/","logo":{"@type":"ImageObject","inLanguage":"uk","@id":"https:\/\/lodzdesign.com\/#\/schema\/logo\/image\/","url":"https:\/\/lodzdesign.com\/app\/uploads\/2023\/01\/ldf-logo-2-300x76-1.webp","contentUrl":"https:\/\/lodzdesign.com\/app\/uploads\/2023\/01\/ldf-logo-2-300x76-1.webp","width":300,"height":76,"caption":"\u0141\u00f3d\u017a Design Festival"},"image":{"@id":"https:\/\/lodzdesign.com\/#\/schema\/logo\/image\/"},"sameAs":["https:\/\/www.facebook.com\/Lodz.Design","https:\/\/instagram.com\/lodzdesign\/","https:\/\/www.linkedin.com\/company\/lodz-design-festival"]}]}},"_links":{"self":[{"href":"https:\/\/lodzdesign.com\/uk\/wp-json\/wp\/v2\/pages\/74563","targetHints":{"allow":["GET"]}}],"collection":[{"href":"https:\/\/lodzdesign.com\/uk\/wp-json\/wp\/v2\/pages"}],"about":[{"href":"https:\/\/lodzdesign.com\/uk\/wp-json\/wp\/v2\/types\/page"}],"author":[{"embeddable":true,"href":"https:\/\/lodzdesign.com\/uk\/wp-json\/wp\/v2\/users\/3"}],"replies":[{"embeddable":true,"href":"https:\/\/lodzdesign.com\/uk\/wp-json\/wp\/v2\/comments?post=74563"}],"version-history":[{"count":14,"href":"https:\/\/lodzdesign.com\/uk\/wp-json\/wp\/v2\/pages\/74563\/revisions"}],"predecessor-version":[{"id":75923,"href":"https:\/\/lodzdesign.com\/uk\/wp-json\/wp\/v2\/pages\/74563\/revisions\/75923"}],"up":[{"embeddable":true,"href":"https:\/\/lodzdesign.com\/uk\/wp-json\/wp\/v2\/pages\/74509"}],"wp:featuredmedia":[{"embeddable":true,"href":"https:\/\/lodzdesign.com\/uk\/wp-json\/wp\/v2\/media\/66120"}],"wp:attachment":[{"href":"https:\/\/lodzdesign.com\/uk\/wp-json\/wp\/v2\/media?parent=74563"}],"curies":[{"name":"wp","href":"https:\/\/api.w.org\/{rel}","templated":true}]}}