{"id":74791,"date":"2023-01-09T15:15:12","date_gmt":"2023-01-09T14:15:12","guid":{"rendered":"https:\/\/lodzdesign.com\/makeme\/"},"modified":"2025-04-02T10:49:10","modified_gmt":"2025-04-02T09:49:10","slug":"makeme","status":"publish","type":"page","link":"https:\/\/lodzdesign.com\/uk\/makeme\/","title":{"rendered":"make me!"},"content":{"rendered":"\n\n<div class=\"breadcrumbs container\" role=\"navigation\">\n\n            <p><span><span><a href=\"https:\/\/lodzdesign.com\/uk\/\">\u0141DF<\/a><\/span><\/span><\/p>\n    <\/div>\n\n\n\n<div class=\"right-image-left-content-block container\">\n\n    <div class=\"right-image-left-content-block__inner-part\">\n\n        <div class=\"right-image-left-content-block__left-part\" >\n                            <h2>\n                    make me!\n                <\/h2>\n            \n            <p>\n                ??????????? ??????? ?????? ????!? ? ?????? ? ???????? ???????????? ????? ? ????? ??????? ? ?????? ?? ???????? ???????? ????????? ????????? ???????. ????????????? ????? make me! <b>? ????????????? ????????? ????????? ?? ????????? ??????? ?????????? (? ???? 20-35 ?????)<\/b>, ??? ?????? ?????? ? ?????????.\r\n<br><br>\r\n????????? ?????????? ???????? ???????????? ??????????, ??? ?????????? ??? ??? ??????? ?????? ? ????????, ????? ????: ???????? ???????????? ? ????????????? ?????????, ?????????? ?? ????????? ????????? ?????????? ??? ????????? ????????.\r\n<br><br>\r\n<b>????????, ?? ??????????? ??????? ? ?????????? ?????????, ???? ???????????? ??? ??? 19-?? \u0141\u00f3d\u017a Design Festival &#8211; 20-25 ?????? 2025 ????.<\/b>\r\n<br><br>\n            <\/p>\n\n                    <\/div>\n\n        <div class=\"right-image-left-content-block__right-part\" >\n            <img decoding=\"async\" src=\"https:\/\/lodzdesign.com\/app\/uploads\/2023\/04\/LDF-make-me-fot-Aleksandra-Pawlowska-1024x683-1.png\" alt=\"\">\n        <\/div>\n\n    <\/div>\n\n<\/div>\n\n\n\n<div class=\"ldf-content-block container\">\n    <p>??????? ???????????? ?? ???? ?? ?????, ??? ????? ???? ?????? ? ??? ??????. ??? ??????????? ??? ????, ???? ??????? ?? ??????? ???????????? ???????, ?????????? ???????????? ???????? ??? ?????????. ? ???????? ?????? ????!? ????? ?????????????? ???????, ??? ??????????????? ? ??????????? ??? ??????? ???? ????????????? ???????? ???????.<\/p>\n<p>&nbsp;<\/p>\n<p>????????? ?????? ?????????? ? ??? ????? ?????????? ?????????? ????????????? ????. ??????? ????????? ???????? ???????? ?? ????????? ? ?????????? ??????????, make me! ???? ????? ?????????? ??? ?????????? ???????????? ????????.<\/p>\n\n<\/div>\n\n\n\n<div class=\"ldf-slider container\">\n    <div class=\"ldf-slider-desktop\">\n        <span class=\"thin-arrow left-thin-arrow left-thin-arrow-\"\n\t\t\trole=\"button\"\n\t\t\ttabindex=\"0\"\n\t\t\tdata-move-class=\"carousel-control-previous-\">\n\t\t<div style=\"display: none\">slide left<\/div>\n\t\t<\/span>\n        <div class=\"carousel carousel-\"><\/div>\n\t\t\n        <span class=\"thin-arrow right-thin-arrow right-thin-arrow-\"\n\t\t\trole=\"button\"\n\t\t\ttabindex=\"0\"\n\t\t\tdata-move-class=\"carousel-control-next-\">\n\t\t\t<div style=\"display: none\">slide left<\/div>\n\t\t<\/span>\n\t\t\n\t\t<div class=\"alt-text\"><\/div>\n    <\/div>\n    <div class=\"ldf-slider-mobile\" style=\"display: none;\">\n            <\/div>\n\t\n<\/div>\n\n\t\n<script>\nlet exampleCarousel\n    jQuery( document ).ready(function() {\n        \/\/ Create a new carousel object\n        exampleCarousel = new Carousel( document.querySelector( '.carousel-' ), );\n        \/\/ Setup carousel and methods\n        exampleCarousel.mounted();\n\n        var alreadyGalleryArray = [];\n\n        jQuery('.ldf-slider-desktop .carousel- .carousel-item').each(function( index ) {\n\t\t\n            var src = jQuery(this).attr('src');\n\n            if ( jQuery.inArray(src, alreadyGalleryArray) === -1 ) {\n                alreadyGalleryArray.push(src);\n                jQuery(this).attr('data-fancybox', '');\n            }\n        });\n\n    });\n\n    jQuery( document ).ready(\n        function(){\n            var maxHeight = 0;\n\n            jQuery('.carousel-container-' + carousel_number + ' img').each(function(){\n\n                jQuery(this).on('load', function(){\n                    var thisH = jQuery(this).height();\n\n                    if (thisH > maxHeight) {\n                        maxHeight = thisH;\n\n                        jQuery('.ldf-slider .carousel-' + carousel_number).css('height', maxHeight);\n                        jQuery('.ldf-slider .carousel-container-' + carousel_number).css('height', maxHeight);\n\t\t\t\t\t\texampleCarousel.altText()\n                    }\n                });\n            });\n        }\n    );\n\n    jQuery('body').on('click', '.ldf-slider-desktop img', function() {\n        var isFancybox = jQuery(this).attr('data-fancybox');\n\n        if ( isFancybox === undefined || isFancybox === '' ) {\n            var clickedSrc = jQuery(this).attr('src');\n\n            jQuery('.ldf-slider-desktop img[data-fancybox=\"\"]').each(function(){\n               if ( jQuery(this).attr('src') === clickedSrc ) {\n                   jQuery(this).attr('data-fancybox', '');\n               }\n            });\n\n            jQuery(this).attr('data-fancybox', '');\n\n        }\n    });\n\n    jQuery('body').on('click', '.ldf-slider-mobile img', function() {\n       var src = jQuery(this).attr('src');\n       var currentSrc = '';\n\n        jQuery('.carousel-container img[data-fancybox=\"\"]').each(function(){\n            currentSrc = jQuery(this).attr('src');\n\n            if ( currentSrc === src ) {\n                jQuery(this).click();\n            }\n        });\n\n    });\n\n<\/script>\n\n\n\n<div class=\"left-image-right-content-block container\">\n\n    <div class=\"left-image-right-content-block__inner-part\">\n\n        <div class=\"left-image-right-content-block__left-part\" >\n            <img decoding=\"async\" src=\"https:\/\/lodzdesign.com\/app\/uploads\/2024\/02\/LDF-make-me-kafelek-uni.png\" alt=\"\">\n        <\/div>\n\n        <div class=\"left-image-right-content-block__right-part\" >\n                            <h2>\n                    ??? ???????\n                <\/h2>\n            \n            <p>\n                <b>?????????? ????? ?? ???????? make me! 2025 ??? ??????????.<\/b>\r\n<br>\r\n<br>\r\n? ???????? make me! \u0141\u00f3d\u017a Design Festival ????? ??????????? ???? ?? ???????, ??? ????? ????????? ??? ?????? ????! Make me! &#8211; ?? ???????, ????????? ??? ?????????? ???????? ?????????, ?? ????? ?????? ??????? ?????????. ??? ??????????? ???? ???, ???? ??????? ?? ??????? ???????????? ???????, ?????????? ???????????? ???????? ??? ?????????.\r\n<br><br>\n            <\/p>\n\n                    <\/div>\n\n    <\/div>\n\n<\/div>","protected":false},"excerpt":{"rendered":"","protected":false},"author":4,"featured_media":45919,"parent":0,"menu_order":0,"comment_status":"closed","ping_status":"closed","template":"","meta":{"inline_featured_image":false,"footnotes":""},"class_list":["post-74791","page","type-page","status-publish","has-post-thumbnail","hentry"],"acf":[],"yoast_head":"<!-- This site is optimized with the Yoast SEO plugin v25.0 - https:\/\/yoast.com\/wordpress\/plugins\/seo\/ -->\n<title>make me! - \u0141\u00f3d\u017a Design Festival<\/title>\n<meta name=\"description\" content=\"??????????? ??????? ??????? make me!, ?? ??????????? ? 2008 ????, ? ?????? ? ???????? ???????????? ????? ? ????? ??????? ? ??????.\" \/>\n<meta name=\"robots\" content=\"index, follow, max-snippet:-1, max-image-preview:large, max-video-preview:-1\" \/>\n<link rel=\"canonical\" href=\"https:\/\/lodzdesign.com\/uk\/makeme\/\" \/>\n<meta property=\"og:locale\" content=\"uk_UA\" \/>\n<meta property=\"og:type\" content=\"article\" \/>\n<meta property=\"og:title\" content=\"make me! - \u0141\u00f3d\u017a Design Festival\" \/>\n<meta property=\"og:url\" content=\"https:\/\/lodzdesign.com\/uk\/makeme\/\" \/>\n<meta property=\"og:site_name\" content=\"\u0141\u00f3d\u017a Design Festival\" \/>\n<meta property=\"article:publisher\" content=\"https:\/\/www.facebook.com\/Lodz.Design\" \/>\n<meta property=\"article:modified_time\" content=\"2025-04-02T09:49:10+00:00\" \/>\n<meta property=\"og:image\" content=\"https:\/\/lodzdesign.com\/app\/uploads\/2022\/12\/2021-fot.-Aleksandra-Pawlowska-scaled.jpg\" \/>\n\t<meta property=\"og:image:width\" content=\"2560\" \/>\n\t<meta property=\"og:image:height\" content=\"1707\" \/>\n\t<meta property=\"og:image:type\" content=\"image\/jpeg\" \/>\n<meta name=\"twitter:card\" content=\"summary_large_image\" \/>\n<meta name=\"twitter:image\" content=\"https:\/\/lodzdesign.com\/app\/uploads\/2022\/12\/2021-fot.-Aleksandra-Pawlowska-scaled.jpg\" \/>\n<meta name=\"twitter:label1\" content=\"Est. reading time\" \/>\n\t<meta name=\"twitter:data1\" content=\"1 minute\" \/>\n<script type=\"application\/ld+json\" class=\"yoast-schema-graph\">{\"@context\":\"https:\/\/schema.org\",\"@graph\":[{\"@type\":\"WebPage\",\"@id\":\"https:\/\/lodzdesign.com\/uk\/makeme\/\",\"url\":\"https:\/\/lodzdesign.com\/uk\/makeme\/\",\"name\":\"make me! - \u0141\u00f3d\u017a Design Festival\",\"isPartOf\":{\"@id\":\"https:\/\/lodzdesign.com\/#website\"},\"primaryImageOfPage\":{\"@id\":\"https:\/\/lodzdesign.com\/uk\/makeme\/#primaryimage\"},\"image\":{\"@id\":\"https:\/\/lodzdesign.com\/uk\/makeme\/#primaryimage\"},\"thumbnailUrl\":\"https:\/\/lodzdesign.com\/app\/uploads\/2022\/12\/2021-fot.-Aleksandra-Pawlowska-scaled.jpg\",\"datePublished\":\"2023-01-09T14:15:12+00:00\",\"dateModified\":\"2025-04-02T09:49:10+00:00\",\"description\":\"??????????? ??????? ??????? make me!, ?? ??????????? ? 2008 ????, ? ?????? ? ???????? ???????????? ????? ? ????? ??????? ? ??????.\",\"breadcrumb\":{\"@id\":\"https:\/\/lodzdesign.com\/uk\/makeme\/#breadcrumb\"},\"inLanguage\":\"uk\",\"potentialAction\":[{\"@type\":\"ReadAction\",\"target\":[\"https:\/\/lodzdesign.com\/uk\/makeme\/\"]}]},{\"@type\":\"ImageObject\",\"inLanguage\":\"uk\",\"@id\":\"https:\/\/lodzdesign.com\/uk\/makeme\/#primaryimage\",\"url\":\"https:\/\/lodzdesign.com\/app\/uploads\/2022\/12\/2021-fot.-Aleksandra-Pawlowska-scaled.jpg\",\"contentUrl\":\"https:\/\/lodzdesign.com\/app\/uploads\/2022\/12\/2021-fot.-Aleksandra-Pawlowska-scaled.jpg\",\"width\":2560,\"height\":1707},{\"@type\":\"BreadcrumbList\",\"@id\":\"https:\/\/lodzdesign.com\/uk\/makeme\/#breadcrumb\",\"itemListElement\":[{\"@type\":\"ListItem\",\"position\":1,\"name\":\"\u0141DF\",\"item\":\"https:\/\/lodzdesign.com\/uk\/\"},{\"@type\":\"ListItem\",\"position\":2,\"name\":\"make me!\"}]},{\"@type\":\"WebSite\",\"@id\":\"https:\/\/lodzdesign.com\/#website\",\"url\":\"https:\/\/lodzdesign.com\/\",\"name\":\"\u0141\u00f3d\u017a Design Festival\",\"description\":\"Z nami odnajdziesz najlepsze wzorce! Wejd\u017a na stron\u0119 i poznaj nasze podcasty, wirtualne wystawy, przewodniki, przyk\u0142ady najlepszego polskiego designu i wiele innych\",\"publisher\":{\"@id\":\"https:\/\/lodzdesign.com\/#organization\"},\"alternateName\":\"\u0141DF\",\"potentialAction\":[{\"@type\":\"SearchAction\",\"target\":{\"@type\":\"EntryPoint\",\"urlTemplate\":\"https:\/\/lodzdesign.com\/?s={search_term_string}\"},\"query-input\":{\"@type\":\"PropertyValueSpecification\",\"valueRequired\":true,\"valueName\":\"search_term_string\"}}],\"inLanguage\":\"uk\"},{\"@type\":\"Organization\",\"@id\":\"https:\/\/lodzdesign.com\/#organization\",\"name\":\"\u0141\u00f3d\u017a Design Festival\",\"url\":\"https:\/\/lodzdesign.com\/\",\"logo\":{\"@type\":\"ImageObject\",\"inLanguage\":\"uk\",\"@id\":\"https:\/\/lodzdesign.com\/#\/schema\/logo\/image\/\",\"url\":\"https:\/\/lodzdesign.com\/app\/uploads\/2023\/01\/ldf-logo-2-300x76-1.webp\",\"contentUrl\":\"https:\/\/lodzdesign.com\/app\/uploads\/2023\/01\/ldf-logo-2-300x76-1.webp\",\"width\":300,\"height\":76,\"caption\":\"\u0141\u00f3d\u017a Design Festival\"},\"image\":{\"@id\":\"https:\/\/lodzdesign.com\/#\/schema\/logo\/image\/\"},\"sameAs\":[\"https:\/\/www.facebook.com\/Lodz.Design\",\"https:\/\/instagram.com\/lodzdesign\/\",\"https:\/\/www.linkedin.com\/company\/lodz-design-festival\"]}]}<\/script>\n<!-- \/ Yoast SEO plugin. -->","yoast_head_json":{"title":"make me! - \u0141\u00f3d\u017a Design Festival","description":"??????????? ??????? ??????? make me!, ?? ??????????? ? 2008 ????, ? ?????? ? ???????? ???????????? ????? ? ????? ??????? ? ??????.","robots":{"index":"index","follow":"follow","max-snippet":"max-snippet:-1","max-image-preview":"max-image-preview:large","max-video-preview":"max-video-preview:-1"},"canonical":"https:\/\/lodzdesign.com\/uk\/makeme\/","og_locale":"uk_UA","og_type":"article","og_title":"make me! - \u0141\u00f3d\u017a Design Festival","og_url":"https:\/\/lodzdesign.com\/uk\/makeme\/","og_site_name":"\u0141\u00f3d\u017a Design Festival","article_publisher":"https:\/\/www.facebook.com\/Lodz.Design","article_modified_time":"2025-04-02T09:49:10+00:00","og_image":[{"width":2560,"height":1707,"url":"https:\/\/lodzdesign.com\/app\/uploads\/2022\/12\/2021-fot.-Aleksandra-Pawlowska-scaled.jpg","type":"image\/jpeg"}],"twitter_card":"summary_large_image","twitter_image":"https:\/\/lodzdesign.com\/app\/uploads\/2022\/12\/2021-fot.-Aleksandra-Pawlowska-scaled.jpg","twitter_misc":{"Est. reading time":"1 minute"},"schema":{"@context":"https:\/\/schema.org","@graph":[{"@type":"WebPage","@id":"https:\/\/lodzdesign.com\/uk\/makeme\/","url":"https:\/\/lodzdesign.com\/uk\/makeme\/","name":"make me! - \u0141\u00f3d\u017a Design Festival","isPartOf":{"@id":"https:\/\/lodzdesign.com\/#website"},"primaryImageOfPage":{"@id":"https:\/\/lodzdesign.com\/uk\/makeme\/#primaryimage"},"image":{"@id":"https:\/\/lodzdesign.com\/uk\/makeme\/#primaryimage"},"thumbnailUrl":"https:\/\/lodzdesign.com\/app\/uploads\/2022\/12\/2021-fot.-Aleksandra-Pawlowska-scaled.jpg","datePublished":"2023-01-09T14:15:12+00:00","dateModified":"2025-04-02T09:49:10+00:00","description":"??????????? ??????? ??????? make me!, ?? ??????????? ? 2008 ????, ? ?????? ? ???????? ???????????? ????? ? ????? ??????? ? ??????.","breadcrumb":{"@id":"https:\/\/lodzdesign.com\/uk\/makeme\/#breadcrumb"},"inLanguage":"uk","potentialAction":[{"@type":"ReadAction","target":["https:\/\/lodzdesign.com\/uk\/makeme\/"]}]},{"@type":"ImageObject","inLanguage":"uk","@id":"https:\/\/lodzdesign.com\/uk\/makeme\/#primaryimage","url":"https:\/\/lodzdesign.com\/app\/uploads\/2022\/12\/2021-fot.-Aleksandra-Pawlowska-scaled.jpg","contentUrl":"https:\/\/lodzdesign.com\/app\/uploads\/2022\/12\/2021-fot.-Aleksandra-Pawlowska-scaled.jpg","width":2560,"height":1707},{"@type":"BreadcrumbList","@id":"https:\/\/lodzdesign.com\/uk\/makeme\/#breadcrumb","itemListElement":[{"@type":"ListItem","position":1,"name":"\u0141DF","item":"https:\/\/lodzdesign.com\/uk\/"},{"@type":"ListItem","position":2,"name":"make me!"}]},{"@type":"WebSite","@id":"https:\/\/lodzdesign.com\/#website","url":"https:\/\/lodzdesign.com\/","name":"\u0141\u00f3d\u017a Design Festival","description":"Z nami odnajdziesz najlepsze wzorce! Wejd\u017a na stron\u0119 i poznaj nasze podcasty, wirtualne wystawy, przewodniki, przyk\u0142ady najlepszego polskiego designu i wiele innych","publisher":{"@id":"https:\/\/lodzdesign.com\/#organization"},"alternateName":"\u0141DF","potentialAction":[{"@type":"SearchAction","target":{"@type":"EntryPoint","urlTemplate":"https:\/\/lodzdesign.com\/?s={search_term_string}"},"query-input":{"@type":"PropertyValueSpecification","valueRequired":true,"valueName":"search_term_string"}}],"inLanguage":"uk"},{"@type":"Organization","@id":"https:\/\/lodzdesign.com\/#organization","name":"\u0141\u00f3d\u017a Design Festival","url":"https:\/\/lodzdesign.com\/","logo":{"@type":"ImageObject","inLanguage":"uk","@id":"https:\/\/lodzdesign.com\/#\/schema\/logo\/image\/","url":"https:\/\/lodzdesign.com\/app\/uploads\/2023\/01\/ldf-logo-2-300x76-1.webp","contentUrl":"https:\/\/lodzdesign.com\/app\/uploads\/2023\/01\/ldf-logo-2-300x76-1.webp","width":300,"height":76,"caption":"\u0141\u00f3d\u017a Design Festival"},"image":{"@id":"https:\/\/lodzdesign.com\/#\/schema\/logo\/image\/"},"sameAs":["https:\/\/www.facebook.com\/Lodz.Design","https:\/\/instagram.com\/lodzdesign\/","https:\/\/www.linkedin.com\/company\/lodz-design-festival"]}]}},"_links":{"self":[{"href":"https:\/\/lodzdesign.com\/uk\/wp-json\/wp\/v2\/pages\/74791","targetHints":{"allow":["GET"]}}],"collection":[{"href":"https:\/\/lodzdesign.com\/uk\/wp-json\/wp\/v2\/pages"}],"about":[{"href":"https:\/\/lodzdesign.com\/uk\/wp-json\/wp\/v2\/types\/page"}],"author":[{"embeddable":true,"href":"https:\/\/lodzdesign.com\/uk\/wp-json\/wp\/v2\/users\/4"}],"replies":[{"embeddable":true,"href":"https:\/\/lodzdesign.com\/uk\/wp-json\/wp\/v2\/comments?post=74791"}],"version-history":[{"count":12,"href":"https:\/\/lodzdesign.com\/uk\/wp-json\/wp\/v2\/pages\/74791\/revisions"}],"predecessor-version":[{"id":77747,"href":"https:\/\/lodzdesign.com\/uk\/wp-json\/wp\/v2\/pages\/74791\/revisions\/77747"}],"wp:featuredmedia":[{"embeddable":true,"href":"https:\/\/lodzdesign.com\/uk\/wp-json\/wp\/v2\/media\/45919"}],"wp:attachment":[{"href":"https:\/\/lodzdesign.com\/uk\/wp-json\/wp\/v2\/media?parent=74791"}],"curies":[{"name":"wp","href":"https:\/\/api.w.org\/{rel}","templated":true}]}}