{"id":77275,"date":"2025-02-17T16:31:35","date_gmt":"2025-02-17T15:31:35","guid":{"rendered":"https:\/\/lodzdesign.com\/?page_id=77275"},"modified":"2025-03-11T16:27:12","modified_gmt":"2025-03-11T15:27:12","slug":"%d0%b2%d0%b8%d0%b4%d0%b0%d0%bd%d0%bd%d1%8f-2025","status":"publish","type":"page","link":"https:\/\/lodzdesign.com\/uk\/%d0%b2%d0%b8%d0%b4%d0%b0%d0%bd%d0%bd%d1%8f-2025\/","title":{"rendered":"??????? 2025"},"content":{"rendered":"\n\n<div class=\"breadcrumbs container\" role=\"navigation\">\n\n                <p>\n                <span>\n                    <span>\n                                                    <a href=\"https:\/\/lodzdesign.com\/uk\/\" target=\"\">\u0141DF<\/a>\n                            \/\n                        \n                        <strong class=\"breadcrumb_last\" aria-current=\"page\"><\/strong>\n                    <\/span>\n                <\/span>\n            <\/p>\n    <\/div>\n\n\n\n<div class=\"ldf-heading-block container\">\n\n    <div class=\"ldf-heading-block__inner-part\">\n\n        <div class=\"ldf-heading-block__left-part\">\n            <h1>\n                ??????? 2025\n            <\/h1>\n\n                    <\/div>\n\n    <\/div>\n\n<\/div>\n\n\n\n<div class=\"ldf-content-block container\">\n    <p><strong>??? ????&#8217;????????? \u0141\u00f3d\u017a Design Festival ????? ????????? ??? ??????? ??? ?????????????? ???????????? ??????? ?? ??????? ???????? ?? ????????? ?? ???????? ????????. ????? ???????? ?????????? ???? ? ????????????? ????? ? ??? ????????????? ????????, ??????????? ????? ?? ????????????? ? ??????????????? ????????? ? \u0141DF ???????? ???? ??? ????????, ????????? ?? ?????? ?? ????????? ??????? ??? ???????? ??? ???? ????????? ???????. <\/strong><\/p>\n\n<\/div>\n\n\n\n<div class=\"left-image-right-content-block container\">\n\n    <div class=\"left-image-right-content-block__inner-part\">\n\n        <div class=\"left-image-right-content-block__left-part\" >\n            <img decoding=\"async\" src=\"https:\/\/lodzdesign.com\/app\/uploads\/2025\/02\/LDF2025-nie_koniec-plakat.png\" alt=\"\">\n        <\/div>\n\n        <div class=\"left-image-right-content-block__right-part\" >\n            \n            <p>\n                <br><br><br><br>\r\n????? <b>nie_koniec \/ un_end<\/b> ???????? ???????? \u0141\u00f3d\u017a Design Festival 2025, ???????????? ???????? ???????????? ? ????????? ? ???????. ???? ???????? ????????? ???????? ?????????????, ????????? ????? ??? ??????? ?? ??????????? ? ????????? ?????. <b>nie_koniec \/ un_end<\/b> ????? ???????? ??? ???????????? ??&#8217;???? ??? ??????????????, ?????????, ????? ????????? ? ??????? ????????, ?? ?????????? ? ?????? ???????????? ????, ???????? ???????? ?? ?????????? ?????????, ???? ?? ?????????.\r\n<br><br><br><br><br><br><br><br>\r\n\n            <\/p>\n\n                    <\/div>\n\n    <\/div>\n\n<\/div>\n\n\n\n<div class=\"ldf-content-block container\">\n    <p><strong>??????????? ?????????: make me!<\/strong><\/p>\n<p>&nbsp;<\/p>\n<p><strong>nie_koniec \/ un_end<\/strong> ?????????? ??????????? ??????? ???????????? ?? ??????????? ? ??????? ?????? ? ??? ???? ????? ????? ????????? ? ?????????? ? ???????\/????????? ???? ?? ????????????? ??????????? ???????. ??????? <strong>???????????? ?????????: make me!?<\/strong> ????????? ??????????, ?? ?????? ????????? ????????? ?? ??????????? ??????? ??? ?????????, ???????????????? ?? ???????????? ????? ??????, ??? ? ????, ???????????? ????????? ???????? ??? ???? ? ????????? ?????????????? ?????????. ????? ?????, <strong>nie_koniec \/ un_end<\/strong>\u00a0? ????????? ????????????? ?????????, ????? ?????? ??????? ?? ??????? ??&#8217;???? ??? ????????. ??&#8217;???? ??????? ?????????? ????? ????????????? ????? ????????, ????, ???? ?? ?? ?????????. ??????????? ???????????? ???????, ??????????? ? ????????, ????? ????????? ??????? ????????? ? ?????????? ????????????? ? ? ??????????? ???????? ???????? ??????? ???????? ?????????? ??? ??????, ?????????? ??? ??????????????, ????????? ?? ????????.<\/p>\n\n<\/div>\n\n\n\n<div class=\"ldf-button-block container\">\n            <a href=\"https:\/\/lodzdesign.com\/uk\/makeme\/\" target=\"\">\n            ?????????? ?????? ??? ???????? make me!\n                            <span class=\"ldf-chevron ldf-chevron-right\"><\/span>\n                    <\/a>\n            <a href=\"https:\/\/lodzdesign.com\/uk\/makeme\/%d0%b7%d0%b0%d1%81%d1%82%d0%be%d1%81%d1%83%d0%b2%d0%b0%d1%82%d0%b8\/\" target=\"\">\n            ???????????\n                            <span class=\"ldf-chevron ldf-chevron-right\"><\/span>\n                    <\/a>\n    <\/div>\n\n\n\n<div class=\"ldf-content-block container\">\n    <p><strong>EverCity ? ????? ??? ????????<\/strong><\/p>\n<p>&nbsp;<\/p>\n<p>nie_koniec \/ un_end ??? ?????????? ????????, ?? ??????????????? ????????? ?????????? ??? ???????????? ???????? ??????. ???????? ????????? ????????? ????? ????????? ?????????, ???????? ? ?????????????? ???????, ?????? ?? ????????????, ????????????? ???? ????????? ?? ??, ?? ?? ???????? ???? ????????. ???????? ???????? ????? ?????????? ?????????????? ?? ????????? ????, ??? ????? ??????????? ??????? ????????, ????????? ????????? ?? ?????????????? ????????????. ??????, ???????????, ??????????? ?? ??????????? ??????????? ???????????, ???? ???????????? ????? ?????????? ?????? ??? ???????, ?????????? ? ?????????. <strong>?EverCity ? ????? ??? ????????? &#8211; ??????? ???????? ????????<\/strong> ? ??????? ???????? ????? ???????? ????????????? ???? ???? ????????? ??????????? ??? ????? ?????????. ???? ???????? ????? ????? ? ???????? ?? ?????????? ?????? ? ????????? ???????????, ??? ? ???????????? ??? ???????? ? ??????????? ?????? ?????.<\/p>\n<p>&nbsp;<\/p>\n<p><strong>15-?? ??????? must have ??????????<\/strong><\/p>\n<p>&nbsp;<\/p>\n<p>nie_koniec \/ un_end ? ?? ????? ?????? ????????? ???????? ?????????? ???????, ???? ??? 15 ????? ????????? ???? ???????????? ? must have ?????????? ?? ????????, ?? ???? ???????????. ?????? ?? ???????? ???????????? ??????????, ??? ???????????? ????? ??????? ?? ??????? ? ??? ????????????????, ???????????? ?? ?????????????? ?? ??????? ?????????? ?????????, ??? ? ?????? ? ?????? ???????????? ???????. ????? ???????? ?????????? ?? ?????? ???? ?? ?????????????? ??????????? ??????????, ????? ?? ???????? ??? ????, ??? ??????????? ???????? ???? ????????? ???????. ????????? ????? ??????? ??????????? ????????? ? ??????????, ? ?????????, ????????? ?? ????????? ???????? ????????? ?? ???? ?????, ????????? ??????? ??? ????. ???????? must have &#8211; ?? ????? ??? ???????? ? ???? ??????? ????????????? ????? ? ?????????, ?? ????????? ?? ???????????? ??????????????, ????????? ???????????? ???? ???????.<\/p>\n<p class=\"p1\"><span class=\"s1\">\u00a0<\/span><\/p>\n\n<\/div>\n\n\n\n<div class=\"ldf-button-block container\">\n            <a href=\"https:\/\/lodzdesign.com\/uk\/musthave\/\" target=\"\">\n            ?????? ??? ?????????? must have\n                            <span class=\"ldf-chevron ldf-chevron-right\"><\/span>\n                    <\/a>\n            <a href=\"https:\/\/lodzdesign.com\/uk\/musthave\/%d0%b7%d0%b0%d1%81%d1%82%d0%be%d1%81%d1%83%d0%b2%d0%b0%d1%82%d0%b8\/\" target=\"\">\n            ???????????\n                            <span class=\"ldf-chevron ldf-chevron-right\"><\/span>\n                    <\/a>\n    <\/div>\n\n\n\n<div class=\"ldf-button-block container\">\n            <a href=\"https:\/\/lodzdesign.com\/uk\/open-programme\/\" target=\"\">\n            ?????? ??? ?????????? open programme\n                            <span class=\"ldf-chevron ldf-chevron-right\"><\/span>\n                    <\/a>\n            <a href=\"https:\/\/lodzdesign.com\/uk\/open-programme\/%d0%b7%d0%b0%d1%81%d1%82%d0%be%d1%81%d1%83%d0%b2%d0%b0%d1%82%d0%b8\/\" target=\"\">\n            ???????????\n                            <span class=\"ldf-chevron ldf-chevron-right\"><\/span>\n                    <\/a>\n    <\/div>\n\n\n\n<div class=\"ldf-content-block container\">\n    <p class=\"p1\">\u0141\u00f3d\u017a Design Festival ????? ?????? ? ?????????? ??????, ??????????? ??????????? ?????? ??? ??????, ?????? ???????? ?? ?????????, ????????? ????? ??????????, ????? ?? ???????????. ????????????? ?????????? ????????? ? ???????? ????????? ????? ??????? ????? ??????????? ?????? ????? ?? ?????????? ????????, ? ????? ????????? ??????? ??? ????????, ??????????? ??????? ?????????? ?????????, ????? ??????????? ?? ????????, ? ????? ???? ??????????. ? ????????? ?????????<strong> nie_koniec \/ un_end<\/strong> ????? ???? ???????????? ??????, ???????????? ???? ????????? ?? ??????????? ??? ????????? ???????? ????????? ??????? ????? ???????? ???????????? ?? ?????????? ?????? ??????, ????????? ?????? ?? ???????????? ?? ??????????? ????? ?????????.<\/p>\n<p>&nbsp;<\/p>\n<hr \/>\n<p>&nbsp;<\/p>\n<p>??????? ????????????? ???????? ????????.<\/p>\n<p>&nbsp;<\/p>\n<hr \/>\n<p>&nbsp;<\/p>\n<p>\u0141\u00f3d\u017a Design Festival ???? ???????? ??????? ????????? ???????????? ?????? ????? ?? ????? ?????. ??? ???????????????? ????????????? ???????? ? ???????????? ???????? ? ?????? ?????????? ???????? ?????????? ??????????? ? ???? ????????????? ????? 2025. <em>?????????????????? ??????<\/em> <em>?<\/em>\u00a0<em>Narodowe Centrum Kultury<\/em>.<\/p>\n\n<\/div>\n\n\n\n\n        \n\n\n<div class=\"ldf-images container\n            \"\n>\n                        <img decoding=\"async\" data-fancybox=\"gallery-417923464\" data-src=\"https:\/\/lodzdesign.com\/app\/uploads\/2025\/02\/LDF2025-nie_koniec-belka-dofinansowanie-www.png\" src=\"https:\/\/lodzdesign.com\/app\/uploads\/2025\/02\/LDF2025-nie_koniec-belka-dofinansowanie-www.png\" alt=\"\"\n                                            style=\"width: 100%;\"\n                                >\n                        <\/div>","protected":false},"excerpt":{"rendered":"","protected":false},"author":4,"featured_media":76205,"parent":0,"menu_order":0,"comment_status":"closed","ping_status":"closed","template":"","meta":{"inline_featured_image":false,"footnotes":""},"class_list":["post-77275","page","type-page","status-publish","has-post-thumbnail","hentry"],"acf":[],"yoast_head":"<!-- This site is optimized with the Yoast SEO plugin v25.0 - https:\/\/yoast.com\/wordpress\/plugins\/seo\/ -->\n<title>??????? 2025 - \u0141\u00f3d\u017a Design Festival<\/title>\n<meta name=\"description\" content=\"??????????? ????? \u0141DF, ???? ??? ? 19-? ??? ????? ????????? ??? ??????? ??? ?????????????? ???????????? ??????? ?? ???????? ?? ????????? ?? ???????? ????????.\" \/>\n<meta name=\"robots\" content=\"index, follow, max-snippet:-1, max-image-preview:large, max-video-preview:-1\" \/>\n<link rel=\"canonical\" href=\"https:\/\/lodzdesign.com\/uk\/\u0432\u0438\u0434\u0430\u043d\u043d\u044f-2025\/\" \/>\n<meta property=\"og:locale\" content=\"uk_UA\" \/>\n<meta property=\"og:type\" content=\"article\" \/>\n<meta property=\"og:title\" content=\"??????? 2025 - \u0141\u00f3d\u017a Design Festival\" \/>\n<meta property=\"og:url\" content=\"https:\/\/lodzdesign.com\/uk\/\u0432\u0438\u0434\u0430\u043d\u043d\u044f-2025\/\" \/>\n<meta property=\"og:site_name\" content=\"\u0141\u00f3d\u017a Design Festival\" \/>\n<meta property=\"article:publisher\" content=\"https:\/\/www.facebook.com\/Lodz.Design\" \/>\n<meta property=\"article:modified_time\" content=\"2025-03-11T15:27:12+00:00\" \/>\n<meta property=\"og:image\" content=\"https:\/\/lodzdesign.com\/app\/uploads\/2025\/02\/LDF2025-nie_koniec-kafelek-www.png\" \/>\n\t<meta property=\"og:image:width\" content=\"2250\" \/>\n\t<meta property=\"og:image:height\" content=\"2250\" \/>\n\t<meta property=\"og:image:type\" content=\"image\/png\" \/>\n<meta name=\"twitter:card\" content=\"summary_large_image\" \/>\n<meta name=\"twitter:image\" content=\"https:\/\/lodzdesign.com\/app\/uploads\/2025\/02\/LDF2025-nie_koniec-kafelek-www.png\" \/>\n<meta name=\"twitter:label1\" content=\"Est. reading time\" \/>\n\t<meta name=\"twitter:data1\" content=\"1 minute\" \/>\n<script type=\"application\/ld+json\" class=\"yoast-schema-graph\">{\"@context\":\"https:\/\/schema.org\",\"@graph\":[{\"@type\":\"WebPage\",\"@id\":\"https:\/\/lodzdesign.com\/uk\/%d0%b2%d0%b8%d0%b4%d0%b0%d0%bd%d0%bd%d1%8f-2025\/\",\"url\":\"https:\/\/lodzdesign.com\/uk\/%d0%b2%d0%b8%d0%b4%d0%b0%d0%bd%d0%bd%d1%8f-2025\/\",\"name\":\"??????? 2025 - \u0141\u00f3d\u017a Design Festival\",\"isPartOf\":{\"@id\":\"https:\/\/lodzdesign.com\/#website\"},\"primaryImageOfPage\":{\"@id\":\"https:\/\/lodzdesign.com\/uk\/%d0%b2%d0%b8%d0%b4%d0%b0%d0%bd%d0%bd%d1%8f-2025\/#primaryimage\"},\"image\":{\"@id\":\"https:\/\/lodzdesign.com\/uk\/%d0%b2%d0%b8%d0%b4%d0%b0%d0%bd%d0%bd%d1%8f-2025\/#primaryimage\"},\"thumbnailUrl\":\"https:\/\/lodzdesign.com\/app\/uploads\/2025\/02\/LDF2025-nie_koniec-kafelek-www.png\",\"datePublished\":\"2025-02-17T15:31:35+00:00\",\"dateModified\":\"2025-03-11T15:27:12+00:00\",\"description\":\"??????????? ????? \u0141DF, ???? ??? ? 19-? ??? ????? ????????? ??? ??????? ??? ?????????????? ???????????? ??????? ?? ???????? ?? ????????? ?? ???????? ????????.\",\"breadcrumb\":{\"@id\":\"https:\/\/lodzdesign.com\/uk\/%d0%b2%d0%b8%d0%b4%d0%b0%d0%bd%d0%bd%d1%8f-2025\/#breadcrumb\"},\"inLanguage\":\"uk\",\"potentialAction\":[{\"@type\":\"ReadAction\",\"target\":[\"https:\/\/lodzdesign.com\/uk\/%d0%b2%d0%b8%d0%b4%d0%b0%d0%bd%d0%bd%d1%8f-2025\/\"]}]},{\"@type\":\"ImageObject\",\"inLanguage\":\"uk\",\"@id\":\"https:\/\/lodzdesign.com\/uk\/%d0%b2%d0%b8%d0%b4%d0%b0%d0%bd%d0%bd%d1%8f-2025\/#primaryimage\",\"url\":\"https:\/\/lodzdesign.com\/app\/uploads\/2025\/02\/LDF2025-nie_koniec-kafelek-www.png\",\"contentUrl\":\"https:\/\/lodzdesign.com\/app\/uploads\/2025\/02\/LDF2025-nie_koniec-kafelek-www.png\",\"width\":2250,\"height\":2250},{\"@type\":\"BreadcrumbList\",\"@id\":\"https:\/\/lodzdesign.com\/uk\/%d0%b2%d0%b8%d0%b4%d0%b0%d0%bd%d0%bd%d1%8f-2025\/#breadcrumb\",\"itemListElement\":[{\"@type\":\"ListItem\",\"position\":1,\"name\":\"\u0141DF\",\"item\":\"https:\/\/lodzdesign.com\/uk\/\"},{\"@type\":\"ListItem\",\"position\":2,\"name\":\"??????? 2025\"}]},{\"@type\":\"WebSite\",\"@id\":\"https:\/\/lodzdesign.com\/#website\",\"url\":\"https:\/\/lodzdesign.com\/\",\"name\":\"\u0141\u00f3d\u017a Design Festival\",\"description\":\"Z nami odnajdziesz najlepsze wzorce! Wejd\u017a na stron\u0119 i poznaj nasze podcasty, wirtualne wystawy, przewodniki, przyk\u0142ady najlepszego polskiego designu i wiele innych\",\"publisher\":{\"@id\":\"https:\/\/lodzdesign.com\/#organization\"},\"alternateName\":\"\u0141DF\",\"potentialAction\":[{\"@type\":\"SearchAction\",\"target\":{\"@type\":\"EntryPoint\",\"urlTemplate\":\"https:\/\/lodzdesign.com\/?s={search_term_string}\"},\"query-input\":{\"@type\":\"PropertyValueSpecification\",\"valueRequired\":true,\"valueName\":\"search_term_string\"}}],\"inLanguage\":\"uk\"},{\"@type\":\"Organization\",\"@id\":\"https:\/\/lodzdesign.com\/#organization\",\"name\":\"\u0141\u00f3d\u017a Design Festival\",\"url\":\"https:\/\/lodzdesign.com\/\",\"logo\":{\"@type\":\"ImageObject\",\"inLanguage\":\"uk\",\"@id\":\"https:\/\/lodzdesign.com\/#\/schema\/logo\/image\/\",\"url\":\"https:\/\/lodzdesign.com\/app\/uploads\/2023\/01\/ldf-logo-2-300x76-1.webp\",\"contentUrl\":\"https:\/\/lodzdesign.com\/app\/uploads\/2023\/01\/ldf-logo-2-300x76-1.webp\",\"width\":300,\"height\":76,\"caption\":\"\u0141\u00f3d\u017a Design Festival\"},\"image\":{\"@id\":\"https:\/\/lodzdesign.com\/#\/schema\/logo\/image\/\"},\"sameAs\":[\"https:\/\/www.facebook.com\/Lodz.Design\",\"https:\/\/instagram.com\/lodzdesign\/\",\"https:\/\/www.linkedin.com\/company\/lodz-design-festival\"]}]}<\/script>\n<!-- \/ Yoast SEO plugin. -->","yoast_head_json":{"title":"??????? 2025 - \u0141\u00f3d\u017a Design Festival","description":"??????????? ????? \u0141DF, ???? ??? ? 19-? ??? ????? ????????? ??? ??????? ??? ?????????????? ???????????? ??????? ?? ???????? ?? ????????? ?? ???????? ????????.","robots":{"index":"index","follow":"follow","max-snippet":"max-snippet:-1","max-image-preview":"max-image-preview:large","max-video-preview":"max-video-preview:-1"},"canonical":"https:\/\/lodzdesign.com\/uk\/\u0432\u0438\u0434\u0430\u043d\u043d\u044f-2025\/","og_locale":"uk_UA","og_type":"article","og_title":"??????? 2025 - \u0141\u00f3d\u017a Design Festival","og_url":"https:\/\/lodzdesign.com\/uk\/\u0432\u0438\u0434\u0430\u043d\u043d\u044f-2025\/","og_site_name":"\u0141\u00f3d\u017a Design Festival","article_publisher":"https:\/\/www.facebook.com\/Lodz.Design","article_modified_time":"2025-03-11T15:27:12+00:00","og_image":[{"width":2250,"height":2250,"url":"https:\/\/lodzdesign.com\/app\/uploads\/2025\/02\/LDF2025-nie_koniec-kafelek-www.png","type":"image\/png"}],"twitter_card":"summary_large_image","twitter_image":"https:\/\/lodzdesign.com\/app\/uploads\/2025\/02\/LDF2025-nie_koniec-kafelek-www.png","twitter_misc":{"Est. reading time":"1 minute"},"schema":{"@context":"https:\/\/schema.org","@graph":[{"@type":"WebPage","@id":"https:\/\/lodzdesign.com\/uk\/%d0%b2%d0%b8%d0%b4%d0%b0%d0%bd%d0%bd%d1%8f-2025\/","url":"https:\/\/lodzdesign.com\/uk\/%d0%b2%d0%b8%d0%b4%d0%b0%d0%bd%d0%bd%d1%8f-2025\/","name":"??????? 2025 - \u0141\u00f3d\u017a Design Festival","isPartOf":{"@id":"https:\/\/lodzdesign.com\/#website"},"primaryImageOfPage":{"@id":"https:\/\/lodzdesign.com\/uk\/%d0%b2%d0%b8%d0%b4%d0%b0%d0%bd%d0%bd%d1%8f-2025\/#primaryimage"},"image":{"@id":"https:\/\/lodzdesign.com\/uk\/%d0%b2%d0%b8%d0%b4%d0%b0%d0%bd%d0%bd%d1%8f-2025\/#primaryimage"},"thumbnailUrl":"https:\/\/lodzdesign.com\/app\/uploads\/2025\/02\/LDF2025-nie_koniec-kafelek-www.png","datePublished":"2025-02-17T15:31:35+00:00","dateModified":"2025-03-11T15:27:12+00:00","description":"??????????? ????? \u0141DF, ???? ??? ? 19-? ??? ????? ????????? ??? ??????? ??? ?????????????? ???????????? ??????? ?? ???????? ?? ????????? ?? ???????? ????????.","breadcrumb":{"@id":"https:\/\/lodzdesign.com\/uk\/%d0%b2%d0%b8%d0%b4%d0%b0%d0%bd%d0%bd%d1%8f-2025\/#breadcrumb"},"inLanguage":"uk","potentialAction":[{"@type":"ReadAction","target":["https:\/\/lodzdesign.com\/uk\/%d0%b2%d0%b8%d0%b4%d0%b0%d0%bd%d0%bd%d1%8f-2025\/"]}]},{"@type":"ImageObject","inLanguage":"uk","@id":"https:\/\/lodzdesign.com\/uk\/%d0%b2%d0%b8%d0%b4%d0%b0%d0%bd%d0%bd%d1%8f-2025\/#primaryimage","url":"https:\/\/lodzdesign.com\/app\/uploads\/2025\/02\/LDF2025-nie_koniec-kafelek-www.png","contentUrl":"https:\/\/lodzdesign.com\/app\/uploads\/2025\/02\/LDF2025-nie_koniec-kafelek-www.png","width":2250,"height":2250},{"@type":"BreadcrumbList","@id":"https:\/\/lodzdesign.com\/uk\/%d0%b2%d0%b8%d0%b4%d0%b0%d0%bd%d0%bd%d1%8f-2025\/#breadcrumb","itemListElement":[{"@type":"ListItem","position":1,"name":"\u0141DF","item":"https:\/\/lodzdesign.com\/uk\/"},{"@type":"ListItem","position":2,"name":"??????? 2025"}]},{"@type":"WebSite","@id":"https:\/\/lodzdesign.com\/#website","url":"https:\/\/lodzdesign.com\/","name":"\u0141\u00f3d\u017a Design Festival","description":"Z nami odnajdziesz najlepsze wzorce! Wejd\u017a na stron\u0119 i poznaj nasze podcasty, wirtualne wystawy, przewodniki, przyk\u0142ady najlepszego polskiego designu i wiele innych","publisher":{"@id":"https:\/\/lodzdesign.com\/#organization"},"alternateName":"\u0141DF","potentialAction":[{"@type":"SearchAction","target":{"@type":"EntryPoint","urlTemplate":"https:\/\/lodzdesign.com\/?s={search_term_string}"},"query-input":{"@type":"PropertyValueSpecification","valueRequired":true,"valueName":"search_term_string"}}],"inLanguage":"uk"},{"@type":"Organization","@id":"https:\/\/lodzdesign.com\/#organization","name":"\u0141\u00f3d\u017a Design Festival","url":"https:\/\/lodzdesign.com\/","logo":{"@type":"ImageObject","inLanguage":"uk","@id":"https:\/\/lodzdesign.com\/#\/schema\/logo\/image\/","url":"https:\/\/lodzdesign.com\/app\/uploads\/2023\/01\/ldf-logo-2-300x76-1.webp","contentUrl":"https:\/\/lodzdesign.com\/app\/uploads\/2023\/01\/ldf-logo-2-300x76-1.webp","width":300,"height":76,"caption":"\u0141\u00f3d\u017a Design Festival"},"image":{"@id":"https:\/\/lodzdesign.com\/#\/schema\/logo\/image\/"},"sameAs":["https:\/\/www.facebook.com\/Lodz.Design","https:\/\/instagram.com\/lodzdesign\/","https:\/\/www.linkedin.com\/company\/lodz-design-festival"]}]}},"_links":{"self":[{"href":"https:\/\/lodzdesign.com\/uk\/wp-json\/wp\/v2\/pages\/77275","targetHints":{"allow":["GET"]}}],"collection":[{"href":"https:\/\/lodzdesign.com\/uk\/wp-json\/wp\/v2\/pages"}],"about":[{"href":"https:\/\/lodzdesign.com\/uk\/wp-json\/wp\/v2\/types\/page"}],"author":[{"embeddable":true,"href":"https:\/\/lodzdesign.com\/uk\/wp-json\/wp\/v2\/users\/4"}],"replies":[{"embeddable":true,"href":"https:\/\/lodzdesign.com\/uk\/wp-json\/wp\/v2\/comments?post=77275"}],"version-history":[{"count":2,"href":"https:\/\/lodzdesign.com\/uk\/wp-json\/wp\/v2\/pages\/77275\/revisions"}],"predecessor-version":[{"id":77278,"href":"https:\/\/lodzdesign.com\/uk\/wp-json\/wp\/v2\/pages\/77275\/revisions\/77278"}],"wp:featuredmedia":[{"embeddable":true,"href":"https:\/\/lodzdesign.com\/uk\/wp-json\/wp\/v2\/media\/76205"}],"wp:attachment":[{"href":"https:\/\/lodzdesign.com\/uk\/wp-json\/wp\/v2\/media?parent=77275"}],"curies":[{"name":"wp","href":"https:\/\/api.w.org\/{rel}","templated":true}]}}