{"id":77938,"date":"2025-02-25T14:16:43","date_gmt":"2025-02-25T13:16:43","guid":{"rendered":"https:\/\/lodzdesign.com\/%d0%b2%d0%b8%d0%b4%d0%b0%d0%bd%d0%bd%d1%8f-2025\/program\/"},"modified":"2025-04-04T15:14:57","modified_gmt":"2025-04-04T14:14:57","slug":"%d0%bf%d1%80%d0%be%d0%b3%d1%80%d0%b0%d0%bc%d0%b0","status":"publish","type":"page","link":"https:\/\/lodzdesign.com\/uk\/%d0%b2%d0%b8%d0%b4%d0%b0%d0%bd%d0%bd%d1%8f-2025\/%d0%bf%d1%80%d0%be%d0%b3%d1%80%d0%b0%d0%bc%d0%b0\/","title":{"rendered":"???????? \u0141\u00f3d\u017a Design Festival 2025"},"content":{"rendered":"\n\n<div class=\"breadcrumbs container\" role=\"navigation\">\n\n                <p>\n                <span>\n                    <span>\n                                                    <a href=\"https:\/\/lodzdesign.com\/uk\" target=\"\">\u0141DF<\/a>\n                            \/\n                                                    <a href=\"https:\/\/lodzdesign.com\/uk\/%d0%b2%d0%b8%d0%b4%d0%b0%d0%bd%d0%bd%d1%8f-2025\/\" target=\"\">??????? 2025<\/a>\n                            \/\n                        \n                        <strong class=\"breadcrumb_last\" aria-current=\"page\"><\/strong>\n                    <\/span>\n                <\/span>\n            <\/p>\n    <\/div>\n\n\n\n<div class=\"ldf-heading-block container\">\n\n    <div class=\"ldf-heading-block__inner-part\">\n\n        <div class=\"ldf-heading-block__left-part\">\n            <h1>\n                ???????? \u0141\u00f3d\u017a Design Festival 2025\n            <\/h1>\n\n                    <\/div>\n\n    <\/div>\n\n<\/div>\n\n\n\n<div class=\"ldf-filters container ldf-filters-hide\" style=\"display: block;\">\n    \t\n\t\t<div class=\"ldf-filters__program\">\n\n            <img decoding=\"async\" class=\"ldf-posts-list-loader\" style=\"display: none;\" src=\"\" alt=\"\">\n\n            <div class=\"ldf-filters__program__wrapper\">\n                <div class=\"ldf-filters__program__row\">\n                    <div class=\"ldf-filters__program__single\">\n                        <p tabindex=\"0\" role=\"presentation\">Show:<\/p>\n\n\n\t\t\t\t\t\t\t\t\t\t\t\t\n\t\t\t\t\t\t\n\n                    <\/div>\n                <\/div>\n            <\/div>\n        <\/div>\n\t\n    \n\n    <div class=\"active-filters\" data-page=\"1\" data-type=\"program\"><\/div>\n<\/div>\n\n\n\n\n\n<div class=\"ldf-posts container\nldf-program-events\">\n\n    <style>\n        .ldf-posts-number {\n            font-size: 16px;\n            letter-spacing: 1.11px;\n            color: var(--dark);\n            display: inline-block;\n            margin-bottom: 20px;\n        }\n    <\/style>\n\n\n    \t\t\n\t\t<div class=\"ldf-editions container\">\n\t\t\n\t\t\t\t\t\t\n\t\t\t\t\n\t\t<div>\n    \n\n\n    \n<\/div>\n\n","protected":false},"excerpt":{"rendered":"","protected":false},"author":4,"featured_media":76205,"parent":77275,"menu_order":0,"comment_status":"closed","ping_status":"closed","template":"","meta":{"inline_featured_image":false,"footnotes":""},"class_list":["post-77938","page","type-page","status-publish","has-post-thumbnail","hentry"],"acf":[],"yoast_head":"<!-- This site is optimized with the Yoast SEO plugin v25.0 - https:\/\/yoast.com\/wordpress\/plugins\/seo\/ -->\n<title>???????? \u0141\u00f3d\u017a Design Festival 2025 - \u0141\u00f3d\u017a Design Festival<\/title>\n<meta name=\"description\" content=\"???????? ????????, ??????? ?? ????????? \u0141\u00f3d\u017a Design Festival 2025, ???? ??????????? ? ????? 20-25 ?????? 2025 ????.\" \/>\n<meta name=\"robots\" content=\"index, follow, max-snippet:-1, max-image-preview:large, max-video-preview:-1\" \/>\n<link rel=\"canonical\" href=\"https:\/\/lodzdesign.com\/uk\/\u0432\u0438\u0434\u0430\u043d\u043d\u044f-2025\/\u043f\u0440\u043e\u0433\u0440\u0430\u043c\u0430\/\" \/>\n<meta property=\"og:locale\" content=\"uk_UA\" \/>\n<meta property=\"og:type\" content=\"article\" \/>\n<meta property=\"og:title\" content=\"???????? \u0141\u00f3d\u017a Design Festival 2025 - \u0141\u00f3d\u017a Design Festival\" \/>\n<meta property=\"og:url\" content=\"https:\/\/lodzdesign.com\/uk\/\u0432\u0438\u0434\u0430\u043d\u043d\u044f-2025\/\u043f\u0440\u043e\u0433\u0440\u0430\u043c\u0430\/\" \/>\n<meta property=\"og:site_name\" content=\"\u0141\u00f3d\u017a Design Festival\" \/>\n<meta property=\"article:publisher\" content=\"https:\/\/www.facebook.com\/Lodz.Design\" \/>\n<meta property=\"article:modified_time\" content=\"2025-04-04T14:14:57+00:00\" \/>\n<meta property=\"og:image\" content=\"https:\/\/lodzdesign.com\/app\/uploads\/2025\/02\/LDF2025-nie_koniec-kafelek-www.png\" \/>\n\t<meta property=\"og:image:width\" content=\"2250\" \/>\n\t<meta property=\"og:image:height\" content=\"2250\" \/>\n\t<meta property=\"og:image:type\" content=\"image\/png\" \/>\n<meta name=\"twitter:card\" content=\"summary_large_image\" \/>\n<meta name=\"twitter:image\" content=\"https:\/\/lodzdesign.com\/app\/uploads\/2025\/02\/LDF2025-nie_koniec-kafelek-www.png\" \/>\n<meta name=\"twitter:label1\" content=\"Est. reading time\" \/>\n\t<meta name=\"twitter:data1\" content=\"1 minute\" \/>\n<script type=\"application\/ld+json\" class=\"yoast-schema-graph\">{\"@context\":\"https:\/\/schema.org\",\"@graph\":[{\"@type\":\"WebPage\",\"@id\":\"https:\/\/lodzdesign.com\/uk\/%d0%b2%d0%b8%d0%b4%d0%b0%d0%bd%d0%bd%d1%8f-2025\/%d0%bf%d1%80%d0%be%d0%b3%d1%80%d0%b0%d0%bc%d0%b0\/\",\"url\":\"https:\/\/lodzdesign.com\/uk\/%d0%b2%d0%b8%d0%b4%d0%b0%d0%bd%d0%bd%d1%8f-2025\/%d0%bf%d1%80%d0%be%d0%b3%d1%80%d0%b0%d0%bc%d0%b0\/\",\"name\":\"???????? \u0141\u00f3d\u017a Design Festival 2025 - \u0141\u00f3d\u017a Design Festival\",\"isPartOf\":{\"@id\":\"https:\/\/lodzdesign.com\/#website\"},\"primaryImageOfPage\":{\"@id\":\"https:\/\/lodzdesign.com\/uk\/%d0%b2%d0%b8%d0%b4%d0%b0%d0%bd%d0%bd%d1%8f-2025\/%d0%bf%d1%80%d0%be%d0%b3%d1%80%d0%b0%d0%bc%d0%b0\/#primaryimage\"},\"image\":{\"@id\":\"https:\/\/lodzdesign.com\/uk\/%d0%b2%d0%b8%d0%b4%d0%b0%d0%bd%d0%bd%d1%8f-2025\/%d0%bf%d1%80%d0%be%d0%b3%d1%80%d0%b0%d0%bc%d0%b0\/#primaryimage\"},\"thumbnailUrl\":\"https:\/\/lodzdesign.com\/app\/uploads\/2025\/02\/LDF2025-nie_koniec-kafelek-www.png\",\"datePublished\":\"2025-02-25T13:16:43+00:00\",\"dateModified\":\"2025-04-04T14:14:57+00:00\",\"description\":\"???????? ????????, ??????? ?? ????????? \u0141\u00f3d\u017a Design Festival 2025, ???? ??????????? ? ????? 20-25 ?????? 2025 ????.\",\"breadcrumb\":{\"@id\":\"https:\/\/lodzdesign.com\/uk\/%d0%b2%d0%b8%d0%b4%d0%b0%d0%bd%d0%bd%d1%8f-2025\/%d0%bf%d1%80%d0%be%d0%b3%d1%80%d0%b0%d0%bc%d0%b0\/#breadcrumb\"},\"inLanguage\":\"uk\",\"potentialAction\":[{\"@type\":\"ReadAction\",\"target\":[\"https:\/\/lodzdesign.com\/uk\/%d0%b2%d0%b8%d0%b4%d0%b0%d0%bd%d0%bd%d1%8f-2025\/%d0%bf%d1%80%d0%be%d0%b3%d1%80%d0%b0%d0%bc%d0%b0\/\"]}]},{\"@type\":\"ImageObject\",\"inLanguage\":\"uk\",\"@id\":\"https:\/\/lodzdesign.com\/uk\/%d0%b2%d0%b8%d0%b4%d0%b0%d0%bd%d0%bd%d1%8f-2025\/%d0%bf%d1%80%d0%be%d0%b3%d1%80%d0%b0%d0%bc%d0%b0\/#primaryimage\",\"url\":\"https:\/\/lodzdesign.com\/app\/uploads\/2025\/02\/LDF2025-nie_koniec-kafelek-www.png\",\"contentUrl\":\"https:\/\/lodzdesign.com\/app\/uploads\/2025\/02\/LDF2025-nie_koniec-kafelek-www.png\",\"width\":2250,\"height\":2250},{\"@type\":\"BreadcrumbList\",\"@id\":\"https:\/\/lodzdesign.com\/uk\/%d0%b2%d0%b8%d0%b4%d0%b0%d0%bd%d0%bd%d1%8f-2025\/%d0%bf%d1%80%d0%be%d0%b3%d1%80%d0%b0%d0%bc%d0%b0\/#breadcrumb\",\"itemListElement\":[{\"@type\":\"ListItem\",\"position\":1,\"name\":\"\u0141DF\",\"item\":\"https:\/\/lodzdesign.com\/uk\/\"},{\"@type\":\"ListItem\",\"position\":2,\"name\":\"??????? 2025\",\"item\":\"https:\/\/lodzdesign.com\/uk\/%d0%b2%d0%b8%d0%b4%d0%b0%d0%bd%d0%bd%d1%8f-2025\/\"},{\"@type\":\"ListItem\",\"position\":3,\"name\":\"???????? \u0141\u00f3d\u017a Design Festival 2025\"}]},{\"@type\":\"WebSite\",\"@id\":\"https:\/\/lodzdesign.com\/#website\",\"url\":\"https:\/\/lodzdesign.com\/\",\"name\":\"\u0141\u00f3d\u017a Design Festival\",\"description\":\"Z nami odnajdziesz najlepsze wzorce! Wejd\u017a na stron\u0119 i poznaj nasze podcasty, wirtualne wystawy, przewodniki, przyk\u0142ady najlepszego polskiego designu i wiele innych\",\"publisher\":{\"@id\":\"https:\/\/lodzdesign.com\/#organization\"},\"alternateName\":\"\u0141DF\",\"potentialAction\":[{\"@type\":\"SearchAction\",\"target\":{\"@type\":\"EntryPoint\",\"urlTemplate\":\"https:\/\/lodzdesign.com\/?s={search_term_string}\"},\"query-input\":{\"@type\":\"PropertyValueSpecification\",\"valueRequired\":true,\"valueName\":\"search_term_string\"}}],\"inLanguage\":\"uk\"},{\"@type\":\"Organization\",\"@id\":\"https:\/\/lodzdesign.com\/#organization\",\"name\":\"\u0141\u00f3d\u017a Design Festival\",\"url\":\"https:\/\/lodzdesign.com\/\",\"logo\":{\"@type\":\"ImageObject\",\"inLanguage\":\"uk\",\"@id\":\"https:\/\/lodzdesign.com\/#\/schema\/logo\/image\/\",\"url\":\"https:\/\/lodzdesign.com\/app\/uploads\/2023\/01\/ldf-logo-2-300x76-1.webp\",\"contentUrl\":\"https:\/\/lodzdesign.com\/app\/uploads\/2023\/01\/ldf-logo-2-300x76-1.webp\",\"width\":300,\"height\":76,\"caption\":\"\u0141\u00f3d\u017a Design Festival\"},\"image\":{\"@id\":\"https:\/\/lodzdesign.com\/#\/schema\/logo\/image\/\"},\"sameAs\":[\"https:\/\/www.facebook.com\/Lodz.Design\",\"https:\/\/instagram.com\/lodzdesign\/\",\"https:\/\/www.linkedin.com\/company\/lodz-design-festival\"]}]}<\/script>\n<!-- \/ Yoast SEO plugin. -->","yoast_head_json":{"title":"???????? \u0141\u00f3d\u017a Design Festival 2025 - \u0141\u00f3d\u017a Design Festival","description":"???????? ????????, ??????? ?? ????????? \u0141\u00f3d\u017a Design Festival 2025, ???? ??????????? ? ????? 20-25 ?????? 2025 ????.","robots":{"index":"index","follow":"follow","max-snippet":"max-snippet:-1","max-image-preview":"max-image-preview:large","max-video-preview":"max-video-preview:-1"},"canonical":"https:\/\/lodzdesign.com\/uk\/\u0432\u0438\u0434\u0430\u043d\u043d\u044f-2025\/\u043f\u0440\u043e\u0433\u0440\u0430\u043c\u0430\/","og_locale":"uk_UA","og_type":"article","og_title":"???????? \u0141\u00f3d\u017a Design Festival 2025 - \u0141\u00f3d\u017a Design Festival","og_url":"https:\/\/lodzdesign.com\/uk\/\u0432\u0438\u0434\u0430\u043d\u043d\u044f-2025\/\u043f\u0440\u043e\u0433\u0440\u0430\u043c\u0430\/","og_site_name":"\u0141\u00f3d\u017a Design Festival","article_publisher":"https:\/\/www.facebook.com\/Lodz.Design","article_modified_time":"2025-04-04T14:14:57+00:00","og_image":[{"width":2250,"height":2250,"url":"https:\/\/lodzdesign.com\/app\/uploads\/2025\/02\/LDF2025-nie_koniec-kafelek-www.png","type":"image\/png"}],"twitter_card":"summary_large_image","twitter_image":"https:\/\/lodzdesign.com\/app\/uploads\/2025\/02\/LDF2025-nie_koniec-kafelek-www.png","twitter_misc":{"Est. reading time":"1 minute"},"schema":{"@context":"https:\/\/schema.org","@graph":[{"@type":"WebPage","@id":"https:\/\/lodzdesign.com\/uk\/%d0%b2%d0%b8%d0%b4%d0%b0%d0%bd%d0%bd%d1%8f-2025\/%d0%bf%d1%80%d0%be%d0%b3%d1%80%d0%b0%d0%bc%d0%b0\/","url":"https:\/\/lodzdesign.com\/uk\/%d0%b2%d0%b8%d0%b4%d0%b0%d0%bd%d0%bd%d1%8f-2025\/%d0%bf%d1%80%d0%be%d0%b3%d1%80%d0%b0%d0%bc%d0%b0\/","name":"???????? \u0141\u00f3d\u017a Design Festival 2025 - \u0141\u00f3d\u017a Design Festival","isPartOf":{"@id":"https:\/\/lodzdesign.com\/#website"},"primaryImageOfPage":{"@id":"https:\/\/lodzdesign.com\/uk\/%d0%b2%d0%b8%d0%b4%d0%b0%d0%bd%d0%bd%d1%8f-2025\/%d0%bf%d1%80%d0%be%d0%b3%d1%80%d0%b0%d0%bc%d0%b0\/#primaryimage"},"image":{"@id":"https:\/\/lodzdesign.com\/uk\/%d0%b2%d0%b8%d0%b4%d0%b0%d0%bd%d0%bd%d1%8f-2025\/%d0%bf%d1%80%d0%be%d0%b3%d1%80%d0%b0%d0%bc%d0%b0\/#primaryimage"},"thumbnailUrl":"https:\/\/lodzdesign.com\/app\/uploads\/2025\/02\/LDF2025-nie_koniec-kafelek-www.png","datePublished":"2025-02-25T13:16:43+00:00","dateModified":"2025-04-04T14:14:57+00:00","description":"???????? ????????, ??????? ?? ????????? \u0141\u00f3d\u017a Design Festival 2025, ???? ??????????? ? ????? 20-25 ?????? 2025 ????.","breadcrumb":{"@id":"https:\/\/lodzdesign.com\/uk\/%d0%b2%d0%b8%d0%b4%d0%b0%d0%bd%d0%bd%d1%8f-2025\/%d0%bf%d1%80%d0%be%d0%b3%d1%80%d0%b0%d0%bc%d0%b0\/#breadcrumb"},"inLanguage":"uk","potentialAction":[{"@type":"ReadAction","target":["https:\/\/lodzdesign.com\/uk\/%d0%b2%d0%b8%d0%b4%d0%b0%d0%bd%d0%bd%d1%8f-2025\/%d0%bf%d1%80%d0%be%d0%b3%d1%80%d0%b0%d0%bc%d0%b0\/"]}]},{"@type":"ImageObject","inLanguage":"uk","@id":"https:\/\/lodzdesign.com\/uk\/%d0%b2%d0%b8%d0%b4%d0%b0%d0%bd%d0%bd%d1%8f-2025\/%d0%bf%d1%80%d0%be%d0%b3%d1%80%d0%b0%d0%bc%d0%b0\/#primaryimage","url":"https:\/\/lodzdesign.com\/app\/uploads\/2025\/02\/LDF2025-nie_koniec-kafelek-www.png","contentUrl":"https:\/\/lodzdesign.com\/app\/uploads\/2025\/02\/LDF2025-nie_koniec-kafelek-www.png","width":2250,"height":2250},{"@type":"BreadcrumbList","@id":"https:\/\/lodzdesign.com\/uk\/%d0%b2%d0%b8%d0%b4%d0%b0%d0%bd%d0%bd%d1%8f-2025\/%d0%bf%d1%80%d0%be%d0%b3%d1%80%d0%b0%d0%bc%d0%b0\/#breadcrumb","itemListElement":[{"@type":"ListItem","position":1,"name":"\u0141DF","item":"https:\/\/lodzdesign.com\/uk\/"},{"@type":"ListItem","position":2,"name":"??????? 2025","item":"https:\/\/lodzdesign.com\/uk\/%d0%b2%d0%b8%d0%b4%d0%b0%d0%bd%d0%bd%d1%8f-2025\/"},{"@type":"ListItem","position":3,"name":"???????? \u0141\u00f3d\u017a Design Festival 2025"}]},{"@type":"WebSite","@id":"https:\/\/lodzdesign.com\/#website","url":"https:\/\/lodzdesign.com\/","name":"\u0141\u00f3d\u017a Design Festival","description":"Z nami odnajdziesz najlepsze wzorce! Wejd\u017a na stron\u0119 i poznaj nasze podcasty, wirtualne wystawy, przewodniki, przyk\u0142ady najlepszego polskiego designu i wiele innych","publisher":{"@id":"https:\/\/lodzdesign.com\/#organization"},"alternateName":"\u0141DF","potentialAction":[{"@type":"SearchAction","target":{"@type":"EntryPoint","urlTemplate":"https:\/\/lodzdesign.com\/?s={search_term_string}"},"query-input":{"@type":"PropertyValueSpecification","valueRequired":true,"valueName":"search_term_string"}}],"inLanguage":"uk"},{"@type":"Organization","@id":"https:\/\/lodzdesign.com\/#organization","name":"\u0141\u00f3d\u017a Design Festival","url":"https:\/\/lodzdesign.com\/","logo":{"@type":"ImageObject","inLanguage":"uk","@id":"https:\/\/lodzdesign.com\/#\/schema\/logo\/image\/","url":"https:\/\/lodzdesign.com\/app\/uploads\/2023\/01\/ldf-logo-2-300x76-1.webp","contentUrl":"https:\/\/lodzdesign.com\/app\/uploads\/2023\/01\/ldf-logo-2-300x76-1.webp","width":300,"height":76,"caption":"\u0141\u00f3d\u017a Design Festival"},"image":{"@id":"https:\/\/lodzdesign.com\/#\/schema\/logo\/image\/"},"sameAs":["https:\/\/www.facebook.com\/Lodz.Design","https:\/\/instagram.com\/lodzdesign\/","https:\/\/www.linkedin.com\/company\/lodz-design-festival"]}]}},"_links":{"self":[{"href":"https:\/\/lodzdesign.com\/uk\/wp-json\/wp\/v2\/pages\/77938","targetHints":{"allow":["GET"]}}],"collection":[{"href":"https:\/\/lodzdesign.com\/uk\/wp-json\/wp\/v2\/pages"}],"about":[{"href":"https:\/\/lodzdesign.com\/uk\/wp-json\/wp\/v2\/types\/page"}],"author":[{"embeddable":true,"href":"https:\/\/lodzdesign.com\/uk\/wp-json\/wp\/v2\/users\/4"}],"replies":[{"embeddable":true,"href":"https:\/\/lodzdesign.com\/uk\/wp-json\/wp\/v2\/comments?post=77938"}],"version-history":[{"count":2,"href":"https:\/\/lodzdesign.com\/uk\/wp-json\/wp\/v2\/pages\/77938\/revisions"}],"predecessor-version":[{"id":77946,"href":"https:\/\/lodzdesign.com\/uk\/wp-json\/wp\/v2\/pages\/77938\/revisions\/77946"}],"up":[{"embeddable":true,"href":"https:\/\/lodzdesign.com\/uk\/wp-json\/wp\/v2\/pages\/77275"}],"wp:featuredmedia":[{"embeddable":true,"href":"https:\/\/lodzdesign.com\/uk\/wp-json\/wp\/v2\/media\/76205"}],"wp:attachment":[{"href":"https:\/\/lodzdesign.com\/uk\/wp-json\/wp\/v2\/media?parent=77938"}],"curies":[{"name":"wp","href":"https:\/\/api.w.org\/{rel}","templated":true}]}}